{"id":1284,"date":"2020-02-19T14:41:47","date_gmt":"2020-02-19T17:41:47","guid":{"rendered":"https:\/\/www3.unicentro.br\/profnit\/?page_id=1284"},"modified":"2024-03-06T09:47:15","modified_gmt":"2024-03-06T12:47:15","slug":"colegiado-local","status":"publish","type":"page","link":"https:\/\/www3.unicentro.br\/profnit\/colegiado-local\/","title":{"rendered":"Colegiado Local"},"content":{"rendered":"<p>Para fins de instru\u00e7\u00e3o, a secretaria do Programa de P\u00f3s-Gradua\u00e7\u00e3o em Propriedade Intelectual e Transfer\u00eancia de Tecnologia para a Inova\u00e7\u00e3o, tr\u00e1s por meio deste, uma lista dos atuais membros do seu Colegiado Local:<\/p>\n<hr \/>\n<p style=\"padding-left: 40px\">Juliana Bonini \u2013<strong> Coordenadora<\/strong><br \/>\n<span style=\"color: #800000\"><a style=\"color: #800000\" href=\"mailto:juliana.bonini@gmail.com\"><em>juliana.bonini@gmail.com<\/em><\/a><\/span><\/p>\n<p style=\"padding-left: 40px\">Weber Cl\u00e1udio Francisco Nunes da Silva \u2013<strong> Vice Coordenador<\/strong><br \/>\n<span style=\"color: #800000\"><a style=\"color: #800000\" href=\"mailto:wwwclaudion@gmail.com\"><em>wwwclaudion@gmail.com<\/em><\/a><\/span><\/p>\n<p style=\"padding-left: 40px\">Marcus Tartaruga \u2013<strong> Membro do Colegiado local<\/strong><br \/>\n<span style=\"color: #800000\"><a style=\"color: #800000\" href=\"mailto:mtartaruga@unicentro.br\"><em>mtartaruga@unicentro.br<\/em><\/a><\/span><\/p>\n<p style=\"padding-left: 40px\">Cl\u00e1udia Crisostimo \u2013 <strong>Membro do Colegiado Local<\/strong><br \/>\n<span style=\"color: #800000\"><a style=\"color: #800000\" href=\"mailto:claucrisostimo@hotmail.com\"><em>claucrisostimo@hotmail.com<\/em><\/a><\/span><\/p>\n<p style=\"padding-left: 40px\">Wilton Lucas Maximiliano \u2013 <strong>Representante Discente<\/strong><br \/>\n<span style=\"color: #800000\"><a style=\"color: #800000\" href=\"mailto:wilton.maximiliano@escola.pr.gov.br\"><em>wilton.maximiliano@escola.pr.gov.br<\/em><\/a><\/span><\/p>\n<hr \/>\n<p>A Secretaria do Profnit se coloca a disposi\u00e7\u00e3o para prestar quaisquer esclarecimentos. A secretaria est\u00e1 localizada no pr\u00e9dio do Ambiotec, no C\u00e2mpus Cedeteg.<\/p>\n","protected":false},"excerpt":{"rendered":"<p>Para fins de instru\u00e7\u00e3o, a secretaria do Programa de P\u00f3s-Gradua\u00e7\u00e3o em Propriedade Intelectual e Transfer\u00eancia de Tecnologia para a Inova\u00e7\u00e3o, tr\u00e1s por meio deste, uma lista dos atuais membros do seu Colegiado Local: Juliana Bonini \u2013 Coordenadora juliana.bonini@gmail.com Weber Cl\u00e1udio Francisco Nunes da Silva \u2013 Vice Coordenador wwwclaudion@gmail.com Marcus Tartaruga \u2013 Membro do Colegiado local [&hellip;]<\/p>\n","protected":false},"author":194,"featured_media":0,"parent":0,"menu_order":0,"comment_status":"closed","ping_status":"closed","template":"","meta":{"_exactmetrics_skip_tracking":false,"_exactmetrics_sitenote_active":false,"_exactmetrics_sitenote_note":"","_exactmetrics_sitenote_category":0,"footnotes":"","_links_to":"","_links_to_target":""},"class_list":["post-1284","page","type-page","status-publish","hentry"],"_links":{"self":[{"href":"https:\/\/www3.unicentro.br\/profnit\/wp-json\/wp\/v2\/pages\/1284","targetHints":{"allow":["GET"]}}],"collection":[{"href":"https:\/\/www3.unicentro.br\/profnit\/wp-json\/wp\/v2\/pages"}],"about":[{"href":"https:\/\/www3.unicentro.br\/profnit\/wp-json\/wp\/v2\/types\/page"}],"author":[{"embeddable":true,"href":"https:\/\/www3.unicentro.br\/profnit\/wp-json\/wp\/v2\/users\/194"}],"replies":[{"embeddable":true,"href":"https:\/\/www3.unicentro.br\/profnit\/wp-json\/wp\/v2\/comments?post=1284"}],"version-history":[{"count":2,"href":"https:\/\/www3.unicentro.br\/profnit\/wp-json\/wp\/v2\/pages\/1284\/revisions"}],"predecessor-version":[{"id":2543,"href":"https:\/\/www3.unicentro.br\/profnit\/wp-json\/wp\/v2\/pages\/1284\/revisions\/2543"}],"wp:attachment":[{"href":"https:\/\/www3.unicentro.br\/profnit\/wp-json\/wp\/v2\/media?parent=1284"}],"curies":[{"name":"wp","href":"https:\/\/api.w.org\/{rel}","templated":true}]}}