{"id":1070,"date":"2019-12-10T11:32:16","date_gmt":"2019-12-10T14:32:16","guid":{"rendered":"https:\/\/www3.unicentro.br\/profnit\/?page_id=1070"},"modified":"2020-01-06T16:09:09","modified_gmt":"2020-01-06T19:09:09","slug":"requerimento-de-matricula-2020","status":"publish","type":"page","link":"https:\/\/www3.unicentro.br\/profnit\/requerimento-de-matricula-2020\/","title":{"rendered":"Requerimento de Matr\u00edcula 2020"},"content":{"rendered":"<p><strong>Per\u00edodo de matr\u00edcula: 03\/02 \u00e0 07\/02<\/strong><\/p>\n<ul>\n<li><a href=\"https:\/\/www3.unicentro.br\/profnit\/wp-content\/uploads\/sites\/75\/2019\/12\/MATRICULA-2020.pdf\" target=\"_blank\" rel=\"noopener noreferrer\">Requerimento de Matr\u00edcula para o 1\u00ba e 2\u00b0 Semestre de 2020<\/a><\/li>\n<li><a href=\"https:\/\/www3.unicentro.br\/profnit\/wp-content\/uploads\/sites\/75\/2019\/12\/TERMO-DE-COMPROMISSO-2020.pdf\" target=\"_blank\" rel=\"noopener noreferrer\">Termo de Compromisso e Responsabilidade do Aluno<\/a><\/li>\n<\/ul>\n<p>Instru\u00e7\u00f5es para matr\u00edcula: <a href=\"https:\/\/www3.unicentro.br\/profnit\/2020\/01\/06\/instrucoes-para-matricula-2020\/\" target=\"_blank\" rel=\"noopener noreferrer\">clique aqui.<\/a><\/p>\n","protected":false},"excerpt":{"rendered":"<p>Per\u00edodo de matr\u00edcula: 03\/02 \u00e0 07\/02 Requerimento de Matr\u00edcula para o 1\u00ba e 2\u00b0 Semestre de 2020 Termo de Compromisso e Responsabilidade do Aluno Instru\u00e7\u00f5es para matr\u00edcula: clique aqui.<\/p>\n","protected":false},"author":194,"featured_media":0,"parent":0,"menu_order":0,"comment_status":"closed","ping_status":"closed","template":"","meta":{"_exactmetrics_skip_tracking":false,"_exactmetrics_sitenote_active":false,"_exactmetrics_sitenote_note":"","_exactmetrics_sitenote_category":0,"footnotes":"","_links_to":"","_links_to_target":""},"class_list":["post-1070","page","type-page","status-publish","hentry"],"_links":{"self":[{"href":"https:\/\/www3.unicentro.br\/profnit\/wp-json\/wp\/v2\/pages\/1070","targetHints":{"allow":["GET"]}}],"collection":[{"href":"https:\/\/www3.unicentro.br\/profnit\/wp-json\/wp\/v2\/pages"}],"about":[{"href":"https:\/\/www3.unicentro.br\/profnit\/wp-json\/wp\/v2\/types\/page"}],"author":[{"embeddable":true,"href":"https:\/\/www3.unicentro.br\/profnit\/wp-json\/wp\/v2\/users\/194"}],"replies":[{"embeddable":true,"href":"https:\/\/www3.unicentro.br\/profnit\/wp-json\/wp\/v2\/comments?post=1070"}],"version-history":[{"count":0,"href":"https:\/\/www3.unicentro.br\/profnit\/wp-json\/wp\/v2\/pages\/1070\/revisions"}],"wp:attachment":[{"href":"https:\/\/www3.unicentro.br\/profnit\/wp-json\/wp\/v2\/media?parent=1070"}],"curies":[{"name":"wp","href":"https:\/\/api.w.org\/{rel}","templated":true}]}}