{"id":1020,"date":"2019-11-20T10:13:54","date_gmt":"2019-11-20T13:13:54","guid":{"rendered":"https:\/\/www3.unicentro.br\/profnit\/?page_id=1020"},"modified":"2021-08-24T21:55:50","modified_gmt":"2021-08-25T00:55:50","slug":"portarias","status":"publish","type":"page","link":"https:\/\/www3.unicentro.br\/profnit\/portarias\/","title":{"rendered":"Portarias"},"content":{"rendered":"<h4>Portaria de reconhecimento do Programa<\/h4>\n<ul>\n<li><a href=\"https:\/\/sgu.unicentro.br\/pcatooficiais\/imprimir\/6BEF5E09\" target=\"_blank\" rel=\"noopener noreferrer\">RESOLU\u00c7\u00c3O N\u00ba 102-COU\/UNICENTRO, DE 30 DE JULHO DE 2014 <\/a>(Cria o Curso de Mestrado Profissional em Rede Nacional para N\u00facleos de Inova\u00e7\u00e3o Tecnol\u00f3gica, PROFNIT)<\/li>\n<li><a href=\"https:\/\/sgu.unicentro.br\/pcatooficiais\/imprimir\/E060B08B\" target=\"_blank\" rel=\"noopener noreferrer\">RESOLU\u00c7\u00c3O N\u00ba 27-COU\/UNICENTRO, DE 28 DE OUTUBRO DE 2019<\/a> (Altera a ementa e dispositivos da Resolu\u00e7\u00e3o n\u00ba 103-COU\/UNICENTRO, de 30 de julho de 2014.)<\/li>\n<\/ul>\n<h4><strong>Portarias de designa\u00e7\u00e3o de Coordena\u00e7\u00e3o do PROFNIT<\/strong><\/h4>\n<ul>\n<li><a href=\"https:\/\/sgu.unicentro.br\/pcatooficiais\/imprimir\/B1DCAF71\">PORTARIA N\u00ba 152-GR\/UNICENTRO, DE 18 DE MAR\u00c7O DE 2021<\/a> (Designa Coordenador e Vice-Coordenador do Programa)<\/li>\n<\/ul>\n<h4><strong>Portarias de designa\u00e7\u00e3o do Colegiado Local do PROFNIT<\/strong><\/h4>\n<ul>\n<li><a href=\"https:\/\/sgu.unicentro.br\/pcatooficiais\/imprimir\/2D70E5AE\" target=\"_blank\" rel=\"noopener noreferrer\">PORTARIA N\u00ba 35-PROPESP\/UNICENTRO, DE 17DE MAR\u00c7O DE 2021.<\/a><\/li>\n<\/ul>\n<h4><strong>Portarias publicadas pelo PROFNIT<\/strong><\/h4>\n<ul>\n<li><a href=\"https:\/\/www3.unicentro.br\/profnit\/wp-content\/uploads\/sites\/75\/2020\/05\/PORTARIA-N.\u00ba-01-DE-11-DE-MAIO-DE-2020.pdf\" target=\"_blank\" rel=\"noopener noreferrer\">PORTARIA N.\u00ba 01, DE 11 DE MAIO DE 2020 PROFNIT\/UNICENTRO.<\/a> (Disp\u00f5e sobre normas e orienta\u00e7\u00f5es para o Exame de Qualifica\u00e7\u00e3o e Defesa de Trabalho de Conclus\u00e3o de Curso por meio de ferramentas TIC, no per\u00edodo de pandemia.)<\/li>\n<li><a href=\"https:\/\/www3.unicentro.br\/profnit\/wp-content\/uploads\/sites\/75\/2020\/05\/PORTARIA-N.\u00ba-02-DE-21-DE-MAIO-DE-2020.pdf\" target=\"_blank\" rel=\"noopener noreferrer\">PORTARIA N.\u00ba 02, DE 21 DE MAIO DE 2020 PROFNIT\/UNICENTRO.<\/a> (Disp\u00f5e sobre trocas de orienta\u00e7\u00e3o para os discentes regulares)<\/li>\n<li><a href=\"https:\/\/www3.unicentro.br\/profnit\/wp-content\/uploads\/sites\/75\/2020\/10\/PORTARIA-N.-03-DE-05-DE-OUTUBRO-DE-2020.pdf\" target=\"_blank\" rel=\"noopener noreferrer\">PORTARIA N.\u00ba 03 &#8211; PROFNIT\/UNICENTRO, DE 05 DE OUTUBRO DE 2020.<\/a> (Instrui sobre a obrigatoriedade de presen\u00e7a em bancas de mestrado antes do exame de qualifica\u00e7\u00e3o e defesa de disserta\u00e7\u00e3o)<\/li>\n<li><a href=\"https:\/\/www3.unicentro.br\/profnit\/wp-content\/uploads\/sites\/75\/2020\/12\/PORTARIA-No-04-PROFNIT-UNICENTRO-DE-01-DE-DEZEMBRO-DE-2020.pdf\" target=\"_blank\" rel=\"noopener noreferrer\">PORTARIA N\u00ba 04-PROFNIT\/UNICENTRO, DE 01 DE DEZEMBRO DE 2020.<\/a> (DESIGNA a seguinte Comiss\u00e3o para cuidar do Processo Seletivo \u00e0 que se refere a Chamada para sele\u00e7\u00e3o de estudante)<\/li>\n<li><a href=\"https:\/\/www3.unicentro.br\/profnit\/wp-content\/uploads\/sites\/75\/2021\/08\/Portaria-001-2021-comissao-ena-2022.pdf\" target=\"_blank\" rel=\"noopener noreferrer\">PORTARIA N\u00ba 001-PROFNIT\/UNICENTRO, DE 24 DE AGOSTO DE 2021.<\/a> (DESIGNA a seguinte Comiss\u00e3o para cuidar do Processo Seletivo \u00e0 que se refere a Chamada para sele\u00e7\u00e3o de estudante para 2022)<\/li>\n<\/ul>\n<p>&nbsp;<\/p>\n<p>&nbsp;<\/p>\n<h4><strong>Outras Portarias<\/strong><\/h4>\n<ul>\n<li><strong><a href=\"https:\/\/www3.unicentro.br\/profnit\/wp-content\/uploads\/sites\/75\/2019\/11\/Portaria_CAPES_DOU_206_de_2018.pdf\">PORTARIA N\u00ba 206, DE 4 DE SETEMBRO DE 2018 (Disp\u00f5e sobre obrigatoriedade de cita\u00e7\u00e3o da CAPES)<\/a><\/strong><\/li>\n<\/ul>\n<p>&nbsp;<\/p>\n","protected":false},"excerpt":{"rendered":"<p>Portaria de reconhecimento do Programa RESOLU\u00c7\u00c3O N\u00ba 102-COU\/UNICENTRO, DE 30 DE JULHO DE 2014 (Cria o Curso de Mestrado Profissional em Rede Nacional para N\u00facleos de Inova\u00e7\u00e3o Tecnol\u00f3gica, PROFNIT) RESOLU\u00c7\u00c3O N\u00ba 27-COU\/UNICENTRO, DE 28 DE OUTUBRO DE 2019 (Altera a ementa e dispositivos da Resolu\u00e7\u00e3o n\u00ba 103-COU\/UNICENTRO, de 30 de julho de 2014.) Portarias de [&hellip;]<\/p>\n","protected":false},"author":194,"featured_media":0,"parent":0,"menu_order":0,"comment_status":"closed","ping_status":"closed","template":"","meta":{"_exactmetrics_skip_tracking":false,"_exactmetrics_sitenote_active":false,"_exactmetrics_sitenote_note":"","_exactmetrics_sitenote_category":0,"footnotes":"","_links_to":"","_links_to_target":""},"class_list":["post-1020","page","type-page","status-publish","hentry"],"_links":{"self":[{"href":"https:\/\/www3.unicentro.br\/profnit\/wp-json\/wp\/v2\/pages\/1020","targetHints":{"allow":["GET"]}}],"collection":[{"href":"https:\/\/www3.unicentro.br\/profnit\/wp-json\/wp\/v2\/pages"}],"about":[{"href":"https:\/\/www3.unicentro.br\/profnit\/wp-json\/wp\/v2\/types\/page"}],"author":[{"embeddable":true,"href":"https:\/\/www3.unicentro.br\/profnit\/wp-json\/wp\/v2\/users\/194"}],"replies":[{"embeddable":true,"href":"https:\/\/www3.unicentro.br\/profnit\/wp-json\/wp\/v2\/comments?post=1020"}],"version-history":[{"count":0,"href":"https:\/\/www3.unicentro.br\/profnit\/wp-json\/wp\/v2\/pages\/1020\/revisions"}],"wp:attachment":[{"href":"https:\/\/www3.unicentro.br\/profnit\/wp-json\/wp\/v2\/media?parent=1020"}],"curies":[{"name":"wp","href":"https:\/\/api.w.org\/{rel}","templated":true}]}}