{"id":874,"date":"2018-11-07T19:28:23","date_gmt":"2018-11-07T21:28:23","guid":{"rendered":"https:\/\/www3.unicentro.br\/proen\/?page_id=874"},"modified":"2018-11-28T10:08:00","modified_gmt":"2018-11-28T12:08:00","slug":"pacto-universitario-de-educacao-em-direitos-humanos","status":"publish","type":"page","link":"https:\/\/www3.unicentro.br\/proen\/pacto-universitario-de-educacao-em-direitos-humanos\/","title":{"rendered":"Pacto Universit\u00e1rio de Educa\u00e7\u00e3o em Direitos Humanos"},"content":{"rendered":"<div class=\"wpb-content-wrapper\"><p>[vc_row][vc_column][vc_single_image image=&#8221;877&#8243; img_size=&#8221;full&#8221; alignment=&#8221;center&#8221;][vc_cta h2=&#8221;Sobre o Pacto&#8221; color=&#8221;mulled-wine&#8221;]<\/p>\n<p style=\"text-align: justify;\">O\u00a0<strong>\u201cPacto Universit\u00e1rio pela Promo\u00e7\u00e3o do Respeito \u00e0 Diversidade, da Cultura da Paz e dos Direitos Humanos\u201d<\/strong>\u00a0\u00e9 uma iniciativa conjunta do Minist\u00e9rio da Educa\u00e7\u00e3o e do Minist\u00e9rio da Justi\u00e7a e Cidadania para a promo\u00e7\u00e3o da educa\u00e7\u00e3o em direitos humanos no ensino superior.<br \/>\nAberto \u00e0 ades\u00e3o das Institui\u00e7\u00f5es de Educa\u00e7\u00e3o Superior (IES) e de Entidades Apoiadoras (EAs), o objetivo do Pacto \u00e9 superar a viol\u00eancia, o preconceito e a discrimina\u00e7\u00e3o, al\u00e9m de promover atividades educativas de promo\u00e7\u00e3o e defesa dos direitos humanos nas IES.[\/vc_cta][vc_cta h2=&#8221;O Pacto EDH na Unicentro&#8221; color=&#8221;mulled-wine&#8221;]<\/p>\n<p style=\"text-align: justify;\">A Unicentro \u00e9 signat\u00e1ria do Pacto Universit\u00e1rio pela Promo\u00e7\u00e3o da Diversidade e dos Direitos Humanos, PNUDH, que pretende ser uma a\u00e7\u00e3o no \u00e2mbito do ensino superior para promo\u00e7\u00e3o e defesa dos direitos humanos mediante a formula\u00e7\u00e3o, implementa\u00e7\u00e3o e monitoramento de medidas para criar um clima cultural e formativo em defesa da paz, da diversidade e contra o preconceito. Ap\u00f3s assinar o termo de coopera\u00e7\u00e3o do PNUDH, em 22 de dezembro de 2016, a Unicentro constituiu comit\u00ea para iniciar os trabalhos, cujas\u00a0a\u00e7\u00f5es propostas preveem instigar a participa\u00e7\u00e3o dos acad\u00eamicos, docentes e agentes universit\u00e1rios no planejamento e execu\u00e7\u00e3o de atividades multidisciplinares referentes \u00e0s preven\u00e7\u00f5es e viola\u00e7\u00f5es dos Direitos Humanos no espa\u00e7o universit\u00e1rio.<\/p>\n<p>[\/vc_cta][vc_message message_box_color=&#8221;warning&#8221; icon_fontawesome=&#8221;fa fa-exclamation-triangle&#8221;]P\u00e1gina em constru\u00e7\u00e3o.[\/vc_message][vc_cta h2=&#8221;A\u00e7\u00f5es desenvolvidas&#8221; color=&#8221;mulled-wine&#8221;]<\/p>\n<ul>\n<li style=\"text-align: justify;\"><a href=\"https:\/\/www3.unicentro.br\/proen\/wp-content\/uploads\/sites\/41\/2018\/11\/PNUDH_relato-de-atividades-2017-2018.pdf\" target=\"_blank\" rel=\"noopener\"><strong>Relato de atividades do Comit\u00ea do PNUDH &#8211; 2017-2018<\/strong><\/a><\/li>\n<li style=\"text-align: justify;\"><a href=\"https:\/\/www3.unicentro.br\/proen\/wp-content\/uploads\/sites\/41\/2018\/11\/Relatorio_Plano_Igualdade_Racial_2017-2019.pdf\" target=\"_blank\" rel=\"noopener\"><strong>Relat\u00f3rio acerca da implementa\u00e7\u00e3o, na Unicentro, de a\u00e7\u00f5es referentes ao Plano Estadual de Pol\u00edticas P\u00fablicas de Promo\u00e7\u00e3o da Igualdade Racial do Paran\u00e1 &#8211; 2017\/2019<\/strong><\/a><\/li>\n<li style=\"text-align: justify;\"><a href=\"https:\/\/evento.unicentro.br\/site\/siepe\/2017\/1\" target=\"_blank\" rel=\"noopener\"><strong>Evento: V SIEPE &#8211; Direitos Humanos: dialogando sobre a diversidade<\/strong><\/a><\/li>\n<li style=\"text-align: justify;\"><a href=\"https:\/\/www3.unicentro.br\/noticias\/2018\/10\/18\/oferta-do-curso-de-pedagogia-indigena-e-debatida-na-unicentro\/\" target=\"_blank\" rel=\"noopener\"><strong>Evento: Semin\u00e1rio preparat\u00f3rio do curso de Pedagogia Ind\u00edgena<\/strong><\/a><\/li>\n<li style=\"text-align: justify;\"><a href=\"https:\/\/www3.unicentro.br\/proen\/programas-institucionais\/cuia\/\" target=\"_blank\" rel=\"noopener\"><strong>Comiss\u00e3o Universidade para os \u00cdndios &#8211; Cuia<\/strong><\/a><\/li>\n<li style=\"text-align: justify;\"><a href=\"https:\/\/www3.unicentro.br\/proen\/wp-content\/uploads\/sites\/41\/2018\/11\/Descritivo-CUIA.pdf\" target=\"_blank\" rel=\"noopener\"><strong>Descritivo acerca da Cuia<\/strong><\/a><\/li>\n<li style=\"text-align: justify;\"><a href=\"https:\/\/www3.unicentro.br\/proen\/programas-institucionais\/tutoria\/\" target=\"_blank\" rel=\"noopener\"><strong>Programa de Tutoria Discente<\/strong><\/a><\/li>\n<li style=\"text-align: justify;\"><a href=\"https:\/\/www3.unicentro.br\/proen\/programas-institucionais\/pia\/\" target=\"_blank\" rel=\"noopener\"><strong>Programa de Inclus\u00e3o e Acessibilidade &#8211; PIA<\/strong><\/a><\/li>\n<li style=\"text-align: justify;\"><a href=\"https:\/\/www3.unicentro.br\/proen\/programas-institucionais\/refugiados\/\" target=\"_blank\" rel=\"noopener\"><strong>Programa de acesso \u00e0 educa\u00e7\u00e3o superior para refugiados, em cursos de gradua\u00e7\u00e3o presenciais da Unicentro<\/strong><\/a><\/li>\n<li style=\"text-align: justify;\"><a href=\"https:\/\/www2.unicentro.br\/iniciacaocientifica\/pibis\" target=\"_blank\" rel=\"noopener\"><strong>Programa Institucional de Apoio \u00e0 Inclus\u00e3o Social &#8211; Pesquisa e Extens\u00e3o Universit\u00e1ria &#8211; PIBIS<\/strong><\/a><\/li>\n<li style=\"text-align: justify;\"><a href=\"https:\/\/sgu.unicentro.br\/pcatooficiais\/imprimir\/6D27BB60\" target=\"_blank\" rel=\"noopener\"><strong>Regulamento da utiliza\u00e7\u00e3o do nome social de travestis e transexuais nos documentos e registros acad\u00eamicos da Unicentro<\/strong><\/a><\/li>\n<li style=\"text-align: justify;\"><a href=\"https:\/\/www2.unicentro.br\/neaa\/\" target=\"_blank\" rel=\"noopener\"><strong>N\u00facleo de Estudos Amer\u00edndios e Africanos &#8211; NEAA<\/strong><\/a><\/li>\n<li style=\"text-align: justify;\"><a href=\"https:\/\/www3.unicentro.br\/neddij-unicentro\/\" target=\"_blank\" rel=\"noopener\"><strong>N\u00facleo de Estudos e Defesa de Direitos da Inf\u00e2ncia e da Juventude &#8211; Neddij<\/strong><\/a><\/li>\n<li style=\"text-align: justify;\"><a href=\"https:\/\/florescernumape.wordpress.com\/\" target=\"_blank\" rel=\"noopener\"><strong>N\u00facleo Maria da Penha Guarapuava &#8211; Numape Florescer<\/strong><\/a>\u00a0(<a href=\"https:\/\/www.facebook.com\/florescernumapeguarapuava\/\" target=\"_blank\" rel=\"noopener\">Facebook<\/a> &#8211; <a href=\"https:\/\/www.youtube.com\/watch?v=imFpMtMkqKE\" target=\"_blank\" rel=\"noopener\">Link v\u00eddeo 1<\/a> &#8211; <a href=\"https:\/\/www.youtube.com\/watch?v=FGACtppQskM\" target=\"_blank\" rel=\"noopener\">Link v\u00eddeo 2<\/a> &#8211; <a href=\"https:\/\/www.youtube.com\/watch?v=wHi8rP8C9N0\" target=\"_blank\" rel=\"noopener\">Link v\u00eddeo 3<\/a>)<\/li>\n<li><a href=\"https:\/\/globoplay.globo.com\/v\/7164790\/?utm_source=whatsapp&amp;utm_medium=share-bar\" target=\"_blank\" rel=\"noopener\"><strong>Patronato &#8211; Projeto de panifica\u00e7\u00e3o<\/strong><\/a><\/li>\n<li style=\"text-align: justify;\"><a href=\"https:\/\/www3.unicentro.br\/unati\/\" target=\"_blank\" rel=\"noopener\"><strong>Universidade Aberta \u00e0 Terceira Idade \u2013 Unati<\/strong><\/a><\/li>\n<li style=\"text-align: justify;\"><a href=\"https:\/\/www3.unicentro.br\/proen\/wp-content\/uploads\/sites\/41\/2018\/11\/Ementas_EDH_2018.pdf\" target=\"_blank\" rel=\"noopener\"><strong>Rela\u00e7\u00e3o das disciplinas e ementas com conte\u00fados sobre Direitos Humanos, dos curr\u00edculos vigentes dos cursos de gradua\u00e7\u00e3o<\/strong><\/a><\/li>\n<li style=\"text-align: justify;\"><a href=\"https:\/\/www3.unicentro.br\/proen\/wp-content\/uploads\/sites\/41\/2018\/11\/Ementas_conteudo_Etnico-racial_2018.pdf\" target=\"_blank\" rel=\"noopener\"><strong>Rela\u00e7\u00e3o das disciplinas e ementas com conte\u00fados sobre Rela\u00e7\u00f5es \u00c9tnico-Raciais, dos curr\u00edculos vigentes dos cursos de gradua\u00e7\u00e3o<\/strong><\/a><\/li>\n<li style=\"text-align: justify;\"><a href=\"https:\/\/www3.unicentro.br\/proen\/wp-content\/uploads\/sites\/41\/2018\/11\/Pesquisas_EDH_2018.pdf\" target=\"_blank\" rel=\"noopener\"><strong>Projetos de Pesquisa desenvolvidos sobre a tem\u00e1tica EDH<\/strong><\/a><\/li>\n<li style=\"text-align: justify;\"><a href=\"https:\/\/www3.unicentro.br\/proen\/wp-content\/uploads\/sites\/41\/2018\/11\/Extensao_EDH_2018.pdf\" target=\"_blank\" rel=\"noopener\"><strong>Projetos de Extens\u00e3o desenvolvidos sobre a tem\u00e1tica EDH<\/strong><\/a><\/li>\n<\/ul>\n<p>[\/vc_cta][vc_cta h2=&#8221;Links e documentos relacionados&#8221; color=&#8221;mulled-wine&#8221;]<\/p>\n<ul>\n<li style=\"text-align: justify;\"><a href=\"https:\/\/sgu.unicentro.br\/pcatooficiais\/imprimir\/0893063F\" target=\"_blank\" rel=\"noopener\"><strong>PORTARIA N\u00ba 677\/2018-GR\/UNICENTRO &#8211; Designa o Comit\u00ea do Pacto Nacional Universit\u00e1rio pela Promo\u00e7\u00e3o do Respeito \u00e0 Diversidade, da Cultura de Paz e Direitos Humanos, da UNICENTRO e d\u00e1 outras provid\u00eancias<\/strong><\/a><\/li>\n<li style=\"text-align: justify;\">Plano de trabalho do PNUDH<\/li>\n<li style=\"text-align: justify;\">Termo de Ades\u00e3o do PNUDH<\/li>\n<li style=\"text-align: justify;\"><a href=\"https:\/\/sgu.unicentro.br\/pcatooficiais\/imprimir\/15EB93D1\" target=\"_blank\" rel=\"noopener\"><strong>PORTARIA N\u00ba 792\/2017-GR\/UNICENTRO &#8211; Designa a Comiss\u00e3o de Inclus\u00e3o e Acessibilidade da UNICENTRO, e d\u00e1 outras\u00a0provid\u00eancias<\/strong><\/a><\/li>\n<li style=\"text-align: justify;\"><a href=\"https:\/\/www3.unicentro.br\/proplan\/wp-content\/uploads\/sites\/17\/2018\/10\/PDI-FINAL-SITE.pdf\" target=\"_blank\" rel=\"noopener\"><strong>Plano de Desenvolvimento Institucional \u2013 PDI<\/strong><\/a><\/li>\n<li style=\"text-align: justify;\"><strong><a href=\"https:\/\/www5.unioeste.br\/portal\/arquivos\/editora\/livro_abruem_online.pdf\" target=\"_blank\" rel=\"noopener\">Livro &#8220;Relato de experi\u00eancias exitosas das IES: forma\u00e7\u00e3o do docente do ensino superior, assist\u00eancia estudantil e assist\u00eancia pedag\u00f3gica&#8221;<\/a><\/strong><\/li>\n<li style=\"text-align: justify;\"><a href=\"https:\/\/www5.unioeste.br\/portal\/images\/Editora\/abruem-2018.pdf\" target=\"_blank\" rel=\"noopener\"><strong>Livro &#8220;Interioriza\u00e7\u00e3o do Ensino Superior: protagonismo das universidades estaduais e municipais no desenvolvimento regional&#8221;<\/strong><\/a><\/li>\n<\/ul>\n<p>[\/vc_cta][\/vc_column][\/vc_row][vc_row][vc_column][\/vc_column][\/vc_row]<\/p>\n<\/div>","protected":false},"excerpt":{"rendered":"<p>[vc_row][vc_column][vc_single_image image=&#8221;877&#8243; img_size=&#8221;full&#8221; alignment=&#8221;center&#8221;][vc_cta h2=&#8221;Sobre o Pacto&#8221; color=&#8221;mulled-wine&#8221;] O\u00a0\u201cPacto Universit\u00e1rio pela Promo\u00e7\u00e3o do Respeito \u00e0 Diversidade, da Cultura da Paz e dos Direitos Humanos\u201d\u00a0\u00e9 uma iniciativa conjunta do Minist\u00e9rio da Educa\u00e7\u00e3o e do Minist\u00e9rio da Justi\u00e7a e Cidadania para a promo\u00e7\u00e3o da educa\u00e7\u00e3o em direitos humanos no ensino superior. Aberto \u00e0 ades\u00e3o das Institui\u00e7\u00f5es de [&hellip;]<\/p>\n","protected":false},"author":123,"featured_media":0,"parent":0,"menu_order":0,"comment_status":"closed","ping_status":"closed","template":"","meta":{"_exactmetrics_skip_tracking":false,"_exactmetrics_sitenote_active":false,"_exactmetrics_sitenote_note":"","_exactmetrics_sitenote_category":0,"footnotes":"","_links_to":"","_links_to_target":""},"class_list":["post-874","page","type-page","status-publish","hentry"],"_links":{"self":[{"href":"https:\/\/www3.unicentro.br\/proen\/wp-json\/wp\/v2\/pages\/874","targetHints":{"allow":["GET"]}}],"collection":[{"href":"https:\/\/www3.unicentro.br\/proen\/wp-json\/wp\/v2\/pages"}],"about":[{"href":"https:\/\/www3.unicentro.br\/proen\/wp-json\/wp\/v2\/types\/page"}],"author":[{"embeddable":true,"href":"https:\/\/www3.unicentro.br\/proen\/wp-json\/wp\/v2\/users\/123"}],"replies":[{"embeddable":true,"href":"https:\/\/www3.unicentro.br\/proen\/wp-json\/wp\/v2\/comments?post=874"}],"version-history":[{"count":0,"href":"https:\/\/www3.unicentro.br\/proen\/wp-json\/wp\/v2\/pages\/874\/revisions"}],"wp:attachment":[{"href":"https:\/\/www3.unicentro.br\/proen\/wp-json\/wp\/v2\/media?parent=874"}],"curies":[{"name":"wp","href":"https:\/\/api.w.org\/{rel}","templated":true}]}}