{"id":509,"date":"2018-08-30T10:37:45","date_gmt":"2018-08-30T13:37:45","guid":{"rendered":"https:\/\/www3.unicentro.br\/proen\/?page_id=509"},"modified":"2018-08-30T10:37:45","modified_gmt":"2018-08-30T13:37:45","slug":"artigos-academicos","status":"publish","type":"page","link":"https:\/\/www3.unicentro.br\/proen\/forum\/artigos-academicos\/","title":{"rendered":"Artigos Acad\u00eamicos"},"content":{"rendered":"<ul>\n<li><a href=\"https:\/\/www2.unicentro.br\/proen\/files\/2016\/05\/Artigo-Pr%C3%A1tica-e-Est%C3%A1gio-na-Unicentro-1.pdf?x34126\" target=\"_blank\" rel=\"noopener\">CONFIGURA\u00c7\u00d5ES DA PR\u00c1TICA DE ENSINO E DO EST\u00c1GIO SUPERVISIONADO NOS CURSOS DE LICENCIATURA DA UNICENTRO A PARTIR DAS NORMATIVAS LEGAIS SOBRE FORMA\u00c7\u00c3O DE PROFESSORES \u2013 Wanda Terezinha Pacheco dos Santos<\/a><\/li>\n<li><a href=\"https:\/\/www2.unicentro.br\/proen\/files\/2016\/05\/Texto-completo-ENPEGSUL.pdf?x34126\" target=\"_blank\" rel=\"noopener\">PR\u00c1TICA DE ENSINO E EST\u00c1GIO SUPERVISIONADO DO CURSO DE GEOGRAFIA DA UNICENTRO \u2013 CAMPUS DE IRATI \u2013 PR: fortalecendo a licenciatura na parceria universidade e escola b\u00e1sica \u2013 Wanda Terezinha Pacheco dos Santos<\/a><\/li>\n<li><a href=\"https:\/\/www2.unicentro.br\/proen\/files\/2016\/05\/Texto-Educere.pdf?x34126\" target=\"_blank\" rel=\"noopener\">OPERACIONALIZA\u00c7\u00c3O DA PR\u00c1TICA COMO COMPONENTE CURRICULAR NO CURSO DE LICENCIATURA EM GEOGRAFIA DA UNICENTRO \u2013 CAMPUS DE IRATI \u2013 PARAN\u00c1 \u2013 Wanda Terezinha Pacheco dos Santos e Angelis In\u00e1cio dos Santos<\/a><\/li>\n<\/ul>\n","protected":false},"excerpt":{"rendered":"<p>CONFIGURA\u00c7\u00d5ES DA PR\u00c1TICA DE ENSINO E DO EST\u00c1GIO SUPERVISIONADO NOS CURSOS DE LICENCIATURA DA UNICENTRO A PARTIR DAS NORMATIVAS LEGAIS SOBRE FORMA\u00c7\u00c3O DE PROFESSORES \u2013 Wanda Terezinha Pacheco dos Santos PR\u00c1TICA DE ENSINO E EST\u00c1GIO SUPERVISIONADO DO CURSO DE GEOGRAFIA DA UNICENTRO \u2013 CAMPUS DE IRATI \u2013 PR: fortalecendo a licenciatura na parceria universidade e [&hellip;]<\/p>\n","protected":false},"author":3,"featured_media":0,"parent":506,"menu_order":0,"comment_status":"closed","ping_status":"closed","template":"","meta":{"_exactmetrics_skip_tracking":false,"_exactmetrics_sitenote_active":false,"_exactmetrics_sitenote_note":"","_exactmetrics_sitenote_category":0,"footnotes":"","_links_to":"","_links_to_target":""},"class_list":["post-509","page","type-page","status-publish","hentry"],"_links":{"self":[{"href":"https:\/\/www3.unicentro.br\/proen\/wp-json\/wp\/v2\/pages\/509","targetHints":{"allow":["GET"]}}],"collection":[{"href":"https:\/\/www3.unicentro.br\/proen\/wp-json\/wp\/v2\/pages"}],"about":[{"href":"https:\/\/www3.unicentro.br\/proen\/wp-json\/wp\/v2\/types\/page"}],"author":[{"embeddable":true,"href":"https:\/\/www3.unicentro.br\/proen\/wp-json\/wp\/v2\/users\/3"}],"replies":[{"embeddable":true,"href":"https:\/\/www3.unicentro.br\/proen\/wp-json\/wp\/v2\/comments?post=509"}],"version-history":[{"count":0,"href":"https:\/\/www3.unicentro.br\/proen\/wp-json\/wp\/v2\/pages\/509\/revisions"}],"up":[{"embeddable":true,"href":"https:\/\/www3.unicentro.br\/proen\/wp-json\/wp\/v2\/pages\/506"}],"wp:attachment":[{"href":"https:\/\/www3.unicentro.br\/proen\/wp-json\/wp\/v2\/media?parent=509"}],"curies":[{"name":"wp","href":"https:\/\/api.w.org\/{rel}","templated":true}]}}