{"id":506,"date":"2018-08-30T10:36:34","date_gmt":"2018-08-30T13:36:34","guid":{"rendered":"https:\/\/www3.unicentro.br\/proen\/?page_id=506"},"modified":"2021-04-22T17:58:19","modified_gmt":"2021-04-22T20:58:19","slug":"forum","status":"publish","type":"page","link":"https:\/\/www3.unicentro.br\/proen\/forum\/","title":{"rendered":"F\u00f3rum Permanente dos Cursos de Licenciatura da Unicentro"},"content":{"rendered":"<div class=\"wpb-content-wrapper\"><p>[vc_row][vc_column][vc_cta h2=&#8221;&#8221; css_animation=&#8221;fadeIn&#8221;]<\/p>\n<p style=\"text-align: justify;\"><strong>O F\u00f3rum dos Cursos de Licenciatura da Unicentro \u00e9 um espa\u00e7o de reflex\u00e3o sobre as quest\u00f5es pedag\u00f3gicas e objetiva debater e apresentar proposi\u00e7\u00f5es de pol\u00edticas institucionais, considerando a necessidade da cont\u00ednua articula\u00e7\u00e3o das atividades e programas institucionais com a qualidade da forma\u00e7\u00e3o de professores.<\/strong><\/p>\n<p>[\/vc_cta][\/vc_column][\/vc_row][vc_row][vc_column width=&#8221;1\/2&#8243;][vc_btn title=&#8221;Regulamento do F\u00f3rum das Licenciaturas da Unicentro&#8221; color=&#8221;juicy-pink&#8221; align=&#8221;center&#8221; i_icon_fontawesome=&#8221;&#8221; css_animation=&#8221;fadeIn&#8221; button_block=&#8221;true&#8221; add_icon=&#8221;true&#8221; link=&#8221;url:https%3A%2F%2Fsgu.unicentro.br%2Fpcatooficiais%2Fimprimir%2F3B8048C6|title:RESOLU%C3%87%C3%83O%20N%C2%BA%2065-CEPE%2FUNICENTRO%2C%20DE%2018%20DE%20DEZEMBRO%20DE%202020|target:_blank&#8221;][\/vc_column][vc_column width=&#8221;1\/2&#8243;][vc_btn title=&#8221;Composi\u00e7\u00e3o do F\u00f3rum das Licenciaturas da Unicentro&#8221; color=&#8221;juicy-pink&#8221; align=&#8221;center&#8221; i_type=&#8221;entypo&#8221; i_icon_entypo=&#8221;entypo-icon entypo-icon-users&#8221; css_animation=&#8221;fadeIn&#8221; button_block=&#8221;true&#8221; add_icon=&#8221;true&#8221; link=&#8221;url:https%3A%2F%2Fsgu.unicentro.br%2Fpcatooficiais%2Fimprimir%2FAB675D5C|title:PORTARIA%20N%C2%BA%20221-GR%2FUNICENTRO%2C%20DE%2020%20DE%20ABRIL%20DE%202021|target:_blank&#8221;][\/vc_column][\/vc_row][vc_row css_animation=&#8221;fadeIn&#8221; u_row_style=&#8221;0&#8243; u_row_paralax=&#8221;0&#8243; u_row_scheme=&#8221;0&#8243;][vc_column][vc_separator color=&#8221;custom&#8221; accent_color=&#8221;rgba(145,30,30,0.52)&#8221;][vc_cta h2=&#8221;Pol\u00edtica Institucional de Forma\u00e7\u00e3o de Professores da Unicentro&#8221;]<strong><a href=\"https:\/\/sgu.unicentro.br\/pcatooficiais\/imprimir\/0E796DC0\" target=\"_blank\" rel=\"noopener\">\u2022 RESOLU\u00c7\u00c3O N\u00ba 9-CEPE\/UNICENTRO, DE 16 DE ABRIL DE 2018 \u2013 Aprova a Pol\u00edtica Institucional de Forma\u00e7\u00e3o de Professores da Unicentro<\/a><\/strong><\/p>\n<p><strong><a href=\"https:\/\/sgu.unicentro.br\/pcatooficiais\/imprimir\/1452D816\" target=\"_blank\" rel=\"noopener\">\u2022 RESOLU\u00c7\u00c3O N\u00ba 8-CEPE\/UNICENTRO, DE 16 DE ABRIL DE 2018 \u2013 Aprova o Regulamento do Comit\u00ea Gestor de Forma\u00e7\u00e3o de Professores da Educa\u00e7\u00e3o B\u00e1sica, Cofeb, da Universidade Estadual do Centro-Oeste, Unicentro<\/a><\/strong><\/p>\n<p><strong><a href=\"https:\/\/sgu.unicentro.br\/pcatooficiais\/imprimir\/191E3824\" target=\"_blank\" rel=\"noopener\">\u2022 PORTARIA N\u00ba 443-GR\/UNICENTRO, DE 18 DE ABRIL DE 2018 \u2013 Designa o Comit\u00ea Gestor de Forma\u00e7\u00e3o de Professores da Educa\u00e7\u00e3o B\u00e1sica, Cofeb, da Unicentro, e d\u00e1 outras provid\u00eancias<\/a>\u00a0(alterada pela\u00a0<a href=\"https:\/\/sgu.unicentro.br\/pcatooficiais\/imprimir\/DAA8A52A\" target=\"_blank\" rel=\"noopener\">PORTARIA N\u00ba 72\/2019-GR\/UNICENTRO<\/a>)<\/strong>[\/vc_cta][vc_separator color=&#8221;custom&#8221; accent_color=&#8221;rgba(145,30,30,0.52)&#8221;][vc_tta_accordion style=&#8221;flat&#8221; shape=&#8221;square&#8221; spacing=&#8221;2&#8243; c_icon=&#8221;chevron&#8221; active_section=&#8221;100&#8243; collapsible_all=&#8221;true&#8221; title=&#8221;Atas das reuni\u00f5es do F\u00f3rum das Licenciaturas&#8221;][vc_tta_section title=&#8221;2018&#8243; tab_id=&#8221;1560260409847-7c8c6145-8d08&#8243;][vc_column_text]<\/p>\n<ul>\n<li><a href=\"https:\/\/www3.unicentro.br\/proen\/wp-content\/uploads\/sites\/41\/2018\/10\/Ata-001-28.03.2018.pdf\" target=\"_blank\" rel=\"noopener\">Ata 001 &#8211; 28\/03\/2018<\/a><\/li>\n<li><a href=\"https:\/\/www3.unicentro.br\/proen\/wp-content\/uploads\/sites\/41\/2018\/10\/Ata-002-14.06.2018.pdf\" target=\"_blank\" rel=\"noopener\">Ata 002 &#8211; 14\/06\/2018<\/a><\/li>\n<li><a href=\"https:\/\/www3.unicentro.br\/proen\/wp-content\/uploads\/sites\/41\/2018\/10\/Ata-003-25.07.2018.pdf\" target=\"_blank\" rel=\"noopener\">Ata 003 &#8211; 25\/07\/2018<\/a><\/li>\n<li><a href=\"https:\/\/www3.unicentro.br\/proen\/wp-content\/uploads\/sites\/41\/2018\/10\/Ata-004-29.08.2018.pdf\" target=\"_blank\" rel=\"noopener\">Ata 004 &#8211; 29\/08\/2018<\/a><\/li>\n<\/ul>\n<p>[\/vc_column_text][\/vc_tta_section][vc_tta_section title=&#8221;2017&#8243; tab_id=&#8221;1560260409848-e7d375bd-3121&#8243;][vc_column_text]<\/p>\n<ul>\n<li><a href=\"https:\/\/www3.unicentro.br\/proen\/wp-content\/uploads\/sites\/41\/2018\/10\/Ata-001-08.03.2017.pdf\" target=\"_blank\" rel=\"noopener\">Ata 001 &#8211; 08\/03\/2017<\/a><\/li>\n<li><a href=\"https:\/\/www3.unicentro.br\/proen\/wp-content\/uploads\/sites\/41\/2018\/10\/Ata-002-05.04.2017.pdf\" target=\"_blank\" rel=\"noopener\">Ata 002 &#8211; 05\/04\/2017<\/a><\/li>\n<li><a href=\"https:\/\/www3.unicentro.br\/proen\/wp-content\/uploads\/sites\/41\/2018\/10\/Ata-003-26.04.2017.pdf\" target=\"_blank\" rel=\"noopener\">Ata 003 &#8211; 26\/04\/2017<\/a>\n<ul>\n<li><a href=\"https:\/\/www3.unicentro.br\/proen\/wp-content\/uploads\/sites\/41\/2018\/10\/Ata-003-minuta-26.04.2017.pdf\" target=\"_blank\" rel=\"noopener\">Ata 003 (anexo &#8211; minuta)<\/a><\/li>\n<\/ul>\n<\/li>\n<li><a href=\"https:\/\/www3.unicentro.br\/proen\/wp-content\/uploads\/sites\/41\/2018\/10\/Ata-004-27.06.2017.pdf\" target=\"_blank\" rel=\"noopener\">Ata 004 &#8211; 27\/06\/2017<\/a><\/li>\n<\/ul>\n<p>[\/vc_column_text][\/vc_tta_section][vc_tta_section title=&#8221;2016&#8243; tab_id=&#8221;1560260409848-2430f0ee-a34c&#8221;][vc_column_text]<\/p>\n<ul>\n<li><a href=\"https:\/\/www3.unicentro.br\/proen\/wp-content\/uploads\/sites\/41\/2018\/10\/Ata-001-09.06.2016.pdf\" target=\"_blank\" rel=\"noopener\">Ata 001 &#8211; 09\/06\/2016<\/a><\/li>\n<li><a href=\"https:\/\/www3.unicentro.br\/proen\/wp-content\/uploads\/sites\/41\/2018\/10\/Ata-002-23.06.2016.pdf\" target=\"_blank\" rel=\"noopener\">Ata 002 &#8211; 23\/06\/2016<\/a><\/li>\n<li><a href=\"https:\/\/www3.unicentro.br\/proen\/wp-content\/uploads\/sites\/41\/2018\/10\/Ata-003-14.07.2016.pdf\" target=\"_blank\" rel=\"noopener\">Ata 003 &#8211; 14\/07\/2016<\/a><\/li>\n<li><a href=\"https:\/\/www3.unicentro.br\/proen\/wp-content\/uploads\/sites\/41\/2018\/10\/Ata-004-11.08.2016.pdf\" target=\"_blank\" rel=\"noopener\">Ata 004 &#8211; 11\/08\/2016<\/a><\/li>\n<li><a href=\"https:\/\/www3.unicentro.br\/proen\/wp-content\/uploads\/sites\/41\/2018\/10\/Ata-005-01.09.2016.pdf\" target=\"_blank\" rel=\"noopener\">Ata 005 &#8211; 01\/09\/2016<\/a><\/li>\n<li><a href=\"https:\/\/www3.unicentro.br\/proen\/wp-content\/uploads\/sites\/41\/2018\/10\/Ata-006-29.09.2016.pdf\" target=\"_blank\" rel=\"noopener\">Ata 006 &#8211; 29\/09\/2016<\/a><\/li>\n<\/ul>\n<p>[\/vc_column_text][\/vc_tta_section][\/vc_tta_accordion][vc_separator color=&#8221;custom&#8221; accent_color=&#8221;rgba(145,30,30,0.52)&#8221;][vc_btn title=&#8221;ACESSE AQUI o Referencial Curricular do Paran\u00e1 &#8211; BNCC&#8221; color=&#8221;sandy-brown&#8221; size=&#8221;lg&#8221; link=&#8221;url:http%3A%2F%2Fwww.educadores.diaadia.pr.gov.br%2Fmodules%2Fconteudo%2Fconteudo.php%3Fconteudo%3D1383||target:%20_blank|rel:nofollow&#8221;][vc_column_text]<\/p>\n<p style=\"text-align: justify;\"><a href=\"https:\/\/www3.unicentro.br\/proen\/wp-content\/uploads\/sites\/41\/2018\/10\/17_OUT_-REV_LOGO_Informacao-pos-consulta-publica-NRE-e-Comissao-estadual-5-3-2.pdf\" target=\"_blank\" rel=\"noopener\"><strong>INFORMA\u00c7\u00c3O N\u00ba 001\/2018 \u2013 COMIT\u00ca EXECUTIVO<\/strong><\/a><br \/>\nAssunto: Processo de implementa\u00e7\u00e3o do Referencial Curricular do Paran\u00e1: princ\u00edpios, direitos e orienta\u00e7\u00f5es.[\/vc_column_text][vc_btn title=&#8221;ACESSE AQUI a Consulta P\u00fablica sobre a Minuta de Delibera\u00e7\u00e3o do Referencial Curricular do Paran\u00e1&#8221; color=&#8221;sandy-brown&#8221; size=&#8221;lg&#8221; link=&#8221;url:http%3A%2F%2Fwww.cee.pr.gov.br%2Fmodules%2Fnoticias%2Farticle.php%3Fstoryid%3D427%26tit%3DConsulta-Publica-sobre-a-Minuta-de-Deliberacao-do-Referencial-Curricular-do-Parana||target:%20_blank|rel:nofollow&#8221;][vc_message color=&#8221;warning&#8221; message_box_color=&#8221;warning&#8221; icon_fontawesome=&#8221;fa fa-exclamation-triangle&#8221; css_animation=&#8221;bottom-to-top&#8221;]P\u00e1gina em constru\u00e7\u00e3o.[\/vc_message][vc_separator color=&#8221;custom&#8221; accent_color=&#8221;rgba(145,30,30,0.52)&#8221;][vc_tta_accordion style=&#8221;flat&#8221; shape=&#8221;square&#8221; spacing=&#8221;2&#8243; active_section=&#8221;100&#8243; collapsible_all=&#8221;true&#8221;][vc_tta_section title=&#8221;NDE dos cursos de licenciatura&#8221; tab_id=&#8221;1560260409851-f9aa759a-25bd&#8221;][vc_column_text]<\/p>\n<ul>\n<li style=\"text-align: justify\"><a href=\"https:\/\/www3.unicentro.br\/proen\/wp-content\/uploads\/sites\/41\/2018\/09\/resolucao_1_2010_conaes_NDE.pdf\" target=\"_blank\" rel=\"noopener\">RESOLU\u00c7\u00c3O CONAES N\u00ba 01, de 17 de junho de 2010 &#8211; Normatiza o N\u00facleo Docente Estruturante e d\u00e1 outras provid\u00eancias<\/a><\/li>\n<li style=\"text-align: justify\"><a href=\"https:\/\/www3.unicentro.br\/proen\/wp-content\/uploads\/sites\/41\/2018\/09\/parecer_4_2010_conaes_NDE.pdf\" target=\"_blank\" rel=\"noopener\">PARECER CONAES N\u00ba 4, de 17 de junho de 2010, sobre o N\u00facleo Docente Estruturante \u2013 NDE<\/a><\/li>\n<li style=\"text-align: justify\"><a href=\"https:\/\/sgu.unicentro.br\/pcatooficiais\/imprimir\/E1293252\" target=\"_blank\" rel=\"noopener\">RESOLU\u00c7\u00c3O N\u00ba 32-CEPE\/UNICENTRO, DE 30 DE SETEMBRO DE 2014 &#8211; Aprova o Regulamento dos N\u00facleos Docentes Estruturantes dos Cursos de Gradua\u00e7\u00e3o da UNICENTRO<\/a><\/li>\n<li style=\"text-align: justify\"><a href=\"https:\/\/www3.unicentro.br\/proen\/forum\/artigos-academicos\/\" target=\"_blank\" rel=\"noopener\">ARTIGOS ACAD\u00caMICOS<\/a><\/li>\n<\/ul>\n<p>[\/vc_column_text][\/vc_tta_section][vc_tta_section title=&#8221;Forma\u00e7\u00e3o inicial e continuada&#8221; tab_id=&#8221;1560260409852-78ad51e0-2955&#8243;][vc_column_text]<a href=\"http:\/\/portal.mec.gov.br\/conselho-nacional-de-educacao\/eventos\" target=\"_blank\" rel=\"noopener\"><strong>Semin\u00e1rio Nacional sobre a Implementa\u00e7\u00e3o das DCNs para a Forma\u00e7\u00e3o Inicial e Continuada de Profissionais do Magist\u00e9rio<\/strong><\/a>[\/vc_column_text][\/vc_tta_section][vc_tta_section title=&#8221;Base Nacional Comum Curricular&#8221; tab_id=&#8221;1560260409852-a728136c-3863&#8243;][vc_column_text]<\/p>\n<ul>\n<li><a href=\"http:\/\/basenacionalcomum.mec.gov.br\" target=\"_blank\" rel=\"noopener\">Portal da Base Nacional Comum Curricular<\/a><\/li>\n<li><a href=\"http:\/\/portal.mec.gov.br\/index.php?option=com_docman&amp;view=download&amp;alias=15548-d-c-n-educacao-basica-nova-pdf&amp;category_slug=abril-2014-pdf&amp;Itemid=30192\" target=\"_blank\" rel=\"noopener\">Diretrizes Curriculares Nacionais da Educa\u00e7\u00e3o B\u00e1sica<\/a><\/li>\n<li><a href=\"https:\/\/www.youtube.com\/watch?v=GsbvHxITzpM&amp;feature=youtu.be\" target=\"_blank\" rel=\"noopener\">Pronunciamento Renato Janine Ribeiro \u2013 MEC<\/a><\/li>\n<li><a href=\"https:\/\/www.youtube.com\/watch?v=2IXARxIG1LM&amp;feature=youtu.be\" target=\"_blank\" rel=\"noopener\">Pronunciamento Luiz Claudio Costa \u2013 MEC<\/a><\/li>\n<li><a href=\"https:\/\/www.youtube.com\/watch?v=jTqajwZn1b0&amp;feature=youtu.be\" target=\"_blank\" rel=\"noopener\">Pronunciamento Italo Dutra \u2013 MEC<\/a><\/li>\n<li><a href=\"https:\/\/www.youtube.com\/watch?v=vakAz0FBYWE&amp;feature=youtu.be\" target=\"_blank\" rel=\"noopener\">Pronunciamento Manuel Palacios \u2013 MEC<\/a><\/li>\n<li><a href=\"https:\/\/www.youtube.com\/watch?v=6fsgnTH2dgI&amp;feature=youtu.be\" target=\"_blank\" rel=\"noopener\">Pronunciamento Francisco Soares \u2013 Inep<\/a><\/li>\n<li><a href=\"http:\/\/avaliacaoeducacional.com\/2015\/09\/17\/politica-educacional-e-base-nacional-i-2\/\" target=\"_blank\" rel=\"noopener\">LINK COMENT\u00c1RIO SOBRE BNCC \u2013 LUIZ CARLOS DE FREITAS<\/a><\/li>\n<li><a href=\"http:\/\/webconf2.rnp.br\/p42r1nc8ia4\/?launcher=false&amp;fcsContent=true&amp;pbMode=normal\" target=\"_blank\" rel=\"noopener\">Metodologia de trabalho \u2013 Seed<\/a><\/li>\n<li><a href=\"https:\/\/www2.unicentro.br\/proen\/files\/2016\/05\/DCN-texto-Dourado.pdf?x34126\">DIRETRIZES CURRICULARES NACIONAIS PARA A FORMA\u00c7\u00c3O INICIAL E CONTINUADA DOS PROFISSIONAIS DO MAGIST\u00c9RIO DA EDUCA\u00c7\u00c3O B\u00c1SICA: CONCEP\u00c7\u00d5ES E DESAFIOS \u2013 Luiz Fernandes Dourado<\/a><\/li>\n<\/ul>\n<p>[\/vc_column_text][\/vc_tta_section][\/vc_tta_accordion][\/vc_column][\/vc_row]<\/p>\n<\/div>","protected":false},"excerpt":{"rendered":"<p>[vc_row][vc_column][vc_cta h2=&#8221;&#8221; css_animation=&#8221;fadeIn&#8221;] O F\u00f3rum dos Cursos de Licenciatura da Unicentro \u00e9 um espa\u00e7o de reflex\u00e3o sobre as quest\u00f5es pedag\u00f3gicas e objetiva debater e apresentar proposi\u00e7\u00f5es de pol\u00edticas institucionais, considerando a necessidade da cont\u00ednua articula\u00e7\u00e3o das atividades e programas institucionais com a qualidade da forma\u00e7\u00e3o de professores. [\/vc_cta][\/vc_column][\/vc_row][vc_row][vc_column width=&#8221;1\/2&#8243;][vc_btn title=&#8221;Regulamento do F\u00f3rum das Licenciaturas da [&hellip;]<\/p>\n","protected":false},"author":3,"featured_media":0,"parent":0,"menu_order":0,"comment_status":"closed","ping_status":"closed","template":"","meta":{"_exactmetrics_skip_tracking":false,"_exactmetrics_sitenote_active":false,"_exactmetrics_sitenote_note":"","_exactmetrics_sitenote_category":0,"footnotes":"","_links_to":"","_links_to_target":""},"class_list":["post-506","page","type-page","status-publish","hentry"],"_links":{"self":[{"href":"https:\/\/www3.unicentro.br\/proen\/wp-json\/wp\/v2\/pages\/506","targetHints":{"allow":["GET"]}}],"collection":[{"href":"https:\/\/www3.unicentro.br\/proen\/wp-json\/wp\/v2\/pages"}],"about":[{"href":"https:\/\/www3.unicentro.br\/proen\/wp-json\/wp\/v2\/types\/page"}],"author":[{"embeddable":true,"href":"https:\/\/www3.unicentro.br\/proen\/wp-json\/wp\/v2\/users\/3"}],"replies":[{"embeddable":true,"href":"https:\/\/www3.unicentro.br\/proen\/wp-json\/wp\/v2\/comments?post=506"}],"version-history":[{"count":0,"href":"https:\/\/www3.unicentro.br\/proen\/wp-json\/wp\/v2\/pages\/506\/revisions"}],"wp:attachment":[{"href":"https:\/\/www3.unicentro.br\/proen\/wp-json\/wp\/v2\/media?parent=506"}],"curies":[{"name":"wp","href":"https:\/\/api.w.org\/{rel}","templated":true}]}}