{"id":498,"date":"2018-08-30T10:22:47","date_gmt":"2018-08-30T13:22:47","guid":{"rendered":"https:\/\/www3.unicentro.br\/proen\/?page_id=498"},"modified":"2025-10-29T09:54:56","modified_gmt":"2025-10-29T12:54:56","slug":"atribuicao-de-aulas","status":"publish","type":"page","link":"https:\/\/www3.unicentro.br\/proen\/atribuicao-de-aulas\/","title":{"rendered":"Atribui\u00e7\u00e3o de Aulas"},"content":{"rendered":"<div class=\"wpb-content-wrapper\"><p>[vc_row][vc_column][vc_cta h2=&#8221;Modelos de Planilhas para distribui\u00e7\u00e3o de aulas:&#8221;][\/vc_cta][\/vc_column][\/vc_row][vc_row][vc_column width=&#8221;1\/2&#8243;][vc_btn title=&#8221;Professores efetivos `{`.doc`}`&#8221; color=&#8221;primary&#8221; align=&#8221;center&#8221; i_icon_fontawesome=&#8221;&#8221; css_animation=&#8221;fadeIn&#8221; css=&#8221;&#8221; button_block=&#8221;true&#8221; add_icon=&#8221;true&#8221; link=&#8221;url:https%3A%2F%2Fwww3.unicentro.br%2Fproen%2Fwp-content%2Fuploads%2Fsites%2F41%2F2025%2F10%2FEfetivos-2026.doc.doc&#8221;][vc_btn title=&#8221;Professores efetivos `{`.odt`}`&#8221; color=&#8221;primary&#8221; align=&#8221;center&#8221; i_icon_fontawesome=&#8221;&#8221; css_animation=&#8221;fadeIn&#8221; css=&#8221;&#8221; button_block=&#8221;true&#8221; add_icon=&#8221;true&#8221; link=&#8221;url:https%3A%2F%2Fwww3.unicentro.br%2Fproen%2Fwp-content%2Fuploads%2Fsites%2F41%2F2025%2F10%2FEfetivos-2026.odt.odt&#8221;][\/vc_column][vc_column width=&#8221;1\/2&#8243;][vc_btn title=&#8221;Professores tempor\u00e1rios `{`.doc`}`&#8221; color=&#8221;primary&#8221; align=&#8221;center&#8221; i_icon_fontawesome=&#8221;&#8221; css_animation=&#8221;fadeIn&#8221; css=&#8221;&#8221; button_block=&#8221;true&#8221; add_icon=&#8221;true&#8221; link=&#8221;url:https%3A%2F%2Fwww3.unicentro.br%2Fproen%2Fwp-content%2Fuploads%2Fsites%2F41%2F2025%2F10%2FColaborador-2026.doc.doc&#8221;][vc_btn title=&#8221;Professores tempor\u00e1rios `{`.odt`}`&#8221; color=&#8221;primary&#8221; align=&#8221;center&#8221; i_icon_fontawesome=&#8221;&#8221; css_animation=&#8221;fadeIn&#8221; css=&#8221;&#8221; button_block=&#8221;true&#8221; add_icon=&#8221;true&#8221; link=&#8221;url:https%3A%2F%2Fwww3.unicentro.br%2Fproen%2Fwp-content%2Fuploads%2Fsites%2F41%2F2025%2F10%2FColaborador-2026.odt.odt&#8221;][\/vc_column][\/vc_row][vc_row][vc_column][vc_cta h2=&#8221;Resolu\u00e7\u00f5es que tratam da atribui\u00e7\u00e3o de aulas:&#8221;]<\/p>\n<ul>\n<li><a href=\"https:\/\/www3.unicentro.br\/proen\/wp-content\/uploads\/sites\/41\/2021\/10\/24.pdf\" target=\"_blank\" rel=\"noopener\"><strong>RESOLU\u00c7\u00c3O\u00a0 N\u00ba 24-CEPE\/UNICENTRO, DE 1 DE OUTUBRO DE 2021 \u2013 Altera o art. 1\u00ba e o art. 4, do Regulamento de Projeto de Integra\u00e7\u00e3o Ensino, Pesquisa e Extens\u00e3o da UNICENTRO<\/strong><\/a><\/li>\n<\/ul>\n<p>&nbsp;<\/p>\n<ul>\n<li><a href=\"https:\/\/sgu.unicentro.br\/pcatooficiais\/imprimir\/3D3C0A39\" target=\"_blank\" rel=\"noopener\"><strong>RESOLU\u00c7\u00c3O CONJUNTA N\u00ba 4-CEPE-CAD\/UNICENTRO, DE 8 DE SETEMBRO DE 2021 \u2013 Aprova a atribui\u00e7\u00e3o de carga hor\u00e1ria a docentes do Programa de Resid\u00eancia M\u00e9dica ofertado pela UNICENTRO e d\u00e1 outras provid\u00eancias<\/strong><\/a><\/li>\n<\/ul>\n<p>&nbsp;<\/p>\n<ul>\n<li><a href=\"https:\/\/sgu.unicentro.br\/pcatooficiais\/imprimir\/86031DF2\" target=\"_blank\" rel=\"noopener\"><strong>RESOLU\u00c7\u00c3O CONJUNTA N\u00ba 9-CEPE-CAD\/UNICENTRO, DE 16 DE SETEMBRO DE 2019 \u2013 Aprova a operacionaliza\u00e7\u00e3o do Est\u00e1gio Supervisionado nas Licenciaturas<\/strong><\/a><\/li>\n<\/ul>\n<p>&nbsp;<\/p>\n<ul>\n<li style=\"text-align: justify\"><strong><a href=\"https:\/\/sgu.unicentro.br\/pcatooficiais\/imprimir\/F70F4740\" target=\"_blank\" rel=\"noopener\">RESOLU\u00c7\u00c3O N\u00ba 28-CEPE\/UNICENTRO, DE 14 DE NOVEMBRO DE 2018 \u2013 Aprova o Regulamento de Doc\u00eancia Compartilhada, DC, da UNICENTRO<\/a><\/strong><\/li>\n<\/ul>\n<p>&nbsp;<\/p>\n<ul>\n<li style=\"text-align: justify\"><strong><a href=\"https:\/\/sgu.unicentro.br\/pcatooficiais\/imprimir\/98974BA7\" target=\"_blank\" rel=\"noopener noreferrer\">RESOLU\u00c7\u00c3O CONJUNTA N\u00ba 9-CEPE-CAD\/UNICENTRO, DE 23 DE DEZEMBRO DE 2016 \u2013 Aprova a atribui\u00e7\u00e3o de carga hor\u00e1ria a docentes em cursos de especializa\u00e7\u00e3o na modalidade de programas de resid\u00eancia e\/ou aprimoramento profissional ofertados pela UNICENTRO<\/a><\/strong><\/li>\n<\/ul>\n<p>[\/vc_cta][\/vc_column][\/vc_row][vc_row][vc_column][vc_cta h2=&#8221;Plano Individual de Atividades Docentes \u2013 PIAD:&#8221;]<\/p>\n<ul>\n<li style=\"text-align: justify\"><a href=\"https:\/\/www2.unicentro.br\/proen\/files\/2013\/11\/MODELO_PIAD_PROCESSOS.doc?x34126\"><strong>Formul\u00e1rio de PIAD para processos<\/strong>\u00a0[.doc]<\/a><\/li>\n<\/ul>\n<p>[\/vc_cta][\/vc_column][\/vc_row]<\/p>\n<\/div>","protected":false},"excerpt":{"rendered":"<p>[vc_row][vc_column][vc_cta h2=&#8221;Modelos de Planilhas para distribui\u00e7\u00e3o de aulas:&#8221;][\/vc_cta][\/vc_column][\/vc_row][vc_row][vc_column width=&#8221;1\/2&#8243;][vc_btn title=&#8221;Professores efetivos `{`.doc`}`&#8221; color=&#8221;primary&#8221; align=&#8221;center&#8221; i_icon_fontawesome=&#8221;&#8221; css_animation=&#8221;fadeIn&#8221; css=&#8221;&#8221; button_block=&#8221;true&#8221; add_icon=&#8221;true&#8221; link=&#8221;url:https%3A%2F%2Fwww3.unicentro.br%2Fproen%2Fwp-content%2Fuploads%2Fsites%2F41%2F2025%2F10%2FEfetivos-2026.doc.doc&#8221;][vc_btn title=&#8221;Professores efetivos `{`.odt`}`&#8221; color=&#8221;primary&#8221; align=&#8221;center&#8221; i_icon_fontawesome=&#8221;&#8221; css_animation=&#8221;fadeIn&#8221; css=&#8221;&#8221; button_block=&#8221;true&#8221; add_icon=&#8221;true&#8221; link=&#8221;url:https%3A%2F%2Fwww3.unicentro.br%2Fproen%2Fwp-content%2Fuploads%2Fsites%2F41%2F2025%2F10%2FEfetivos-2026.odt.odt&#8221;][\/vc_column][vc_column width=&#8221;1\/2&#8243;][vc_btn title=&#8221;Professores tempor\u00e1rios `{`.doc`}`&#8221; color=&#8221;primary&#8221; align=&#8221;center&#8221; i_icon_fontawesome=&#8221;&#8221; css_animation=&#8221;fadeIn&#8221; css=&#8221;&#8221; button_block=&#8221;true&#8221; add_icon=&#8221;true&#8221; link=&#8221;url:https%3A%2F%2Fwww3.unicentro.br%2Fproen%2Fwp-content%2Fuploads%2Fsites%2F41%2F2025%2F10%2FColaborador-2026.doc.doc&#8221;][vc_btn title=&#8221;Professores tempor\u00e1rios `{`.odt`}`&#8221; color=&#8221;primary&#8221; align=&#8221;center&#8221; i_icon_fontawesome=&#8221;&#8221; css_animation=&#8221;fadeIn&#8221; css=&#8221;&#8221; button_block=&#8221;true&#8221; add_icon=&#8221;true&#8221; link=&#8221;url:https%3A%2F%2Fwww3.unicentro.br%2Fproen%2Fwp-content%2Fuploads%2Fsites%2F41%2F2025%2F10%2FColaborador-2026.odt.odt&#8221;][\/vc_column][\/vc_row][vc_row][vc_column][vc_cta h2=&#8221;Resolu\u00e7\u00f5es [&hellip;]<\/p>\n","protected":false},"author":3,"featured_media":0,"parent":0,"menu_order":0,"comment_status":"closed","ping_status":"closed","template":"","meta":{"_exactmetrics_skip_tracking":false,"_exactmetrics_sitenote_active":false,"_exactmetrics_sitenote_note":"","_exactmetrics_sitenote_category":0,"footnotes":"","_links_to":"","_links_to_target":""},"class_list":["post-498","page","type-page","status-publish","hentry"],"_links":{"self":[{"href":"https:\/\/www3.unicentro.br\/proen\/wp-json\/wp\/v2\/pages\/498","targetHints":{"allow":["GET"]}}],"collection":[{"href":"https:\/\/www3.unicentro.br\/proen\/wp-json\/wp\/v2\/pages"}],"about":[{"href":"https:\/\/www3.unicentro.br\/proen\/wp-json\/wp\/v2\/types\/page"}],"author":[{"embeddable":true,"href":"https:\/\/www3.unicentro.br\/proen\/wp-json\/wp\/v2\/users\/3"}],"replies":[{"embeddable":true,"href":"https:\/\/www3.unicentro.br\/proen\/wp-json\/wp\/v2\/comments?post=498"}],"version-history":[{"count":1,"href":"https:\/\/www3.unicentro.br\/proen\/wp-json\/wp\/v2\/pages\/498\/revisions"}],"predecessor-version":[{"id":13030,"href":"https:\/\/www3.unicentro.br\/proen\/wp-json\/wp\/v2\/pages\/498\/revisions\/13030"}],"wp:attachment":[{"href":"https:\/\/www3.unicentro.br\/proen\/wp-json\/wp\/v2\/media?parent=498"}],"curies":[{"name":"wp","href":"https:\/\/api.w.org\/{rel}","templated":true}]}}