{"id":496,"date":"2018-08-30T10:20:37","date_gmt":"2018-08-30T13:20:37","guid":{"rendered":"https:\/\/www3.unicentro.br\/proen\/?page_id=496"},"modified":"2024-11-13T16:34:41","modified_gmt":"2024-11-13T19:34:41","slug":"plano-de-integralizacao-de-disciplinas","status":"publish","type":"page","link":"https:\/\/www3.unicentro.br\/proen\/plano-de-integralizacao-de-disciplinas\/","title":{"rendered":"Plano de Integraliza\u00e7\u00e3o de Disciplinas"},"content":{"rendered":"<div class=\"wpb-content-wrapper\"><p>[vc_row][vc_column][vc_btn title=&#8221;Formul\u00e1rio de PLANO DE INTEGRALIZA\u00c7\u00c3O DE DISCIPLINAS para processos `{`.doc`}`&#8221; color=&#8221;primary&#8221; align=&#8221;center&#8221; i_icon_fontawesome=&#8221;fa fa-file-text-o&#8221; css_animation=&#8221;fadeIn&#8221; button_block=&#8221;true&#8221; add_icon=&#8221;true&#8221; link=&#8221;url:https%3A%2F%2Fwww3.unicentro.br%2Fproen%2Fwp-content%2Fuploads%2Fsites%2F41%2F2019%2F04%2FFORMULARIO_PLANO_INTEGRALIZACAO_2019.doc|||&#8221;][\/vc_column][\/vc_row][vc_row][vc_column][vc_btn title=&#8221;Formul\u00e1rio de TERMO DE ANU\u00caNCIA DOS ALUNOS `{`.doc`}`&#8221; color=&#8221;primary&#8221; align=&#8221;center&#8221; i_icon_fontawesome=&#8221;fa fa-list-alt&#8221; css_animation=&#8221;fadeIn&#8221; button_block=&#8221;true&#8221; add_icon=&#8221;true&#8221; link=&#8221;url:https%3A%2F%2Fwww3.unicentro.br%2Fproen%2Fwp-content%2Fuploads%2Fsites%2F41%2F2019%2F04%2FFORMULARIO_TERMO_ANUENCIA_PLANO_INTEGRALIZACAO_2019.doc|||&#8221;][\/vc_column][\/vc_row][vc_row][vc_column width=&#8221;1\/2&#8243;][vc_btn title=&#8221;Planilha para CRONOGRAMA DE AULAS &#8211; Excel `{`.xls`}`&#8221; color=&#8221;primary&#8221; align=&#8221;center&#8221; i_icon_fontawesome=&#8221;fa fa-table&#8221; css_animation=&#8221;fadeIn&#8221; button_block=&#8221;true&#8221; add_icon=&#8221;true&#8221; link=&#8221;url:https%3A%2F%2Fwww3.unicentro.br%2Fproen%2Fwp-content%2Fuploads%2Fsites%2F41%2F2019%2F05%2FCRONOGRAMA_AULAS_2019.xls|title:Planilha%20no%20formato%20Excel%20%5B.xls%5D||&#8221;][\/vc_column][vc_column width=&#8221;1\/2&#8243;][vc_btn title=&#8221;Planilha para CRONOGRAMA DE AULAS &#8211; Calc `{`.ods`}`&#8221; color=&#8221;primary&#8221; align=&#8221;center&#8221; i_icon_fontawesome=&#8221;fa fa-table&#8221; css_animation=&#8221;fadeIn&#8221; button_block=&#8221;true&#8221; add_icon=&#8221;true&#8221; link=&#8221;url:https%3A%2F%2Fwww3.unicentro.br%2Fproen%2Fwp-content%2Fuploads%2Fsites%2F41%2F2019%2F05%2FCRONOGRAMA_AULAS_2019.ods|title:Planilha%20no%20formato%20Calc%20%5B.ods%5D||&#8221;][\/vc_column][\/vc_row][vc_row][vc_column][vc_cta h2=&#8221;Normativas relacionadas:&#8221; css_animation=&#8221;fadeIn&#8221;]<\/p>\n<ul>\n<li style=\"text-align: justify\"><strong><a href=\"https:\/\/sgu.unicentro.br\/pcatooficiais\/imprimir\/4A57BDA2\" target=\"_blank\" rel=\"noopener noreferrer\">RESOLU\u00c7\u00c3O N\u00ba 5-CEPE\/UNICENTRO, DE 16 DE ABRIL DE 2018 \u2013 Estabelece normas para a integraliza\u00e7\u00e3o das disciplinas dos cursos de gradua\u00e7\u00e3o presenciais, em caso de impossibilidade de cumprimento da carga hor\u00e1ria e conte\u00fados nos dias\/hor\u00e1rios regularmente previstos, durante o per\u00edodo letivo estabelecido no Calend\u00e1rio Universit\u00e1rio<\/a><\/strong><\/li>\n<\/ul>\n<ul style=\"text-align: justify\">\n<li style=\"text-align: justify\"><strong><a href=\"https:\/\/sgu.unicentro.br\/pcatooficiais\/imprimir\/32C7B236\" target=\"_blank\" rel=\"noopener noreferrer\">INSTRU\u00c7\u00c3O NORMATIVA CONJUNTA N\u00ba 1\/2019-PRORH-PROEN\/UNICENTRO &#8211; Normatiza prazos e procedimentos para tr\u00e2mites de protocolos de integraliza\u00e7\u00e3o das disciplinas dos cursos de gradua\u00e7\u00e3o presenciais, ministradas por professores colaboradores tempor\u00e1rios, conforme regrado pela Resolu\u00e7\u00e3o n\u00ba 5-CEPE\/UNICENTRO, de 16 de abril de 2018<\/a><\/strong><\/li>\n<\/ul>\n<ul style=\"text-align: justify\">\n<li><strong><a href=\"https:\/\/sgu.unicentro.br\/pcatooficiais\/imprimir\/723918A7\" target=\"_blank\" rel=\"noopener noreferrer\">RESOLU\u00c7\u00c3O N\u00ba 75-CEPE\/UNICENTRO, DE 23 DE DEZEMBRO DE 2010 \u2013 Disp\u00f5e sobre a organiza\u00e7\u00e3o dos hor\u00e1rios de aulas dos cursos de gradua\u00e7\u00e3o presenciais da UNICENTRO<\/a><\/strong><\/li>\n<\/ul>\n<ul>\n<li><strong><a href=\"https:\/\/sgu.unicentro.br\/pcatooficiais\/imprimir\/C80684BA\" target=\"_blank\" rel=\"noopener noreferrer\">RESOLU\u00c7\u00c3O N\u00ba 24-CEPE\/UNICENTRO, DE 30 DE JULHO DE 2018 \u2013 Aprova o Regulamento de Aulas de Campo da UNICENTRO<\/a><\/strong>\n<ul>\n<li style=\"text-align: justify\"><a href=\"https:\/\/www2.unicentro.br\/proen\/files\/2018\/08\/FORMULARIO_Autorizacao-Plano-atividades_Aulas-de-Campo_2018.doc?x34126\"><strong>Formul\u00e1rio de solicita\u00e7\u00e3o de autoriza\u00e7\u00e3o para Aulas de Campo<\/strong>\u00a0[.doc]<\/a><\/li>\n<li style=\"text-align: justify\"><a href=\"https:\/\/www2.unicentro.br\/proen\/files\/2018\/08\/FORMULARIO_Relatorio-Final_Aulas-de-Campo_2018.doc?x34126\"><strong>Formul\u00e1rio para Relat\u00f3rio Final de atividades em Aulas de Campo<\/strong>\u00a0[.doc]<\/a><\/li>\n<\/ul>\n<\/li>\n<\/ul>\n<p>[\/vc_cta][\/vc_column][\/vc_row]<\/p>\n<\/div>","protected":false},"excerpt":{"rendered":"<p>[vc_row][vc_column][vc_btn title=&#8221;Formul\u00e1rio de PLANO DE INTEGRALIZA\u00c7\u00c3O DE DISCIPLINAS para processos `{`.doc`}`&#8221; color=&#8221;primary&#8221; align=&#8221;center&#8221; i_icon_fontawesome=&#8221;fa fa-file-text-o&#8221; css_animation=&#8221;fadeIn&#8221; button_block=&#8221;true&#8221; add_icon=&#8221;true&#8221; link=&#8221;url:https%3A%2F%2Fwww3.unicentro.br%2Fproen%2Fwp-content%2Fuploads%2Fsites%2F41%2F2019%2F04%2FFORMULARIO_PLANO_INTEGRALIZACAO_2019.doc|||&#8221;][\/vc_column][\/vc_row][vc_row][vc_column][vc_btn title=&#8221;Formul\u00e1rio de TERMO DE ANU\u00caNCIA DOS ALUNOS `{`.doc`}`&#8221; color=&#8221;primary&#8221; align=&#8221;center&#8221; i_icon_fontawesome=&#8221;fa fa-list-alt&#8221; css_animation=&#8221;fadeIn&#8221; button_block=&#8221;true&#8221; add_icon=&#8221;true&#8221; link=&#8221;url:https%3A%2F%2Fwww3.unicentro.br%2Fproen%2Fwp-content%2Fuploads%2Fsites%2F41%2F2019%2F04%2FFORMULARIO_TERMO_ANUENCIA_PLANO_INTEGRALIZACAO_2019.doc|||&#8221;][\/vc_column][\/vc_row][vc_row][vc_column width=&#8221;1\/2&#8243;][vc_btn title=&#8221;Planilha para CRONOGRAMA DE AULAS &#8211; Excel `{`.xls`}`&#8221; color=&#8221;primary&#8221; align=&#8221;center&#8221; i_icon_fontawesome=&#8221;fa fa-table&#8221; css_animation=&#8221;fadeIn&#8221; button_block=&#8221;true&#8221; add_icon=&#8221;true&#8221; link=&#8221;url:https%3A%2F%2Fwww3.unicentro.br%2Fproen%2Fwp-content%2Fuploads%2Fsites%2F41%2F2019%2F05%2FCRONOGRAMA_AULAS_2019.xls|title:Planilha%20no%20formato%20Excel%20%5B.xls%5D||&#8221;][\/vc_column][vc_column width=&#8221;1\/2&#8243;][vc_btn title=&#8221;Planilha para [&hellip;]<\/p>\n","protected":false},"author":3,"featured_media":0,"parent":0,"menu_order":0,"comment_status":"closed","ping_status":"closed","template":"","meta":{"_exactmetrics_skip_tracking":false,"_exactmetrics_sitenote_active":false,"_exactmetrics_sitenote_note":"","_exactmetrics_sitenote_category":0,"footnotes":"","_links_to":"","_links_to_target":""},"class_list":["post-496","page","type-page","status-publish","hentry"],"_links":{"self":[{"href":"https:\/\/www3.unicentro.br\/proen\/wp-json\/wp\/v2\/pages\/496","targetHints":{"allow":["GET"]}}],"collection":[{"href":"https:\/\/www3.unicentro.br\/proen\/wp-json\/wp\/v2\/pages"}],"about":[{"href":"https:\/\/www3.unicentro.br\/proen\/wp-json\/wp\/v2\/types\/page"}],"author":[{"embeddable":true,"href":"https:\/\/www3.unicentro.br\/proen\/wp-json\/wp\/v2\/users\/3"}],"replies":[{"embeddable":true,"href":"https:\/\/www3.unicentro.br\/proen\/wp-json\/wp\/v2\/comments?post=496"}],"version-history":[{"count":2,"href":"https:\/\/www3.unicentro.br\/proen\/wp-json\/wp\/v2\/pages\/496\/revisions"}],"predecessor-version":[{"id":10787,"href":"https:\/\/www3.unicentro.br\/proen\/wp-json\/wp\/v2\/pages\/496\/revisions\/10787"}],"wp:attachment":[{"href":"https:\/\/www3.unicentro.br\/proen\/wp-json\/wp\/v2\/media?parent=496"}],"curies":[{"name":"wp","href":"https:\/\/api.w.org\/{rel}","templated":true}]}}