{"id":26,"date":"2018-07-16T16:52:38","date_gmt":"2018-07-16T19:52:38","guid":{"rendered":"https:\/\/www3.unicentro.br\/proen\/?page_id=26"},"modified":"2021-03-24T17:18:39","modified_gmt":"2021-03-24T20:18:39","slug":"apresentacao","status":"publish","type":"page","link":"https:\/\/www3.unicentro.br\/proen\/sobre\/apresentacao\/","title":{"rendered":"Apresenta\u00e7\u00e3o e atribui\u00e7\u00f5es"},"content":{"rendered":"<div class=\"wpb-content-wrapper\"><p>[vc_row][vc_column][vc_tta_tabs active_section=&#8221;1&#8243;][vc_tta_section i_type=&#8221;typicons&#8221; i_icon_typicons=&#8221;typcn typcn-media-record&#8221; add_icon=&#8221;true&#8221; title=&#8221;<font size=``2``><b>Pr\u00f3-Reitoria de Ensino &#8211; Proen<\/b><\/font>&#8221; tab_id=&#8221;1581000359086-7d33e39a-976e&#8221;][vc_column_text css_animation=&#8221;fadeIn&#8221;]<\/p>\n<p style=\"text-align: justify;\">A Pr\u00f3-Reitoria de Ensino (Proen) \u00e9 vinculada administrativamente \u00e0 Reitoria e respons\u00e1vel por planejar, coordenar, executar, orientar e controlar as atividades relativas ao ensino no \u00e2mbito dos cursos de gradua\u00e7\u00e3o presenciais e a dist\u00e2ncia.<\/p>\n<p style=\"text-align: justify;\">Sua estrutura organizacional conta com tr\u00eas diretorias:\u00a0 Diretoria de Ensino (Diren),\u00a0 Diretoria Acad\u00eamica (Dirac) e Diretoria de Programas e Projetos (Dirprop).<\/p>\n<p style=\"text-align: justify;\">S\u00e3o atribui\u00e7\u00f5es da Proen:<\/p>\n<ul>\n<li style=\"text-align: justify;\">Coordenar as atividades dos cursos de gradua\u00e7\u00e3o presenciais e a dist\u00e2ncia;<\/li>\n<li style=\"text-align: justify;\">Cumprir e fazer cumprir as delibera\u00e7\u00f5es dos Conselhos Superiores, Estatuto, Regimento Geral, legisla\u00e7\u00e3o\/normativas internas e externas, mantendo contato com MEC, CNE, Seed, Seti, CEE;<\/li>\n<li style=\"text-align: justify;\">Encaminhar a\u00e7\u00f5es atendendo ao PDI e PPI e suas metas;<\/li>\n<li style=\"text-align: justify;\">Propor altera\u00e7\u00f5es nas normas acad\u00eamicas e regulamentos vigentes;<\/li>\n<li style=\"text-align: justify;\">Representar a institui\u00e7\u00e3o em F\u00f3runs Estaduais, Regionais, Nacionais;<\/li>\n<li style=\"text-align: justify;\">Prestar informa\u00e7\u00f5es aos gestores de \u00f3rg\u00e3os internos e externos sobre cursos, alunado, entre outros assuntos relacionados;<\/li>\n<li style=\"text-align: justify;\">Emitir pareceres e instruir processos relativos \u00e0 \u00e1rea de ensino;<\/li>\n<li style=\"text-align: justify;\">Realizar o controle da carga hor\u00e1ria CRES (contratos em regime especial) atribu\u00edda aos Departamentos Pedag\u00f3gicos;<\/li>\n<li style=\"text-align: justify;\">Emitir pareceres e acompanhar os processos de contrata\u00e7\u00e3o, altera\u00e7\u00e3o de regime de trabalho (RT) e rescis\u00e3o de contrato dos professores tempor\u00e1rios;<\/li>\n<li style=\"text-align: justify;\">Emitir pareceres nos processos de licen\u00e7a especial\/capacita\u00e7\u00e3o, sab\u00e1tica e afastamento para qualifica\u00e7\u00e3o docente, no que se refere \u00e0 carga hor\u00e1ria dos Departamentos;<\/li>\n<li style=\"text-align: justify;\">Analisar as planilhas de distribui\u00e7\u00e3o de aulas do corpo docente.<\/li>\n<\/ul>\n<p>[\/vc_column_text][\/vc_tta_section][vc_tta_section i_type=&#8221;typicons&#8221; i_icon_typicons=&#8221;typcn typcn-media-record&#8221; add_icon=&#8221;true&#8221; title=&#8221;<font size=``2``><b>Diretoria de Ensino &#8211; Diren<\/b><\/font>&#8221; tab_id=&#8221;1581000359086-595b8a2e-d10e&#8221;][vc_column_text css_animation=&#8221;fadeIn&#8221;]<\/p>\n<p style=\"text-align: justify;\">A Diren \u00e9 respons\u00e1vel por orientar e analisar a elabora\u00e7\u00e3o dos Projetos Pedag\u00f3gicos dos cursos de gradua\u00e7\u00e3o, de acordo com as legisla\u00e7\u00f5es pertinentes, bem como por acompanhar a tramita\u00e7\u00e3o dos processos de autoriza\u00e7\u00e3o, reconhecimento\/renova\u00e7\u00e3o de reconhecimento e as atividades que envolvam aspectos pedag\u00f3gicos dos cursos.<\/p>\n<p style=\"text-align: justify;\">S\u00e3o atribui\u00e7\u00f5es da Diren:<\/p>\n<ul>\n<li style=\"text-align: justify;\">Coordenar, organizar e supervisionar, juntamente com os Departamentos, NDEs e Setores, o trabalho dos cursos de gradua\u00e7\u00e3o;<\/li>\n<li style=\"text-align: justify;\">Orientar e acompanhar a formula\u00e7\u00e3o\/reformula\u00e7\u00e3o dos PPCs, atendendo \u00e0 legisla\u00e7\u00e3o vigente;<\/li>\n<li style=\"text-align: justify;\">Orientar sobre legisla\u00e7\u00e3o educacional, tr\u00e2mite interno e externo de projetos de curso;<\/li>\n<li style=\"text-align: justify;\">Acompanhar a tramita\u00e7\u00e3o externa dos processos de autoriza\u00e7\u00e3o, reconhecimento\/renova\u00e7\u00e3o de reconhecimento de cursos de gradua\u00e7\u00e3o junto \u00e0 Seti e CEE;<\/li>\n<li style=\"text-align: justify;\">Assessorar as visitas das Comiss\u00f5es Verificadoras nas avalia\u00e7\u00f5es <em>in loco<\/em>, em sintonia com a Diretoria de Avalia\u00e7\u00e3o Institucional, Dirai;<\/li>\n<li style=\"text-align: justify;\">Realizar estudos e eventos referentes ao ensino de gradua\u00e7\u00e3o;<\/li>\n<li style=\"text-align: justify;\">Acompanhar os dados sobre a evas\u00e3o nos cursos de gradua\u00e7\u00e3o presenciais;<\/li>\n<li style=\"text-align: justify;\">Administrar o seguro para cobertura dos alunos em atividades espec\u00edficas;<\/li>\n<li style=\"text-align: justify;\">Acompanhar a elabora\u00e7\u00e3o de PIADs e Planos de Ensino;<\/li>\n<li style=\"text-align: justify;\">Acompanhar as a\u00e7\u00f5es do F\u00f3rum das Licenciaturas;<\/li>\n<li style=\"text-align: justify;\">Acompanhar as a\u00e7\u00f5es do Programa ENTREDOCENTES.<\/li>\n<\/ul>\n<p>[\/vc_column_text][\/vc_tta_section][vc_tta_section i_type=&#8221;typicons&#8221; i_icon_typicons=&#8221;typcn typcn-media-record&#8221; add_icon=&#8221;true&#8221; title=&#8221;<font size=``2``><b>Diretoria Acad\u00eamica &#8211; Dirac<\/b><\/font>&#8221; tab_id=&#8221;1581000367336-8a84757f-5d11&#8243;][vc_column_text css_animation=&#8221;fadeIn&#8221;]<\/p>\n<p style=\"text-align: justify;\">A Dirac \u00e9 respons\u00e1vel por organizar e coordenar as atividades relacionadas \u00e0 vida acad\u00eamica dos alunos dos cursos de gradua\u00e7\u00e3o, desde a matr\u00edcula inicial at\u00e9 a expedi\u00e7\u00e3o do diploma.<\/p>\n<p style=\"text-align: justify;\">Setores vinculados \u00e0 Dirac:<\/p>\n<ul>\n<li style=\"text-align: justify;\">Divis\u00e3o de Apoio Acad\u00eamico &#8211; Diap\/Santa Cruz: respons\u00e1vel pelo controle acad\u00eamico do <em>Campus<\/em> Santa Cruz e <em>Campi<\/em> Avan\u00e7ados de Chopinzinho, Coronel Vivida, Laranjeiras do Sul, Nova Laranjeiras e Pitanga.<\/li>\n<li style=\"text-align: justify;\">Divis\u00e3o de Apoio Acad\u00eamico &#8211; Diap\/Cedeteg: respons\u00e1vel pelo controle acad\u00eamico do <em>Campus<\/em> Cedeteg.<\/li>\n<li style=\"text-align: justify;\">Divis\u00e3o de Apoio Acad\u00eamico &#8211; Diap\/Irati: respons\u00e1vel pelo controle acad\u00eamico do <em>Campus<\/em> Irati e <em>Campus<\/em> Avan\u00e7ado de Prudent\u00f3polis.<\/li>\n<li style=\"text-align: justify;\">Divis\u00e3o de Registro e Expedi\u00e7\u00e3o de Documentos &#8211; Didip: respons\u00e1vel pela expedi\u00e7\u00e3o e registro de diplomas de gradua\u00e7\u00e3o e de certificados da \u00e1rea de ensino.<\/li>\n<li>N\u00facleo de Registro de Diplomas &#8211; Nuredi: respons\u00e1vel pelo registro de diplomas das faculdades conveniadas.<\/li>\n<\/ul>\n<p>[\/vc_column_text][\/vc_tta_section][vc_tta_section i_type=&#8221;typicons&#8221; i_icon_typicons=&#8221;typcn typcn-media-record&#8221; add_icon=&#8221;true&#8221; title=&#8221;<font size=``2``><b>Diretoria de Programas e Projetos &#8211; Dirprop<\/b><\/font>&#8221; tab_id=&#8221;1581000427108-1759e393-9605&#8243;][vc_column_text css_animation=&#8221;fadeIn&#8221;]<\/p>\n<p style=\"text-align: justify;\">A Dirprop \u00e9 respons\u00e1vel pelo acompanhamento, coordena\u00e7\u00e3o e execu\u00e7\u00e3o de Programas e Projetos Institucionais de ensino voltados aos acad\u00eamicos de gradua\u00e7\u00e3o.<\/p>\n<p style=\"text-align: justify;\">S\u00e3o atribui\u00e7\u00f5es da Dirprop:<\/p>\n<ul>\n<li style=\"text-align: justify;\">Coordenar as atividades relacionadas \u00e0 operacionaliza\u00e7\u00e3o dos Programas de Monitoria, de Tutoria, de Est\u00e1gio Pedag\u00f3gico Volunt\u00e1rio, EPV, e do Programa de acesso \u00e0 educa\u00e7\u00e3o superior para refugiados, em cursos de gradua\u00e7\u00e3o presenciais da Unicentro;<\/li>\n<li>Coordenar as atividades relacionadas \u00e0 operacionaliza\u00e7\u00e3o, no \u00e2mbito da Unicentro, do Programa de Educa\u00e7\u00e3o Tutorial, PET;<\/li>\n<li style=\"text-align: justify;\">Acompanhar as a\u00e7\u00f5es do Programa Institucional de Bolsa de Inicia\u00e7\u00e3o \u00e0 Doc\u00eancia, PIBID, e do Programa de Resid\u00eancia Pedag\u00f3gica;<\/li>\n<li style=\"text-align: justify;\">Participar do Comit\u00ea Gestor de Educa\u00e7\u00e3o Ambiental e do Comit\u00ea referente ao Pacto Universit\u00e1rio pela Promo\u00e7\u00e3o do Respeito \u00e0 Diversidade, Cultura da Paz e Direitos Humanos (parceria do MEC com a Secretaria Especial de Direitos Humanos).<\/li>\n<\/ul>\n<p>[\/vc_column_text][\/vc_tta_section][\/vc_tta_tabs][\/vc_column][\/vc_row]<\/p>\n<\/div>","protected":false},"excerpt":{"rendered":"<p>[vc_row][vc_column][vc_tta_tabs active_section=&#8221;1&#8243;][vc_tta_section i_type=&#8221;typicons&#8221; i_icon_typicons=&#8221;typcn typcn-media-record&#8221; add_icon=&#8221;true&#8221; title=&#8221;Pr\u00f3-Reitoria de Ensino &#8211; Proen&#8221; tab_id=&#8221;1581000359086-7d33e39a-976e&#8221;][vc_column_text css_animation=&#8221;fadeIn&#8221;] A Pr\u00f3-Reitoria de Ensino (Proen) \u00e9 vinculada administrativamente \u00e0 Reitoria e respons\u00e1vel por planejar, coordenar, executar, orientar e controlar as atividades relativas ao ensino no \u00e2mbito dos cursos de gradua\u00e7\u00e3o presenciais e a dist\u00e2ncia. Sua estrutura organizacional conta com tr\u00eas diretorias:\u00a0 Diretoria [&hellip;]<\/p>\n","protected":false},"author":3,"featured_media":0,"parent":28,"menu_order":0,"comment_status":"closed","ping_status":"closed","template":"","meta":{"_exactmetrics_skip_tracking":false,"_exactmetrics_sitenote_active":false,"_exactmetrics_sitenote_note":"","_exactmetrics_sitenote_category":0,"footnotes":"","_links_to":"","_links_to_target":""},"class_list":["post-26","page","type-page","status-publish","hentry"],"_links":{"self":[{"href":"https:\/\/www3.unicentro.br\/proen\/wp-json\/wp\/v2\/pages\/26","targetHints":{"allow":["GET"]}}],"collection":[{"href":"https:\/\/www3.unicentro.br\/proen\/wp-json\/wp\/v2\/pages"}],"about":[{"href":"https:\/\/www3.unicentro.br\/proen\/wp-json\/wp\/v2\/types\/page"}],"author":[{"embeddable":true,"href":"https:\/\/www3.unicentro.br\/proen\/wp-json\/wp\/v2\/users\/3"}],"replies":[{"embeddable":true,"href":"https:\/\/www3.unicentro.br\/proen\/wp-json\/wp\/v2\/comments?post=26"}],"version-history":[{"count":0,"href":"https:\/\/www3.unicentro.br\/proen\/wp-json\/wp\/v2\/pages\/26\/revisions"}],"up":[{"embeddable":true,"href":"https:\/\/www3.unicentro.br\/proen\/wp-json\/wp\/v2\/pages\/28"}],"wp:attachment":[{"href":"https:\/\/www3.unicentro.br\/proen\/wp-json\/wp\/v2\/media?parent=26"}],"curies":[{"name":"wp","href":"https:\/\/api.w.org\/{rel}","templated":true}]}}