{"id":240,"date":"2018-08-29T15:28:12","date_gmt":"2018-08-29T18:28:12","guid":{"rendered":"https:\/\/www3.unicentro.br\/proen\/?page_id=240"},"modified":"2022-10-21T09:09:44","modified_gmt":"2022-10-21T12:09:44","slug":"informacoes-academicas","status":"publish","type":"page","link":"https:\/\/www3.unicentro.br\/proen\/informacoes-academicas\/","title":{"rendered":"Informa\u00e7\u00f5es Acad\u00eamicas &#8211; Cursos presenciais"},"content":{"rendered":"<div class=\"wpb-content-wrapper\"><p>[vc_row][vc_column][vc_message message_box_color=&#8221;alert-info&#8221;]<\/p>\n<p style=\"text-align: justify;\"><strong>Prezado(a) Acad\u00eamico(a),<\/strong><br \/>\nA gest\u00e3o dos processos pedag\u00f3gicos da Universidade se faz, fundamentalmente, pela Pr\u00f3-Reitoria de Ensino, pelos Setores de Conhecimento e pelos Departamentos Pedag\u00f3gicos.<\/p>\n<p style=\"text-align: justify;\">A Chefia de Departamento Pedag\u00f3gico \u00e9 a principal liga\u00e7\u00e3o entre os alunos e o curso. Por isso, \u00e9 de suma import\u00e2ncia que voc\u00ea conhe\u00e7a a Chefia do Departamento e esteja sempre em contato com ela para buscar informa\u00e7\u00f5es, sanar d\u00favidas e solucionar problemas relacionados ao seu dia a dia no curso.<\/p>\n<p style=\"text-align: justify;\">Cabe \u00e0 Chefia de Departamento articular-se com o Setor respectivo e este, por sua vez, articular-se com a Pr\u00f3-Reitoria de Ensino e com os Conselhos Superiores da Universidade.<\/p>\n<p style=\"text-align: justify;\">Busque junto \u00e0 Chefia do Departamento que abriga o seu curso mais informa\u00e7\u00f5es sobre a hierarquia e o funcionamento institucionais, de forma a aproveitar melhor a sua vida na Universidade.<\/p>\n<p>[\/vc_message][vc_tta_accordion style=&#8221;flat&#8221; shape=&#8221;square&#8221; spacing=&#8221;2&#8243; active_section=&#8221;100&#8243; collapsible_all=&#8221;true&#8221;][vc_tta_section title=&#8221;Registro Acad\u00eamico&#8221; tab_id=&#8221;1535566298274-1da3472c-4f79&#8243;][vc_column_text]<\/p>\n<p style=\"text-align: justify;\">\u00c9 o ato que vincula oficialmente o aluno \u00e0 Universidade, mediante entrega da documenta\u00e7\u00e3o necess\u00e1ria para realiza\u00e7\u00e3o da matr\u00edcula inicial em curso de gradua\u00e7\u00e3o, ap\u00f3s convoca\u00e7\u00e3o em processo de sele\u00e7\u00e3o. O RA \u00e9 representado por um n\u00famero gerado pelo sistema de controle acad\u00eamico, por meio do qual o aluno \u00e9 identificado na Institui\u00e7\u00e3o.<\/p>\n<p>[\/vc_column_text][\/vc_tta_section][vc_tta_section title=&#8221;Matr\u00edcula&#8221; tab_id=&#8221;1543425590993-e33d49bc-211d&#8221;][vc_column_text]<\/p>\n<p style=\"text-align: justify;\" align=\"justify\">\u00c9 o ato que vincula o aluno ao curso e a cada ano ou semestre letivo deve ser renovada, dentro do prazo fixado no Calend\u00e1rio Universit\u00e1rio.<\/p>\n<p>[\/vc_column_text][\/vc_tta_section][vc_tta_section title=&#8221;Matr\u00edcula fora de prazo&#8221; tab_id=&#8221;1535566576854-ea5a9a1e-c2ac&#8221;][vc_column_text]<\/p>\n<p style=\"text-align: justify;\" align=\"justify\">No prazo m\u00e1ximo de quinze dias ap\u00f3s o in\u00edcio das aulas, \u00e9 facultado ao aluno que n\u00e3o renovou matr\u00edcula dentro do per\u00edodo estabelecido no Calend\u00e1rio Universit\u00e1rio, requerer no protocolo mediante pagamento de taxa fixada pelo Conselho de Administra\u00e7\u00e3o, CAD, matr\u00edcula fora de prazo.<\/p>\n<p>[\/vc_column_text][\/vc_tta_section][vc_tta_section title=&#8221;S\u00e9rie de enquadramento&#8221; tab_id=&#8221;1543425635145-43a4645d-0ab7&#8243;][vc_column_text]<\/p>\n<p style=\"text-align: justify;\" align=\"justify\">\u00c9 aquela para a qual o aluno avan\u00e7a, caso tenha sido aprovado em, no m\u00ednimo, cinquenta por cento do n\u00famero de disciplinas da s\u00e9rie anterior.<\/p>\n<p style=\"text-align: justify;\" align=\"justify\">Na renova\u00e7\u00e3o de matr\u00edcula, devem ser observados os seguintes crit\u00e9rios:<\/p>\n<p style=\"text-align: justify;\" align=\"justify\">I \u2013 aluno aprovado em todas as disciplinas das s\u00e9ries anteriores, deve efetuar matr\u00edcula na s\u00e9rie subsequente;<\/p>\n<p style=\"text-align: justify;\" align=\"justify\">II \u2013 aluno aprovado em, no m\u00ednimo, cinquenta por cento do n\u00famero de disciplinas da s\u00e9rie em que estiver enquadrado, avan\u00e7a para a s\u00e9rie subsequente, sendo, por\u00e9m, obrigat\u00f3ria a matr\u00edcula nas depend\u00eancias, respeitada a ordem de seria\u00e7\u00e3o;<\/p>\n<p style=\"text-align: justify;\" align=\"justify\">III \u2013 aluno que deixou de cumprir mais de cinquenta por cento do n\u00famero de disciplinas da s\u00e9rie em que est\u00e1 enquadrado, n\u00e3o avan\u00e7a de s\u00e9rie, devendo, obrigatoriamente, matricular-se em eventuais depend\u00eancias de s\u00e9ries anteriores, respeitada a ordem de seria\u00e7\u00e3o, conciliando-as com as disciplinas da s\u00e9rie em que permaneceu enquadrado.<\/p>\n<p>[\/vc_column_text][\/vc_tta_section][vc_tta_section title=&#8221;Matr\u00edcula em disciplina extracurricular&#8221; tab_id=&#8221;1535566755388-e0ee1401-8a09&#8243;][vc_column_text]<\/p>\n<p style=\"text-align: justify;\" align=\"justify\">Ao aluno regularmente matriculado \u00e9 permitida matr\u00edcula em outros cursos de gradua\u00e7\u00e3o ofertados na UNICENTRO, para fins de enriquecimento curricular, mediante requerimento protocolado dentro do prazo estabelecido no Calend\u00e1rio Universit\u00e1rio.<\/p>\n<p>[\/vc_column_text][\/vc_tta_section][vc_tta_section title=&#8221;Matr\u00edcula em disciplina isolada&#8221; tab_id=&#8221;1535566666620-8747813b-6ad9&#8243;][vc_column_text]<\/p>\n<p style=\"text-align: justify;\">A matr\u00edcula de alunos n\u00e3o-regulares em disciplinas de cursos de gradua\u00e7\u00e3o \u00e9 permitida a portadores de diploma de curso superior, mediante exist\u00eancia de vaga, no limite m\u00e1ximo de tr\u00eas disciplinas por per\u00edodo letivo.<\/p>\n<p>[\/vc_column_text][\/vc_tta_section][vc_tta_section title=&#8221;Trancamento de matr\u00edcula&#8221; tab_id=&#8221;1535566773530-46b93445-71c4&#8243;][vc_column_text]<\/p>\n<p style=\"text-align: justify;\">\u00c9 a interrup\u00e7\u00e3o das atividades acad\u00eamicas em todas as disciplinas em que o aluno estiver matriculado, que deve ser requerida pelo interessado no protocolo, antes do encerramento do per\u00edodo letivo. A matr\u00edcula pode ser trancada por um semestre ou ano letivo inteiro, de acordo com o regime de oferta do curso. O per\u00edodo m\u00e1ximo de trancamento \u00e9 de dois anos ou quatro semestres, consecutivos ou alternados, de acordo com o regime de oferta do curso. N\u00e3o \u00e9 permitido trancamento de matr\u00edcula ao aluno enquadrado na 1\u00aa s\u00e9rie, exceto por motivo de presta\u00e7\u00e3o de Servi\u00e7o Militar Obrigat\u00f3rio ou por motivo de sa\u00fade, devidamente comprovado em ambos os casos. Para retornar ao curso, o aluno deve protocolizar pedido de reabertura de matr\u00edcula dentro do prazo previsto no Calend\u00e1rio Universit\u00e1rio.<\/p>\n<p>[\/vc_column_text][\/vc_tta_section][vc_tta_section title=&#8221;Cancelamento do registro acad\u00eamico&#8221; tab_id=&#8221;1535566795516-04863f39-20c0&#8243;][vc_column_text]<\/p>\n<p align=\"justify\">\u00c9 o ato pelo qual o aluno perde o v\u00ednculo com a Universidade e ocorre nas seguintes situa\u00e7\u00f5es:<\/p>\n<p align=\"justify\">I &#8211; por iniciativa do aluno, mediante requerimento;<\/p>\n<p align=\"justify\">II &#8211; por iniciativa da UNICENTRO, nos seguintes casos:<\/p>\n<p align=\"justify\">a) por decurso de prazo na integraliza\u00e7\u00e3o do curso;<\/p>\n<p align=\"justify\">b) em raz\u00e3o de n\u00e3o renova\u00e7\u00e3o de matr\u00edcula dentro dos prazos regulamentados;<\/p>\n<p align=\"justify\">c) por desligamento, ap\u00f3s processo administrativo disciplinar em que o aluno tenha sido apenado;<\/p>\n<p align=\"justify\">d) quando constatado que o mesmo aluno est\u00e1 ocupando duas vagas em institui\u00e7\u00f5es p\u00fablicas de ensino e n\u00e3o fizer op\u00e7\u00e3o por uma das vagas;<\/p>\n<p align=\"justify\">e) se constatada, a qualquer tempo, irregularidade na documenta\u00e7\u00e3o apresentada na matr\u00edcula inicial.<\/p>\n<p>[\/vc_column_text][\/vc_tta_section][vc_tta_section title=&#8221;Reingresso no curso&#8221; tab_id=&#8221;1535566597610-a653f754-3d28&#8243;][vc_column_text]<\/p>\n<p style=\"text-align: justify;\" align=\"justify\">Pode reingressar no curso o aluno que teve o registro acad\u00eamico cancelado em raz\u00e3o de n\u00e3o renova\u00e7\u00e3o de matr\u00edcula, desde que tenha sido aprovado na primeira s\u00e9rie e que:<\/p>\n<p style=\"text-align: justify;\" align=\"justify\">I \u2013 o reingresso seja requerido dentro do prazo estabelecido no Calend\u00e1rio Universit\u00e1rio;<\/p>\n<p style=\"text-align: justify;\" align=\"justify\">II \u2013 n\u00e3o tenha esgotado o prazo m\u00e1ximo para integraliza\u00e7\u00e3o curricular do curso.<\/p>\n<p>[\/vc_column_text][\/vc_tta_section][vc_tta_section title=&#8221;Aproveitamento de estudos&#8221; tab_id=&#8221;1543426136709-f779197f-99e3&#8243;][vc_column_text]<\/p>\n<p style=\"text-align: justify;\" align=\"justify\">\u00c9 o reconhecimento da equival\u00eancia de disciplinas cursadas em institui\u00e7\u00e3o de ensino superior autorizada ou credenciada, com disciplina do curr\u00edculo do curso do aluno, que possibilita a dispensa de seu cumprimento. O aluno interessado em obter aproveitamento de estudos deve protocolizar requerimento mediante apresenta\u00e7\u00e3o dos seguintes documentos:<\/p>\n<p style=\"text-align: justify;\" align=\"justify\">I \u2013 hist\u00f3rico escolar, contendo carga hor\u00e1ria, notas obtidas e per\u00edodo de realiza\u00e7\u00e3o;<\/p>\n<p style=\"text-align: justify;\" align=\"justify\">II \u2013 planos de ensino das disciplinas que pretende aproveitar, expedidos pela institui\u00e7\u00e3o de origem;<\/p>\n<p style=\"text-align: justify;\" align=\"justify\">III \u2013 c\u00f3pia do decreto de autoriza\u00e7\u00e3o ou de reconhecimento do curso, caso n\u00e3o seja informado no hist\u00f3rico escolar.<\/p>\n<p align=\"justify\">O aluno que pretende obter aproveitamento de disciplinas cursadas na UNICENTRO a partir de 2011, \u00e9 liberado de apresentar os planos de ensino.<\/p>\n<p>[\/vc_column_text][\/vc_tta_section][vc_tta_section title=&#8221;Ocupa\u00e7\u00e3o de vagas ociosas&#8221; tab_id=&#8221;1543426177597-8030aa94-be1f&#8221;][vc_column_text]<\/p>\n<p style=\"text-align: justify;\" align=\"justify\">As vagas ociosas decorrentes de transfer\u00eancia, cancelamento ou desist\u00eancia s\u00e3o ofertadas anualmente mediante editais espec\u00edficos, obedecendo a seguinte ordem de prioridade:<\/p>\n<p style=\"text-align: justify;\" align=\"justify\">I \u2013 transfer\u00eancia interna de turno e\/ou local de funcionamento de curso: destinada a alunos da UNICENTRO que visam prosseguir estudos no mesmo curso;<\/p>\n<p style=\"text-align: justify;\" align=\"justify\">II \u2013 transfer\u00eancia interna de curso: destinada a alunos da UNICENTRO que visam transfer\u00eancia para curso de \u00e1rea afim;<\/p>\n<p style=\"text-align: justify;\" align=\"justify\">III \u2013 transfer\u00eancia externa: destinada a alunos de outras institui\u00e7\u00f5es de Ensino Superior que visam transfer\u00eancia para o mesmo curso ou curso de \u00e1rea afim;<\/p>\n<p style=\"text-align: justify;\" align=\"justify\">IV \u2013 obten\u00e7\u00e3o de novo t\u00edtulo: destinada a portadores de diploma de curso superior que pretendem ingressar em novo curso de gradua\u00e7\u00e3o.<\/p>\n<p align=\"justify\"><a href=\"https:\/\/www3.unicentro.br\/transferencias\/\"><strong>Clique aqui<\/strong><\/a> para mais informa\u00e7\u00f5es sobre transfer\u00eancias na UNICENTRO.<\/p>\n<p>[\/vc_column_text][\/vc_tta_section][vc_tta_section title=&#8221;Avalia\u00e7\u00e3o dos alunos&#8221; tab_id=&#8221;1543426304554-fea39c03-4718&#8243;][vc_column_text]<\/p>\n<p style=\"text-align: justify;\" align=\"justify\">A forma de avalia\u00e7\u00e3o dos alunos \u00e9 definida no plano de ensino de cada disciplina. O plano de ensino deve contemplar pelo menos um instrumento de avalia\u00e7\u00e3o em cada semestre, compreendendo os aspectos te\u00f3ricos e\/ou pr\u00e1ticos da disciplina. As datas das avalia\u00e7\u00f5es s\u00e3o determinadas pelo professor respons\u00e1vel pela disciplina, respeitados os hor\u00e1rios normais das aulas. \u00c9 dever do professor dar acesso aos alunos, no prazo de at\u00e9 30 dias da realiza\u00e7\u00e3o da avalia\u00e7\u00e3o, o instrumento de avalia\u00e7\u00e3o corrigido, para confer\u00eancia e apontamento dos erros. Para avalia\u00e7\u00f5es aplicadas no final do per\u00edodo letivo, o professor tem at\u00e9 o \u00faltimo dia letivo para apresentar o instrumento de avalia\u00e7\u00e3o devidamente corrigido aos alunos.<\/p>\n<p>[\/vc_column_text][\/vc_tta_section][vc_tta_section title=&#8221;Verifica\u00e7\u00e3o do rendimento escolar&#8221; tab_id=&#8221;1535566852112-bc68873f-0827&#8243;][vc_column_text]<\/p>\n<p style=\"text-align: justify;\">O aluno deve conhecer as normas e os crit\u00e9rios de avalia\u00e7\u00e3o das disciplinas no in\u00edcio do per\u00edodo letivo, bem como os conte\u00fados program\u00e1ticos a serem desenvolvidos pelo professor. A avalia\u00e7\u00e3o da aprendizagem, durante o per\u00edodo letivo, \u00e9 realizada pelo professor, ficando a seu crit\u00e9rio a fixa\u00e7\u00e3o de datas, a quantidade de instrumentos avaliativos e o tipo de avalia\u00e7\u00e3o. O aluno estar\u00e1 aprovado se alcan\u00e7ar a m\u00e9dia igual ou superior a 7,0 e frequ\u00eancia igual ou superior a 75%.<\/p>\n<p>[\/vc_column_text][\/vc_tta_section][vc_tta_section title=&#8221;Prova em \u00e9poca especial&#8221; tab_id=&#8221;1535566936176-f400282f-b9d0&#8243;][vc_column_text]<\/p>\n<p style=\"text-align: justify;\">O aluno que n\u00e3o comparecer na data estabelecida para avalia\u00e7\u00e3o da disciplina, por motivo justificado, pode requerer prova em \u00e9poca especial no prazo de tr\u00eas dias \u00fateis subsequentes \u00e0 data de realiza\u00e7\u00e3o da avalia\u00e7\u00e3o.<\/p>\n<p>[\/vc_column_text][\/vc_tta_section][vc_tta_section title=&#8221;Revis\u00e3o de avalia\u00e7\u00e3o escrita&#8221; tab_id=&#8221;1535566974953-5ee6ac9b-54c7&#8243;][vc_column_text]<\/p>\n<p style=\"text-align: justify;\">\u00c9 assegurado ao aluno o direito \u00e0 revis\u00e3o de avalia\u00e7\u00f5es escritas, desde que requeridas em at\u00e9 dois dias \u00fateis contados a partir da data em que o aluno teve acesso \u00e0 avalia\u00e7\u00e3o corrigida.<\/p>\n<p>[\/vc_column_text][\/vc_tta_section][vc_tta_section title=&#8221;Divulga\u00e7\u00e3o de notas e frequ\u00eancia&#8221; tab_id=&#8221;1543426452875-ed70e3e8-788b&#8221;][vc_column_text]<\/p>\n<p style=\"text-align: justify;\">A divulga\u00e7\u00e3o de notas e frequ\u00eancia pelos professores \u00e9 feita por meio eletr\u00f4nico, no Aluno Online, de acordo com os prazos estabelecidos no Calend\u00e1rio Universit\u00e1rio.<\/p>\n<p>[\/vc_column_text][\/vc_tta_section][vc_tta_section title=&#8221;Plano de reposi\u00e7\u00e3o de conte\u00fados&#8221; tab_id=&#8221;1543426488858-99ecf47f-95a0&#8243;][vc_column_text]<\/p>\n<p style=\"text-align: justify;\">Quando da realiza\u00e7\u00e3o ou renova\u00e7\u00e3o de matr\u00edcula ap\u00f3s o in\u00edcio do per\u00edodo letivo, em qualquer situa\u00e7\u00e3o devidamente autorizada, o aluno pode requerer um plano de reposi\u00e7\u00e3o no prazo m\u00e1ximo de cinco dias \u00fateis da data de realiza\u00e7\u00e3o da matr\u00edcula. Caso o aluno n\u00e3o solicite ou n\u00e3o cumpra o plano elaborado pelo professor, o per\u00edodo de aus\u00eancia antes da matr\u00edcula \u00e9 equiparado \u00e0 falta.<\/p>\n<p>[\/vc_column_text][\/vc_tta_section][vc_tta_section title=&#8221;Exame de sufici\u00eancia&#8221; tab_id=&#8221;1535567156401-a1a1b084-cb2e&#8221;][vc_column_text]<\/p>\n<p style=\"text-align: justify;\" align=\"justify\">Possibilita ao aluno que demonstre extraordin\u00e1rio aproveitamento nos estudos, oportunidade de obter dispensa de cursar regularmente disciplina em que obtiver aprova\u00e7\u00e3o e, assim, abreviar a dura\u00e7\u00e3o do curso. A inscri\u00e7\u00e3o para realiza\u00e7\u00e3o de exame de sufici\u00eancia deve ser feita via Protocolo, dentro do prazo estabelecido no Calend\u00e1rio Universit\u00e1rio. Os requisitos para requerer exame de sufici\u00eancia s\u00e3o:<\/p>\n<p style=\"text-align: justify;\" align=\"justify\">I \u2013 n\u00e3o estar reprovado na disciplina para a qual est\u00e1 solicitando o exame;<\/p>\n<p style=\"text-align: justify;\" align=\"justify\">II \u2013 n\u00e3o estar com a matr\u00edcula trancada em seu curso.<\/p>\n<p>[\/vc_column_text][\/vc_tta_section][vc_tta_section title=&#8221;Regime de exerc\u00edcios domiciliares&#8221; tab_id=&#8221;1535567043643-25ff86a7-4c71&#8243;][vc_column_text]<\/p>\n<p style=\"text-align: justify;\" align=\"justify\">Consiste na atribui\u00e7\u00e3o de atividades prescritas pelo professor da disciplina, a serem realizadas fora do \u00e2mbito da Universidade como compensa\u00e7\u00e3o de aus\u00eancia \u00e0s aulas, que pode ser concedido ao aluno que necessite de afastamento por um per\u00edodo m\u00ednimo de quinze e m\u00e1ximo de noventa dias, que se encontre em uma das seguintes situa\u00e7\u00f5es:<\/p>\n<p style=\"text-align: justify;\" align=\"justify\">I \u2013 alunos portadores de enfermidades incompat\u00edveis com a frequ\u00eancia \u00e0s atividades escolares, desde que se verifique a conserva\u00e7\u00e3o das condi\u00e7\u00f5es intelectuais e emocionais para prosseguimento dos estudos;<\/p>\n<p align=\"justify\">III \u2013 portadores de doen\u00e7a infectocontagiosa, mediante an\u00e1lise de atestado m\u00e9dico e parecer favor\u00e1vel emitido pelo Programa de Assist\u00eancia \u00e0 Sa\u00fade da UNICENTRO.<\/p>\n<p style=\"text-align: justify;\" align=\"justify\">II \u2013 aluna em estado de gesta\u00e7\u00e3o, a partir do 8\u00ba m\u00eas.<\/p>\n<p>[\/vc_column_text][\/vc_tta_section][vc_tta_section title=&#8221;Justificativa de faltas&#8221; tab_id=&#8221;1535567081720-4dda57a4-5346&#8243;][vc_column_text]<\/p>\n<p style=\"text-align: justify;\" align=\"justify\">O aluno matriculado em curso de gradua\u00e7\u00e3o presencial tem suas faltas justificadas quando se enquadrar nas seguintes situa\u00e7\u00f5es:<\/p>\n<p style=\"text-align: justify;\" align=\"justify\">I \u2013 matriculado em \u00d3rg\u00e3o de Forma\u00e7\u00e3o de Reserva que seja obrigado a faltar aulas por for\u00e7a de exerc\u00edcio ou manobra, ou reservista que seja chamado para fins de exerc\u00edcio de apresenta\u00e7\u00e3o das reservas ou cerim\u00f4nia c\u00edvica do dia do Reservista;<\/p>\n<p style=\"text-align: justify;\" align=\"justify\">II \u2013 pertencente ao corpo de aspirantes a oficial ou oficial de reserva, quando convocado para servi\u00e7o ativo, em caso de exerc\u00edcios b\u00e9licos ou manobras;<\/p>\n<p style=\"text-align: justify;\" align=\"justify\">III \u2013 policial militar, policial rodovi\u00e1rio e bombeiro matriculados em \u00f3rg\u00e3o de forma\u00e7\u00e3o ou enquanto estiverem participando de opera\u00e7\u00f5es eventuais de seguran\u00e7a extrema, de atendimento de sinistro grave ou de salvamento de vidas;<\/p>\n<p style=\"text-align: justify;\" align=\"justify\">IV \u2013 convocados pelo TRE para reuni\u00e3o de orienta\u00e7\u00f5es para composi\u00e7\u00e3o de mesas receptoras de votos, ou para tarefas correlatas concernentes \u00e0s elei\u00e7\u00f5es majorit\u00e1rias;<\/p>\n<p style=\"text-align: justify;\" align=\"justify\">V \u2013 por motivo de atendimento \u00e0 convoca\u00e7\u00e3o judicial;<\/p>\n<p style=\"text-align: justify;\" align=\"justify\">VI \u2013 aluno integrante de representa\u00e7\u00e3o desportiva nacional;<\/p>\n<p style=\"text-align: justify;\" align=\"justify\">VII \u2013 aluno participante de competi\u00e7\u00f5es desportivas ou art\u00edsticas oficiais, ou de congressos cient\u00edficos, representando a UNICENTRO na condi\u00e7\u00e3o de apresentador de trabalho ou palestrante;<\/p>\n<p style=\"text-align: justify;\" align=\"justify\">VIII \u2013 aluno que por motivo de consci\u00eancia religiosa, tenha que se abster de frequentar as aulas em determinado dia da semana;<\/p>\n<p style=\"text-align: justify;\" align=\"justify\">IX \u2013 aluno empossado na condi\u00e7\u00e3o de membro dos Conselhos da Administra\u00e7\u00e3o Superior, Intermedi\u00e1ria e B\u00e1sica, quando da participa\u00e7\u00e3o em reuni\u00f5es oficialmente convocadas.<\/p>\n<p>[\/vc_column_text][\/vc_tta_section][vc_tta_section title=&#8221;Prazo para conclus\u00e3o do curso&#8221; tab_id=&#8221;1535567120543-fca6b9bf-4696&#8243;][vc_column_text]<\/p>\n<p style=\"text-align: justify;\">Os prazos m\u00ednimos e m\u00e1ximos para a conclus\u00e3o do curso s\u00e3o definidos no respectivo projeto pedag\u00f3gico. O aluno que n\u00e3o concluir o curso no prazo m\u00e1ximo estabelecido pode renovar matr\u00edcula no per\u00edodo letivo seguinte desde que seja aprovado no vestibular para o mesmo curso, turno e local de funcionamento, independentemente da ordem de classifica\u00e7\u00e3o.<\/p>\n<p>[\/vc_column_text][\/vc_tta_section][vc_tta_section title=&#8221;Conclus\u00e3o do curso&#8221; tab_id=&#8221;1543426687362-d8904321-5776&#8243;][vc_column_text]<\/p>\n<p style=\"text-align: justify;\">Ocorre com a integraliza\u00e7\u00e3o curricular, ou seja, com o cumprimento de todos os componentes curriculares previstos no projeto pedag\u00f3gico do curso, bem como com a regularidade do aluno junto ao Exame Nacional de Desempenho dos Estudantes, ENADE.<br \/>\nAo concluir o curso o aluno passa \u00e0 condi\u00e7\u00e3o de formando, sendo obrigat\u00f3ria a cola\u00e7\u00e3o de grau para obten\u00e7\u00e3o do t\u00edtulo de gradua\u00e7\u00e3o e recebimento do diploma.[\/vc_column_text][\/vc_tta_section][\/vc_tta_accordion][\/vc_column][\/vc_row][vc_row][vc_column width=&#8221;1\/2&#8243;][vc_btn title=&#8221;Acesse aqui o Regulamento das Normas Acad\u00eamicas para os Cursos de Gradua\u00e7\u00e3o Presenciais da UNICENTRO&#8221; style=&#8221;custom&#8221; custom_background=&#8221;#d31b1b&#8221; custom_text=&#8221;#ffffff&#8221; css_animation=&#8221;appear&#8221; link=&#8221;url:https%3A%2F%2Fsgu.unicentro.br%2Fpcatooficiais%2Fimprimir%2F0EF9D498|title:RESOLU%C3%87%C3%83O%20N%C2%BA%2026-CEPE%2FUNICENTRO%2C%20DE%2028%20DE%20SETEMBRO%20DE%202018|target:_blank&#8221;][\/vc_column][vc_column width=&#8221;1\/2&#8243;][vc_btn title=&#8221;Acesse aqui o Regulamento do processo de transfer\u00eancia externa para os Cursos de Gradua\u00e7\u00e3o Presenciais da UNICENTRO&#8221; style=&#8221;custom&#8221; custom_background=&#8221;#d31b1b&#8221; custom_text=&#8221;#ffffff&#8221; align=&#8221;center&#8221; css_animation=&#8221;appear&#8221; button_block=&#8221;true&#8221; link=&#8221;url:https%3A%2F%2Fsgu.unicentro.br%2Fpcatooficiais%2Fimprimir%2FC170A9EE|title:RESOLU%C3%87%C3%83O%20N%C2%BA%205-CEPE%2FUNICENTRO%2C%20DE%2027%20DE%20ABRIL%20DE%202021|target:_blank&#8221;][\/vc_column][\/vc_row][vc_row][vc_column][\/vc_column][\/vc_row]<\/p>\n<\/div>","protected":false},"excerpt":{"rendered":"<p>[vc_row][vc_column][vc_message message_box_color=&#8221;alert-info&#8221;] Prezado(a) Acad\u00eamico(a), A gest\u00e3o dos processos pedag\u00f3gicos da Universidade se faz, fundamentalmente, pela Pr\u00f3-Reitoria de Ensino, pelos Setores de Conhecimento e pelos Departamentos Pedag\u00f3gicos. A Chefia de Departamento Pedag\u00f3gico \u00e9 a principal liga\u00e7\u00e3o entre os alunos e o curso. Por isso, \u00e9 de suma import\u00e2ncia que voc\u00ea conhe\u00e7a a Chefia do Departamento e [&hellip;]<\/p>\n","protected":false},"author":3,"featured_media":0,"parent":0,"menu_order":0,"comment_status":"closed","ping_status":"closed","template":"","meta":{"_exactmetrics_skip_tracking":false,"_exactmetrics_sitenote_active":false,"_exactmetrics_sitenote_note":"","_exactmetrics_sitenote_category":0,"footnotes":"","_links_to":"","_links_to_target":""},"class_list":["post-240","page","type-page","status-publish","hentry"],"_links":{"self":[{"href":"https:\/\/www3.unicentro.br\/proen\/wp-json\/wp\/v2\/pages\/240","targetHints":{"allow":["GET"]}}],"collection":[{"href":"https:\/\/www3.unicentro.br\/proen\/wp-json\/wp\/v2\/pages"}],"about":[{"href":"https:\/\/www3.unicentro.br\/proen\/wp-json\/wp\/v2\/types\/page"}],"author":[{"embeddable":true,"href":"https:\/\/www3.unicentro.br\/proen\/wp-json\/wp\/v2\/users\/3"}],"replies":[{"embeddable":true,"href":"https:\/\/www3.unicentro.br\/proen\/wp-json\/wp\/v2\/comments?post=240"}],"version-history":[{"count":0,"href":"https:\/\/www3.unicentro.br\/proen\/wp-json\/wp\/v2\/pages\/240\/revisions"}],"wp:attachment":[{"href":"https:\/\/www3.unicentro.br\/proen\/wp-json\/wp\/v2\/media?parent=240"}],"curies":[{"name":"wp","href":"https:\/\/api.w.org\/{rel}","templated":true}]}}