{"id":2034,"date":"2019-09-06T17:21:56","date_gmt":"2019-09-06T20:21:56","guid":{"rendered":"https:\/\/www3.unicentro.br\/proen\/?page_id=2034"},"modified":"2026-03-05T13:59:59","modified_gmt":"2026-03-05T16:59:59","slug":"formularios-diretoria-academica","status":"publish","type":"page","link":"https:\/\/www3.unicentro.br\/proen\/formularios-diretoria-academica\/","title":{"rendered":"Formul\u00e1rios &#8211; Diretoria Acad\u00eamica"},"content":{"rendered":"<div class=\"wpb-content-wrapper\"><p>[vc_row][vc_column][vc_btn title=&#8221;Formul\u00e1rio para Renova\u00e7\u00e3o de Matr\u00edcula&#8221; color=&#8221;pink&#8221; size=&#8221;lg&#8221; align=&#8221;center&#8221; i_icon_fontawesome=&#8221;&#8221; css_animation=&#8221;fadeIn&#8221; css=&#8221;&#8221; button_block=&#8221;true&#8221; add_icon=&#8221;true&#8221; link=&#8221;url:https%3A%2F%2Fwww3.unicentro.br%2Fproen%2Fwp-content%2Fuploads%2Fsites%2F41%2F2025%2F02%2FMODELO-RENOVACAO-DE-MATRICULA.pdf|target:_blank&#8221;][vc_btn title=&#8221;Formul\u00e1rio para Aproveitamento de Estudos&#8221; color=&#8221;primary&#8221; size=&#8221;lg&#8221; align=&#8221;center&#8221; i_icon_fontawesome=&#8221;&#8221; css_animation=&#8221;fadeIn&#8221; button_block=&#8221;true&#8221; add_icon=&#8221;true&#8221; link=&#8221;url:https%3A%2F%2Fwww3.unicentro.br%2Fproen%2Fwp-content%2Fuploads%2Fsites%2F41%2F2023%2F05%2FFormulario_aproveitamento_atualizado.odt|target:_blank&#8221;][vc_btn title=&#8221;Guia de altera\u00e7\u00e3o de notas e frequ\u00eancias&#8221; color=&#8221;primary&#8221; size=&#8221;lg&#8221; align=&#8221;center&#8221; i_icon_fontawesome=&#8221;&#8221; css_animation=&#8221;fadeIn&#8221; css=&#8221;&#8221; button_block=&#8221;true&#8221; add_icon=&#8221;true&#8221; link=&#8221;url:https%3A%2F%2Fwww3.unicentro.br%2Fproen%2Fwp-content%2Fuploads%2Fsites%2F41%2F2026%2F03%2FGuia_alteracao_notas.pdf|target:_blank&#8221;][vc_btn title=&#8221;Guia de abono de faltas&#8221; color=&#8221;primary&#8221; size=&#8221;lg&#8221; align=&#8221;center&#8221; i_icon_fontawesome=&#8221;&#8221; css_animation=&#8221;fadeIn&#8221; css=&#8221;&#8221; button_block=&#8221;true&#8221; add_icon=&#8221;true&#8221; link=&#8221;url:https%3A%2F%2Fwww3.unicentro.br%2Fproen%2Fwp-content%2Fuploads%2Fsites%2F41%2F2026%2F03%2FGuia_abono_faltas.pdf|target:_blank&#8221;][\/vc_column][\/vc_row]<\/p>\n<\/div>","protected":false},"excerpt":{"rendered":"<p>[vc_row][vc_column][vc_btn title=&#8221;Formul\u00e1rio para Renova\u00e7\u00e3o de Matr\u00edcula&#8221; color=&#8221;pink&#8221; size=&#8221;lg&#8221; align=&#8221;center&#8221; i_icon_fontawesome=&#8221;&#8221; css_animation=&#8221;fadeIn&#8221; css=&#8221;&#8221; button_block=&#8221;true&#8221; add_icon=&#8221;true&#8221; link=&#8221;url:https%3A%2F%2Fwww3.unicentro.br%2Fproen%2Fwp-content%2Fuploads%2Fsites%2F41%2F2025%2F02%2FMODELO-RENOVACAO-DE-MATRICULA.pdf|target:_blank&#8221;][vc_btn title=&#8221;Formul\u00e1rio para Aproveitamento de Estudos&#8221; color=&#8221;primary&#8221; size=&#8221;lg&#8221; align=&#8221;center&#8221; i_icon_fontawesome=&#8221;&#8221; css_animation=&#8221;fadeIn&#8221; button_block=&#8221;true&#8221; add_icon=&#8221;true&#8221; link=&#8221;url:https%3A%2F%2Fwww3.unicentro.br%2Fproen%2Fwp-content%2Fuploads%2Fsites%2F41%2F2023%2F05%2FFormulario_aproveitamento_atualizado.odt|target:_blank&#8221;][vc_btn title=&#8221;Guia de altera\u00e7\u00e3o de notas e frequ\u00eancias&#8221; color=&#8221;primary&#8221; size=&#8221;lg&#8221; align=&#8221;center&#8221; i_icon_fontawesome=&#8221;&#8221; css_animation=&#8221;fadeIn&#8221; css=&#8221;&#8221; button_block=&#8221;true&#8221; add_icon=&#8221;true&#8221; link=&#8221;url:https%3A%2F%2Fwww3.unicentro.br%2Fproen%2Fwp-content%2Fuploads%2Fsites%2F41%2F2026%2F03%2FGuia_alteracao_notas.pdf|target:_blank&#8221;][vc_btn title=&#8221;Guia de abono de faltas&#8221; color=&#8221;primary&#8221; size=&#8221;lg&#8221; align=&#8221;center&#8221; i_icon_fontawesome=&#8221;&#8221; css_animation=&#8221;fadeIn&#8221; css=&#8221;&#8221; [&hellip;]<\/p>\n","protected":false},"author":123,"featured_media":0,"parent":0,"menu_order":0,"comment_status":"closed","ping_status":"closed","template":"","meta":{"_exactmetrics_skip_tracking":false,"_exactmetrics_sitenote_active":false,"_exactmetrics_sitenote_note":"","_exactmetrics_sitenote_category":0,"footnotes":"","_links_to":"","_links_to_target":""},"class_list":["post-2034","page","type-page","status-publish","hentry"],"_links":{"self":[{"href":"https:\/\/www3.unicentro.br\/proen\/wp-json\/wp\/v2\/pages\/2034","targetHints":{"allow":["GET"]}}],"collection":[{"href":"https:\/\/www3.unicentro.br\/proen\/wp-json\/wp\/v2\/pages"}],"about":[{"href":"https:\/\/www3.unicentro.br\/proen\/wp-json\/wp\/v2\/types\/page"}],"author":[{"embeddable":true,"href":"https:\/\/www3.unicentro.br\/proen\/wp-json\/wp\/v2\/users\/123"}],"replies":[{"embeddable":true,"href":"https:\/\/www3.unicentro.br\/proen\/wp-json\/wp\/v2\/comments?post=2034"}],"version-history":[{"count":1,"href":"https:\/\/www3.unicentro.br\/proen\/wp-json\/wp\/v2\/pages\/2034\/revisions"}],"predecessor-version":[{"id":14015,"href":"https:\/\/www3.unicentro.br\/proen\/wp-json\/wp\/v2\/pages\/2034\/revisions\/14015"}],"wp:attachment":[{"href":"https:\/\/www3.unicentro.br\/proen\/wp-json\/wp\/v2\/media?parent=2034"}],"curies":[{"name":"wp","href":"https:\/\/api.w.org\/{rel}","templated":true}]}}