{"id":195,"date":"2018-08-24T17:24:31","date_gmt":"2018-08-24T20:24:31","guid":{"rendered":"https:\/\/www3.unicentro.br\/proen\/?page_id=195"},"modified":"2021-03-19T18:21:47","modified_gmt":"2021-03-19T21:21:47","slug":"programas-institucionais","status":"publish","type":"page","link":"https:\/\/www3.unicentro.br\/proen\/programas-institucionais\/","title":{"rendered":"Programas Institucionais"},"content":{"rendered":"<div class=\"wpb-content-wrapper\"><p>[vc_row gap=&#8221;10&#8243; equal_height=&#8221;yes&#8221; content_placement=&#8221;top&#8221; u_row_style=&#8221;0&#8243; u_row_paralax=&#8221;0&#8243; u_row_scheme=&#8221;0&#8243;][vc_column width=&#8221;1\/3&#8243; css=&#8221;.vc_custom_1535560692058{background-color: #eaeaea !important;}&#8221;][vc_single_image image=&#8221;227&#8243; img_size=&#8221;full&#8221; alignment=&#8221;center&#8221; onclick=&#8221;custom_link&#8221; link=&#8221;https:\/\/www3.unicentro.br\/proen\/programas-institucionais\/monitoria&#8221;][vc_btn title=&#8221;<b>Programa de Monitoria Discente<\/b>&#8221; style=&#8221;outline-custom&#8221; outline_custom_color=&#8221;#ce0d00&#8243; outline_custom_hover_background=&#8221;#af0e00&#8243; outline_custom_hover_text=&#8221;#ffffff&#8221; align=&#8221;center&#8221; css_animation=&#8221;appear&#8221; button_block=&#8221;true&#8221; link=&#8221;url:https%3A%2F%2Fwww3.unicentro.br%2Fproen%2Fprogramas-institucionais%2Fmonitoria|||&#8221;][\/vc_column][vc_column width=&#8221;1\/3&#8243; css=&#8221;.vc_custom_1535560709959{background-color: #eaeaea !important;}&#8221;][vc_single_image image=&#8221;233&#8243; img_size=&#8221;full&#8221; alignment=&#8221;center&#8221; onclick=&#8221;custom_link&#8221; link=&#8221;https:\/\/www3.unicentro.br\/proen\/programas-institucionais\/tutoria&#8221;][vc_btn title=&#8221;<b>Programa de Tutoria Discente<\/b>&#8221; style=&#8221;outline-custom&#8221; outline_custom_color=&#8221;#ce0d00&#8243; outline_custom_hover_background=&#8221;#af0e00&#8243; outline_custom_hover_text=&#8221;#ffffff&#8221; align=&#8221;center&#8221; css_animation=&#8221;appear&#8221; button_block=&#8221;true&#8221; link=&#8221;url:https%3A%2F%2Fwww3.unicentro.br%2Fproen%2Fprogramas-institucionais%2Ftutoria|||&#8221;][\/vc_column][vc_column width=&#8221;1\/3&#8243; css=&#8221;.vc_custom_1535560815316{background-color: #eaeaea !important;}&#8221;][vc_single_image image=&#8221;226&#8243; img_size=&#8221;full&#8221; alignment=&#8221;center&#8221; onclick=&#8221;custom_link&#8221; link=&#8221;https:\/\/www3.unicentro.br\/proen\/programas-institucionais\/estagio-pedagogico&#8221;][vc_btn title=&#8221;<b>Programa de Est\u00e1gio Pedag\u00f3gico Volunt\u00e1rio &#8211; EPV<\/b>&#8221; style=&#8221;outline-custom&#8221; outline_custom_color=&#8221;#ce0d00&#8243; outline_custom_hover_background=&#8221;#af0e00&#8243; outline_custom_hover_text=&#8221;#ffffff&#8221; align=&#8221;center&#8221; css_animation=&#8221;appear&#8221; button_block=&#8221;true&#8221; link=&#8221;url:https%3A%2F%2Fwww3.unicentro.br%2Fproen%2Fprogramas-institucionais%2Festagio-pedagogico|||&#8221;][\/vc_column][\/vc_row][vc_row gap=&#8221;10&#8243; equal_height=&#8221;yes&#8221; content_placement=&#8221;top&#8221; u_row_style=&#8221;0&#8243; u_row_paralax=&#8221;0&#8243; u_row_scheme=&#8221;0&#8243;][vc_column width=&#8221;1\/3&#8243; css=&#8221;.vc_custom_1535560692058{background-color: #eaeaea !important;}&#8221;][vc_single_image image=&#8221;228&#8243; img_size=&#8221;full&#8221; alignment=&#8221;center&#8221; onclick=&#8221;custom_link&#8221; link=&#8221;https:\/\/www3.unicentro.br\/proen\/programas-institucionais\/pet&#8221;][vc_btn title=&#8221;<b>Programa de Educa\u00e7\u00e3o Tutorial &#8211; PET<\/b>&#8221; style=&#8221;outline-custom&#8221; outline_custom_color=&#8221;#ce0d00&#8243; outline_custom_hover_background=&#8221;#af0e00&#8243; outline_custom_hover_text=&#8221;#ffffff&#8221; align=&#8221;center&#8221; css_animation=&#8221;appear&#8221; button_block=&#8221;true&#8221; link=&#8221;url:https%3A%2F%2Fwww3.unicentro.br%2Fproen%2Fprogramas-institucionais%2Fpet|||&#8221;][\/vc_column][vc_column width=&#8221;1\/3&#8243; css=&#8221;.vc_custom_1535560709959{background-color: #eaeaea !important;}&#8221;][vc_single_image image=&#8221;230&#8243; img_size=&#8221;full&#8221; alignment=&#8221;center&#8221; onclick=&#8221;custom_link&#8221; link=&#8221;https:\/\/www3.unicentro.br\/pibid&#8221;][vc_btn title=&#8221;<b>Programa Institucional de Bolsa de Inicia\u00e7\u00e3o \u00e0 Doc\u00eancia &#8211; Pibid<\/b>&#8221; style=&#8221;outline-custom&#8221; outline_custom_color=&#8221;#ce0d00&#8243; outline_custom_hover_background=&#8221;#af0e00&#8243; outline_custom_hover_text=&#8221;#ffffff&#8221; align=&#8221;center&#8221; css_animation=&#8221;appear&#8221; button_block=&#8221;true&#8221; link=&#8221;url:https%3A%2F%2Fwww3.unicentro.br%2Fpibid|||&#8221;][\/vc_column][vc_column width=&#8221;1\/3&#8243; css=&#8221;.vc_custom_1535560815316{background-color: #eaeaea !important;}&#8221;][vc_single_image image=&#8221;232&#8243; img_size=&#8221;full&#8221; alignment=&#8221;center&#8221; onclick=&#8221;custom_link&#8221; link=&#8221;https:\/\/www3.unicentro.br\/residenciapedagogica&#8221;][vc_btn title=&#8221;<b>Programa de Resid\u00eancia Pedag\u00f3gica<\/b>&#8221; style=&#8221;outline-custom&#8221; outline_custom_color=&#8221;#ce0d00&#8243; outline_custom_hover_background=&#8221;#af0e00&#8243; outline_custom_hover_text=&#8221;#ffffff&#8221; align=&#8221;center&#8221; css_animation=&#8221;appear&#8221; button_block=&#8221;true&#8221; link=&#8221;url:https%3A%2F%2Fwww3.unicentro.br%2Fresidenciapedagogica|||&#8221;][\/vc_column][\/vc_row][vc_row gap=&#8221;10&#8243; equal_height=&#8221;yes&#8221; content_placement=&#8221;top&#8221; u_row_style=&#8221;0&#8243; u_row_paralax=&#8221;0&#8243; u_row_scheme=&#8221;0&#8243;][vc_column width=&#8221;1\/3&#8243; css=&#8221;.vc_custom_1535560692058{background-color: #eaeaea !important;}&#8221;][vc_single_image image=&#8221;231&#8243; img_size=&#8221;full&#8221; alignment=&#8221;center&#8221; onclick=&#8221;custom_link&#8221; link=&#8221;https:\/\/www3.unicentro.br\/proen\/programas-institucionais\/refugiados&#8221;][vc_btn title=&#8221;<b>Programa de acesso \u00e0 Educa\u00e7\u00e3o Superior para refugiados, em cursos de gradua\u00e7\u00e3o presenciais na Unicentro<\/b>&#8221; style=&#8221;outline-custom&#8221; outline_custom_color=&#8221;#ce0d00&#8243; outline_custom_hover_background=&#8221;#af0e00&#8243; outline_custom_hover_text=&#8221;#ffffff&#8221; align=&#8221;center&#8221; css_animation=&#8221;appear&#8221; button_block=&#8221;true&#8221; link=&#8221;url:https%3A%2F%2Fwww3.unicentro.br%2Fproen%2Fprogramas-institucionais%2Frefugiados|||&#8221;][\/vc_column][vc_column width=&#8221;1\/3&#8243; css=&#8221;.vc_custom_1535560709959{background-color: #eaeaea !important;}&#8221;][vc_single_image image=&#8221;229&#8243; img_size=&#8221;full&#8221; alignment=&#8221;center&#8221; onclick=&#8221;custom_link&#8221; link=&#8221;https:\/\/www3.unicentro.br\/proen\/programas-institucionais\/pia&#8221;][vc_btn title=&#8221;<b>Programa de Inclus\u00e3o e Acessibilidade &#8211; PIA<\/b>&#8221; style=&#8221;outline-custom&#8221; outline_custom_color=&#8221;#ce0d00&#8243; outline_custom_hover_background=&#8221;#af0e00&#8243; outline_custom_hover_text=&#8221;#ffffff&#8221; align=&#8221;center&#8221; css_animation=&#8221;appear&#8221; button_block=&#8221;true&#8221; link=&#8221;url:https%3A%2F%2Fwww3.unicentro.br%2Fproen%2Fprogramas-institucionais%2Fpia|||&#8221;][\/vc_column][vc_column width=&#8221;1\/3&#8243; css=&#8221;.vc_custom_1535560815316{background-color: #eaeaea !important;}&#8221;][vc_single_image image=&#8221;225&#8243; img_size=&#8221;full&#8221; alignment=&#8221;center&#8221; onclick=&#8221;custom_link&#8221; link=&#8221;https:\/\/www3.unicentro.br\/proen\/programas-institucionais\/cuia&#8221;][vc_btn title=&#8221;<b>Comiss\u00e3o Universidade para os \u00cdndios &#8211; Cuia<\/b>&#8221; style=&#8221;outline-custom&#8221; outline_custom_color=&#8221;#ce0d00&#8243; outline_custom_hover_background=&#8221;#af0e00&#8243; outline_custom_hover_text=&#8221;#ffffff&#8221; align=&#8221;center&#8221; css_animation=&#8221;appear&#8221; button_block=&#8221;true&#8221; link=&#8221;url:https%3A%2F%2Fwww3.unicentro.br%2Fproen%2Fprogramas-institucionais%2Fcuia|||&#8221;][\/vc_column][\/vc_row][vc_row][vc_column][\/vc_column][\/vc_row]<\/p>\n<\/div>","protected":false},"excerpt":{"rendered":"<p>[vc_row gap=&#8221;10&#8243; equal_height=&#8221;yes&#8221; content_placement=&#8221;top&#8221; u_row_style=&#8221;0&#8243; u_row_paralax=&#8221;0&#8243; u_row_scheme=&#8221;0&#8243;][vc_column width=&#8221;1\/3&#8243; css=&#8221;.vc_custom_1535560692058{background-color: #eaeaea !important;}&#8221;][vc_single_image image=&#8221;227&#8243; img_size=&#8221;full&#8221; alignment=&#8221;center&#8221; onclick=&#8221;custom_link&#8221; link=&#8221;https:\/\/www3.unicentro.br\/proen\/programas-institucionais\/monitoria&#8221;][vc_btn title=&#8221;Programa de Monitoria Discente&#8221; style=&#8221;outline-custom&#8221; outline_custom_color=&#8221;#ce0d00&#8243; outline_custom_hover_background=&#8221;#af0e00&#8243; outline_custom_hover_text=&#8221;#ffffff&#8221; align=&#8221;center&#8221; css_animation=&#8221;appear&#8221; button_block=&#8221;true&#8221; link=&#8221;url:https%3A%2F%2Fwww3.unicentro.br%2Fproen%2Fprogramas-institucionais%2Fmonitoria|||&#8221;][\/vc_column][vc_column width=&#8221;1\/3&#8243; css=&#8221;.vc_custom_1535560709959{background-color: #eaeaea !important;}&#8221;][vc_single_image image=&#8221;233&#8243; img_size=&#8221;full&#8221; alignment=&#8221;center&#8221; onclick=&#8221;custom_link&#8221; link=&#8221;https:\/\/www3.unicentro.br\/proen\/programas-institucionais\/tutoria&#8221;][vc_btn title=&#8221;Programa de Tutoria Discente&#8221; style=&#8221;outline-custom&#8221; outline_custom_color=&#8221;#ce0d00&#8243; outline_custom_hover_background=&#8221;#af0e00&#8243; outline_custom_hover_text=&#8221;#ffffff&#8221; align=&#8221;center&#8221; css_animation=&#8221;appear&#8221; button_block=&#8221;true&#8221; link=&#8221;url:https%3A%2F%2Fwww3.unicentro.br%2Fproen%2Fprogramas-institucionais%2Ftutoria|||&#8221;][\/vc_column][vc_column width=&#8221;1\/3&#8243; css=&#8221;.vc_custom_1535560815316{background-color: #eaeaea !important;}&#8221;][vc_single_image image=&#8221;226&#8243; img_size=&#8221;full&#8221; [&hellip;]<\/p>\n","protected":false},"author":3,"featured_media":0,"parent":0,"menu_order":0,"comment_status":"closed","ping_status":"closed","template":"","meta":{"_exactmetrics_skip_tracking":false,"_exactmetrics_sitenote_active":false,"_exactmetrics_sitenote_note":"","_exactmetrics_sitenote_category":0,"footnotes":"","_links_to":"","_links_to_target":""},"class_list":["post-195","page","type-page","status-publish","hentry"],"_links":{"self":[{"href":"https:\/\/www3.unicentro.br\/proen\/wp-json\/wp\/v2\/pages\/195","targetHints":{"allow":["GET"]}}],"collection":[{"href":"https:\/\/www3.unicentro.br\/proen\/wp-json\/wp\/v2\/pages"}],"about":[{"href":"https:\/\/www3.unicentro.br\/proen\/wp-json\/wp\/v2\/types\/page"}],"author":[{"embeddable":true,"href":"https:\/\/www3.unicentro.br\/proen\/wp-json\/wp\/v2\/users\/3"}],"replies":[{"embeddable":true,"href":"https:\/\/www3.unicentro.br\/proen\/wp-json\/wp\/v2\/comments?post=195"}],"version-history":[{"count":0,"href":"https:\/\/www3.unicentro.br\/proen\/wp-json\/wp\/v2\/pages\/195\/revisions"}],"wp:attachment":[{"href":"https:\/\/www3.unicentro.br\/proen\/wp-json\/wp\/v2\/media?parent=195"}],"curies":[{"name":"wp","href":"https:\/\/api.w.org\/{rel}","templated":true}]}}