{"id":191,"date":"2018-08-24T17:23:18","date_gmt":"2018-08-24T20:23:18","guid":{"rendered":"https:\/\/www3.unicentro.br\/proen\/?page_id=191"},"modified":"2020-10-21T15:39:08","modified_gmt":"2020-10-21T18:39:08","slug":"cuia","status":"publish","type":"page","link":"https:\/\/www3.unicentro.br\/proen\/programas-institucionais\/cuia\/","title":{"rendered":"Comiss\u00e3o Universidade para os \u00cdndios &#8211; Cuia"},"content":{"rendered":"<div class=\"wpb-content-wrapper\"><p>[vc_row][vc_column][vc_single_image image=&#8221;219&#8243; img_size=&#8221;full&#8221; alignment=&#8221;center&#8221; style=&#8221;vc_box_shadow&#8221; css_animation=&#8221;fadeIn&#8221;][vc_row_inner equal_height=&#8221;yes&#8221; content_placement=&#8221;middle&#8221;][vc_column_inner][vc_btn title=&#8221;<b>Regulamento do Acesso, Perman\u00eancia e Integraliza\u00e7\u00e3o Curricular de Cursos de Gradua\u00e7\u00e3o da Unicentro \u00e0 Estudantes Ind\u00edgenas \/<br \/>\nComposi\u00e7\u00e3o e compet\u00eancias da Cuia\/Unicentro<\/b>&#8221; color=&#8221;blue&#8221; align=&#8221;center&#8221; css_animation=&#8221;fadeIn&#8221; button_block=&#8221;true&#8221; link=&#8221;url:https%3A%2F%2Fsgu.unicentro.br%2Fpcatooficiais%2Fimprimir%2FEDE676F5|title:Resolu%C3%A7%C3%A3o%20n%C2%BA%205-CEPE%2FUNICENTRO%2C%20de%202%C2%A0de%20junho%C2%A0de%202017|target:%20_blank|&#8221;][\/vc_column_inner][\/vc_row_inner][vc_row_inner equal_height=&#8221;yes&#8221; content_placement=&#8221;middle&#8221;][vc_column_inner width=&#8221;1\/2&#8243;][vc_btn title=&#8221;Portaria n\u00ba 818\/2020-GR\/Unicentro &#8211; Designa a Comiss\u00e3o Universidade para os \u00cdndios, Cuia, da Unicentro&#8221; color=&#8221;blue&#8221; align=&#8221;center&#8221; css_animation=&#8221;fadeIn&#8221; button_block=&#8221;true&#8221; link=&#8221;url:https%3A%2F%2Fsgu.unicentro.br%2Fpcatooficiais%2Fimprimir%2FD24E3B75|title:Portaria%20n%C2%BA%20818-GR%2FUNICENTRO%2C%20de%2016%C2%A0de%20outubro%C2%A0de%202020|target:_blank&#8221;][\/vc_column_inner][vc_column_inner width=&#8221;1\/2&#8243;][vc_btn title=&#8221;Relat\u00f3rio de Estudantes Ind\u00edgenas Cuia Estadual: Matriculados e Formados at\u00e9 2019&#8243; color=&#8221;blue&#8221; align=&#8221;center&#8221; css_animation=&#8221;fadeIn&#8221; button_block=&#8221;true&#8221; link=&#8221;url:https%3A%2F%2Fwww3.unicentro.br%2Fproen%2Fwp-content%2Fuploads%2Fsites%2F41%2F2020%2F10%2FRelato%CC%81rio-CUIA-2019-Final.pdf|title:Resolu%C3%A7%C3%A3o%20n%C2%BA%205-CEPE%2FUNICENTRO%2C%20de%202%C2%A0de%20junho%C2%A0de%202017|target:_blank&#8221;][\/vc_column_inner][\/vc_row_inner][vc_cta h2=&#8221;Apresenta\u00e7\u00e3o&#8221; css_animation=&#8221;fadeIn&#8221;]<\/p>\n<p style=\"text-align: justify\"><strong>CUIA ESTADUAL<\/strong><\/p>\n<p style=\"text-align: justify\">A partir da publica\u00e7\u00e3o da\u00a0<a href=\"http:\/\/www.legislacao.pr.gov.br\/legislacao\/pesquisarAto.do?action=exibir&amp;codAto=4440\" target=\"_blank\" rel=\"noopener noreferrer\">Lei Estadual n\u00ba 13.134\/2001<\/a>, modificada pela\u00a0<a href=\"http:\/\/www.legislacao.pr.gov.br\/legislacao\/pesquisarAto.do?action=exibir&amp;codAto=4008\" target=\"_blank\" rel=\"noopener noreferrer\">Lei Estadual n\u00ba\u00a014.995\/2006<\/a>, sobre a reserva de vagas suplementares para ind\u00edgenas nas Universidades Estaduais Paranaenses, a Seti (Superintend\u00eancia Geral de Ci\u00eancia, Tecnologia e Ensino Superior) delegou compet\u00eancia \u00e0s Universidades para que, em conjunto, organizem o Vestibular Espec\u00edfico Interinstitucional dos Povos Ind\u00edgenas, doravante designado Vestibular dos Povos Ind\u00edgenas no Paran\u00e1, cuja execu\u00e7\u00e3o dos trabalhos \u00e9 de compet\u00eancia de\u00a0uma Comiss\u00e3o Interinstitucional para Acompanhamento dos Estudantes Ind\u00edgenas.<\/p>\n<p style=\"text-align: justify\">O l\u00e9xico \u201cCuia\u201d foi escolhido, em primeiro lugar, como forma de abrevia\u00e7\u00e3o do nome da Comiss\u00e3o Universidade para os \u00cdndios e, em segundo lugar, foi acrescida a letra \u201cA\u201d para designar um utens\u00edlio importante na cultura ind\u00edgena, propiciando maior sonoridade \u00e0 sigla, bem como para atribuir valor sem\u00e2ntico \u00e0 mesma.<\/p>\n<p style=\"text-align: justify\">No tocante \u00e0s atribui\u00e7\u00f5es dessa Comiss\u00e3o, a Seti publicou a\u00a0<a href=\"http:\/\/www.legislacao.pr.gov.br\/legislacao\/pesquisarAto.do?action=exibir&amp;codAto=82875\" target=\"_blank\" rel=\"noopener noreferrer\">Resolu\u00e7\u00e3o Conjunta n\u00ba 006\/2007<\/a>, ressaltando que compete a Cuia:<\/p>\n<ol style=\"text-align: justify\">\n<li>proceder a discuss\u00e3o, avalia\u00e7\u00e3o e propor a adequa\u00e7\u00e3o dos instrumentos legais do processo seletivo a que se refere a Lei n\u00ba 13.134\/2001 e n\u00ba\u00a014.995\/2006;<\/li>\n<li>realizar integral e anualmente o processo seletivo espec\u00edfico e interinstitucional, elaborando e apresentando relat\u00f3rio conclusivo;<\/li>\n<li>acompanhar pedagogicamente os estudantes ind\u00edgenas nas universidades nos seus respectivos colegiados de cursos;<\/li>\n<li>avaliar sistematicamente o processo geral de inclus\u00e3o e perman\u00eancia dos estudantes ind\u00edgenas nas universidades;<\/li>\n<li>elaborar e desenvolver projetos de ensino, pesquisa e extens\u00e3o envolvendo os estudantes ind\u00edgenas e suas respectivas comunidades;<\/li>\n<li style=\"text-align: justify\">sensibilizar e envolver a comunidade acad\u00eamica acerca da quest\u00e3o ind\u00edgena;<\/li>\n<li>buscar di\u00e1logo, integra\u00e7\u00e3o e parcerias interinstitucionais.<\/li>\n<\/ol>\n<p style=\"text-align: justify\">A partir de ent\u00e3o, a Seti publica as atualiza\u00e7\u00f5es necess\u00e1rias mediante mudan\u00e7a de representantes das IES na Comiss\u00e3o Estadual. Por seu turno, existem tamb\u00e9m as Comiss\u00f5es Locais, designadas por Portaria do Reitor.<\/p>\n<p>[\/vc_cta][vc_btn title=&#8221;<b>Mapa da presen\u00e7a Ind\u00edgena no Estado do Paran\u00e1<\/b>&#8221; style=&#8221;flat&#8221; color=&#8221;green&#8221; align=&#8221;center&#8221; css_animation=&#8221;fadeIn&#8221; link=&#8221;url:https%3A%2F%2Fwww3.unicentro.br%2Fproen%2Fwp-content%2Fuploads%2Fsites%2F41%2F2020%2F10%2Fmapa_presenca_indigena_parana.pdf|target:_blank&#8221;][\/vc_column][\/vc_row][vc_row][vc_column][vc_message message_box_color=&#8221;alert-warning&#8221; css_animation=&#8221;fadeIn&#8221;]<\/p>\n<p style=\"text-align: justify\"><strong>LEGISLA\u00c7\u00c3O RELACIONADA<\/strong><\/p>\n<ul style=\"text-align: justify\">\n<li><a href=\"http:\/\/www.legislacao.pr.gov.br\/legislacao\/pesquisarAto.do?action=exibir&amp;codAto=4440\" target=\"_blank\" rel=\"noopener noreferrer\">Lei Estadual n\u00ba 13.134\/2001<\/a><\/li>\n<li><a href=\"http:\/\/www.legislacao.pr.gov.br\/legislacao\/pesquisarAto.do?action=exibir&amp;codAto=1058\" target=\"_blank\" rel=\"noopener noreferrer\">Lei Estadual n\u00ba\u00a014.453\/2004<\/a><\/li>\n<li><a href=\"http:\/\/www.legislacao.pr.gov.br\/legislacao\/pesquisarAto.do?action=exibir&amp;codAto=4008\" target=\"_blank\" rel=\"noopener noreferrer\">Lei Estadual n\u00ba\u00a014.995\/2006<\/a><\/li>\n<\/ul>\n<ul style=\"text-align: justify\">\n<li><a href=\"http:\/\/www.legislacao.pr.gov.br\/legislacao\/pesquisarAto.do?action=exibir&amp;codAto=82875\" target=\"_blank\" rel=\"noopener noreferrer\">Resolu\u00e7\u00e3o Conjunta n\u00ba 006\/2007-Seti\/UEL\/UEM\/Uepg\/Unioeste\/Unicentro\/Unespar\/Uenp\/UFPR<\/a><\/li>\n<li><a href=\"http:\/\/www.legislacao.pr.gov.br\/legislacao\/pesquisarAto.do?action=exibir&amp;codAto=154216&amp;indice=1&amp;totalRegistros=11\" target=\"_blank\" rel=\"noopener noreferrer\">Resolu\u00e7\u00e3o n\u00ba 23\/2016-Seti<\/a><\/li>\n<\/ul>\n<ul>\n<li style=\"text-align: justify\"><a href=\"https:\/\/sgu.unicentro.br\/pcatooficiais\/imprimir\/D5528C93\" target=\"_blank\" rel=\"noopener noreferrer\">Resolu\u00e7\u00e3o n\u00ba 257\/2007-CAD\/Unicentro<\/a><\/li>\n<li style=\"text-align: justify\"><a href=\"https:\/\/sgu.unicentro.br\/pcatooficiais\/imprimir\/EDE676F5\" target=\"_blank\" rel=\"noopener noreferrer\">Resolu\u00e7\u00e3o n\u00ba 5\/2017-CEPE\/Unicentro<\/a><\/li>\n<\/ul>\n<p>[\/vc_message][\/vc_column][\/vc_row]<\/p>\n<\/div>","protected":false},"excerpt":{"rendered":"<p>[vc_row][vc_column][vc_single_image image=&#8221;219&#8243; img_size=&#8221;full&#8221; alignment=&#8221;center&#8221; style=&#8221;vc_box_shadow&#8221; css_animation=&#8221;fadeIn&#8221;][vc_row_inner equal_height=&#8221;yes&#8221; content_placement=&#8221;middle&#8221;][vc_column_inner][vc_btn title=&#8221;Regulamento do Acesso, Perman\u00eancia e Integraliza\u00e7\u00e3o Curricular de Cursos de Gradua\u00e7\u00e3o da Unicentro \u00e0 Estudantes Ind\u00edgenas \/ Composi\u00e7\u00e3o e compet\u00eancias da Cuia\/Unicentro&#8221; color=&#8221;blue&#8221; align=&#8221;center&#8221; css_animation=&#8221;fadeIn&#8221; button_block=&#8221;true&#8221; link=&#8221;url:https%3A%2F%2Fsgu.unicentro.br%2Fpcatooficiais%2Fimprimir%2FEDE676F5|title:Resolu%C3%A7%C3%A3o%20n%C2%BA%205-CEPE%2FUNICENTRO%2C%20de%202%C2%A0de%20junho%C2%A0de%202017|target:%20_blank|&#8221;][\/vc_column_inner][\/vc_row_inner][vc_row_inner equal_height=&#8221;yes&#8221; content_placement=&#8221;middle&#8221;][vc_column_inner width=&#8221;1\/2&#8243;][vc_btn title=&#8221;Portaria n\u00ba 818\/2020-GR\/Unicentro &#8211; Designa a Comiss\u00e3o Universidade para os \u00cdndios, Cuia, da Unicentro&#8221; color=&#8221;blue&#8221; align=&#8221;center&#8221; css_animation=&#8221;fadeIn&#8221; [&hellip;]<\/p>\n","protected":false},"author":3,"featured_media":0,"parent":195,"menu_order":0,"comment_status":"closed","ping_status":"closed","template":"","meta":{"_exactmetrics_skip_tracking":false,"_exactmetrics_sitenote_active":false,"_exactmetrics_sitenote_note":"","_exactmetrics_sitenote_category":0,"footnotes":"","_links_to":"","_links_to_target":""},"class_list":["post-191","page","type-page","status-publish","hentry"],"_links":{"self":[{"href":"https:\/\/www3.unicentro.br\/proen\/wp-json\/wp\/v2\/pages\/191","targetHints":{"allow":["GET"]}}],"collection":[{"href":"https:\/\/www3.unicentro.br\/proen\/wp-json\/wp\/v2\/pages"}],"about":[{"href":"https:\/\/www3.unicentro.br\/proen\/wp-json\/wp\/v2\/types\/page"}],"author":[{"embeddable":true,"href":"https:\/\/www3.unicentro.br\/proen\/wp-json\/wp\/v2\/users\/3"}],"replies":[{"embeddable":true,"href":"https:\/\/www3.unicentro.br\/proen\/wp-json\/wp\/v2\/comments?post=191"}],"version-history":[{"count":0,"href":"https:\/\/www3.unicentro.br\/proen\/wp-json\/wp\/v2\/pages\/191\/revisions"}],"up":[{"embeddable":true,"href":"https:\/\/www3.unicentro.br\/proen\/wp-json\/wp\/v2\/pages\/195"}],"wp:attachment":[{"href":"https:\/\/www3.unicentro.br\/proen\/wp-json\/wp\/v2\/media?parent=191"}],"curies":[{"name":"wp","href":"https:\/\/api.w.org\/{rel}","templated":true}]}}