{"id":1893,"date":"2019-05-08T16:53:01","date_gmt":"2019-05-08T19:53:01","guid":{"rendered":"https:\/\/www3.unicentro.br\/proen\/?page_id=1893"},"modified":"2019-05-08T17:42:11","modified_gmt":"2019-05-08T20:42:11","slug":"piepex","status":"publish","type":"page","link":"https:\/\/www3.unicentro.br\/proen\/piepex\/","title":{"rendered":"Projeto de Integra\u00e7\u00e3o Ensino, Pesquisa e Extens\u00e3o"},"content":{"rendered":"<div class=\"wpb-content-wrapper\"><p>[vc_row][vc_column][vc_cta h2=&#8221;Caracteriza\u00e7\u00e3o e objetivo do PIEPEx&#8221; css_animation=&#8221;fadeIn&#8221;]<\/p>\n<p style=\"text-align: justify;\">O Projeto de Integra\u00e7\u00e3o Ensino, Pesquisa e Extens\u00e3o, PIEPEx, \u00e9 constitu\u00eddo de um conjunto igualit\u00e1rio de atividades articuladas e inter-relacionadas, nos cursos de gradua\u00e7\u00e3o e p\u00f3s-gradua\u00e7\u00e3o, nas \u00e1reas de Ensino, Pesquisa e Extens\u00e3o, que podem contemplar cronogramas com atividades para, no m\u00ednimo, doze meses e m\u00e1ximo de 36 meses.<br \/>\nO PIEPEx tem como objetivo promover a\u00e7\u00f5es transversais articulando o Ensino, a Pesquisa e a Extens\u00e3o ao Plano de Desenvolvimento Institucional, PDI, ao Projeto Pedag\u00f3gico Institucional, PPI, aos Projetos Pedag\u00f3gicos de Cursos, PPCs, e aos Programas Institucionais, com vistas \u00e0 reflex\u00e3o e melhoria dos cursos de gradua\u00e7\u00e3o e p\u00f3s-gradua\u00e7\u00e3o.[\/vc_cta][\/vc_column][\/vc_row][vc_row][vc_column][vc_btn title=&#8221;<b>Regulamento de Projeto de Integra\u00e7\u00e3o Ensino, Pesquisa e Extens\u00e3o da Unicentro<\/b>&#8221; color=&#8221;primary&#8221; size=&#8221;lg&#8221; align=&#8221;center&#8221; css_animation=&#8221;fadeIn&#8221; button_block=&#8221;true&#8221; link=&#8221;url:https%3A%2F%2Fsgu.unicentro.br%2Fpcatooficiais%2Fimprimir%2F106745A1|title:Resolu%C3%A7%C3%A3o%20n%C2%BA%2023-CEPE%2FUNICENTRO%2C%20de%203%20de%20julho%20de%202018|target:%20_blank|&#8221;][\/vc_column][\/vc_row][vc_row][vc_column][vc_message message_box_color=&#8221;alert-warning&#8221; css_animation=&#8221;fadeIn&#8221;]<\/p>\n<p style=\"text-align: justify;\"><span style=\"color: #333333;\">O\u00a0PIEPEx deve ser submetido pelo coordenador geral da proposta via SGUWeb (no \u00edcone &#8220;Minhas propostas&#8221;), cujo preenchimento e tramita\u00e7\u00e3o se d\u00e1 exclusivamente por meio virtual no m\u00f3dulo de Projetos, de acordo com a<\/span>\u00a0<a href=\"https:\/\/www3.unicentro.br\/proen\/wp-content\/uploads\/sites\/41\/2018\/09\/IN-CONJUNTA-1-2018-PROEN-PROPESP-PROEC_PIEPEx-SGUWeb.pdf\" target=\"_blank\" rel=\"noopener\">INSTRU\u00c7\u00c3O NORMATIVA CONJUNTA N\u00ba 1\/2018-PROEN-PROPESP-PROEC\/UNICENTRO<\/a>.<\/p>\n<p>[\/vc_message][\/vc_column][\/vc_row]<\/p>\n<\/div>","protected":false},"excerpt":{"rendered":"<p>[vc_row][vc_column][vc_cta h2=&#8221;Caracteriza\u00e7\u00e3o e objetivo do PIEPEx&#8221; css_animation=&#8221;fadeIn&#8221;] O Projeto de Integra\u00e7\u00e3o Ensino, Pesquisa e Extens\u00e3o, PIEPEx, \u00e9 constitu\u00eddo de um conjunto igualit\u00e1rio de atividades articuladas e inter-relacionadas, nos cursos de gradua\u00e7\u00e3o e p\u00f3s-gradua\u00e7\u00e3o, nas \u00e1reas de Ensino, Pesquisa e Extens\u00e3o, que podem contemplar cronogramas com atividades para, no m\u00ednimo, doze meses e m\u00e1ximo de 36 [&hellip;]<\/p>\n","protected":false},"author":123,"featured_media":0,"parent":0,"menu_order":0,"comment_status":"closed","ping_status":"closed","template":"","meta":{"_exactmetrics_skip_tracking":false,"_exactmetrics_sitenote_active":false,"_exactmetrics_sitenote_note":"","_exactmetrics_sitenote_category":0,"footnotes":"","_links_to":"","_links_to_target":""},"class_list":["post-1893","page","type-page","status-publish","hentry"],"_links":{"self":[{"href":"https:\/\/www3.unicentro.br\/proen\/wp-json\/wp\/v2\/pages\/1893","targetHints":{"allow":["GET"]}}],"collection":[{"href":"https:\/\/www3.unicentro.br\/proen\/wp-json\/wp\/v2\/pages"}],"about":[{"href":"https:\/\/www3.unicentro.br\/proen\/wp-json\/wp\/v2\/types\/page"}],"author":[{"embeddable":true,"href":"https:\/\/www3.unicentro.br\/proen\/wp-json\/wp\/v2\/users\/123"}],"replies":[{"embeddable":true,"href":"https:\/\/www3.unicentro.br\/proen\/wp-json\/wp\/v2\/comments?post=1893"}],"version-history":[{"count":0,"href":"https:\/\/www3.unicentro.br\/proen\/wp-json\/wp\/v2\/pages\/1893\/revisions"}],"wp:attachment":[{"href":"https:\/\/www3.unicentro.br\/proen\/wp-json\/wp\/v2\/media?parent=1893"}],"curies":[{"name":"wp","href":"https:\/\/api.w.org\/{rel}","templated":true}]}}