{"id":189,"date":"2018-08-24T17:22:54","date_gmt":"2018-08-24T20:22:54","guid":{"rendered":"https:\/\/www3.unicentro.br\/proen\/?page_id=189"},"modified":"2018-08-29T11:25:58","modified_gmt":"2018-08-29T14:25:58","slug":"pia","status":"publish","type":"page","link":"https:\/\/www3.unicentro.br\/proen\/programas-institucionais\/pia\/","title":{"rendered":"Programa de Inclus\u00e3o e Acessibilidade &#8211; PIA"},"content":{"rendered":"<p>O Programa de Inclus\u00e3o e Acessibilidade \u2013 PIA, tem por finalidade estabelecer as pol\u00edticas institucionais destinadas a acad\u00eamicos, docentes, agentes universit\u00e1rios e estagi\u00e1rios da Unicentro com necessidades especiais, visando \u00e0 elimina\u00e7\u00e3o de barreiras f\u00edsicas, de comunica\u00e7\u00e3o e de informa\u00e7\u00e3o que restringem a participa\u00e7\u00e3o e o desenvolvimento acad\u00eamico e profissional na Unicentro. S\u00e3o atendidos pelo PIA, em suas implica\u00e7\u00f5es no processo de ensino-aprendizagem e funcionais, os discentes, os docentes, os agentes universit\u00e1rios e os estagi\u00e1rios que comp\u00f5em a comunidade acad\u00eamica da Unicentro, que apresentam necessidades especiais, transit\u00f3rias ou permanentes, demandando aten\u00e7\u00e3o espec\u00edfica. O programa tamb\u00e9m abrange a\u00e7\u00f5es inclusivas relacionadas aos candidatos de processos seletivos para ingresso na Unicentro, na forma de vestibular, concurso p\u00fablico, testes seletivos e sele\u00e7\u00e3o de estagi\u00e1rios.<\/p>\n<p><a title=\"Resolu\u00e7\u00e3o n\u00ba 45-CEPE\/UNICENTRO, de 8 de julho de 2011\" href=\"https:\/\/sgu.unicentro.br\/pcatooficiais\/imprimir\/A69CC96A\" target=\"_blank\" rel=\"noopener noreferrer\"><strong>Regulamento do Programa de Inclus\u00e3o e Acessibilidade \u2013 PIA<\/strong><\/a><br \/>\n(Resolu\u00e7\u00e3o n\u00ba 45-Cepe\/Unicentro, de 8 de julho de 2011)<\/p>\n","protected":false},"excerpt":{"rendered":"<p>O Programa de Inclus\u00e3o e Acessibilidade \u2013 PIA, tem por finalidade estabelecer as pol\u00edticas institucionais destinadas a acad\u00eamicos, docentes, agentes universit\u00e1rios e estagi\u00e1rios da Unicentro com necessidades especiais, visando \u00e0 elimina\u00e7\u00e3o de barreiras f\u00edsicas, de comunica\u00e7\u00e3o e de informa\u00e7\u00e3o que restringem a participa\u00e7\u00e3o e o desenvolvimento acad\u00eamico e profissional na Unicentro. S\u00e3o atendidos pelo PIA, [&hellip;]<\/p>\n","protected":false},"author":3,"featured_media":0,"parent":195,"menu_order":0,"comment_status":"closed","ping_status":"closed","template":"","meta":{"_exactmetrics_skip_tracking":false,"_exactmetrics_sitenote_active":false,"_exactmetrics_sitenote_note":"","_exactmetrics_sitenote_category":0,"footnotes":"","_links_to":"","_links_to_target":""},"class_list":["post-189","page","type-page","status-publish","hentry"],"_links":{"self":[{"href":"https:\/\/www3.unicentro.br\/proen\/wp-json\/wp\/v2\/pages\/189","targetHints":{"allow":["GET"]}}],"collection":[{"href":"https:\/\/www3.unicentro.br\/proen\/wp-json\/wp\/v2\/pages"}],"about":[{"href":"https:\/\/www3.unicentro.br\/proen\/wp-json\/wp\/v2\/types\/page"}],"author":[{"embeddable":true,"href":"https:\/\/www3.unicentro.br\/proen\/wp-json\/wp\/v2\/users\/3"}],"replies":[{"embeddable":true,"href":"https:\/\/www3.unicentro.br\/proen\/wp-json\/wp\/v2\/comments?post=189"}],"version-history":[{"count":0,"href":"https:\/\/www3.unicentro.br\/proen\/wp-json\/wp\/v2\/pages\/189\/revisions"}],"up":[{"embeddable":true,"href":"https:\/\/www3.unicentro.br\/proen\/wp-json\/wp\/v2\/pages\/195"}],"wp:attachment":[{"href":"https:\/\/www3.unicentro.br\/proen\/wp-json\/wp\/v2\/media?parent=189"}],"curies":[{"name":"wp","href":"https:\/\/api.w.org\/{rel}","templated":true}]}}