{"id":187,"date":"2018-08-24T17:22:35","date_gmt":"2018-08-24T20:22:35","guid":{"rendered":"https:\/\/www3.unicentro.br\/proen\/?page_id=187"},"modified":"2026-02-11T10:44:34","modified_gmt":"2026-02-11T13:44:34","slug":"estagio-pedagogico","status":"publish","type":"page","link":"https:\/\/www3.unicentro.br\/proen\/programas-institucionais\/estagio-pedagogico\/","title":{"rendered":"Programa de Est\u00e1gio Pedag\u00f3gico Volunt\u00e1rio &#8211; EPV"},"content":{"rendered":"<div class=\"wpb-content-wrapper\"><p>[vc_row][vc_column][vc_column_text]Caracteriza-se pelo desenvolvimento de a\u00e7\u00f5es did\u00e1tico-pedag\u00f3gicas no \u00e2mbito das disciplinas regularmente ofertadas em cursos de gradua\u00e7\u00e3o da Universidade. Este programa visa implementar e atualizar o processo de forma\u00e7\u00e3o continuada dos graduados em n\u00edvel superior, com vistas ao desenvolvimento da atividade de ensino das mat\u00e9rias do curr\u00edculo pleno dos cursos de gradua\u00e7\u00e3o, bem como cultivar interesse pelas atividades de estudo ligadas \u00e0s linhas de pesquisa pertencentes aos grupos de pesquisa dos Departamentos Pedag\u00f3gicos, al\u00e9m de oportunizar ao estagi\u00e1rio ampliar seus conhecimentos com rela\u00e7\u00e3o ao processo de ensino-aprendizagem e auxiliar na forma\u00e7\u00e3o de docentes para o ensino superior. Destina-se a todos os graduados em n\u00edvel superior ou diplomados em curso sequencial de forma\u00e7\u00e3o espec\u00edfica.<\/p>\n<p><a title=\"Resolu\u00e7\u00e3o n\u00ba 01-CEPE\/UNICENTRO, de 2 de janeiro de 2007\" href=\"https:\/\/sgu.unicentro.br\/pcatooficiais\/imprimir\/820D58D8\" target=\"_blank\" rel=\"noopener noreferrer\"><strong>Regulamento do Programa de Est\u00e1gio Pedag\u00f3gico Volunt\u00e1rio da Unicentro<\/strong><\/a><br \/>\n(Resolu\u00e7\u00e3o n\u00ba 01-Cepe\/Unicentro, de 2 de janeiro de 2007)[\/vc_column_text][vc_btn title=&#8221;TUTORIAL PARA PREENCHIMENTO DOS PLANOS DE ATIVIDADES&#8221; style=&#8221;flat&#8221; shape=&#8221;square&#8221; color=&#8221;juicy-pink&#8221; align=&#8221;center&#8221; link=&#8221;url:http%3A%2F%2Fwww3.unicentro.br%2Fproen%2Fwp-content%2Fuploads%2Fsites%2F41%2F2019%2F08%2FTutorial_SGUWeb_Planos_de_Atividades_Programas_PROEN.pdf||target:%20_blank|&#8221;][vc_btn title=&#8221;ORIENTA\u00c7\u00d5ES PARA TRAMITA\u00c7\u00c3O DOS PLANOS DE ATIVIDADES&#8221; style=&#8221;flat&#8221; shape=&#8221;square&#8221; color=&#8221;juicy-pink&#8221; align=&#8221;center&#8221; link=&#8221;url:https%3A%2F%2Fwww2.unicentro.br%2Fproen%2Ffiles%2F2015%2F09%2FOrienta%25C3%25A7%25C3%25B5es-para-tramita%25C3%25A7%25C3%25A3o-dos-planos-de-atividades-dos-programas.pdf%3Fx34126||target:%20_blank|&#8221;][\/vc_column][\/vc_row][vc_row][vc_column][vc_separator color=&#8221;sky&#8221; border_width=&#8221;2&#8243;][vc_custom_heading text=&#8221;Carga hor\u00e1ria para Est\u00e1gio Pedag\u00f3gico Volunt\u00e1rio &#8211; ano letivo de 2026&#8243; font_container=&#8221;tag:h2|text_align:center&#8221; use_theme_fonts=&#8221;yes&#8221; css=&#8221;&#8221;][\/vc_column][\/vc_row][vc_row][vc_column width=&#8221;1\/3&#8243;][\/vc_column][vc_column width=&#8221;1\/3&#8243;][vc_btn title=&#8221;Calend\u00e1rio&#8221; style=&#8221;flat&#8221; shape=&#8221;square&#8221; color=&#8221;sky&#8221; align=&#8221;center&#8221; i_icon_fontawesome=&#8221;fa fa-solid fa-calendar&#8221; css=&#8221;&#8221; button_block=&#8221;true&#8221; add_icon=&#8221;true&#8221; link=&#8221;url:https%3A%2F%2Fwww3.unicentro.br%2Fproen%2Fwp-content%2Fuploads%2Fsites%2F41%2F2026%2F02%2Fcarga_horaria_2026-2.pdf|target:_blank&#8221;][\/vc_column][vc_column width=&#8221;1\/3&#8243;][\/vc_column][\/vc_row][vc_row][vc_column][vc_separator color=&#8221;sky&#8221; border_width=&#8221;2&#8243;][vc_custom_heading text=&#8221;Datas para Est\u00e1gio Pedag\u00f3gico Volunt\u00e1rio &#8211; ano letivo de 2026&#8243; font_container=&#8221;tag:h2|text_align:center&#8221; use_theme_fonts=&#8221;yes&#8221; css=&#8221;&#8221;][\/vc_column][\/vc_row][vc_row][vc_column width=&#8221;1\/3&#8243;][\/vc_column][vc_column width=&#8221;1\/3&#8243;][vc_btn title=&#8221;Calend\u00e1rio&#8221; style=&#8221;flat&#8221; shape=&#8221;square&#8221; color=&#8221;info&#8221; align=&#8221;center&#8221; i_icon_fontawesome=&#8221;fa fa-solid fa-calendar&#8221; css=&#8221;&#8221; button_block=&#8221;true&#8221; add_icon=&#8221;true&#8221; link=&#8221;url:https%3A%2F%2Fwww3.unicentro.br%2Fproen%2Fwp-content%2Fuploads%2Fsites%2F41%2F2026%2F02%2FDATAS-REFERENTES-AOS-PROGRAMAS-DE-MONITORIA-DISCENTE-ESTAGIO-PEDAGOGICO-VOLUNTARIO-E-TUTORIA-DISCENTE-DO-ANO-DE-2026-2.pdf|target:_blank&#8221;][\/vc_column][vc_column width=&#8221;1\/3&#8243;][\/vc_column][\/vc_row][vc_row][vc_column][vc_separator color=&#8221;sky&#8221; border_width=&#8221;2&#8243;][vc_btn title=&#8221;PESQUISA DE CERTIFICADOS DE EST\u00c1GIO PEDAG\u00d3GICO VOLUNT\u00c1RIO&#8221; style=&#8221;outline&#8221; shape=&#8221;square&#8221; color=&#8221;juicy-pink&#8221; align=&#8221;center&#8221; i_icon_fontawesome=&#8221;fa fa-search&#8221; add_icon=&#8221;true&#8221; link=&#8221;url:https%3A%2F%2Fsgu.unicentro.br%2Fnccertificados%2Fsearch||target:%20_blank|&#8221;][vc_message message_box_color=&#8221;danger&#8221;]<strong>INFORMATIVO: o RELAT\u00d3RIO FINAL\u00a0deve ser cadastrado via SGU Web, ap\u00f3s a aprova\u00e7\u00e3o do Plano de Atividades pelo Departamento. Para acessar a tela para preenchimento do relat\u00f3rio, deve-se clicar em \u201cMinhas propostas\u201d, em seguida \u201cAlterar\u201d na respectiva proposta e por fim no \u00edcone \u201cRelat\u00f3rio Final\u201d, e seguir as instru\u00e7\u00f5es exibidas na tela. Ap\u00f3s o preenchimento, deve-se clicar em \u201cEnviar para aprecia\u00e7\u00e3o\u201d para que o relat\u00f3rio seja submetido para avalia\u00e7\u00e3o do Departamento.<\/strong>[\/vc_message][vc_tta_accordion style=&#8221;flat&#8221; shape=&#8221;square&#8221; active_section=&#8221;100&#8243; collapsible_all=&#8221;true&#8221;][vc_tta_section title=&#8221;Modelos de documentos do Programa de Est\u00e1gio Pedag\u00f3gico Volunt\u00e1rio&#8221; tab_id=&#8221;1535551297573-ba495cf9-6fbb&#8221;][vc_column_text]<\/p>\n<ul>\n<li>\u00a0<a href=\"https:\/\/www3.unicentro.br\/proen\/wp-content\/uploads\/sites\/41\/2022\/11\/MODELO_Ficha_de_inscricao_EPV.pdf\" target=\"_blank\" rel=\"noopener noreferrer\">Ficha de Inscri\u00e7\u00e3o para o Programa de\u00a0Est\u00e1gio Pedag\u00f3gico Volunt\u00e1rio<\/a><\/li>\n<li><a href=\"https:\/\/www3.unicentro.br\/proen\/wp-content\/uploads\/sites\/41\/2022\/11\/controle_epv.pdf\">Controle de Frequ\u00eancia de Est\u00e1gio Pedag\u00f3gico Volunt\u00e1rio<\/a><\/li>\n<\/ul>\n<p>[\/vc_column_text][\/vc_tta_section][\/vc_tta_accordion][\/vc_column][\/vc_row]<\/p>\n<\/div>","protected":false},"excerpt":{"rendered":"<p>[vc_row][vc_column][vc_column_text]Caracteriza-se pelo desenvolvimento de a\u00e7\u00f5es did\u00e1tico-pedag\u00f3gicas no \u00e2mbito das disciplinas regularmente ofertadas em cursos de gradua\u00e7\u00e3o da Universidade. Este programa visa implementar e atualizar o processo de forma\u00e7\u00e3o continuada dos graduados em n\u00edvel superior, com vistas ao desenvolvimento da atividade de ensino das mat\u00e9rias do curr\u00edculo pleno dos cursos de gradua\u00e7\u00e3o, bem como cultivar interesse [&hellip;]<\/p>\n","protected":false},"author":3,"featured_media":0,"parent":195,"menu_order":0,"comment_status":"closed","ping_status":"closed","template":"","meta":{"_exactmetrics_skip_tracking":false,"_exactmetrics_sitenote_active":false,"_exactmetrics_sitenote_note":"","_exactmetrics_sitenote_category":0,"footnotes":"","_links_to":"","_links_to_target":""},"class_list":["post-187","page","type-page","status-publish","hentry"],"_links":{"self":[{"href":"https:\/\/www3.unicentro.br\/proen\/wp-json\/wp\/v2\/pages\/187","targetHints":{"allow":["GET"]}}],"collection":[{"href":"https:\/\/www3.unicentro.br\/proen\/wp-json\/wp\/v2\/pages"}],"about":[{"href":"https:\/\/www3.unicentro.br\/proen\/wp-json\/wp\/v2\/types\/page"}],"author":[{"embeddable":true,"href":"https:\/\/www3.unicentro.br\/proen\/wp-json\/wp\/v2\/users\/3"}],"replies":[{"embeddable":true,"href":"https:\/\/www3.unicentro.br\/proen\/wp-json\/wp\/v2\/comments?post=187"}],"version-history":[{"count":1,"href":"https:\/\/www3.unicentro.br\/proen\/wp-json\/wp\/v2\/pages\/187\/revisions"}],"predecessor-version":[{"id":13756,"href":"https:\/\/www3.unicentro.br\/proen\/wp-json\/wp\/v2\/pages\/187\/revisions\/13756"}],"up":[{"embeddable":true,"href":"https:\/\/www3.unicentro.br\/proen\/wp-json\/wp\/v2\/pages\/195"}],"wp:attachment":[{"href":"https:\/\/www3.unicentro.br\/proen\/wp-json\/wp\/v2\/media?parent=187"}],"curies":[{"name":"wp","href":"https:\/\/api.w.org\/{rel}","templated":true}]}}