{"id":185,"date":"2018-08-24T17:21:58","date_gmt":"2018-08-24T20:21:58","guid":{"rendered":"https:\/\/www3.unicentro.br\/proen\/?page_id=185"},"modified":"2026-02-09T16:06:35","modified_gmt":"2026-02-09T19:06:35","slug":"tutoria","status":"publish","type":"page","link":"https:\/\/www3.unicentro.br\/proen\/programas-institucionais\/tutoria\/","title":{"rendered":"Programa de Tutoria Discente"},"content":{"rendered":"<div class=\"wpb-content-wrapper\"><p>[vc_row][vc_column][vc_column_text]Este programa visa atender aos alunos pertencentes a grupos que necessitam de a\u00e7\u00f5es inclusivas, apontando, com isso, possibilidades de inser\u00e7\u00e3o \u00e0 din\u00e2mica da universidade e \u00e0s caracter\u00edsticas da vida universit\u00e1ria, oferecendo-lhes a necess\u00e1ria orienta\u00e7\u00e3o no encaminhamento de suas atividades acad\u00eamicas. Podem se inscrever como tutores nesse programa, os alunos regularmente matriculados a partir da segunda s\u00e9rie dos cursos de gradua\u00e7\u00e3o da Unicentro. O programa oferece anualmente at\u00e9 30 bolsas para os acad\u00eamicos tutores e tem dura\u00e7\u00e3o de, no m\u00e1ximo, 9 meses.<\/p>\n<p><a title=\"Resolu\u00e7\u00e3o n\u00ba 03-CEPE\/UNICENTRO, de 7 de fevereiro de 2007\" href=\"https:\/\/sgu.unicentro.br\/pcatooficiais\/imprimir\/B79733A6\" target=\"_blank\" rel=\"noopener noreferrer\"><strong>Regulamento do Programa de Tutoria Discente da Unicentro<\/strong><\/a><\/p>\n<p>(Resolu\u00e7\u00e3o n\u00ba 03-Cepe\/Unicentro, de 7 de fevereiro de 2007)[\/vc_column_text][vc_btn title=&#8221;TUTORIAL PARA PREENCHIMENTO DOS PLANOS DE ATIVIDADES&#8221; style=&#8221;flat&#8221; shape=&#8221;square&#8221; color=&#8221;juicy-pink&#8221; align=&#8221;center&#8221; link=&#8221;url:http%3A%2F%2Fwww3.unicentro.br%2Fproen%2Fwp-content%2Fuploads%2Fsites%2F41%2F2019%2F08%2FTutorial_SGUWeb_Planos_de_Atividades_Programas_PROEN.pdf||target:%20_blank|&#8221;][vc_btn title=&#8221;ORIENTA\u00c7\u00d5ES PARA TRAMITA\u00c7\u00c3O DOS PLANOS DE ATIVIDADES&#8221; style=&#8221;flat&#8221; shape=&#8221;square&#8221; color=&#8221;juicy-pink&#8221; align=&#8221;center&#8221; link=&#8221;url:https%3A%2F%2Fwww2.unicentro.br%2Fproen%2Ffiles%2F2015%2F09%2FOrienta%25C3%25A7%25C3%25B5es-para-tramita%25C3%25A7%25C3%25A3o-dos-planos-de-atividades-dos-programas.pdf%3Fx34126||target:%20_blank|&#8221;][\/vc_column][\/vc_row][vc_row][vc_column][vc_separator color=&#8221;sky&#8221; border_width=&#8221;2&#8243;][vc_custom_heading text=&#8221;Carga hor\u00e1ria para Tutoria Discente &#8211; ano letivo de 2026&#8243; font_container=&#8221;tag:h2|text_align:center&#8221; use_theme_fonts=&#8221;yes&#8221; css=&#8221;&#8221;][\/vc_column][\/vc_row][vc_row][vc_column width=&#8221;1\/3&#8243;][\/vc_column][vc_column width=&#8221;1\/3&#8243;][vc_btn title=&#8221;Calend\u00e1rio&#8221; style=&#8221;flat&#8221; shape=&#8221;square&#8221; color=&#8221;sky&#8221; align=&#8221;center&#8221; i_icon_fontawesome=&#8221;&#8221; css=&#8221;&#8221; button_block=&#8221;true&#8221; add_icon=&#8221;true&#8221; link=&#8221;url:https%3A%2F%2Fwww3.unicentro.br%2Fproen%2Fwp-content%2Fuploads%2Fsites%2F41%2F2026%2F02%2Fcarga_horaria_2026.pdf|target:_blank&#8221;][\/vc_column][vc_column width=&#8221;1\/3&#8243;][\/vc_column][\/vc_row][vc_row][vc_column][vc_separator color=&#8221;sky&#8221; border_width=&#8221;2&#8243;][vc_custom_heading text=&#8221;Datas para Tutoria Discente &#8211; ano letivo de 2026&#8243; font_container=&#8221;tag:h2|text_align:center&#8221; use_theme_fonts=&#8221;yes&#8221; css=&#8221;&#8221;][\/vc_column][\/vc_row][vc_row][vc_column width=&#8221;1\/3&#8243;][\/vc_column][vc_column width=&#8221;1\/3&#8243;][vc_btn title=&#8221;Calend\u00e1rio&#8221; style=&#8221;flat&#8221; shape=&#8221;square&#8221; color=&#8221;info&#8221; align=&#8221;center&#8221; i_icon_fontawesome=&#8221;fa fa-regular fa-calendar&#8221; css=&#8221;&#8221; button_block=&#8221;true&#8221; add_icon=&#8221;true&#8221; link=&#8221;url:https%3A%2F%2Fwww3.unicentro.br%2Fproen%2Fwp-content%2Fuploads%2Fsites%2F41%2F2026%2F02%2FDATAS-REFERENTES-AOS-PROGRAMAS-DE-MONITORIA-DISCENTE-ESTAGIO-PEDAGOGICO-VOLUNTARIO-E-TUTORIA-DISCENTE-DO-ANO-DE-2026.pdf|target:_blank&#8221;][\/vc_column][vc_column width=&#8221;1\/3&#8243;][\/vc_column][\/vc_row][vc_row][vc_column][vc_separator color=&#8221;sky&#8221; border_width=&#8221;2&#8243;][vc_btn title=&#8221;PESQUISA DE CERTIFICADOS DE TUTORIA&#8221; style=&#8221;outline&#8221; shape=&#8221;square&#8221; color=&#8221;juicy-pink&#8221; align=&#8221;center&#8221; i_icon_fontawesome=&#8221;fa fa-search&#8221; add_icon=&#8221;true&#8221; link=&#8221;url:https%3A%2F%2Fsgu.unicentro.br%2Fnccertificados%2Fsearch||target:%20_blank|&#8221;][vc_message message_box_color=&#8221;danger&#8221;]<strong>INFORMATIVO: o RELAT\u00d3RIO FINAL\u00a0deve ser cadastrado via SGU Web, ap\u00f3s a aprova\u00e7\u00e3o do Plano de Atividades pelo Departamento. Para acessar a tela para preenchimento do relat\u00f3rio, deve-se clicar em \u201cMinhas propostas\u201d, em seguida \u201cAlterar\u201d na respectiva proposta e por fim no \u00edcone \u201cRelat\u00f3rio Final\u201d, e seguir as instru\u00e7\u00f5es exibidas na tela. Ap\u00f3s o preenchimento, deve-se clicar em \u201cEnviar para aprecia\u00e7\u00e3o\u201d para que o relat\u00f3rio seja submetido para avalia\u00e7\u00e3o do Departamento.<\/strong>[\/vc_message][vc_tta_accordion style=&#8221;flat&#8221; shape=&#8221;square&#8221; active_section=&#8221;100&#8243; collapsible_all=&#8221;true&#8221;][vc_tta_section title=&#8221;Modelos de documentos do Programa de Tutoria Discente&#8221; tab_id=&#8221;1535551297573-ba495cf9-6fbb&#8221;][vc_column_text]<\/p>\n<ul>\n<li><a href=\"https:\/\/www3.unicentro.br\/proen\/wp-content\/uploads\/sites\/41\/2022\/11\/MODELO_Ficha_de_inscricao_Tutoria.pdf\" target=\"_blank\" rel=\"noopener noreferrer\">Ficha de Inscri\u00e7\u00e3o para o Programa de Tutoria Discente<\/a>\u00a0(.pdf)<\/li>\n<li><a href=\"https:\/\/www3.unicentro.br\/proen\/wp-content\/uploads\/sites\/41\/2022\/11\/TUTORIA_Controle_Frequencia.pdf\">Controle de Frequ\u00eancia de\u00a0Tutoria Discente<\/a>\u00a0(.doc)<\/li>\n<\/ul>\n<p>[\/vc_column_text][\/vc_tta_section][\/vc_tta_accordion][\/vc_column][\/vc_row]<\/p>\n<\/div>","protected":false},"excerpt":{"rendered":"<p>[vc_row][vc_column][vc_column_text]Este programa visa atender aos alunos pertencentes a grupos que necessitam de a\u00e7\u00f5es inclusivas, apontando, com isso, possibilidades de inser\u00e7\u00e3o \u00e0 din\u00e2mica da universidade e \u00e0s caracter\u00edsticas da vida universit\u00e1ria, oferecendo-lhes a necess\u00e1ria orienta\u00e7\u00e3o no encaminhamento de suas atividades acad\u00eamicas. Podem se inscrever como tutores nesse programa, os alunos regularmente matriculados a partir da segunda [&hellip;]<\/p>\n","protected":false},"author":3,"featured_media":0,"parent":195,"menu_order":0,"comment_status":"closed","ping_status":"closed","template":"","meta":{"_exactmetrics_skip_tracking":false,"_exactmetrics_sitenote_active":false,"_exactmetrics_sitenote_note":"","_exactmetrics_sitenote_category":0,"footnotes":"","_links_to":"","_links_to_target":""},"class_list":["post-185","page","type-page","status-publish","hentry"],"_links":{"self":[{"href":"https:\/\/www3.unicentro.br\/proen\/wp-json\/wp\/v2\/pages\/185","targetHints":{"allow":["GET"]}}],"collection":[{"href":"https:\/\/www3.unicentro.br\/proen\/wp-json\/wp\/v2\/pages"}],"about":[{"href":"https:\/\/www3.unicentro.br\/proen\/wp-json\/wp\/v2\/types\/page"}],"author":[{"embeddable":true,"href":"https:\/\/www3.unicentro.br\/proen\/wp-json\/wp\/v2\/users\/3"}],"replies":[{"embeddable":true,"href":"https:\/\/www3.unicentro.br\/proen\/wp-json\/wp\/v2\/comments?post=185"}],"version-history":[{"count":1,"href":"https:\/\/www3.unicentro.br\/proen\/wp-json\/wp\/v2\/pages\/185\/revisions"}],"predecessor-version":[{"id":13711,"href":"https:\/\/www3.unicentro.br\/proen\/wp-json\/wp\/v2\/pages\/185\/revisions\/13711"}],"up":[{"embeddable":true,"href":"https:\/\/www3.unicentro.br\/proen\/wp-json\/wp\/v2\/pages\/195"}],"wp:attachment":[{"href":"https:\/\/www3.unicentro.br\/proen\/wp-json\/wp\/v2\/media?parent=185"}],"curies":[{"name":"wp","href":"https:\/\/api.w.org\/{rel}","templated":true}]}}