{"id":177,"date":"2018-08-24T16:31:03","date_gmt":"2018-08-24T19:31:03","guid":{"rendered":"https:\/\/www3.unicentro.br\/proen\/?page_id=177"},"modified":"2026-02-13T14:57:41","modified_gmt":"2026-02-13T17:57:41","slug":"pet","status":"publish","type":"page","link":"https:\/\/www3.unicentro.br\/proen\/programas-institucionais\/pet\/","title":{"rendered":"Programa de Educa\u00e7\u00e3o Tutorial &#8211; PET"},"content":{"rendered":"<div class=\"wpb-content-wrapper\"><p>[vc_row][vc_column][vc_cta h2=&#8221;&#8221; txt_align=&#8221;justify&#8221; css_animation=&#8221;fadeIn&#8221;]<\/p>\n<p style=\"text-align: justify\">O\u00a0Programa de Educa\u00e7\u00e3o Tutorial, PET, \u00e9 desenvolvido pelas Institui\u00e7\u00f5es de Ensino Superior do pa\u00eds em parceria com o MEC\/SESu, por meio de grupos de estudantes organizados nos cursos de Gradua\u00e7\u00e3o, com tutoria de um docente, norteados pelo princ\u00edpio da indissociabilidade entre ensino, pesquisa e extens\u00e3o. Para ingressar no programa os estudantes devem cursar, no ato da inscri\u00e7\u00e3o, entre a primeira e a \u00faltima s\u00e9rie do respectivo curso. Al\u00e9m de se comprometerem com o programa, os bolsistas devem manter excelente rendimento escolar. Atualmente a Unicentro possui 8 grupos PET, sediados nos\u00a0<em>Campi<\/em>\u00a0Santa Cruz, Cedeteg e Irati, que juntos contam com cerca de 96 discentes bolsistas e 8 professores tutores. Todos os anos s\u00e3o abertos editais para ingresso de novos alunos (bolsistas e n\u00e3o bolsistas) nos grupos PET da Unicentro.<\/p>\n<p>[\/vc_cta][\/vc_column][\/vc_row][vc_row equal_height=&#8221;yes&#8221; u_row_style=&#8221;0&#8243; u_row_paralax=&#8221;0&#8243; u_row_scheme=&#8221;0&#8243;][vc_column width=&#8221;1\/4&#8243;][vc_btn title=&#8221;<b>PET<br \/>Agronomia<\/b>&#8221; style=&#8221;custom&#8221; custom_background=&#8221;#c40707&#8243; custom_text=&#8221;#ffffff&#8221; align=&#8221;center&#8221; css_animation=&#8221;appear&#8221; css=&#8221;&#8221; button_block=&#8221;true&#8221; link=&#8221;url:https%3A%2F%2Fwww3.unicentro.br%2Fproen%2Fwp-content%2Fuploads%2Fsites%2F41%2F2026%2F02%2FAgronomia.pdf|target:_blank&#8221; el_class=&#8221;botaocurso&#8221;][\/vc_column][vc_column width=&#8221;1\/4&#8243;][vc_btn title=&#8221;<b>PET<br \/>Engenharia Ambiental\/Florestal<\/b>&#8221; style=&#8221;custom&#8221; custom_background=&#8221;#c40707&#8243; custom_text=&#8221;#ffffff&#8221; align=&#8221;center&#8221; css_animation=&#8221;appear&#8221; css=&#8221;&#8221; button_block=&#8221;true&#8221; link=&#8221;url:https%3A%2F%2Fwww3.unicentro.br%2Fproen%2Fwp-content%2Fuploads%2Fsites%2F41%2F2026%2F02%2FEngenharias.pdf|target:_blank&#8221; el_class=&#8221;botaocurso&#8221;][\/vc_column][vc_column width=&#8221;1\/4&#8243;][vc_btn title=&#8221;<b>PET<br \/>Filosofia<\/b>&#8221; style=&#8221;custom&#8221; custom_background=&#8221;#c40707&#8243; custom_text=&#8221;#ffffff&#8221; align=&#8221;center&#8221; css_animation=&#8221;appear&#8221; css=&#8221;&#8221; button_block=&#8221;true&#8221; link=&#8221;url:https%3A%2F%2Fwww3.unicentro.br%2Fproen%2Fwp-content%2Fuploads%2Fsites%2F41%2F2026%2F02%2FFilosofia.pdf|target:_blank&#8221; el_class=&#8221;botaocurso&#8221;][\/vc_column][vc_column width=&#8221;1\/4&#8243;][vc_btn title=&#8221;<b>PET<br \/>F\u00edsica<\/b>&#8221; style=&#8221;custom&#8221; custom_background=&#8221;#c40707&#8243; custom_text=&#8221;#ffffff&#8221; align=&#8221;center&#8221; css_animation=&#8221;appear&#8221; css=&#8221;&#8221; button_block=&#8221;true&#8221; link=&#8221;url:https%3A%2F%2Fwww3.unicentro.br%2Fproen%2Fwp-content%2Fuploads%2Fsites%2F41%2F2026%2F02%2FFisica.pdf|target:_blank&#8221; el_class=&#8221;botaocurso&#8221;][\/vc_column][\/vc_row][vc_row][vc_column width=&#8221;1\/4&#8243;][vc_btn title=&#8221;<b>PET<br \/>Geografia<\/b>&#8221; style=&#8221;custom&#8221; custom_background=&#8221;#c40707&#8243; custom_text=&#8221;#ffffff&#8221; align=&#8221;center&#8221; css_animation=&#8221;appear&#8221; css=&#8221;&#8221; button_block=&#8221;true&#8221; link=&#8221;url:https%3A%2F%2Fwww3.unicentro.br%2Fproen%2Fwp-content%2Fuploads%2Fsites%2F41%2F2026%2F02%2FGeografia.pdf|target:_blank&#8221; el_class=&#8221;botaocurso&#8221;][\/vc_column][vc_column width=&#8221;1\/4&#8243;][vc_btn title=&#8221;<b>PET<br \/>Hist\u00f3ria<\/b>&#8221; style=&#8221;custom&#8221; custom_background=&#8221;#c40707&#8243; custom_text=&#8221;#ffffff&#8221; align=&#8221;center&#8221; css_animation=&#8221;appear&#8221; css=&#8221;&#8221; button_block=&#8221;true&#8221; link=&#8221;url:https%3A%2F%2Fwww3.unicentro.br%2Fproen%2Fwp-content%2Fuploads%2Fsites%2F41%2F2026%2F02%2FHistoria.pdf|target:_blank&#8221; el_class=&#8221;botaocurso&#8221;][\/vc_column][vc_column width=&#8221;1\/4&#8243;][vc_btn title=&#8221;<b>PET<br \/>Letras<\/b>&#8221; style=&#8221;custom&#8221; custom_background=&#8221;#c40707&#8243; custom_text=&#8221;#ffffff&#8221; align=&#8221;center&#8221; css_animation=&#8221;appear&#8221; css=&#8221;&#8221; button_block=&#8221;true&#8221; link=&#8221;url:https%3A%2F%2Fwww3.unicentro.br%2Fproen%2Fwp-content%2Fuploads%2Fsites%2F41%2F2026%2F02%2FLetras.pdf|target:_blank&#8221; el_class=&#8221;botaocurso&#8221;][\/vc_column][vc_column width=&#8221;1\/4&#8243;][vc_btn title=&#8221;<b>PET<br \/>Qu\u00edmica<\/b>&#8221; style=&#8221;custom&#8221; custom_background=&#8221;#c40707&#8243; custom_text=&#8221;#ffffff&#8221; align=&#8221;center&#8221; css_animation=&#8221;appear&#8221; css=&#8221;&#8221; button_block=&#8221;true&#8221; link=&#8221;url:https%3A%2F%2Fwww3.unicentro.br%2Fproen%2Fwp-content%2Fuploads%2Fsites%2F41%2F2026%2F02%2FQuimica.pdf|target:_blank&#8221; el_class=&#8221;botaocurso&#8221;][\/vc_column][\/vc_row][vc_row equal_height=&#8221;yes&#8221; u_row_style=&#8221;0&#8243; u_row_paralax=&#8221;0&#8243; u_row_scheme=&#8221;0&#8243;][vc_column width=&#8221;1\/4&#8243;][vc_btn title=&#8221;<b>PETMedicina Veterin\u00e1ria<\/b>&#8221; style=&#8221;custom&#8221; custom_background=&#8221;#c40707&#8243; custom_text=&#8221;#ffffff&#8221; align=&#8221;center&#8221; css_animation=&#8221;appear&#8221; css=&#8221;&#8221; button_block=&#8221;true&#8221; link=&#8221;url:https%3A%2F%2Fwww3.unicentro.br%2Fpetveterinaria%2F|target:_blank&#8221; el_class=&#8221;botaocurso&#8221;][\/vc_column][vc_column width=&#8221;1\/4&#8243;][vc_btn title=&#8221;<b>PET<br \/>\nCi\u00eancia da Computa\u00e7\u00e3o<\/b>&#8221; style=&#8221;custom&#8221; custom_background=&#8221;#c40707&#8243; custom_text=&#8221;#ffffff&#8221; align=&#8221;center&#8221; css_animation=&#8221;appear&#8221; css=&#8221;&#8221; button_block=&#8221;true&#8221; link=&#8221;url:https%3A%2F%2Fwww3.unicentro.br%2Fpetcc%2F|target:_blank&#8221; el_class=&#8221;botaocurso&#8221;][\/vc_column][vc_column width=&#8221;1\/4&#8243;][\/vc_column][vc_column width=&#8221;1\/4&#8243;][\/vc_column][\/vc_row][vc_row][vc_column][vc_separator color=&#8221;blue&#8221; border_width=&#8221;5&#8243;][\/vc_column][\/vc_row][vc_row][vc_column width=&#8221;1\/3&#8243;][vc_btn title=&#8221;<b>Regulamento do Programa de Educa\u00e7\u00e3o Tutorial, PET, da Unicentro<\/b>&#8221; color=&#8221;blue&#8221; align=&#8221;center&#8221; css_animation=&#8221;appear&#8221; button_block=&#8221;true&#8221; link=&#8221;url:https%3A%2F%2Fsgu.unicentro.br%2Fpcatooficiais%2Fimprimir%2F0758C056|title:Resolu%C3%A7%C3%A3o%20n%C2%BA%202-CEPE%2FUnicentro%2C%20de%208%20de%20mar%C3%A7o%20de%202016|target:%20_blank|&#8221;][\/vc_column][vc_column width=&#8221;1\/3&#8243;][vc_btn title=&#8221;<b>SIGPET \u2013 Sistema de Gest\u00e3o do Programa de Educa\u00e7\u00e3o Tutorial<\/b>&#8221; color=&#8221;blue&#8221; align=&#8221;center&#8221; css_animation=&#8221;appear&#8221; button_block=&#8221;true&#8221; link=&#8221;url:http%3A%2F%2Fsigpet.mec.gov.br%2F|title:Acesso%20exclusivo%20para%20os%20professores%20e%20estudantes%20participantes%20do%20Programa|target:%20_blank|&#8221;][\/vc_column][vc_column width=&#8221;1\/3&#8243;][vc_btn title=&#8221;<b>Consulta ao n\u00famero do cart\u00e3o benef\u00edcio<br \/>\n(Portal do FNDE)<\/b>&#8221; color=&#8221;blue&#8221; align=&#8221;center&#8221; css_animation=&#8221;appear&#8221; button_block=&#8221;true&#8221; link=&#8221;url:https%3A%2F%2Fwww.fnde.gov.br%2Fsigefweb%2Fconsultar-beneficios|title:N%C3%BAmero%20do%20cart%C3%A3o%20benef%C3%ADcio%20do%20bolsista%20e%20n%C3%BAmero%20do%20conv%C3%AAnio%20do%20FNDE%20com%20o%20Banco%20do%20Brasil|target:%20_blank|&#8221;][\/vc_column][\/vc_row][vc_row][vc_column width=&#8221;1\/3&#8243;][\/vc_column][vc_column width=&#8221;1\/3&#8243;][vc_btn title=&#8221;<b>Pesquisa de Certificados<\/b>&#8221; style=&#8221;outline&#8221; color=&#8221;blue&#8221; size=&#8221;lg&#8221; align=&#8221;center&#8221; i_icon_fontawesome=&#8221;fa fa-search&#8221; css_animation=&#8221;appear&#8221; button_block=&#8221;true&#8221; add_icon=&#8221;true&#8221; link=&#8221;url:https%3A%2F%2Fsgu.unicentro.br%2Fnccertificados%2Fsearch||target:%20_blank|&#8221;][\/vc_column][vc_column width=&#8221;1\/3&#8243;][\/vc_column][\/vc_row][vc_row][vc_column][vc_separator color=&#8221;blue&#8221; border_width=&#8221;5&#8243;][vc_tta_accordion color=&#8221;blue&#8221; spacing=&#8221;15&#8243; c_align=&#8221;center&#8221; active_section=&#8221;80&#8243; css_animation=&#8221;fadeIn&#8221; collapsible_all=&#8221;true&#8221;][vc_tta_section title=&#8221;<b>CLAA \u2013 Comit\u00ea Local de Acompanhamento e Avalia\u00e7\u00e3o dos Grupos PET<\/b>&#8221; tab_id=&#8221;1555094439721-bd52784a-3838&#8243;][vc_column_text]<\/p>\n<ul>\n<li><a href=\"https:\/\/sgu.unicentro.br\/pcatooficiais\/imprimir\/1AD18228\">PORTARIA N\u00ba 465-GR\/UNICENTRO, DE 6 DE JULHO DE 2022 &#8211; Designa o Comit\u00ea Local de Acompanhamento e Avalia\u00e7\u00e3o, CLAA, dos Grupos PET da UNICENTRO, e d\u00e1 outras provid\u00eancias.<\/a><\/li>\n<\/ul>\n<p>[\/vc_column_text][\/vc_tta_section][vc_tta_section title=&#8221;<b>Planejamento Anual dos Grupos PET &#8211; 2025<\/b>&#8221; tab_id=&#8221;1554989453166-847f1fde-0f4b&#8221;][vc_column_text css=&#8221;&#8221;]<\/p>\n<ul>\n<li style=\"text-align: justify\"><strong><a href=\"https:\/\/www3.unicentro.br\/proen\/wp-content\/uploads\/sites\/41\/2025\/04\/Agronomia-2025.pdf\" target=\"_blank\" rel=\"noopener noreferrer\">PET Agronomia<\/a><\/strong><\/li>\n<li style=\"text-align: justify\"><strong><a href=\"https:\/\/www3.unicentro.br\/proen\/wp-content\/uploads\/sites\/41\/2025\/04\/Pet-Engenharia-Ambiental-e-Florestal-2025.pdf\" target=\"_blank\" rel=\"noopener noreferrer\">PET Engenharia Ambiental\/Florestal<\/a><\/strong><\/li>\n<li style=\"text-align: justify\"><strong><a href=\"https:\/\/www3.unicentro.br\/proen\/wp-content\/uploads\/sites\/41\/2024\/05\/Filosofia.pdf\" target=\"_blank\" rel=\"noopener noreferrer\">PET Filosofia<\/a><\/strong><\/li>\n<li style=\"text-align: justify\"><strong><a href=\"https:\/\/www3.unicentro.br\/proen\/wp-content\/uploads\/sites\/41\/2025\/04\/Fisica-2025.pdf\" target=\"_blank\" rel=\"noopener noreferrer\">PET F\u00edsica<\/a><\/strong><\/li>\n<li style=\"text-align: justify\"><strong><a href=\"https:\/\/www3.unicentro.br\/proen\/wp-content\/uploads\/sites\/41\/2025\/04\/Geografia-2025.pdf\" target=\"_blank\" rel=\"noopener noreferrer\">PET Geografia<\/a><\/strong><\/li>\n<li style=\"text-align: justify\"><strong><a href=\"https:\/\/www3.unicentro.br\/proen\/wp-content\/uploads\/sites\/41\/2025\/04\/Historia-2025.pdf\" target=\"_blank\" rel=\"noopener noreferrer\">PET Hist\u00f3ria<\/a><\/strong><\/li>\n<li style=\"text-align: justify\"><strong><a href=\"https:\/\/www3.unicentro.br\/proen\/wp-content\/uploads\/sites\/41\/2025\/04\/Letras-2025.pdf\" target=\"_blank\" rel=\"noopener noreferrer\">PET Letras<\/a><\/strong><\/li>\n<li style=\"text-align: justify\"><strong><a href=\"https:\/\/www3.unicentro.br\/proen\/wp-content\/uploads\/sites\/41\/2025\/04\/Quimica-2025.pdf\" target=\"_blank\" rel=\"noopener noreferrer\">PET Qu\u00edmica<\/a><\/strong><\/li>\n<\/ul>\n<p>[\/vc_column_text][\/vc_tta_section][vc_tta_section title=&#8221;<b>Hist\u00f3rico da expans\u00e3o dos Grupos PET na Unicentro<\/b>&#8221; tab_id=&#8221;1543511526380-e2078d1b-c94c&#8221;][vc_column_text]<\/p>\n<table class=\" aligncenter\" style=\"height: 336px\" width=\"820\">\n<tbody>\n<tr>\n<td style=\"text-align: center\" width=\"110\"><strong>Ano<\/strong><\/td>\n<td style=\"text-align: center\" width=\"90\"><strong>Qtde. de grupos<\/strong><\/td>\n<td style=\"text-align: center\" width=\"90\"><strong>Qtde. de bolsistas<\/strong><\/td>\n<td style=\"text-align: center\" width=\"530\"><strong>Grupos PET<\/strong><\/td>\n<\/tr>\n<tr>\n<td style=\"text-align: center\" width=\"110\">2008<\/td>\n<td style=\"text-align: center\" width=\"90\">2<\/td>\n<td style=\"text-align: center\" width=\"90\">24<\/td>\n<td style=\"text-align: center\" width=\"530\">Geografia e Letras<\/td>\n<\/tr>\n<tr>\n<td style=\"text-align: center\" width=\"110\">2009<\/td>\n<td style=\"text-align: center\" width=\"90\">3<\/td>\n<td style=\"text-align: center\" width=\"90\">28<\/td>\n<td style=\"text-align: center\" width=\"530\">Geografia, Letras e F\u00edsica<\/td>\n<\/tr>\n<tr>\n<td style=\"text-align: center\" width=\"110\">2010<\/td>\n<td style=\"text-align: center\" width=\"90\">4<\/td>\n<td style=\"text-align: center\" width=\"90\">36<\/td>\n<td style=\"text-align: center\" width=\"530\">Geografia, Letras, F\u00edsica e Agronomia<\/td>\n<\/tr>\n<tr>\n<td style=\"text-align: center\" width=\"110\">2011<\/td>\n<td style=\"text-align: center\" width=\"90\">6<\/td>\n<td style=\"text-align: center\" width=\"90\">52<\/td>\n<td style=\"text-align: center\" width=\"530\">Geografia, Letras, F\u00edsica, Agronomia, Qu\u00edmica e Filosofia<\/td>\n<\/tr>\n<tr>\n<td style=\"text-align: center\" width=\"110\">2012<\/td>\n<td style=\"text-align: center\" width=\"90\">8<\/td>\n<td style=\"text-align: center\" width=\"90\">80<\/td>\n<td style=\"text-align: center\" width=\"530\">Geografia, Letras, F\u00edsica, Agronomia, Qu\u00edmica, Filosofia, Engenharias\/I e Hist\u00f3ria\/G<\/td>\n<\/tr>\n<tr>\n<td style=\"text-align: center\" width=\"110\">2013<\/td>\n<td style=\"text-align: center\" width=\"90\">8<\/td>\n<td style=\"text-align: center\" width=\"90\">92<\/td>\n<td style=\"text-align: center\" width=\"530\">Geografia, Letras, F\u00edsica, Agronomia, Qu\u00edmica, Filosofia, Engenharias\/I e Hist\u00f3ria\/G<\/td>\n<\/tr>\n<tr>\n<td style=\"text-align: center\" width=\"110\">2014 a 2018<\/td>\n<td style=\"text-align: center\" width=\"90\">8<\/td>\n<td style=\"text-align: center\" width=\"90\">96<\/td>\n<td style=\"text-align: center\" width=\"530\">Geografia, Letras, F\u00edsica, Agronomia, Qu\u00edmica, Filosofia, Engenharias\/I e Hist\u00f3ria\/G<\/td>\n<\/tr>\n<\/tbody>\n<\/table>\n<p>[\/vc_column_text][vc_single_image image=&#8221;942&#8243; img_size=&#8221;600&#215;295&#8243; alignment=&#8221;center&#8221;][\/vc_tta_section][\/vc_tta_accordion][vc_cta h2=&#8221;Manuais e documentos&#8221; txt_align=&#8221;justify&#8221; css_animation=&#8221;fadeIn&#8221;]<\/p>\n<ul>\n<li><strong><a href=\"http:\/\/portal.mec.gov.br\/index.php?option=com_docman&amp;view=download&amp;alias=338-manualorientabasicas&amp;category_slug=pet-programa-de-educacao-tutorial&amp;Itemid=30192\" target=\"_blank\" rel=\"noopener noreferrer\">Manual de Orienta\u00e7\u00f5es B\u00e1sicas<\/a><\/strong><\/li>\n<\/ul>\n<ul>\n<li><strong><a href=\"https:\/\/www3.unicentro.br\/proen\/wp-content\/uploads\/sites\/41\/2023\/10\/resolucao_cd_36_2013_3.pdf\" target=\"_blank\" rel=\"noopener noreferrer\">Manual de orienta\u00e7\u00f5es sobre o custeio PET<\/a><\/strong><\/li>\n<\/ul>\n<ul>\n<li><strong><a title=\"PET - Termo de Compromisso do Aluno\" href=\"https:\/\/www3.unicentro.br\/proen\/wp-content\/uploads\/sites\/41\/2019\/02\/PET_Termo_de_compromisso_ALUNO.pdf\" target=\"_blank\" rel=\"noopener noreferrer\">Termo de Compromisso do(a) ALUNO(A) (.pdf)<\/a><\/strong><\/li>\n<\/ul>\n<ul>\n<li><strong><a title=\"PET - Termo de Compromisso do Aluno\" href=\"https:\/\/www3.unicentro.br\/proen\/wp-content\/uploads\/sites\/41\/2019\/02\/PET_Termo_de_compromisso_TUTOR.pdf\" target=\"_blank\" rel=\"noopener noreferrer\">Termo de Compromisso do(a) TUTOR(A) (.pdf)<\/a><\/strong><\/li>\n<\/ul>\n<ul>\n<li><a href=\"https:\/\/www3.unicentro.br\/proen\/wp-content\/uploads\/sites\/41\/2019\/02\/FORMULARIO_Solicitacao_Certificados_PET.doc\"><strong>Formul\u00e1rio para solicita\u00e7\u00e3o de certificados de participa\u00e7\u00e3o no PET (.doc)<\/strong><\/a><\/li>\n<\/ul>\n<p>[\/vc_cta][\/vc_column][\/vc_row][vc_row][vc_column][vc_cta h2=&#8221;Legisla\u00e7\u00e3o relacionada&#8221; txt_align=&#8221;justify&#8221; css_animation=&#8221;fadeIn&#8221;]<\/p>\n<ul style=\"text-align: justify\">\n<li><strong><a href=\"http:\/\/www.planalto.gov.br\/ccivil_03\/_Ato2004-2006\/2005\/Lei\/L11180.htm\" target=\"_blank\" rel=\"noopener noreferrer\">Lei\u00a0n\u00ba 11.180, de 23 de setembro de 2005<\/a><\/strong><\/li>\n<\/ul>\n<ul style=\"text-align: justify\">\n<li><strong><a href=\"https:\/\/www2.unicentro.br\/proen\/files\/2018\/05\/portaria_mec_976-2010_republicada.pdf?x34126\" target=\"_blank\" rel=\"noopener noreferrer\">Portaria MEC\u00a0n\u00ba 976, de 27 de julho de 2010<\/a><\/strong>\u00a0(alterada pela\u00a0<a href=\"https:\/\/www2.unicentro.br\/proen\/files\/2018\/05\/portaria_mec_343_24_abril_2013_altera-a-976.pdf?x34126\" target=\"_blank\" rel=\"noopener noreferrer\">Portaria MEC n\u00ba 343, de 24 de abril de 2013<\/a>)<\/li>\n<\/ul>\n<ul style=\"text-align: justify\">\n<li><a href=\"http:\/\/www.fnde.gov.br\/acesso-a-informacao\/institucional\/legislacao\/item\/4911-resolu%C3%A7%C3%A3o-cd-fnde-n%C2%BA-36,-de-24-de-setembro-de-2013\" target=\"_blank\" rel=\"noopener noreferrer\"><strong>Resolu\u00e7\u00e3o MEC\/FNDE\u00a0n\u00ba 36, de 24 de setembro de 2013<\/strong><\/a>\u00a0(procedimentos para\u00a0cr\u00e9dito do custeio dos grupos PET)\n<ul>\n<li><a href=\"https:\/\/www2.unicentro.br\/proen\/files\/2018\/04\/Despesas_CUSTEIO_CAPITAL_Portaria_MF-STN_448_de_13_de_Setembro_de_2002.pdf?x34126\" target=\"_blank\" rel=\"noopener noreferrer\">Portaria MF\/STN\u00a0n\u00ba 448, de 13 de setembro de 2002<\/a>\u00a0(detalhamento das naturezas de despesa com material de consumo e material permanente)<\/li>\n<\/ul>\n<\/li>\n<\/ul>\n<ul>\n<li style=\"text-align: justify\"><a href=\"http:\/\/www.fnde.gov.br\/acesso-a-informacao\/institucional\/legislacao\/item\/5011-resolu%C3%A7%C3%A3o-cd-fnde-n%C2%BA-42,-de-4-de-novembro-de-2013\" target=\"_blank\" rel=\"noopener noreferrer\"><strong>Resolu\u00e7\u00e3o MEC\/FNDE\u00a0n\u00ba 42, de 4 de novembro de 2013<\/strong><\/a> (orienta\u00e7\u00f5es e diretrizes para o pagamento de bolsas PET)<\/li>\n<\/ul>\n<ul style=\"text-align: justify\">\n<li><a href=\"https:\/\/www.in.gov.br\/web\/dou\/-\/resolucao-n-2-de-25-de-janeiro-de-2018-2149949\" target=\"_blank\" rel=\"noopener noreferrer\"><strong>Resolu\u00e7\u00e3o MEC\/FNDE n\u00ba 2, de 25 de janeiro de 2018<\/strong><\/a> (altera os prazos para saque de bolsas e aux\u00edlios pagos pelo Fundo Nacional de Desenvolvimento da Educa\u00e7\u00e3o &#8211; FNDE)<\/li>\n<\/ul>\n<p>[\/vc_cta][vc_message message_box_color=&#8221;sandy_brown&#8221; css_animation=&#8221;fadeIn&#8221;]<strong>Mais informa\u00e7\u00f5es:<\/strong><\/p>\n<p><a title=\"Programa de Educa\u00e7\u00e3o Tutorial - Portal do MEC\" href=\"http:\/\/portal.mec.gov.br\/pet\" target=\"_blank\" rel=\"noopener noreferrer\"><b>Portal do MEC<\/b><\/a><\/p>\n<p><a href=\"http:\/\/www.fnde.gov.br\/programas\/bolsas-e-auxilios\" target=\"_blank\" rel=\"noopener noreferrer\"><strong>Portal do FNDE\u00a0&#8211;\u00a0Sobre as Bolsas e Aux\u00edlios<\/strong><\/a><\/p>\n<p><a href=\"http:\/\/www.fnde.gov.br\/programas\/bolsas-e-auxilios\/eixos-de-atuacao\/educacao-tutorial\" target=\"_blank\" rel=\"noopener noreferrer\"><strong>Portal do FNDE &#8211;\u00a0Educa\u00e7\u00e3o Tutorial<\/strong><\/a>[\/vc_message][\/vc_column][\/vc_row]<\/p>\n<\/div>","protected":false},"excerpt":{"rendered":"<p>[vc_row][vc_column][vc_cta h2=&#8221;&#8221; txt_align=&#8221;justify&#8221; css_animation=&#8221;fadeIn&#8221;] O\u00a0Programa de Educa\u00e7\u00e3o Tutorial, PET, \u00e9 desenvolvido pelas Institui\u00e7\u00f5es de Ensino Superior do pa\u00eds em parceria com o MEC\/SESu, por meio de grupos de estudantes organizados nos cursos de Gradua\u00e7\u00e3o, com tutoria de um docente, norteados pelo princ\u00edpio da indissociabilidade entre ensino, pesquisa e extens\u00e3o. Para ingressar no programa os estudantes [&hellip;]<\/p>\n","protected":false},"author":3,"featured_media":0,"parent":195,"menu_order":0,"comment_status":"closed","ping_status":"closed","template":"","meta":{"_exactmetrics_skip_tracking":false,"_exactmetrics_sitenote_active":false,"_exactmetrics_sitenote_note":"","_exactmetrics_sitenote_category":0,"footnotes":"","_links_to":"","_links_to_target":""},"class_list":["post-177","page","type-page","status-publish","hentry"],"_links":{"self":[{"href":"https:\/\/www3.unicentro.br\/proen\/wp-json\/wp\/v2\/pages\/177","targetHints":{"allow":["GET"]}}],"collection":[{"href":"https:\/\/www3.unicentro.br\/proen\/wp-json\/wp\/v2\/pages"}],"about":[{"href":"https:\/\/www3.unicentro.br\/proen\/wp-json\/wp\/v2\/types\/page"}],"author":[{"embeddable":true,"href":"https:\/\/www3.unicentro.br\/proen\/wp-json\/wp\/v2\/users\/3"}],"replies":[{"embeddable":true,"href":"https:\/\/www3.unicentro.br\/proen\/wp-json\/wp\/v2\/comments?post=177"}],"version-history":[{"count":3,"href":"https:\/\/www3.unicentro.br\/proen\/wp-json\/wp\/v2\/pages\/177\/revisions"}],"predecessor-version":[{"id":13803,"href":"https:\/\/www3.unicentro.br\/proen\/wp-json\/wp\/v2\/pages\/177\/revisions\/13803"}],"up":[{"embeddable":true,"href":"https:\/\/www3.unicentro.br\/proen\/wp-json\/wp\/v2\/pages\/195"}],"wp:attachment":[{"href":"https:\/\/www3.unicentro.br\/proen\/wp-json\/wp\/v2\/media?parent=177"}],"curies":[{"name":"wp","href":"https:\/\/api.w.org\/{rel}","templated":true}]}}