{"id":9553,"date":"2024-09-09T13:14:24","date_gmt":"2024-09-09T16:14:24","guid":{"rendered":"https:\/\/www3.unicentro.br\/proec\/?page_id=9553"},"modified":"2024-09-09T13:47:39","modified_gmt":"2024-09-09T16:47:39","slug":"uati","status":"publish","type":"page","link":"https:\/\/www3.unicentro.br\/proec\/uati\/","title":{"rendered":"Universidade Aberta \u00e0 Terceira Idade \u2013 UATI \u2013 Irati"},"content":{"rendered":"<p align=\"justify\">O programa de extens\u00e3o &#8211; Universidade Aberta \u00e0 Terceira Idade (UATI) tem como objetivo contribuir com o exerc\u00edcio da cidadania e do bem estar social, ampliar conhecimentos, fortalecer o conv\u00edvio e a partilha de fazeres e saberes intergeracionais &#8211; possibilitada pela intera\u00e7\u00e3o dial\u00f3gica entre a comunidade acad\u00eamica e as\/os integrantes do programa &#8211; de modo a fomentar a participa\u00e7\u00e3o cr\u00edtica e aut\u00f4noma das pessoas idosas na vida familiar e da comunidade, no sentido de serem protagonistas de proposi\u00e7\u00f5es, a\u00e7\u00f5es e transforma\u00e7\u00f5es.<\/p>\n<p align=\"justify\">As atividades da UATI incluem: escrita po\u00e9tica, narrativas biogr\u00e1ficas, literatura, teatro, coral, circo, dan\u00e7a, fotografia, artes visuais e atividades f\u00edsicas &#8211; experi\u00eancias pass\u00edveis de deslocar as\/os Uatianas\/os para leituras de mundo inusitadas, al\u00e9m de um longeviver inventivo, potente e prospectivo &#8211; firmando o compromisso social da Universidade voltado \u00e0 forma\u00e7\u00e3o das\/os estudantes e aos interesses e necessidades da popula\u00e7\u00e3o idosa e da sociedade em geral.<\/p>\n<p align=\"justify\">O trabalho, realizado por professores, estudantes e pesquisadores de diferentes \u00e1reas, favorece o exerc\u00edcio da interdisciplinaridade e da interprofissionalidade e fortalece os pilares de ensino, pesquisa e extens\u00e3o.<\/p>\n<p align=\"justify\">Por meio de atividades educativas, sociais e culturais, que contemplam viv\u00eancias na Universidade, a\u00e7\u00f5es itinerantes, visitas t\u00e9cnicas, passeios tur\u00edsticos, eventos e festividades, busca-se propiciar o encontro dos uatianos com outros grupos do munic\u00edpio e regi\u00e3o.<\/p>\n<p align=\"justify\">A UATI torna-se assim um espa\u00e7o em que as a\u00e7\u00f5es percorrem uma via de m\u00e3o dupla &#8211; da Universidade para a sociedade e da sociedade para a Universidade &#8211; de modo que os atores sociais que dela participam possam contribuir com o patrim\u00f4nio cultural constru\u00eddo em suas pr\u00e1ticas cotidianas, em seus fazeres profissionais e em suas viv\u00eancias comunit\u00e1rias &#8211; com vistas \u00e0 supera\u00e7\u00e3o da desigualdade e da exclus\u00e3o social e com o esperan\u00e7ar de uma sociedade mais \u00e9tica, justa e democr\u00e1tica ao longo de toda vida.<\/p>\n","protected":false},"excerpt":{"rendered":"<p>O programa de extens\u00e3o &#8211; Universidade Aberta \u00e0 Terceira Idade (UATI) tem como objetivo contribuir com o exerc\u00edcio da cidadania e do bem estar social, ampliar conhecimentos, fortalecer o conv\u00edvio e a partilha de fazeres e saberes intergeracionais &#8211; possibilitada pela intera\u00e7\u00e3o dial\u00f3gica entre a comunidade acad\u00eamica e as\/os integrantes do programa &#8211; de modo [&hellip;]<\/p>\n","protected":false},"author":224,"featured_media":0,"parent":0,"menu_order":0,"comment_status":"closed","ping_status":"closed","template":"","meta":{"_exactmetrics_skip_tracking":false,"_exactmetrics_sitenote_active":false,"_exactmetrics_sitenote_note":"","_exactmetrics_sitenote_category":0,"footnotes":"","_links_to":"","_links_to_target":""},"class_list":["post-9553","page","type-page","status-publish","hentry"],"publishpress_future_action":{"enabled":false,"date":"2026-04-15 22:22:24","action":"change-status","newStatus":"draft","terms":[],"taxonomy":"","extraData":[]},"publishpress_future_workflow_manual_trigger":{"enabledWorkflows":[]},"_links":{"self":[{"href":"https:\/\/www3.unicentro.br\/proec\/wp-json\/wp\/v2\/pages\/9553","targetHints":{"allow":["GET"]}}],"collection":[{"href":"https:\/\/www3.unicentro.br\/proec\/wp-json\/wp\/v2\/pages"}],"about":[{"href":"https:\/\/www3.unicentro.br\/proec\/wp-json\/wp\/v2\/types\/page"}],"author":[{"embeddable":true,"href":"https:\/\/www3.unicentro.br\/proec\/wp-json\/wp\/v2\/users\/224"}],"replies":[{"embeddable":true,"href":"https:\/\/www3.unicentro.br\/proec\/wp-json\/wp\/v2\/comments?post=9553"}],"version-history":[{"count":1,"href":"https:\/\/www3.unicentro.br\/proec\/wp-json\/wp\/v2\/pages\/9553\/revisions"}],"predecessor-version":[{"id":9576,"href":"https:\/\/www3.unicentro.br\/proec\/wp-json\/wp\/v2\/pages\/9553\/revisions\/9576"}],"wp:attachment":[{"href":"https:\/\/www3.unicentro.br\/proec\/wp-json\/wp\/v2\/media?parent=9553"}],"curies":[{"name":"wp","href":"https:\/\/api.w.org\/{rel}","templated":true}]}}