{"id":9533,"date":"2024-09-09T11:50:28","date_gmt":"2024-09-09T14:50:28","guid":{"rendered":"https:\/\/www3.unicentro.br\/proec\/?page_id=9533"},"modified":"2024-09-09T13:52:26","modified_gmt":"2024-09-09T16:52:26","slug":"horario-e-local-de-atendimento","status":"publish","type":"page","link":"https:\/\/www3.unicentro.br\/proec\/uati\/horario-e-local-de-atendimento\/","title":{"rendered":"UATI Irati &#8211; Hor\u00e1rio e local de atendimento"},"content":{"rendered":"<p>A Secretaria da UATI funciona no C\u00e2mpus Irati da UNICENTRO.<br \/>\nEndere\u00e7o: Rua Professora Maria Roza Zanon de Almeida. Bairro Gutierrez &#8211; Irati\/PR. CEP 84.505-677<br \/>\nO hor\u00e1rio de atendimento ao p\u00fablico \u00e9 de segunda a sexta-feira, das 13h30 \u00e0s 17h30.<\/p>\n","protected":false},"excerpt":{"rendered":"<p>A Secretaria da UATI funciona no C\u00e2mpus Irati da UNICENTRO. Endere\u00e7o: Rua Professora Maria Roza Zanon de Almeida. Bairro Gutierrez &#8211; Irati\/PR. CEP 84.505-677 O hor\u00e1rio de atendimento ao p\u00fablico \u00e9 de segunda a sexta-feira, das 13h30 \u00e0s 17h30.<\/p>\n","protected":false},"author":224,"featured_media":0,"parent":9553,"menu_order":0,"comment_status":"closed","ping_status":"closed","template":"","meta":{"_exactmetrics_skip_tracking":false,"_exactmetrics_sitenote_active":false,"_exactmetrics_sitenote_note":"","_exactmetrics_sitenote_category":0,"footnotes":"","_links_to":"","_links_to_target":""},"class_list":["post-9533","page","type-page","status-publish","hentry"],"publishpress_future_action":{"enabled":false,"date":"2026-05-14 01:13:53","action":"change-status","newStatus":"draft","terms":[],"taxonomy":"","extraData":[]},"publishpress_future_workflow_manual_trigger":{"enabledWorkflows":[]},"_links":{"self":[{"href":"https:\/\/www3.unicentro.br\/proec\/wp-json\/wp\/v2\/pages\/9533","targetHints":{"allow":["GET"]}}],"collection":[{"href":"https:\/\/www3.unicentro.br\/proec\/wp-json\/wp\/v2\/pages"}],"about":[{"href":"https:\/\/www3.unicentro.br\/proec\/wp-json\/wp\/v2\/types\/page"}],"author":[{"embeddable":true,"href":"https:\/\/www3.unicentro.br\/proec\/wp-json\/wp\/v2\/users\/224"}],"replies":[{"embeddable":true,"href":"https:\/\/www3.unicentro.br\/proec\/wp-json\/wp\/v2\/comments?post=9533"}],"version-history":[{"count":1,"href":"https:\/\/www3.unicentro.br\/proec\/wp-json\/wp\/v2\/pages\/9533\/revisions"}],"predecessor-version":[{"id":9583,"href":"https:\/\/www3.unicentro.br\/proec\/wp-json\/wp\/v2\/pages\/9533\/revisions\/9583"}],"up":[{"embeddable":true,"href":"https:\/\/www3.unicentro.br\/proec\/wp-json\/wp\/v2\/pages\/9553"}],"wp:attachment":[{"href":"https:\/\/www3.unicentro.br\/proec\/wp-json\/wp\/v2\/media?parent=9533"}],"curies":[{"name":"wp","href":"https:\/\/api.w.org\/{rel}","templated":true}]}}