{"id":9530,"date":"2024-09-09T11:49:49","date_gmt":"2024-09-09T14:49:49","guid":{"rendered":"https:\/\/www3.unicentro.br\/proec\/?page_id=9530"},"modified":"2024-09-09T13:52:06","modified_gmt":"2024-09-09T16:52:06","slug":"como-participar","status":"publish","type":"page","link":"https:\/\/www3.unicentro.br\/proec\/uati\/como-participar\/","title":{"rendered":"UATI Irati &#8211; Como participar"},"content":{"rendered":"<p>A UATI tem uma programa\u00e7\u00e3o voltada a pessoas idosas a partir dos 55 anos, entretanto, por ter como objetivo a troca de saberes intergeracionais, tem um n\u00famero de vagas (limitado) aberto \u00e0 comunidade acad\u00eamica e aos interessados externos de qualquer idade &#8211; cujo objetivo seja contribuir com o longeviver.<br \/>\nAs atividades s\u00e3o gratuitas.<br \/>\nOs interessados devem fazer sua inscri\u00e7\u00e3o na Secretaria da UATI ou por Telefone\/Whatsapp.<\/p>\n","protected":false},"excerpt":{"rendered":"<p>A UATI tem uma programa\u00e7\u00e3o voltada a pessoas idosas a partir dos 55 anos, entretanto, por ter como objetivo a troca de saberes intergeracionais, tem um n\u00famero de vagas (limitado) aberto \u00e0 comunidade acad\u00eamica e aos interessados externos de qualquer idade &#8211; cujo objetivo seja contribuir com o longeviver. As atividades s\u00e3o gratuitas. Os interessados [&hellip;]<\/p>\n","protected":false},"author":224,"featured_media":0,"parent":9553,"menu_order":0,"comment_status":"closed","ping_status":"closed","template":"","meta":{"_exactmetrics_skip_tracking":false,"_exactmetrics_sitenote_active":false,"_exactmetrics_sitenote_note":"","_exactmetrics_sitenote_category":0,"footnotes":"","_links_to":"","_links_to_target":""},"class_list":["post-9530","page","type-page","status-publish","hentry"],"publishpress_future_action":{"enabled":false,"date":"2026-04-16 04:01:17","action":"change-status","newStatus":"draft","terms":[],"taxonomy":"","extraData":[]},"publishpress_future_workflow_manual_trigger":{"enabledWorkflows":[]},"_links":{"self":[{"href":"https:\/\/www3.unicentro.br\/proec\/wp-json\/wp\/v2\/pages\/9530","targetHints":{"allow":["GET"]}}],"collection":[{"href":"https:\/\/www3.unicentro.br\/proec\/wp-json\/wp\/v2\/pages"}],"about":[{"href":"https:\/\/www3.unicentro.br\/proec\/wp-json\/wp\/v2\/types\/page"}],"author":[{"embeddable":true,"href":"https:\/\/www3.unicentro.br\/proec\/wp-json\/wp\/v2\/users\/224"}],"replies":[{"embeddable":true,"href":"https:\/\/www3.unicentro.br\/proec\/wp-json\/wp\/v2\/comments?post=9530"}],"version-history":[{"count":2,"href":"https:\/\/www3.unicentro.br\/proec\/wp-json\/wp\/v2\/pages\/9530\/revisions"}],"predecessor-version":[{"id":9581,"href":"https:\/\/www3.unicentro.br\/proec\/wp-json\/wp\/v2\/pages\/9530\/revisions\/9581"}],"up":[{"embeddable":true,"href":"https:\/\/www3.unicentro.br\/proec\/wp-json\/wp\/v2\/pages\/9553"}],"wp:attachment":[{"href":"https:\/\/www3.unicentro.br\/proec\/wp-json\/wp\/v2\/media?parent=9530"}],"curies":[{"name":"wp","href":"https:\/\/api.w.org\/{rel}","templated":true}]}}