{"id":9528,"date":"2024-09-09T11:49:21","date_gmt":"2024-09-09T14:49:21","guid":{"rendered":"https:\/\/www3.unicentro.br\/proec\/?page_id=9528"},"modified":"2024-09-09T13:51:55","modified_gmt":"2024-09-09T16:51:55","slug":"atividades","status":"publish","type":"page","link":"https:\/\/www3.unicentro.br\/proec\/uati\/atividades\/","title":{"rendered":"UATI Irati &#8211; Atividades"},"content":{"rendered":"<p align=\"justify\">A UATI oferta atividades regulares no decorrer do ano, oficinas tem\u00e1ticas eventuais, atividades de lazer e participa\u00e7\u00e3o em eventos.<\/p>\n<p>As atividades ofertadas regularmente s\u00e3o:<\/p>\n<p>\u2022 Viv\u00eancias Liter\u00e1rias (escrita po\u00e9tica, narrativas biogr\u00e1ficas, conta\u00e7\u00e3o de hist\u00f3rias)<br \/>\n\u2022 Linguagens Art\u00edsticas (teatro, coral, circo, dan\u00e7a, desenho, fotografia)<br \/>\n\u2022 Atividades F\u00edsicas (fortalecimento muscular, alongamento, esportes coletivos)<\/p>\n","protected":false},"excerpt":{"rendered":"<p>A UATI oferta atividades regulares no decorrer do ano, oficinas tem\u00e1ticas eventuais, atividades de lazer e participa\u00e7\u00e3o em eventos. As atividades ofertadas regularmente s\u00e3o: \u2022 Viv\u00eancias Liter\u00e1rias (escrita po\u00e9tica, narrativas biogr\u00e1ficas, conta\u00e7\u00e3o de hist\u00f3rias) \u2022 Linguagens Art\u00edsticas (teatro, coral, circo, dan\u00e7a, desenho, fotografia) \u2022 Atividades F\u00edsicas (fortalecimento muscular, alongamento, esportes coletivos)<\/p>\n","protected":false},"author":224,"featured_media":0,"parent":9553,"menu_order":0,"comment_status":"closed","ping_status":"closed","template":"","meta":{"_exactmetrics_skip_tracking":false,"_exactmetrics_sitenote_active":false,"_exactmetrics_sitenote_note":"","_exactmetrics_sitenote_category":0,"footnotes":"","_links_to":"","_links_to_target":""},"class_list":["post-9528","page","type-page","status-publish","hentry"],"publishpress_future_action":{"enabled":false,"date":"2026-04-16 04:00:50","action":"change-status","newStatus":"draft","terms":[],"taxonomy":"","extraData":[]},"publishpress_future_workflow_manual_trigger":{"enabledWorkflows":[]},"_links":{"self":[{"href":"https:\/\/www3.unicentro.br\/proec\/wp-json\/wp\/v2\/pages\/9528","targetHints":{"allow":["GET"]}}],"collection":[{"href":"https:\/\/www3.unicentro.br\/proec\/wp-json\/wp\/v2\/pages"}],"about":[{"href":"https:\/\/www3.unicentro.br\/proec\/wp-json\/wp\/v2\/types\/page"}],"author":[{"embeddable":true,"href":"https:\/\/www3.unicentro.br\/proec\/wp-json\/wp\/v2\/users\/224"}],"replies":[{"embeddable":true,"href":"https:\/\/www3.unicentro.br\/proec\/wp-json\/wp\/v2\/comments?post=9528"}],"version-history":[{"count":1,"href":"https:\/\/www3.unicentro.br\/proec\/wp-json\/wp\/v2\/pages\/9528\/revisions"}],"predecessor-version":[{"id":9580,"href":"https:\/\/www3.unicentro.br\/proec\/wp-json\/wp\/v2\/pages\/9528\/revisions\/9580"}],"up":[{"embeddable":true,"href":"https:\/\/www3.unicentro.br\/proec\/wp-json\/wp\/v2\/pages\/9553"}],"wp:attachment":[{"href":"https:\/\/www3.unicentro.br\/proec\/wp-json\/wp\/v2\/media?parent=9528"}],"curies":[{"name":"wp","href":"https:\/\/api.w.org\/{rel}","templated":true}]}}