{"id":9016,"date":"2024-06-13T15:57:53","date_gmt":"2024-06-13T18:57:53","guid":{"rendered":"https:\/\/www3.unicentro.br\/proec\/?page_id=9016"},"modified":"2026-03-19T15:58:39","modified_gmt":"2026-03-19T18:58:39","slug":"editais","status":"publish","type":"page","link":"https:\/\/www3.unicentro.br\/proec\/promul\/editais\/","title":{"rendered":"Editais"},"content":{"rendered":"<div class=\"wpb-content-wrapper\"><p>[vc_row][vc_column][vc_text_separator title=&#8221;Editais 2026&#8243; color=&#8221;juicy_pink&#8221; css=&#8221;&#8221;][vc_column_text css=&#8221;&#8221;]<\/p>\n<ul>\n<li><a href=\"https:\/\/www3.unicentro.br\/proec\/wp-content\/uploads\/sites\/73\/2026\/03\/006_2026_PROEC_Retifica_o_Homologa_o_de_incri_es_e_convovoca_o_69bc4248c8c4d.pdf\"><strong>EDITAL N\u00ba 006\/2026 \u2013 PROMUL\/PROEC\/UNICENTRO<\/strong> \u2013 RETIFICA\u00c7\u00c3O DO EDITAL DE HOMOLOGA\u00c7\u00c3O DAS INSCRI\u00c7\u00d5ES, CONVOCA\u00c7\u00c3O PARA O IN\u00cdCIO DAS AULAS E ENTREGA DE DOCUMENTOS PARA AS TURMAS DE 2026<\/a><\/li>\n<li><a href=\"https:\/\/www3.unicentro.br\/proec\/wp-content\/uploads\/sites\/73\/2026\/03\/005_2026_PROEC_Homologa_o_de_incri_es_e_convovocao-atualizado.pdf\"><strong>EDITAL N\u00ba 005\/2026 \u2013 PROMUL\/PROEC\/UNICENTRO<\/strong> \u2013 HOMOLOGA\u00c7\u00c3O DAS INSCRI\u00c7\u00d5ES, CONVOCA\u00c7\u00c3O PARA O IN\u00cdCIO DAS AULAS E ENTREGA DE DOCUMENTOS PARA AS TURMAS DE 2026<\/a><\/li>\n<li><a href=\"https:\/\/www3.unicentro.br\/proec\/wp-content\/uploads\/sites\/73\/2026\/03\/Edital_004_2026_PROEC_Convoca_o_nivelamento_69a8817dc8577.pdf\"><strong>EDITAL N\u00ba 004\/2026 \u2013 PROMUL\/PROEC\/UNICENTRO<\/strong> \u2013 CONVOCA\u00c7\u00c3O PARA A REALIZA\u00c7\u00c3O DA 1\u00aa PROVA DE NIVELAMENTO DO PROGRAMA MULTICULTURAL DE L\u00cdNGUAS DA UNICENTRO &#8211; PROMUL<\/a><\/li>\n<li><a href=\"https:\/\/www3.unicentro.br\/proec\/wp-content\/uploads\/sites\/73\/2026\/02\/003_2026_PROEC_Retifica_o_Abertura_das_inscri_es_69a0806fa127a.pdf\"><strong>EDITAL N\u00ba 003\/2026 \u2013 PROMUL\/PROEC\/UNICENTRO<\/strong> \u2013 RETIFICA\u00c7\u00c3O DO EDITAL DE ABERTURA DAS INSCRI\u00c7\u00d5ES PARA AS AULAS DE 2026 DO PROGRAMA MULTICULTURAL DE L\u00cdNGUAS DA UNICENTRO &#8211; PROMUL<\/a><\/li>\n<li><a href=\"https:\/\/www3.unicentro.br\/proec\/wp-content\/uploads\/sites\/73\/2026\/02\/Edital_002_2026_PROEC_Convoca_o_nivelamento_699f08ed72656.pdf\"><strong>EDITAL N\u00ba 002\/2026 &#8211; PROMUL\/PROEC\/UNICENTRO<\/strong> &#8211; CONVOCA\u00c7\u00c3O PARA A REALIZA\u00c7\u00c3O DA 1\u00aa PROVA DE NIVELAMENTO DO PROGRAMA MULTICULTURAL DE L\u00cdNGUAS DA UNICENTRO &#8211; PROMUL<\/a><\/li>\n<li><a href=\"https:\/\/www3.unicentro.br\/proec\/wp-content\/uploads\/sites\/73\/2026\/02\/001_2026_PROEC_Retifica_o_Abertura_das_inscri_es_699f08e8d5e60.pdf\"><strong>EDITAL N\u00ba 001\/2025 &#8211; PROMUL\/PROEC\/UNICENTRO<\/strong> &#8211; RETIFICA\u00c7\u00c3O DO EDITAL DE ABERTURA DAS INSCRI\u00c7\u00d5ES PARA AS AULAS DE 2026 DO PROGRAMA MULTICULTURAL DE L\u00cdNGUAS DA UNICENTRO &#8211; PROMUL<\/a><\/li>\n<\/ul>\n<p>[\/vc_column_text][\/vc_column][\/vc_row][vc_row][vc_column][vc_text_separator title=&#8221;Editais 2025&#8243; color=&#8221;juicy_pink&#8221; css=&#8221;&#8221;][vc_column_text css=&#8221;&#8221;]<\/p>\n<ul>\n<li><a href=\"https:\/\/www3.unicentro.br\/proec\/wp-content\/uploads\/sites\/73\/2026\/02\/018_2025_PROEC_Retifica_o_Abertura_das_inscri_es_699e05a1651a7.pdf\"><strong>EDITAL N\u00ba 018\/2025 \u2013 PROMUL\/PROEC\/UNICENTRO &#8211;<\/strong> RETIFICA\u00c7\u00c3O DO EDITAL DE ABERTURA DAS INSCRI\u00c7\u00d5ES PARA AS AULAS DE 2026 DO PROGRAMA MULTICULTURAL DE L\u00cdNGUAS DA UNICENTRO &#8211; PROMUL<\/a><\/li>\n<li><a href=\"https:\/\/www3.unicentro.br\/proec\/wp-content\/uploads\/sites\/73\/2025\/12\/017_2025_PROEC_Retifica_o_Abertura_das_inscri_es_69429fcdc20ab.pdf\"><strong>EDITAL N\u00ba 017\/2025 \u2013 PROMUL\/PROEC\/UNICENTRO &#8211;<\/strong> RETIFICA\u00c7\u00c3O DO EDITAL DE ABERTURA DAS INSCRI\u00c7\u00d5ES PARA AS AULAS DE 2026 DO PROGRAMA MULTICULTURAL DE L\u00cdNGUAS DA UNICENTRO &#8211; PROMUL<\/a><\/li>\n<li><a href=\"https:\/\/www3.unicentro.br\/proec\/wp-content\/uploads\/sites\/73\/2025\/12\/016_2025_PROEC_Abertura_de_Inscri_o_2026_1_69404be97f890.pdf\"><strong>EDITAL N\u00ba 016\/2025 \u2013 PROMUL\/PROEC\/UNICENTRO<\/strong> &#8211; ABERTURA DAS INSCRI\u00c7\u00d5ES PARA AS AULAS DE 2026 DO PROGRAMA MULTICULTURAL DE L\u00cdNGUAS DA UNICENTRO &#8211; PROMUL<\/a><\/li>\n<li><a href=\"https:\/\/www3.unicentro.br\/proec\/wp-content\/uploads\/sites\/73\/2025\/08\/015_2025_homologacao_libras_assinado_68a4b953d942d.pdf\"><strong>EDITAL N\u00ba 015\/2025 \u2013 PROMUL\/PROEC\/UNICENTRO<\/strong> &#8211; CONVOCA\u00c7\u00c3O DOS INSCRITOS NA LISTA DE ESPERA PARA AS AULAS ENTREGA DE DOCUMENTOS PARA AS TURMAS DE L\u00cdNGUA BRASILEIRA DE SINAIS, LIBRAS<\/a><\/li>\n<li><a href=\"https:\/\/www3.unicentro.br\/proec\/wp-content\/uploads\/sites\/73\/2025\/08\/014_2025_homologacao_libras_assinado_689b8ee0aaae9.pdf\"><strong>EDITAL N\u00ba 014\/2025 \u2013 PROMUL\/PROEC\/UNICENTRO<\/strong> &#8211; CONVOCA\u00c7\u00c3O DOS INSCRITOS NA LISTA DE ESPERA PARA AS AULAS ENTREGA DE DOCUMENTOS PARA AS TURMAS DE L\u00cdNGUA BRASILEIRA DE SINAIS, LIBRAS<\/a><\/li>\n<li><a href=\"https:\/\/www3.unicentro.br\/proec\/wp-content\/uploads\/sites\/73\/2025\/08\/013_2025_PROEC_Retificacao_homologacao_Libras_word_assinado_689b8eea62377.pdf\"><strong>EDITAL N\u00ba 013\/2025 \u2013 PROMUL\/PROEC\/UNICENTRO<\/strong> &#8211; RETIFICA\u00c7\u00c3O DO EDITAL DE HOMOLOGA\u00c7\u00c3O DE INSCRI\u00c7\u00c3O E CONVOCA\u00c7\u00c3O PARA ENTREGA DE DOCUMENTOS PARA AS TURMAS DE L\u00cdNGUA BRASILEIRA DE SINAIS, LIBRAS E PORTUGU\u00caS PARA SURDOS<\/a><\/li>\n<li><a href=\"https:\/\/www3.unicentro.br\/proec\/wp-content\/uploads\/sites\/73\/2025\/08\/homologa_o_franc_s_689655504722b.pdf\"><strong>EDITAL N\u00ba 012\/2025 \u2013 PROMUL\/PROEC\/UNICENTRO<\/strong> \u2013 HOMOLOGA\u00c7\u00c3O DE INSCRI\u00c7\u00c3O PARA A TURMA DE FRANC\u00caS<\/a><\/li>\n<li><a href=\"https:\/\/www3.unicentro.br\/proec\/wp-content\/uploads\/sites\/73\/2025\/08\/Edital_11_2025_Homologa_o_Libras_6894f5593b757.pdf\"><strong>EDITAL N\u00ba 011\/2025 &#8211; PROMUL\/PROEC\/UNICENTRO<\/strong> &#8211; HOMOLOGA\u00c7\u00c3O DE INSCRI\u00c7\u00c3O E CONVOCA\u00c7\u00c3O PARA ENTREGA DE DOCUMENTOS PARA AS TURMAS DE L\u00cdNGUA BRASILEIRA DE SINAIS, LIBRAS E PORTUGU\u00caS PARA SURDOS<\/a><\/li>\n<li><a href=\"https:\/\/www3.unicentro.br\/proec\/wp-content\/uploads\/sites\/73\/2025\/07\/010_2025_PROEC_Retifica_o_de_Abertura_de_Inscri_o_Libras_word_687546ce26360.pdf\"><strong>EDITAL N\u00ba 010\/2025 &#8211; PROMUL\/PROEC\/UNICENTRO<\/strong> &#8211; RETIFICA\u00c7\u00c3O DO EDITAL DE ABERTURA DAS INSCRI\u00c7\u00d5ES PARA AS AULAS DO 2\u00ba SEMESTRE DE 2025 DO PROGRAMA MULTICULTURAL DE L\u00cdNGUAS DA UNICENTRO &#8211; PROMUL PARA O CURSO DE L\u00cdNGUA BRASILEIRA DE SINAIS &#8211; LIBRAS E PORTUGU\u00caS PARA SURDOS<\/a><\/li>\n<li><a href=\"https:\/\/www3.unicentro.br\/proec\/wp-content\/uploads\/sites\/73\/2025\/07\/009_2025_PROEC_Retifica_o_2_6876849ed3c21.pdf\"><strong>EDITAL N\u00ba 009\/2025 &#8211; PROMUL\/PROEC\/UNICENTRO<\/strong> &#8211; RETIFICA\u00c7\u00c3O DO EDITAL DE ABERTURA DAS INSCRI\u00c7\u00d5ES PARA TESTE DE NIVELAMENTO DO 2\u00ba SEMESTRE DE 2025<\/a><\/li>\n<li><a href=\"https:\/\/www3.unicentro.br\/proec\/wp-content\/uploads\/sites\/73\/2025\/07\/008_2025_PROEC_Abertura_de_Inscri_o_Promul_frances_686d20d6e293e.pdf\"><strong>EDITAL N\u00ba 008\/2024 &#8211; PROMUL\/PROEC\/UNICENTRO<\/strong> &#8211; ABERTURA DAS INSCRI\u00c7\u00d5ES PARA TURMA DE FRANC\u00caS DO 2\u00b0 SEMESTRE DE 2025 DO PROGRAMA MULTICULTURAL DE L\u00cdNGUAS DA UNICENTRO &#8211; PROMUL<\/a><\/li>\n<li><a href=\"https:\/\/www3.unicentro.br\/proec\/wp-content\/uploads\/sites\/73\/2025\/07\/007_2025_PROEC_Abertura_de_Inscri_o_nivelamento_atualizado.pdf\"><strong>EDITAL N\u00ba 007\/2025-PROMUL\/PROEC\/UNICENTRO<\/strong> &#8211; ABERTURA DAS INSCRI\u00c7\u00d5ES PARA TESTE DE NIVELAMENTO DO 2\u00ba SEMESTRE DE 2025<\/a><\/li>\n<li><a href=\"https:\/\/www3.unicentro.br\/proec\/wp-content\/uploads\/sites\/73\/2025\/07\/006_2025_PROEC_Abertura_de_Inscri_o_Libras_word_68682e2c3a532.pdf\"><strong>EDITAL N\u00ba 006\/2025-PROMUL\/PROEC\/UNICENTRO<\/strong> &#8211; ABERTURA DAS INSCRI\u00c7\u00d5ES PARA AS AULAS DO 2\u00ba SEMESTRE DE 2025 DO PROGRAMA MULTICULTURAL DE L\u00cdNGUAS DA UNICENTRO &#8211; PROMUL PARA O CURSO DE L\u00cdNGUA BRASILEIRA DE SINAIS &#8211; LIBRAS E PORTUGU\u00caS PARA SURDOS<\/a><\/li>\n<li><a href=\"https:\/\/www3.unicentro.br\/proec\/wp-content\/uploads\/sites\/73\/2025\/04\/EDITAL_N__0052025_PROGRAMA_MULTICULTURAL_DE_L_NGUAS_DA_UNICENTRO_PROMULPROECUNICENTRO_67f80813bca8c.pdf\"><strong>EDITAL N\u00ba 005\/2025-PROMUL\/PROEC\/UNICENTRO<\/strong> &#8211; HOMOLOGA\u00c7\u00c3O DE INSCRI\u00c7\u00c3O E CONVOCA\u00c7\u00c3O PARA ENTREGA DE DOCUMENTOS PARA AS TURMAS DE FRANC\u00caS<\/a><\/li>\n<li><a href=\"https:\/\/www3.unicentro.br\/proec\/wp-content\/uploads\/sites\/73\/2025\/05\/EDITAL_N_004_2025_PROGRAMA_MULTICULTURAL_DE_L_NGUAS_DA_UNICENTRO_6823476681d42.pdf\"><strong>EDITAL N\u00ba 004\/2025-PROMUL\/PROEC\/UNICENTRO<\/strong> &#8211; HOMOLOGA\u00c7\u00c3O DE INSCRI\u00c7\u00c3O E CONVOCA\u00c7\u00c3O PARA ENTREGA DE DOCUMENTOS<\/a><\/li>\n<li><a href=\"https:\/\/www3.unicentro.br\/proec\/wp-content\/uploads\/sites\/73\/2025\/03\/Edital_003_2025_PROEC_Convoca_o_nivelamento_67d1c96e10869.pdf\"><strong>EDITAL N\u00ba 003\/2024-PROMUL\/PROEC\/UNICENTRO<\/strong> \u2013 CONVOCA\u00c7\u00c3O PARA A REALIZA\u00c7\u00c3O DA 2\u00aa PROVA DE NIVELAMENTO DO PROGRAMA MULTICULTURAL DE L\u00cdNGUAS DA UNICENTRO &#8211; PROMUL<\/a><\/li>\n<li><a href=\"https:\/\/www3.unicentro.br\/proec\/wp-content\/uploads\/sites\/73\/2025\/03\/Edital_002_2025_PROEC_cad_nico_homologa_o_67cf2c489e129.pdf\"><strong>EDITAL N\u00ba 002\/2024-PROMUL\/PROEC\/UNICENTRO<\/strong> &#8211; RESULTADO DOS PEDIDOS DE ISEN\u00c7\u00c3O VIA CAD\u00daNICO\u00a0<\/a><\/li>\n<li><a href=\"https:\/\/www3.unicentro.br\/proec\/wp-content\/uploads\/sites\/73\/2025\/02\/Edital_001_2025_PROEC_Convoca_o_nivelamento_1_67b8c57c0b67d.pdf\"><strong>EDITAL N\u00ba 001\/2024-PROMUL\/PROEC\/UNICENTRO<\/strong> &#8211; CONVOCA\u00c7\u00c3O PARA A REALIZA\u00c7\u00c3O DA 1\u00aa PROVA DE NIVELAMENTO DO PROGRAMA MULTICULTURAL DE L\u00cdNGUAS DA UNICENTRO &#8211; PROMUL<\/a><\/li>\n<\/ul>\n<p>[\/vc_column_text][\/vc_column][\/vc_row][vc_row][vc_column][vc_text_separator title=&#8221;Editais 2024&#8243; color=&#8221;juicy_pink&#8221; css=&#8221;&#8221;][vc_column_text css=&#8221;&#8221;]<\/p>\n<ul>\n<li><a href=\"https:\/\/www3.unicentro.br\/proec\/wp-content\/uploads\/sites\/73\/2024\/12\/Edital_005_2025_PROEC_Abertura_de_Inscri_o_Promul_word_67600f3dbf741.pdf\"><strong>EDITAL N\u00ba 005\/2024 &#8211; PROMUL\/PROEC\/UNICENTRO<\/strong> &#8211;\u00a0ABERTURA DAS INSCRI\u00c7\u00d5ES PARA AS AULAS DO ANO DE 2025 DO PROGRAMA MULTICULTURAL DE L\u00cdNGUAS DA UNICENTRO &#8211; PROMUL<\/a><\/li>\n<li><a href=\"https:\/\/www3.unicentro.br\/proec\/wp-content\/uploads\/sites\/73\/2024\/08\/Edital_004_2024_PROEC_homologa_o_e_convoca_o_1_66bfa089bb97c.pdf\"><strong>EDITAL N\u00ba 004\/2024 &#8211; PROMUL\/PROEC\/UNICENTRO &#8211;\u00a0<\/strong>HOMOLOGA\u00c7\u00c3O DE INSCRI\u00c7\u00c3O E CONVOCA\u00c7\u00c3O PARA ENTREGA DE DOCUMENTOS\u00a0<\/a><\/li>\n<li><a href=\"https:\/\/www3.unicentro.br\/proec\/wp-content\/uploads\/sites\/73\/2024\/08\/Edital_003_2024_PROEC_cad_nico_homologa_o_66b5109f793e7.pdf\"><strong>EDITAL N\u00ba 003\/2024 &#8211; PROMUL\/PROEC\/UNICENTRO &#8211;\u00a0<\/strong>RESULTADO DOS PEDIDOS DE ISEN\u00c7\u00c3O VIA CAD\u00daNICO<\/a><\/li>\n<li><a href=\"https:\/\/www3.unicentro.br\/proec\/wp-content\/uploads\/sites\/73\/2024\/08\/Edital_002_2024_PROEC_prorroga_o_66b25e4fd77d6.pdf\"><strong>EDITAL N\u00ba 002\/2024 \u2013PROMUL\/PROEC\/UNICENTRO &#8211;<\/strong> PRORROGA\u00c7\u00c3O DAS INSCRI\u00c7\u00d5ES PARA AS AULAS DO SEGUNDO SEMESTRE DO PROGRAMA MULTICULTURAL DE L\u00cdNGUAS DA UNICENTRO &#8211; PROMUL\u00a0<\/a><\/li>\n<li style=\"text-align: left\"><a href=\"https:\/\/www3.unicentro.br\/proec\/wp-content\/uploads\/sites\/73\/2024\/06\/Edital_001_2024_PROEC_Abertura_de_Inscri_o_Promul_666c3acd15ee7.pdf\"><strong>EDITAL N\u00ba 001\/2024-PROMUL\/PROEC\/UNICENTRO<\/strong> &#8211; ABERTURA DAS INSCRI\u00c7\u00d5ES PARA AS AULAS DO SEGUNDO SEMESTRE DO PROGRAMA MULTICULTURAL DE L\u00cdNGUAS DA UNICENTRO &#8211; PROMUL<\/a><\/li>\n<\/ul>\n<p>[\/vc_column_text][\/vc_column][\/vc_row]<\/p>\n<\/div>","protected":false},"excerpt":{"rendered":"<p>[vc_row][vc_column][vc_text_separator title=&#8221;Editais 2026&#8243; color=&#8221;juicy_pink&#8221; css=&#8221;&#8221;][vc_column_text css=&#8221;&#8221;] EDITAL N\u00ba 006\/2026 \u2013 PROMUL\/PROEC\/UNICENTRO \u2013 RETIFICA\u00c7\u00c3O DO EDITAL DE HOMOLOGA\u00c7\u00c3O DAS INSCRI\u00c7\u00d5ES, CONVOCA\u00c7\u00c3O PARA O IN\u00cdCIO DAS AULAS E ENTREGA DE DOCUMENTOS PARA AS TURMAS DE 2026 EDITAL N\u00ba 005\/2026 \u2013 PROMUL\/PROEC\/UNICENTRO \u2013 HOMOLOGA\u00c7\u00c3O DAS INSCRI\u00c7\u00d5ES, CONVOCA\u00c7\u00c3O PARA O IN\u00cdCIO DAS AULAS E ENTREGA DE DOCUMENTOS PARA AS [&hellip;]<\/p>\n","protected":false},"author":6,"featured_media":0,"parent":1982,"menu_order":0,"comment_status":"closed","ping_status":"closed","template":"","meta":{"_exactmetrics_skip_tracking":false,"_exactmetrics_sitenote_active":false,"_exactmetrics_sitenote_note":"","_exactmetrics_sitenote_category":0,"footnotes":"","_links_to":"","_links_to_target":""},"class_list":["post-9016","page","type-page","status-publish","hentry"],"publishpress_future_action":{"enabled":false,"date":"2026-04-16 04:01:29","action":"change-status","newStatus":"draft","terms":[],"taxonomy":"","extraData":[]},"publishpress_future_workflow_manual_trigger":{"enabledWorkflows":[]},"_links":{"self":[{"href":"https:\/\/www3.unicentro.br\/proec\/wp-json\/wp\/v2\/pages\/9016","targetHints":{"allow":["GET"]}}],"collection":[{"href":"https:\/\/www3.unicentro.br\/proec\/wp-json\/wp\/v2\/pages"}],"about":[{"href":"https:\/\/www3.unicentro.br\/proec\/wp-json\/wp\/v2\/types\/page"}],"author":[{"embeddable":true,"href":"https:\/\/www3.unicentro.br\/proec\/wp-json\/wp\/v2\/users\/6"}],"replies":[{"embeddable":true,"href":"https:\/\/www3.unicentro.br\/proec\/wp-json\/wp\/v2\/comments?post=9016"}],"version-history":[{"count":5,"href":"https:\/\/www3.unicentro.br\/proec\/wp-json\/wp\/v2\/pages\/9016\/revisions"}],"predecessor-version":[{"id":13816,"href":"https:\/\/www3.unicentro.br\/proec\/wp-json\/wp\/v2\/pages\/9016\/revisions\/13816"}],"up":[{"embeddable":true,"href":"https:\/\/www3.unicentro.br\/proec\/wp-json\/wp\/v2\/pages\/1982"}],"wp:attachment":[{"href":"https:\/\/www3.unicentro.br\/proec\/wp-json\/wp\/v2\/media?parent=9016"}],"curies":[{"name":"wp","href":"https:\/\/api.w.org\/{rel}","templated":true}]}}