{"id":7578,"date":"2023-12-11T15:49:41","date_gmt":"2023-12-11T18:49:41","guid":{"rendered":"https:\/\/www3.unicentro.br\/proec\/?page_id=7578"},"modified":"2025-11-17T16:53:10","modified_gmt":"2025-11-17T19:53:10","slug":"cancelamento","status":"publish","type":"page","link":"https:\/\/www3.unicentro.br\/proec\/promul\/cancelamento\/","title":{"rendered":"Cancelamento"},"content":{"rendered":"<div class=\"wpb-content-wrapper\"><p>[vc_row][vc_column][vc_column_text css=&#8221;&#8221;]<img loading=\"lazy\" decoding=\"async\" class=\"alignnone wp-image-2008 size-full\" src=\"https:\/\/www3.unicentro.br\/proec\/wp-content\/uploads\/sites\/73\/2020\/03\/topo-doc-promul.png\" alt=\"\" width=\"1923\" height=\"273\" srcset=\"https:\/\/www3.unicentro.br\/proec\/wp-content\/uploads\/sites\/73\/2020\/03\/topo-doc-promul.png 1923w, https:\/\/www3.unicentro.br\/proec\/wp-content\/uploads\/sites\/73\/2020\/03\/topo-doc-promul-300x43.png 300w, https:\/\/www3.unicentro.br\/proec\/wp-content\/uploads\/sites\/73\/2020\/03\/topo-doc-promul-1024x145.png 1024w, https:\/\/www3.unicentro.br\/proec\/wp-content\/uploads\/sites\/73\/2020\/03\/topo-doc-promul-768x109.png 768w, https:\/\/www3.unicentro.br\/proec\/wp-content\/uploads\/sites\/73\/2020\/03\/topo-doc-promul-1536x218.png 1536w, https:\/\/www3.unicentro.br\/proec\/wp-content\/uploads\/sites\/73\/2020\/03\/topo-doc-promul-255x36.png 255w\" sizes=\"auto, (max-width: 1923px) 100vw, 1923px\" \/><\/p>\n<p class=\"western\">O participante devidamente matriculado nos cursos do Promul tem direito de solicitar o cancelamento antes do in\u00edcio das aulas ou no decorrer do semestre. Para que o cancelamento seja efetuado, \u00e9 necess\u00e1rio que os pagamentos das mensalidades estejam em dia.<\/p>\n<p class=\"western\">O cancelamento pode ser solicitado a qualquer momento, para a solicita\u00e7\u00e3o \u00e9 necess\u00e1rio seguir o tr\u00e2mite descrito abaixo:<\/p>\n<ol>\n<li>Acesse o site do protocolo online pelo link:\u00a0<span style=\"color: #0563c1\"><u><a href=\"https:\/\/www3.unicentro.br\/protocolo\/\">https:\/\/www3.unicentro.br\/protocolo\/<\/a><\/u><\/span><\/li>\n<li>Clique em <b>Fazer Solicita\u00e7\u00e3o<\/b>;<\/li>\n<li>Preencha todos os dados solicitados e clique em <b>Pr\u00f3ximo<\/b>;<\/li>\n<li>Na op\u00e7\u00e3o <b>tipo de processo<\/b>, selecione a op\u00e7\u00e3o <b>Solicita<\/b>;<\/li>\n<li>Na descri\u00e7\u00e3o de solicita\u00e7\u00e3o, deve conter o seguinte texto:&nbsp;<\/li>\n<\/ol>\n<p class=\"western\"><b>SOLICITA\u00c7\u00c3O DE CANCELAMENTO PROMUL<\/b><\/p>\n<p class=\"western\">Eu (nome do inscrito) portador(a) do CPF (n\u00famero do CPF do inscrito), inscrito(a) no Programa Multicultural de L\u00ednguas da Unicentro \u2013 Promul, matriculado(a) na turma (turma em qual est\u00e1 matriculado) no Campus (Santa Cruz ou Cedeteg), solicito o cancelamento do curso pelo motivo (descrever o motivo do cancelamento de forma sucinta).<\/p>\n<p class=\"western\"><b>SOLICITA\u00c7\u00c3O DE CANCELAMENTO PROMUL \u2013 MENORES DE IDADE<\/b><\/p>\n<p class=\"western\">Eu (nome do respons\u00e1vel pelo menor de idade) portador(a) do CPF (n\u00famero do CPF do respons\u00e1vel pelo menor de idade), respons\u00e1vel pelo aluno (nome do menor inscrito), portador do CPF (n\u00famero do CPF do menor inscrito) inscrito(a) no Programa Multicultural de L\u00ednguas da Unicentro \u2013 Promul, matriculado(a) na turma (turma em qual est\u00e1 matriculado) no C\u00e2mpus (Santa Cruz ou Cedeteg), solicito o cancelamento do curso pelo motivo (descrever o motivo do cancelamento de forma sucinta).<\/p>\n<p class=\"western\"><b>IMPORTANTE:<\/b><\/p>\n<p class=\"western\">S\u00f3 ser\u00e3o validadas as solicita\u00e7\u00f5es de cancelamento realizadas via protocolo online;<\/p>\n<p class=\"western\">No caso do aluno ser menor de idade, s\u00f3 ser\u00e3o validadas as solicita\u00e7\u00f5es realizadas pelo respons\u00e1vel.<\/p>\n<p>[\/vc_column_text][\/vc_column][\/vc_row]<\/p>\n<\/div>","protected":false},"excerpt":{"rendered":"<p>[vc_row][vc_column][vc_column_text css=&#8221;&#8221;] O participante devidamente matriculado nos cursos do Promul tem direito de solicitar o cancelamento antes do in\u00edcio das aulas ou no decorrer do semestre. Para que o cancelamento seja efetuado, \u00e9 necess\u00e1rio que os pagamentos das mensalidades estejam em dia. O cancelamento pode ser solicitado a qualquer momento, para a solicita\u00e7\u00e3o \u00e9 necess\u00e1rio [&hellip;]<\/p>\n","protected":false},"author":6,"featured_media":0,"parent":1982,"menu_order":0,"comment_status":"closed","ping_status":"closed","template":"","meta":{"_exactmetrics_skip_tracking":false,"_exactmetrics_sitenote_active":false,"_exactmetrics_sitenote_note":"","_exactmetrics_sitenote_category":0,"footnotes":"","_links_to":"","_links_to_target":""},"class_list":["post-7578","page","type-page","status-publish","hentry"],"publishpress_future_action":{"enabled":false,"date":"2026-04-16 08:43:47","action":"change-status","newStatus":"draft","terms":[],"taxonomy":"","extraData":[]},"publishpress_future_workflow_manual_trigger":{"enabledWorkflows":[]},"_links":{"self":[{"href":"https:\/\/www3.unicentro.br\/proec\/wp-json\/wp\/v2\/pages\/7578","targetHints":{"allow":["GET"]}}],"collection":[{"href":"https:\/\/www3.unicentro.br\/proec\/wp-json\/wp\/v2\/pages"}],"about":[{"href":"https:\/\/www3.unicentro.br\/proec\/wp-json\/wp\/v2\/types\/page"}],"author":[{"embeddable":true,"href":"https:\/\/www3.unicentro.br\/proec\/wp-json\/wp\/v2\/users\/6"}],"replies":[{"embeddable":true,"href":"https:\/\/www3.unicentro.br\/proec\/wp-json\/wp\/v2\/comments?post=7578"}],"version-history":[{"count":1,"href":"https:\/\/www3.unicentro.br\/proec\/wp-json\/wp\/v2\/pages\/7578\/revisions"}],"predecessor-version":[{"id":13322,"href":"https:\/\/www3.unicentro.br\/proec\/wp-json\/wp\/v2\/pages\/7578\/revisions\/13322"}],"up":[{"embeddable":true,"href":"https:\/\/www3.unicentro.br\/proec\/wp-json\/wp\/v2\/pages\/1982"}],"wp:attachment":[{"href":"https:\/\/www3.unicentro.br\/proec\/wp-json\/wp\/v2\/media?parent=7578"}],"curies":[{"name":"wp","href":"https:\/\/api.w.org\/{rel}","templated":true}]}}