{"id":4285,"date":"2022-02-04T15:49:19","date_gmt":"2022-02-04T18:49:19","guid":{"rendered":"https:\/\/www3.unicentro.br\/proec\/?page_id=4285"},"modified":"2022-02-04T16:48:36","modified_gmt":"2022-02-04T19:48:36","slug":"curricularizacao-da-extensao","status":"publish","type":"page","link":"https:\/\/www3.unicentro.br\/proec\/a-extensao-no-ensino-superior-brasileiro\/curricularizacao-da-extensao\/","title":{"rendered":"Curriculariza\u00e7\u00e3o da Extens\u00e3o"},"content":{"rendered":"<p>&nbsp;<\/p>\n<table style=\"height: 237px;width: 144.547%;border-collapse: collapse\">\n<thead>\n<tr style=\"height: 24px\">\n<td style=\"width: 37.6863%;height: 24px;text-align: center\"><strong>Documento<\/strong><\/td>\n<td style=\"width: 1.11483%;height: 24px\"><strong>Baixar<\/strong><\/td>\n<\/tr>\n<\/thead>\n<tbody>\n<tr style=\"height: 24px\">\n<td style=\"width: 37.6863%;height: 34px\"><span style=\"font-size: 10pt\">LEI N\u00ba 13.005 DE 25 DE JUNHO DE 2014 &#8211; A<\/span><span style=\"font-size: 10pt\">prova o Plano Nacional de Educa\u00e7\u00e3o \u00ad PNE<\/span><\/td>\n<td style=\"width: 1.11483%;height: 34px;text-align: center\"><u><a href=\"https:\/\/www3.unicentro.br\/proec\/wp-content\/uploads\/sites\/73\/2020\/02\/LEI_13005_2014_PNE.pdf\"><span style=\"font-size: 10pt\">pdf<\/span><\/a><\/u><\/td>\n<\/tr>\n<tr style=\"height: 24px\">\n<td style=\"width: 37.6863%;height: 35px\"><span style=\"font-size: 10pt\">Resolu\u00e7\u00e3o MEC\/CNE\/CES n\u00ba 7, de 18 de dezembro de 2018 &#8211;\u00a0<\/span><span style=\"font-size: 10pt\">Diretrizes para a Extens\u00e3o na Educa\u00e7\u00e3o Superior Brasileira<\/span><\/td>\n<td style=\"width: 1.11483%;height: 35px;text-align: center\"><u><a href=\"https:\/\/www3.unicentro.br\/proec\/wp-content\/uploads\/sites\/73\/2020\/02\/RESOLUCAO_N_7_2018_MEC_CNE_CES-1.pdf\"><span style=\"font-size: 10pt\">pdf<\/span><\/a><\/u><\/td>\n<\/tr>\n<tr style=\"height: 24px\">\n<td style=\"width: 37.6863%;height: 24px\"><span style=\"font-size: 10pt\">Pol\u00edtica Nacional de Extens\u00e3o Universit\u00e1ria<\/span><\/td>\n<td style=\"width: 1.11483%;height: 24px;text-align: center\"><u><a href=\"https:\/\/www3.unicentro.br\/proec\/wp-content\/uploads\/sites\/73\/2020\/02\/Politica_Nacional_de_Extensao_2012_07_13-1.pdf\"><span style=\"font-size: 10pt\">pdf<\/span><\/a><\/u><\/td>\n<\/tr>\n<tr style=\"height: 24px\">\n<td style=\"width: 37.6863%;height: 24px\"><span style=\"font-size: 10pt\">Extens\u00e3o Tecnol\u00f3gica Forproext 2012<\/span><\/td>\n<td style=\"width: 1.11483%;height: 24px;text-align: center\"><u><a href=\"https:\/\/www3.unicentro.br\/proec\/wp-content\/uploads\/sites\/73\/2020\/02\/Extensao_Tecnologica_Forproext_2012.pdf\"><span style=\"font-size: 10pt\">pdf<\/span><\/a><\/u><\/td>\n<\/tr>\n<tr style=\"height: 24px\">\n<td style=\"width: 37.6863%;height: 24px\"><span style=\"font-size: 10pt\">Livro Avalia\u00e7\u00e3o Nacional da Extens\u00e3o Universit\u00e1ria<\/span><\/td>\n<td style=\"width: 1.11483%;height: 24px;text-align: center\"><u><a href=\"https:\/\/www3.unicentro.br\/proec\/wp-content\/uploads\/sites\/73\/2020\/02\/Livro_Avaliacao_Nacional_da_Extensao_Universitaria.pdf\"><span style=\"font-size: 10pt\">pdf<\/span><\/a><\/u><\/td>\n<\/tr>\n<tr style=\"height: 24px\">\n<td style=\"width: 37.6863%;height: 24px\"><span style=\"font-size: 10pt\">Livro Extens\u00e3o Universit\u00e1ria e Flexibiliza\u00e7\u00e3o Curricular<\/span><\/td>\n<td style=\"width: 1.11483%;text-align: center;height: 24px\"><u><a href=\"https:\/\/www3.unicentro.br\/proec\/wp-content\/uploads\/sites\/73\/2020\/02\/Livro_Extensao_Universitaria_e_Flexibilizacao_Curricular.pdf\"><span style=\"font-size: 10pt\">pdf<\/span><\/a><\/u><\/td>\n<\/tr>\n<tr style=\"height: 24px\">\n<td style=\"width: 37.6863%;height: 24px\"><span style=\"font-size: 10pt\">Recomenda\u00e7\u00f5es da Coordena\u00e7\u00e3o Nacional do FORPROEX sobre Inser\u00e7\u00e3o Curricular da Extens\u00e3o<\/span><\/td>\n<td style=\"width: 1.11483%;text-align: center;height: 24px\"><u><a href=\"https:\/\/www3.unicentro.br\/proec\/wp-content\/uploads\/sites\/73\/2022\/02\/Recomendac\u0327o\u0303es-da-Comissa\u0303o-de-Inserc\u0327a\u0303o-Curricular-da-Extensa\u0303o.pdf\"><span style=\"font-size: 10pt\">pdf<\/span><\/a><\/u><\/td>\n<\/tr>\n<tr style=\"height: 24px\">\n<td style=\"width: 37.6863%;height: 24px\"><span style=\"font-size: 10pt\">Delibera\u00e7\u00e3o do Conselho Estadual de Educa\u00e7\u00e3o do Estado do Paran\u00e1 sobre a Inser\u00e7\u00e3o Curricular da Extens\u00e3o<\/span><\/td>\n<td style=\"width: 1.11483%;height: 24px;text-align: center\"><u><a href=\"https:\/\/www3.unicentro.br\/proec\/wp-content\/uploads\/sites\/73\/2022\/02\/DELIBERACAO_08-21-EXTENSAO.pdf\"><span style=\"font-size: 10pt\">pdf<\/span><\/a><\/u><\/td>\n<\/tr>\n<\/tbody>\n<\/table>\n<p>&nbsp;<\/p>\n<p style=\"text-align: center\"><strong>Acesse a regulamenta\u00e7\u00e3o da Curriculariza\u00e7\u00e3o da Extens\u00e3o na Unicentro pelo link<\/strong><\/p>\n<p style=\"text-align: center\"><strong> <u><a href=\"https:\/\/www3.unicentro.br\/proec\/a-extensao-no-ensino-superior-brasileiro\/curricularizacao-da-extensao\/\">https:\/\/www3.unicentro.br\/proec\/a-extensao-no-ensino-superior-brasileiro\/curricularizacao-da-extensao\/<\/a><\/u><\/strong><\/p>\n","protected":false},"excerpt":{"rendered":"<p>&nbsp; Documento Baixar LEI N\u00ba 13.005 DE 25 DE JUNHO DE 2014 &#8211; Aprova o Plano Nacional de Educa\u00e7\u00e3o \u00ad PNE pdf Resolu\u00e7\u00e3o MEC\/CNE\/CES n\u00ba 7, de 18 de dezembro de 2018 &#8211;\u00a0Diretrizes para a Extens\u00e3o na Educa\u00e7\u00e3o Superior Brasileira pdf Pol\u00edtica Nacional de Extens\u00e3o Universit\u00e1ria pdf Extens\u00e3o Tecnol\u00f3gica Forproext 2012 pdf Livro Avalia\u00e7\u00e3o Nacional [&hellip;]<\/p>\n","protected":false},"author":224,"featured_media":0,"parent":1431,"menu_order":0,"comment_status":"closed","ping_status":"closed","template":"","meta":{"_exactmetrics_skip_tracking":false,"_exactmetrics_sitenote_active":false,"_exactmetrics_sitenote_note":"","_exactmetrics_sitenote_category":0,"footnotes":"","_links_to":"","_links_to_target":""},"class_list":["post-4285","page","type-page","status-publish","hentry"],"publishpress_future_action":{"enabled":false,"date":"2026-04-26 00:24:43","action":"change-status","newStatus":"draft","terms":[],"taxonomy":"","extraData":[]},"publishpress_future_workflow_manual_trigger":{"enabledWorkflows":[]},"_links":{"self":[{"href":"https:\/\/www3.unicentro.br\/proec\/wp-json\/wp\/v2\/pages\/4285","targetHints":{"allow":["GET"]}}],"collection":[{"href":"https:\/\/www3.unicentro.br\/proec\/wp-json\/wp\/v2\/pages"}],"about":[{"href":"https:\/\/www3.unicentro.br\/proec\/wp-json\/wp\/v2\/types\/page"}],"author":[{"embeddable":true,"href":"https:\/\/www3.unicentro.br\/proec\/wp-json\/wp\/v2\/users\/224"}],"replies":[{"embeddable":true,"href":"https:\/\/www3.unicentro.br\/proec\/wp-json\/wp\/v2\/comments?post=4285"}],"version-history":[{"count":0,"href":"https:\/\/www3.unicentro.br\/proec\/wp-json\/wp\/v2\/pages\/4285\/revisions"}],"up":[{"embeddable":true,"href":"https:\/\/www3.unicentro.br\/proec\/wp-json\/wp\/v2\/pages\/1431"}],"wp:attachment":[{"href":"https:\/\/www3.unicentro.br\/proec\/wp-json\/wp\/v2\/media?parent=4285"}],"curies":[{"name":"wp","href":"https:\/\/api.w.org\/{rel}","templated":true}]}}