{"id":2151,"date":"2020-03-19T12:04:52","date_gmt":"2020-03-19T15:04:52","guid":{"rendered":"https:\/\/www3.unicentro.br\/proec\/?page_id=2151"},"modified":"2025-11-04T11:04:20","modified_gmt":"2025-11-04T14:04:20","slug":"unati-horario-e-local-de-atendimento","status":"publish","type":"page","link":"https:\/\/www3.unicentro.br\/proec\/unati\/unati-horario-e-local-de-atendimento\/","title":{"rendered":"UNATI Guarapuava &#8211; Hor\u00e1rio e local de atendimento"},"content":{"rendered":"<div class=\"wpb-content-wrapper\"><p>[vc_row][vc_column][vc_column_text css=&#8221;&#8221;]A Secretaria da UNATI funciona no C\u00e2mpus Santa Cruz da UNICENTRO.<\/p>\n<p>Endere\u00e7o: Rua Salvatore Renna, n\u00ba 875, <span class=\"LrzXr\">bairro Santa Cruz, Guarapuava-PR. <\/span><span class=\"LrzXr\">CEP 85015-430.<\/span><\/p>\n<p>O hor\u00e1rio de atendimento ao p\u00fablico \u00e9 de segunda a sexta-feira, das 10 \u00e0s 12h.[\/vc_column_text][\/vc_column][\/vc_row]<\/p>\n<\/div>","protected":false},"excerpt":{"rendered":"<p>[vc_row][vc_column][vc_column_text css=&#8221;&#8221;]A Secretaria da UNATI funciona no C\u00e2mpus Santa Cruz da UNICENTRO. Endere\u00e7o: Rua Salvatore Renna, n\u00ba 875, bairro Santa Cruz, Guarapuava-PR. CEP 85015-430. O hor\u00e1rio de atendimento ao p\u00fablico \u00e9 de segunda a sexta-feira, das 10 \u00e0s 12h.[\/vc_column_text][\/vc_column][\/vc_row]<\/p>\n","protected":false},"author":224,"featured_media":0,"parent":1773,"menu_order":0,"comment_status":"closed","ping_status":"closed","template":"","meta":{"_exactmetrics_skip_tracking":false,"_exactmetrics_sitenote_active":false,"_exactmetrics_sitenote_note":"","_exactmetrics_sitenote_category":0,"footnotes":"","_links_to":"","_links_to_target":""},"class_list":["post-2151","page","type-page","status-publish","hentry"],"publishpress_future_action":{"enabled":false,"date":"2026-04-25 21:40:57","action":"change-status","newStatus":"draft","terms":[],"taxonomy":"","extraData":[]},"publishpress_future_workflow_manual_trigger":{"enabledWorkflows":[]},"_links":{"self":[{"href":"https:\/\/www3.unicentro.br\/proec\/wp-json\/wp\/v2\/pages\/2151","targetHints":{"allow":["GET"]}}],"collection":[{"href":"https:\/\/www3.unicentro.br\/proec\/wp-json\/wp\/v2\/pages"}],"about":[{"href":"https:\/\/www3.unicentro.br\/proec\/wp-json\/wp\/v2\/types\/page"}],"author":[{"embeddable":true,"href":"https:\/\/www3.unicentro.br\/proec\/wp-json\/wp\/v2\/users\/224"}],"replies":[{"embeddable":true,"href":"https:\/\/www3.unicentro.br\/proec\/wp-json\/wp\/v2\/comments?post=2151"}],"version-history":[{"count":1,"href":"https:\/\/www3.unicentro.br\/proec\/wp-json\/wp\/v2\/pages\/2151\/revisions"}],"predecessor-version":[{"id":13225,"href":"https:\/\/www3.unicentro.br\/proec\/wp-json\/wp\/v2\/pages\/2151\/revisions\/13225"}],"up":[{"embeddable":true,"href":"https:\/\/www3.unicentro.br\/proec\/wp-json\/wp\/v2\/pages\/1773"}],"wp:attachment":[{"href":"https:\/\/www3.unicentro.br\/proec\/wp-json\/wp\/v2\/media?parent=2151"}],"curies":[{"name":"wp","href":"https:\/\/api.w.org\/{rel}","templated":true}]}}