{"id":2149,"date":"2020-03-19T12:02:57","date_gmt":"2020-03-19T15:02:57","guid":{"rendered":"https:\/\/www3.unicentro.br\/proec\/?page_id=2149"},"modified":"2024-09-09T13:52:52","modified_gmt":"2024-09-09T16:52:52","slug":"como-participar","status":"publish","type":"page","link":"https:\/\/www3.unicentro.br\/proec\/unati\/como-participar\/","title":{"rendered":"UNATI Guarapuava &#8211; Como participar"},"content":{"rendered":"<p>O pr\u00e9-requisito para ingresso no Programa \u00e9 ter idade a partir de 55 anos.<\/p>\n<p>Os interessados devem fazer sua inscri\u00e7\u00e3o na Secretaria da UNATI.<\/p>\n<p>Valores:<\/p>\n<p>Matr\u00edcula: R$65,00<\/p>\n<p>Rematr\u00edcula anual: R$60,00<\/p>\n<p>Mensalidade: R$44,00<\/p>\n<p>&nbsp;<\/p>\n","protected":false},"excerpt":{"rendered":"<p>O pr\u00e9-requisito para ingresso no Programa \u00e9 ter idade a partir de 55 anos. Os interessados devem fazer sua inscri\u00e7\u00e3o na Secretaria da UNATI. Valores: Matr\u00edcula: R$65,00 Rematr\u00edcula anual: R$60,00 Mensalidade: R$44,00 &nbsp;<\/p>\n","protected":false},"author":224,"featured_media":0,"parent":1773,"menu_order":0,"comment_status":"closed","ping_status":"closed","template":"","meta":{"_exactmetrics_skip_tracking":false,"_exactmetrics_sitenote_active":false,"_exactmetrics_sitenote_note":"","_exactmetrics_sitenote_category":0,"footnotes":"","_links_to":"","_links_to_target":""},"class_list":["post-2149","page","type-page","status-publish","hentry"],"publishpress_future_action":{"enabled":false,"date":"2026-04-25 21:40:05","action":"change-status","newStatus":"draft","terms":[],"taxonomy":"","extraData":[]},"publishpress_future_workflow_manual_trigger":{"enabledWorkflows":[]},"_links":{"self":[{"href":"https:\/\/www3.unicentro.br\/proec\/wp-json\/wp\/v2\/pages\/2149","targetHints":{"allow":["GET"]}}],"collection":[{"href":"https:\/\/www3.unicentro.br\/proec\/wp-json\/wp\/v2\/pages"}],"about":[{"href":"https:\/\/www3.unicentro.br\/proec\/wp-json\/wp\/v2\/types\/page"}],"author":[{"embeddable":true,"href":"https:\/\/www3.unicentro.br\/proec\/wp-json\/wp\/v2\/users\/224"}],"replies":[{"embeddable":true,"href":"https:\/\/www3.unicentro.br\/proec\/wp-json\/wp\/v2\/comments?post=2149"}],"version-history":[{"count":2,"href":"https:\/\/www3.unicentro.br\/proec\/wp-json\/wp\/v2\/pages\/2149\/revisions"}],"predecessor-version":[{"id":9585,"href":"https:\/\/www3.unicentro.br\/proec\/wp-json\/wp\/v2\/pages\/2149\/revisions\/9585"}],"up":[{"embeddable":true,"href":"https:\/\/www3.unicentro.br\/proec\/wp-json\/wp\/v2\/pages\/1773"}],"wp:attachment":[{"href":"https:\/\/www3.unicentro.br\/proec\/wp-json\/wp\/v2\/media?parent=2149"}],"curies":[{"name":"wp","href":"https:\/\/api.w.org\/{rel}","templated":true}]}}