{"id":2144,"date":"2020-03-19T12:00:46","date_gmt":"2020-03-19T15:00:46","guid":{"rendered":"https:\/\/www3.unicentro.br\/proec\/?page_id=2144"},"modified":"2026-04-01T11:23:56","modified_gmt":"2026-04-01T14:23:56","slug":"atividades","status":"publish","type":"page","link":"https:\/\/www3.unicentro.br\/proec\/unati\/atividades\/","title":{"rendered":"UNATI Guarapuava &#8211; Atividades"},"content":{"rendered":"<div class=\"wpb-content-wrapper\"><p>[vc_row][vc_column][vc_column_text css=&#8221;&#8221;]<\/p>\n<p align=\"justify\">A Unati oferta atividades regulares ao longo do ano, oficinas tem\u00e1ticas eventuais e promove a participa\u00e7\u00e3o em eventos.<\/p>\n<p>As atividades ofertadas regularmente s\u00e3o:[\/vc_column_text][\/vc_column][\/vc_row][vc_row][vc_column width=&#8221;1\/2&#8243;][vc_column_text css=&#8221;&#8221;]<\/p>\n<ul>\n<li>Franc\u00eas<\/li>\n<li>Inclus\u00e3o Digital<\/li>\n<li>Jogos Matem\u00e1ticos<\/li>\n<li>Yoga<\/li>\n<li>Canto Coral<\/li>\n<li>Pilates (turma com vagas limitadas)<\/li>\n<li>Hidrogin\u00e1stica (turma com vagas limitadas)<\/li>\n<li>Dan\u00e7a Contempor\u00e2nea e Line Dance<\/li>\n<\/ul>\n<p>[\/vc_column_text][\/vc_column][vc_column width=&#8221;1\/2&#8243;][vc_column_text css=&#8221;&#8221;]<\/p>\n<ul>\n<li>Encontros educativos mensais<\/li>\n<li>Agendamento para avalia\u00e7\u00e3o da situa\u00e7\u00e3o vacinal e aplica\u00e7\u00e3o de vacinas<\/li>\n<li>Agendamento para avalia\u00e7\u00e3o e rastreamento do c\u00e2ncer de mama e colo do \u00fatero<\/li>\n<li>Confraterniza\u00e7\u00f5es<\/li>\n<li>Passeios Culturais<\/li>\n<li>Eventos Cient\u00edficos<\/li>\n<\/ul>\n<p>[\/vc_column_text][\/vc_column][\/vc_row]<\/p>\n<\/div>","protected":false},"excerpt":{"rendered":"<p>[vc_row][vc_column][vc_column_text css=&#8221;&#8221;] A Unati oferta atividades regulares ao longo do ano, oficinas tem\u00e1ticas eventuais e promove a participa\u00e7\u00e3o em eventos. As atividades ofertadas regularmente s\u00e3o:[\/vc_column_text][\/vc_column][\/vc_row][vc_row][vc_column width=&#8221;1\/2&#8243;][vc_column_text css=&#8221;&#8221;] Franc\u00eas Inclus\u00e3o Digital Jogos Matem\u00e1ticos Yoga Canto Coral Pilates (turma com vagas limitadas) Hidrogin\u00e1stica (turma com vagas limitadas) Dan\u00e7a Contempor\u00e2nea e Line Dance [\/vc_column_text][\/vc_column][vc_column width=&#8221;1\/2&#8243;][vc_column_text css=&#8221;&#8221;] Encontros educativos [&hellip;]<\/p>\n","protected":false},"author":224,"featured_media":0,"parent":1773,"menu_order":0,"comment_status":"closed","ping_status":"closed","template":"","meta":{"_exactmetrics_skip_tracking":false,"_exactmetrics_sitenote_active":false,"_exactmetrics_sitenote_note":"","_exactmetrics_sitenote_category":0,"footnotes":"","_links_to":"","_links_to_target":""},"class_list":["post-2144","page","type-page","status-publish","hentry"],"publishpress_future_action":{"enabled":false,"date":"2026-04-25 21:39:34","action":"change-status","newStatus":"draft","terms":[],"taxonomy":"","extraData":[]},"publishpress_future_workflow_manual_trigger":{"enabledWorkflows":[]},"_links":{"self":[{"href":"https:\/\/www3.unicentro.br\/proec\/wp-json\/wp\/v2\/pages\/2144","targetHints":{"allow":["GET"]}}],"collection":[{"href":"https:\/\/www3.unicentro.br\/proec\/wp-json\/wp\/v2\/pages"}],"about":[{"href":"https:\/\/www3.unicentro.br\/proec\/wp-json\/wp\/v2\/types\/page"}],"author":[{"embeddable":true,"href":"https:\/\/www3.unicentro.br\/proec\/wp-json\/wp\/v2\/users\/224"}],"replies":[{"embeddable":true,"href":"https:\/\/www3.unicentro.br\/proec\/wp-json\/wp\/v2\/comments?post=2144"}],"version-history":[{"count":3,"href":"https:\/\/www3.unicentro.br\/proec\/wp-json\/wp\/v2\/pages\/2144\/revisions"}],"predecessor-version":[{"id":13897,"href":"https:\/\/www3.unicentro.br\/proec\/wp-json\/wp\/v2\/pages\/2144\/revisions\/13897"}],"up":[{"embeddable":true,"href":"https:\/\/www3.unicentro.br\/proec\/wp-json\/wp\/v2\/pages\/1773"}],"wp:attachment":[{"href":"https:\/\/www3.unicentro.br\/proec\/wp-json\/wp\/v2\/media?parent=2144"}],"curies":[{"name":"wp","href":"https:\/\/api.w.org\/{rel}","templated":true}]}}