{"id":2069,"date":"2020-03-13T17:36:51","date_gmt":"2020-03-13T20:36:51","guid":{"rendered":"https:\/\/www3.unicentro.br\/proec\/?page_id=2069"},"modified":"2024-09-04T11:07:55","modified_gmt":"2024-09-04T14:07:55","slug":"horario-e-local-de-atendimento","status":"publish","type":"page","link":"https:\/\/www3.unicentro.br\/proec\/neddijirati\/horario-e-local-de-atendimento\/","title":{"rendered":"NEDDIJ Irati &#8211; Hor\u00e1rio e local de atendimento"},"content":{"rendered":"<p align=\"justify\">O NEDDIJ Irati atende na sala J do Bloco J do C\u00e2mpus Irati da UNICENTRO.<\/p>\n<p align=\"justify\">Endere\u00e7o: PR 153, KM 7, bairro Riozinho, Irati-PR.\u00a0CEP 84500-000.<\/p>\n<p align=\"justify\">O atendimento ao p\u00fablico ocorre nas segundas, ter\u00e7as, quintas e sextas-feiras, das 8h \u00e0s 12h e das 13h \u00e0s 17h.<\/p>\n","protected":false},"excerpt":{"rendered":"<p>O NEDDIJ Irati atende na sala J do Bloco J do C\u00e2mpus Irati da UNICENTRO. Endere\u00e7o: PR 153, KM 7, bairro Riozinho, Irati-PR.\u00a0CEP 84500-000. O atendimento ao p\u00fablico ocorre nas segundas, ter\u00e7as, quintas e sextas-feiras, das 8h \u00e0s 12h e das 13h \u00e0s 17h.<\/p>\n","protected":false},"author":224,"featured_media":0,"parent":1922,"menu_order":0,"comment_status":"closed","ping_status":"closed","template":"","meta":{"_exactmetrics_skip_tracking":false,"_exactmetrics_sitenote_active":false,"_exactmetrics_sitenote_note":"","_exactmetrics_sitenote_category":0,"footnotes":"","_links_to":"","_links_to_target":""},"class_list":["post-2069","page","type-page","status-publish","hentry"],"publishpress_future_action":{"enabled":false,"date":"2026-04-18 17:36:44","action":"change-status","newStatus":"draft","terms":[],"taxonomy":"","extraData":[]},"publishpress_future_workflow_manual_trigger":{"enabledWorkflows":[]},"_links":{"self":[{"href":"https:\/\/www3.unicentro.br\/proec\/wp-json\/wp\/v2\/pages\/2069","targetHints":{"allow":["GET"]}}],"collection":[{"href":"https:\/\/www3.unicentro.br\/proec\/wp-json\/wp\/v2\/pages"}],"about":[{"href":"https:\/\/www3.unicentro.br\/proec\/wp-json\/wp\/v2\/types\/page"}],"author":[{"embeddable":true,"href":"https:\/\/www3.unicentro.br\/proec\/wp-json\/wp\/v2\/users\/224"}],"replies":[{"embeddable":true,"href":"https:\/\/www3.unicentro.br\/proec\/wp-json\/wp\/v2\/comments?post=2069"}],"version-history":[{"count":2,"href":"https:\/\/www3.unicentro.br\/proec\/wp-json\/wp\/v2\/pages\/2069\/revisions"}],"predecessor-version":[{"id":9455,"href":"https:\/\/www3.unicentro.br\/proec\/wp-json\/wp\/v2\/pages\/2069\/revisions\/9455"}],"up":[{"embeddable":true,"href":"https:\/\/www3.unicentro.br\/proec\/wp-json\/wp\/v2\/pages\/1922"}],"wp:attachment":[{"href":"https:\/\/www3.unicentro.br\/proec\/wp-json\/wp\/v2\/media?parent=2069"}],"curies":[{"name":"wp","href":"https:\/\/api.w.org\/{rel}","templated":true}]}}