{"id":2067,"date":"2020-03-13T17:35:05","date_gmt":"2020-03-13T20:35:05","guid":{"rendered":"https:\/\/www3.unicentro.br\/proec\/?page_id=2067"},"modified":"2020-03-18T19:13:08","modified_gmt":"2020-03-18T22:13:08","slug":"como-participar","status":"publish","type":"page","link":"https:\/\/www3.unicentro.br\/proec\/neddijirati\/como-participar\/","title":{"rendered":"NEDDIJ Irati &#8211; Como participar"},"content":{"rendered":"<p align=\"justify\">Os usu\u00e1rios podem acessar o N\u00facleo:<\/p>\n<p align=\"justify\">&#8211; Diretamente (para atendimentos individuais; solicita\u00e7\u00f5es de a\u00e7\u00f5es formativas e preventivas, etc.);<\/p>\n<p align=\"justify\">&#8211; Atrav\u00e9s de encaminhamentos de outros servi\u00e7os, \u00f3rg\u00e3os e profissionais das redes que comp\u00f5em as pol\u00edticas p\u00fablicas municipais.<\/p>\n<p align=\"justify\"><strong>P\u00daBLICO-ALVO<\/strong><\/p>\n<p align=\"justify\">Crian\u00e7as e adolescentes em situa\u00e7\u00e3o de risco e\/ou em situa\u00e7\u00e3o de vulnerabilidade social, tendo seus direitos violados ou amea\u00e7ados de serem violados; e aqueles que respondem por atos infracionais.<\/p>\n<p align=\"justify\"><strong>ABRANG\u00caNCIA<\/strong><\/p>\n<p align=\"justify\">Comarca de Irati (Munic\u00edpios de Irati e In\u00e1cio Martins).<\/p>\n","protected":false},"excerpt":{"rendered":"<p>Os usu\u00e1rios podem acessar o N\u00facleo: &#8211; Diretamente (para atendimentos individuais; solicita\u00e7\u00f5es de a\u00e7\u00f5es formativas e preventivas, etc.); &#8211; Atrav\u00e9s de encaminhamentos de outros servi\u00e7os, \u00f3rg\u00e3os e profissionais das redes que comp\u00f5em as pol\u00edticas p\u00fablicas municipais. P\u00daBLICO-ALVO Crian\u00e7as e adolescentes em situa\u00e7\u00e3o de risco e\/ou em situa\u00e7\u00e3o de vulnerabilidade social, tendo seus direitos violados ou [&hellip;]<\/p>\n","protected":false},"author":224,"featured_media":0,"parent":1922,"menu_order":0,"comment_status":"closed","ping_status":"closed","template":"","meta":{"_exactmetrics_skip_tracking":false,"_exactmetrics_sitenote_active":false,"_exactmetrics_sitenote_note":"","_exactmetrics_sitenote_category":0,"footnotes":"","_links_to":"","_links_to_target":""},"class_list":["post-2067","page","type-page","status-publish","hentry"],"publishpress_future_action":{"enabled":false,"date":"2026-04-15 19:38:16","action":"change-status","newStatus":"draft","terms":[],"taxonomy":"","extraData":[]},"publishpress_future_workflow_manual_trigger":{"enabledWorkflows":[]},"_links":{"self":[{"href":"https:\/\/www3.unicentro.br\/proec\/wp-json\/wp\/v2\/pages\/2067","targetHints":{"allow":["GET"]}}],"collection":[{"href":"https:\/\/www3.unicentro.br\/proec\/wp-json\/wp\/v2\/pages"}],"about":[{"href":"https:\/\/www3.unicentro.br\/proec\/wp-json\/wp\/v2\/types\/page"}],"author":[{"embeddable":true,"href":"https:\/\/www3.unicentro.br\/proec\/wp-json\/wp\/v2\/users\/224"}],"replies":[{"embeddable":true,"href":"https:\/\/www3.unicentro.br\/proec\/wp-json\/wp\/v2\/comments?post=2067"}],"version-history":[{"count":0,"href":"https:\/\/www3.unicentro.br\/proec\/wp-json\/wp\/v2\/pages\/2067\/revisions"}],"up":[{"embeddable":true,"href":"https:\/\/www3.unicentro.br\/proec\/wp-json\/wp\/v2\/pages\/1922"}],"wp:attachment":[{"href":"https:\/\/www3.unicentro.br\/proec\/wp-json\/wp\/v2\/media?parent=2067"}],"curies":[{"name":"wp","href":"https:\/\/api.w.org\/{rel}","templated":true}]}}