{"id":2065,"date":"2020-03-13T17:33:39","date_gmt":"2020-03-13T20:33:39","guid":{"rendered":"https:\/\/www3.unicentro.br\/proec\/?page_id=2065"},"modified":"2020-03-18T19:12:01","modified_gmt":"2020-03-18T22:12:01","slug":"servicos-ofertados","status":"publish","type":"page","link":"https:\/\/www3.unicentro.br\/proec\/neddijirati\/servicos-ofertados\/","title":{"rendered":"NEDDIJ Irati &#8211; Servi\u00e7os ofertados"},"content":{"rendered":"<p align=\"justify\"> O N\u00facleo \u00e9 composto pelas \u00e1reas do Direito e Psicologia, atuando de modo interdisciplinar, com a\u00e7\u00f5es de defesa dos direitos de crian\u00e7as e adolescentes em situa\u00e7\u00f5es de risco, atrav\u00e9s de:<\/p>\n<ul>\n<li class=\"western\">a\u00e7\u00f5es judiciais;<\/li>\n<li class=\"western\">a\u00e7\u00f5es extrajudiciais;<\/li>\n<li class=\"western\">atendimentos psicol\u00f3gicos;<\/li>\n<li class=\"western\">atendimentos jur\u00eddicos;<\/li>\n<li class=\"western\">atendimentos psicojur\u00eddicos;<\/li>\n<li class=\"western\">encaminhamento e articula\u00e7\u00e3o com os programas socioassistenciais da cidade;<\/li>\n<li class=\"western\">pr\u00e1ticas de preven\u00e7\u00e3o \u00e0s viol\u00eancias junto \u00e0s fam\u00edlias e popula\u00e7\u00e3o atendida pelo projeto;<\/li>\n<li class=\"western\">participa\u00e7\u00e3o em espa\u00e7os vinculados ao controle social de pol\u00edticas municipais.<\/li>\n<\/ul>\n","protected":false},"excerpt":{"rendered":"<p>O N\u00facleo \u00e9 composto pelas \u00e1reas do Direito e Psicologia, atuando de modo interdisciplinar, com a\u00e7\u00f5es de defesa dos direitos de crian\u00e7as e adolescentes em situa\u00e7\u00f5es de risco, atrav\u00e9s de: a\u00e7\u00f5es judiciais; a\u00e7\u00f5es extrajudiciais; atendimentos psicol\u00f3gicos; atendimentos jur\u00eddicos; atendimentos psicojur\u00eddicos; encaminhamento e articula\u00e7\u00e3o com os programas socioassistenciais da cidade; pr\u00e1ticas de preven\u00e7\u00e3o \u00e0s viol\u00eancias junto [&hellip;]<\/p>\n","protected":false},"author":224,"featured_media":0,"parent":1922,"menu_order":0,"comment_status":"closed","ping_status":"closed","template":"","meta":{"_exactmetrics_skip_tracking":false,"_exactmetrics_sitenote_active":false,"_exactmetrics_sitenote_note":"","_exactmetrics_sitenote_category":0,"footnotes":"","_links_to":"","_links_to_target":""},"class_list":["post-2065","page","type-page","status-publish","hentry"],"publishpress_future_action":{"enabled":false,"date":"2026-04-18 13:04:24","action":"change-status","newStatus":"draft","terms":[],"taxonomy":"","extraData":[]},"publishpress_future_workflow_manual_trigger":{"enabledWorkflows":[]},"_links":{"self":[{"href":"https:\/\/www3.unicentro.br\/proec\/wp-json\/wp\/v2\/pages\/2065","targetHints":{"allow":["GET"]}}],"collection":[{"href":"https:\/\/www3.unicentro.br\/proec\/wp-json\/wp\/v2\/pages"}],"about":[{"href":"https:\/\/www3.unicentro.br\/proec\/wp-json\/wp\/v2\/types\/page"}],"author":[{"embeddable":true,"href":"https:\/\/www3.unicentro.br\/proec\/wp-json\/wp\/v2\/users\/224"}],"replies":[{"embeddable":true,"href":"https:\/\/www3.unicentro.br\/proec\/wp-json\/wp\/v2\/comments?post=2065"}],"version-history":[{"count":0,"href":"https:\/\/www3.unicentro.br\/proec\/wp-json\/wp\/v2\/pages\/2065\/revisions"}],"up":[{"embeddable":true,"href":"https:\/\/www3.unicentro.br\/proec\/wp-json\/wp\/v2\/pages\/1922"}],"wp:attachment":[{"href":"https:\/\/www3.unicentro.br\/proec\/wp-json\/wp\/v2\/media?parent=2065"}],"curies":[{"name":"wp","href":"https:\/\/api.w.org\/{rel}","templated":true}]}}