{"id":2050,"date":"2020-03-13T17:20:06","date_gmt":"2020-03-13T20:20:06","guid":{"rendered":"https:\/\/www3.unicentro.br\/proec\/?page_id=2050"},"modified":"2025-11-17T16:55:49","modified_gmt":"2025-11-17T19:55:49","slug":"horario-e-local-de-atendimento","status":"publish","type":"page","link":"https:\/\/www3.unicentro.br\/proec\/promul\/horario-e-local-de-atendimento\/","title":{"rendered":"PROMUL &#8211; Hor\u00e1rio e local de atendimento"},"content":{"rendered":"<div class=\"wpb-content-wrapper\"><p>[vc_row][vc_column][vc_column_text css=&#8221;&#8221;]<img loading=\"lazy\" decoding=\"async\" class=\"alignnone wp-image-2008 size-full\" src=\"https:\/\/www3.unicentro.br\/proec\/wp-content\/uploads\/sites\/73\/2020\/03\/topo-doc-promul.png\" alt=\"\" width=\"1923\" height=\"273\" srcset=\"https:\/\/www3.unicentro.br\/proec\/wp-content\/uploads\/sites\/73\/2020\/03\/topo-doc-promul.png 1923w, https:\/\/www3.unicentro.br\/proec\/wp-content\/uploads\/sites\/73\/2020\/03\/topo-doc-promul-300x43.png 300w, https:\/\/www3.unicentro.br\/proec\/wp-content\/uploads\/sites\/73\/2020\/03\/topo-doc-promul-1024x145.png 1024w, https:\/\/www3.unicentro.br\/proec\/wp-content\/uploads\/sites\/73\/2020\/03\/topo-doc-promul-768x109.png 768w, https:\/\/www3.unicentro.br\/proec\/wp-content\/uploads\/sites\/73\/2020\/03\/topo-doc-promul-1536x218.png 1536w, https:\/\/www3.unicentro.br\/proec\/wp-content\/uploads\/sites\/73\/2020\/03\/topo-doc-promul-255x36.png 255w\" sizes=\"auto, (max-width: 1923px) 100vw, 1923px\" \/><\/p>\n<p class=\"western\">A secretaria do Promul est\u00e1 localizada junto \u00e0 Pr\u00f3-Reitoria de Extens\u00e3o e Cultura da Unicentro, no C\u00e2mpus Santa Cruz.<\/p>\n<p class=\"western\">Endere\u00e7o: Rua Padre Salvador Renna, n\u00ba 875. Bairro Santa Cruz. Guarapuava\/PR. CEP 85015-430<br \/>\nO hor\u00e1rio de atendimento ao p\u00fablico \u00e9 de\u00a0<b>segunda a sexta-feira, das 08h \u00e0s 12h e das 13h \u00e0s 18h.<\/b><\/p>\n<p class=\"western\"><b>Contato<\/b><br \/>\n<b>Telefone \/ WhatsApp:<\/b> <em><a href=\"https:\/\/wa.me\/554236211367\">(42) 3621-1367<\/a><\/em><br \/>\n<b>Instagram:<\/b> <a href=\"https:\/\/www.instagram.com\/promul.unicentro\"><em>@promul.unicentro<\/em><\/a><br \/>\n<b>E-mail:<\/b> <a href=\"mailto:promulunicentro@gmail.com\"><em>promulunicentro@gmail.com<\/em><\/a><\/p>\n<p>[\/vc_column_text][\/vc_column][\/vc_row]<\/p>\n<\/div>","protected":false},"excerpt":{"rendered":"<p>[vc_row][vc_column][vc_column_text css=&#8221;&#8221;] A secretaria do Promul est\u00e1 localizada junto \u00e0 Pr\u00f3-Reitoria de Extens\u00e3o e Cultura da Unicentro, no C\u00e2mpus Santa Cruz. Endere\u00e7o: Rua Padre Salvador Renna, n\u00ba 875. Bairro Santa Cruz. Guarapuava\/PR. CEP 85015-430 O hor\u00e1rio de atendimento ao p\u00fablico \u00e9 de\u00a0segunda a sexta-feira, das 08h \u00e0s 12h e das 13h \u00e0s 18h. Contato Telefone [&hellip;]<\/p>\n","protected":false},"author":224,"featured_media":0,"parent":1982,"menu_order":0,"comment_status":"closed","ping_status":"closed","template":"","meta":{"_exactmetrics_skip_tracking":false,"_exactmetrics_sitenote_active":false,"_exactmetrics_sitenote_note":"","_exactmetrics_sitenote_category":0,"footnotes":"","_links_to":"","_links_to_target":""},"class_list":["post-2050","page","type-page","status-publish","hentry"],"publishpress_future_action":{"enabled":false,"date":"2026-04-16 16:58:53","action":"change-status","newStatus":"draft","terms":[],"taxonomy":"","extraData":[]},"publishpress_future_workflow_manual_trigger":{"enabledWorkflows":[]},"_links":{"self":[{"href":"https:\/\/www3.unicentro.br\/proec\/wp-json\/wp\/v2\/pages\/2050","targetHints":{"allow":["GET"]}}],"collection":[{"href":"https:\/\/www3.unicentro.br\/proec\/wp-json\/wp\/v2\/pages"}],"about":[{"href":"https:\/\/www3.unicentro.br\/proec\/wp-json\/wp\/v2\/types\/page"}],"author":[{"embeddable":true,"href":"https:\/\/www3.unicentro.br\/proec\/wp-json\/wp\/v2\/users\/224"}],"replies":[{"embeddable":true,"href":"https:\/\/www3.unicentro.br\/proec\/wp-json\/wp\/v2\/comments?post=2050"}],"version-history":[{"count":2,"href":"https:\/\/www3.unicentro.br\/proec\/wp-json\/wp\/v2\/pages\/2050\/revisions"}],"predecessor-version":[{"id":13324,"href":"https:\/\/www3.unicentro.br\/proec\/wp-json\/wp\/v2\/pages\/2050\/revisions\/13324"}],"up":[{"embeddable":true,"href":"https:\/\/www3.unicentro.br\/proec\/wp-json\/wp\/v2\/pages\/1982"}],"wp:attachment":[{"href":"https:\/\/www3.unicentro.br\/proec\/wp-json\/wp\/v2\/media?parent=2050"}],"curies":[{"name":"wp","href":"https:\/\/api.w.org\/{rel}","templated":true}]}}