{"id":1998,"date":"2020-03-13T15:57:33","date_gmt":"2020-03-13T18:57:33","guid":{"rendered":"https:\/\/www3.unicentro.br\/proec\/?page_id=1998"},"modified":"2025-11-17T16:46:14","modified_gmt":"2025-11-17T19:46:14","slug":"investimento","status":"publish","type":"page","link":"https:\/\/www3.unicentro.br\/proec\/promul\/investimento\/","title":{"rendered":"PROMUL &#8211; Investimento"},"content":{"rendered":"<div class=\"wpb-content-wrapper\"><p>[vc_row][vc_column][vc_column_text css=&#8221;&#8221;]<img loading=\"lazy\" decoding=\"async\" class=\"alignnone wp-image-2008 size-full\" src=\"https:\/\/www3.unicentro.br\/proec\/wp-content\/uploads\/sites\/73\/2020\/03\/topo-doc-promul.png\" alt=\"\" width=\"1923\" height=\"273\" srcset=\"https:\/\/www3.unicentro.br\/proec\/wp-content\/uploads\/sites\/73\/2020\/03\/topo-doc-promul.png 1923w, https:\/\/www3.unicentro.br\/proec\/wp-content\/uploads\/sites\/73\/2020\/03\/topo-doc-promul-300x43.png 300w, https:\/\/www3.unicentro.br\/proec\/wp-content\/uploads\/sites\/73\/2020\/03\/topo-doc-promul-1024x145.png 1024w, https:\/\/www3.unicentro.br\/proec\/wp-content\/uploads\/sites\/73\/2020\/03\/topo-doc-promul-768x109.png 768w, https:\/\/www3.unicentro.br\/proec\/wp-content\/uploads\/sites\/73\/2020\/03\/topo-doc-promul-1536x218.png 1536w, https:\/\/www3.unicentro.br\/proec\/wp-content\/uploads\/sites\/73\/2020\/03\/topo-doc-promul-255x36.png 255w\" sizes=\"auto, (max-width: 1923px) 100vw, 1923px\" \/><\/p>\n<p><strong>Investimento anual<\/strong><\/p>\n<p><strong>Taxa de inscri\u00e7\u00e3o:<\/strong> R$60,00<br \/>\n<strong>Mensalidades:<\/strong> 8 parcelas de R$60,00<\/p>\n<p><strong>Isen\u00e7\u00f5es<\/strong><\/p>\n<ul>\n<li>Acad\u00eamicos da Unicentro e da UTFPR:<strong> duas parcelas (2x R$60,00)<\/strong><\/li>\n<li>Funcion\u00e1rios da Unicentro e seus dependentes: duas parcelas<strong> (2x R$60,00)<\/strong><\/li>\n<li>Professores da Unicentro e seus dependentes: duas parcelas<strong> (2x R$60,00)<\/strong><\/li>\n<li>Alunos de Escola P\u00fablica: duas parcelas <strong>(2x R$60,00)<\/strong><\/li>\n<\/ul>\n<p>&nbsp;<\/p>\n<ul>\n<li>Usu\u00e1rios da Moradia Estudantil da Unicentro: <strong>isen\u00e7\u00e3o de taxa de matr\u00edcula e parcelas<\/strong><\/li>\n<li>Cadastro \u00danico*: <strong>isen\u00e7\u00e3o de taxa de matr\u00edcula e parcelas<\/strong><\/li>\n<\/ul>\n<p><em>** Cadastro \u00danico: N\u00famero de vagas limitado por semestre. As regras para concorrer \u00e0s vagas da categoria est\u00e3o dispostas no edital de abertura<\/em><\/p>\n<p>ATEN\u00c7\u00c3O: As regras para usufruir das isen\u00e7\u00f5es est\u00e3o dispostas no edital de abertura. Os inscritos que n\u00e3o seguirem as regras N\u00c3O usufruir\u00e3o das isen\u00e7\u00f5es de 2025;[\/vc_column_text][\/vc_column][\/vc_row]<\/p>\n<\/div>","protected":false},"excerpt":{"rendered":"<p>[vc_row][vc_column][vc_column_text css=&#8221;&#8221;] Investimento anual Taxa de inscri\u00e7\u00e3o: R$60,00 Mensalidades: 8 parcelas de R$60,00 Isen\u00e7\u00f5es Acad\u00eamicos da Unicentro e da UTFPR: duas parcelas (2x R$60,00) Funcion\u00e1rios da Unicentro e seus dependentes: duas parcelas (2x R$60,00) Professores da Unicentro e seus dependentes: duas parcelas (2x R$60,00) Alunos de Escola P\u00fablica: duas parcelas (2x R$60,00) &nbsp; Usu\u00e1rios da [&hellip;]<\/p>\n","protected":false},"author":224,"featured_media":0,"parent":1982,"menu_order":0,"comment_status":"closed","ping_status":"closed","template":"","meta":{"_exactmetrics_skip_tracking":false,"_exactmetrics_sitenote_active":false,"_exactmetrics_sitenote_note":"","_exactmetrics_sitenote_category":0,"footnotes":"","_links_to":"","_links_to_target":""},"class_list":["post-1998","page","type-page","status-publish","hentry"],"publishpress_future_action":{"enabled":false,"date":"2026-04-16 08:59:04","action":"change-status","newStatus":"draft","terms":[],"taxonomy":"","extraData":[]},"publishpress_future_workflow_manual_trigger":{"enabledWorkflows":[]},"_links":{"self":[{"href":"https:\/\/www3.unicentro.br\/proec\/wp-json\/wp\/v2\/pages\/1998","targetHints":{"allow":["GET"]}}],"collection":[{"href":"https:\/\/www3.unicentro.br\/proec\/wp-json\/wp\/v2\/pages"}],"about":[{"href":"https:\/\/www3.unicentro.br\/proec\/wp-json\/wp\/v2\/types\/page"}],"author":[{"embeddable":true,"href":"https:\/\/www3.unicentro.br\/proec\/wp-json\/wp\/v2\/users\/224"}],"replies":[{"embeddable":true,"href":"https:\/\/www3.unicentro.br\/proec\/wp-json\/wp\/v2\/comments?post=1998"}],"version-history":[{"count":1,"href":"https:\/\/www3.unicentro.br\/proec\/wp-json\/wp\/v2\/pages\/1998\/revisions"}],"predecessor-version":[{"id":13318,"href":"https:\/\/www3.unicentro.br\/proec\/wp-json\/wp\/v2\/pages\/1998\/revisions\/13318"}],"up":[{"embeddable":true,"href":"https:\/\/www3.unicentro.br\/proec\/wp-json\/wp\/v2\/pages\/1982"}],"wp:attachment":[{"href":"https:\/\/www3.unicentro.br\/proec\/wp-json\/wp\/v2\/media?parent=1998"}],"curies":[{"name":"wp","href":"https:\/\/api.w.org\/{rel}","templated":true}]}}