{"id":1986,"date":"2020-03-13T15:51:41","date_gmt":"2020-03-13T18:51:41","guid":{"rendered":"https:\/\/www3.unicentro.br\/proec\/?page_id=1986"},"modified":"2025-12-16T14:59:05","modified_gmt":"2025-12-16T17:59:05","slug":"inscricoes","status":"publish","type":"page","link":"https:\/\/www3.unicentro.br\/proec\/promul\/inscricoes\/","title":{"rendered":"PROMUL &#8211; Inscri\u00e7\u00f5es"},"content":{"rendered":"<div class=\"wpb-content-wrapper\"><p>[vc_row][vc_column][vc_column_text]<img loading=\"lazy\" decoding=\"async\" class=\"alignnone wp-image-2008 size-full\" src=\"https:\/\/www3.unicentro.br\/proec\/wp-content\/uploads\/sites\/73\/2020\/03\/topo-doc-promul.png\" alt=\"\" width=\"1923\" height=\"273\" srcset=\"https:\/\/www3.unicentro.br\/proec\/wp-content\/uploads\/sites\/73\/2020\/03\/topo-doc-promul.png 1923w, https:\/\/www3.unicentro.br\/proec\/wp-content\/uploads\/sites\/73\/2020\/03\/topo-doc-promul-300x43.png 300w, https:\/\/www3.unicentro.br\/proec\/wp-content\/uploads\/sites\/73\/2020\/03\/topo-doc-promul-1024x145.png 1024w, https:\/\/www3.unicentro.br\/proec\/wp-content\/uploads\/sites\/73\/2020\/03\/topo-doc-promul-768x109.png 768w, https:\/\/www3.unicentro.br\/proec\/wp-content\/uploads\/sites\/73\/2020\/03\/topo-doc-promul-1536x218.png 1536w, https:\/\/www3.unicentro.br\/proec\/wp-content\/uploads\/sites\/73\/2020\/03\/topo-doc-promul-255x36.png 255w\" sizes=\"auto, (max-width: 1923px) 100vw, 1923px\" \/>[\/vc_column_text][\/vc_column][\/vc_row][vc_row][vc_column width=&#8221;3\/4&#8243;][vc_column_text css=&#8221;&#8221;]O per\u00edodo de inscri\u00e7\u00e3o para o ano de 2025 inicia-se em 15 de dezembro de 2025. O link para o site de inscri\u00e7\u00e3o: <strong><a href=\"https:\/\/evento.unicentro.br\/site\/promul\/2026\/1\" target=\"_blank\" rel=\"noopener\"><em>https:\/\/evento.unicentro.br\/site\/promul\/2026\/1<\/em><\/a><\/strong><\/p>\n<p>As regras e instru\u00e7\u00f5es para a inscri\u00e7\u00e3o est\u00e3o dispostas no edital de abertura das inscri\u00e7\u00f5es a ser publicado no dia 15 de Dezembro, a partir das 19h.[\/vc_column_text][\/vc_column][\/vc_row]<\/p>\n<\/div>","protected":false},"excerpt":{"rendered":"<p>[vc_row][vc_column][vc_column_text][\/vc_column_text][\/vc_column][\/vc_row][vc_row][vc_column width=&#8221;3\/4&#8243;][vc_column_text css=&#8221;&#8221;]O per\u00edodo de inscri\u00e7\u00e3o para o ano de 2025 inicia-se em 15 de dezembro de 2025. O link para o site de inscri\u00e7\u00e3o: https:\/\/evento.unicentro.br\/site\/promul\/2026\/1 As regras e instru\u00e7\u00f5es para a inscri\u00e7\u00e3o est\u00e3o dispostas no edital de abertura das inscri\u00e7\u00f5es a ser publicado no dia 15 de Dezembro, a partir das 19h.[\/vc_column_text][\/vc_column][\/vc_row]<\/p>\n","protected":false},"author":224,"featured_media":0,"parent":1982,"menu_order":0,"comment_status":"closed","ping_status":"closed","template":"","meta":{"_exactmetrics_skip_tracking":false,"_exactmetrics_sitenote_active":false,"_exactmetrics_sitenote_note":"","_exactmetrics_sitenote_category":0,"footnotes":"","_links_to":"","_links_to_target":""},"class_list":["post-1986","page","type-page","status-publish","hentry"],"publishpress_future_action":{"enabled":false,"date":"2026-04-16 04:01:17","action":"change-status","newStatus":"draft","terms":[],"taxonomy":"","extraData":[]},"publishpress_future_workflow_manual_trigger":{"enabledWorkflows":[]},"_links":{"self":[{"href":"https:\/\/www3.unicentro.br\/proec\/wp-json\/wp\/v2\/pages\/1986","targetHints":{"allow":["GET"]}}],"collection":[{"href":"https:\/\/www3.unicentro.br\/proec\/wp-json\/wp\/v2\/pages"}],"about":[{"href":"https:\/\/www3.unicentro.br\/proec\/wp-json\/wp\/v2\/types\/page"}],"author":[{"embeddable":true,"href":"https:\/\/www3.unicentro.br\/proec\/wp-json\/wp\/v2\/users\/224"}],"replies":[{"embeddable":true,"href":"https:\/\/www3.unicentro.br\/proec\/wp-json\/wp\/v2\/comments?post=1986"}],"version-history":[{"count":2,"href":"https:\/\/www3.unicentro.br\/proec\/wp-json\/wp\/v2\/pages\/1986\/revisions"}],"predecessor-version":[{"id":8073,"href":"https:\/\/www3.unicentro.br\/proec\/wp-json\/wp\/v2\/pages\/1986\/revisions\/8073"}],"up":[{"embeddable":true,"href":"https:\/\/www3.unicentro.br\/proec\/wp-json\/wp\/v2\/pages\/1982"}],"wp:attachment":[{"href":"https:\/\/www3.unicentro.br\/proec\/wp-json\/wp\/v2\/media?parent=1986"}],"curies":[{"name":"wp","href":"https:\/\/api.w.org\/{rel}","templated":true}]}}