{"id":1982,"date":"2020-03-13T15:45:32","date_gmt":"2020-03-13T18:45:32","guid":{"rendered":"https:\/\/www3.unicentro.br\/proec\/?page_id=1982"},"modified":"2025-11-17T16:41:55","modified_gmt":"2025-11-17T19:41:55","slug":"promul","status":"publish","type":"page","link":"https:\/\/www3.unicentro.br\/proec\/promul\/","title":{"rendered":"Programa Multicultural de L\u00ednguas &#8211; PROMUL"},"content":{"rendered":"<div class=\"wpb-content-wrapper\"><p>[vc_row][vc_column][vc_column_text css=&#8221;&#8221;]<img loading=\"lazy\" decoding=\"async\" class=\"alignnone wp-image-2008 size-full\" src=\"https:\/\/www3.unicentro.br\/proec\/wp-content\/uploads\/sites\/73\/2020\/03\/topo-doc-promul.png\" alt=\"\" width=\"1923\" height=\"273\" srcset=\"https:\/\/www3.unicentro.br\/proec\/wp-content\/uploads\/sites\/73\/2020\/03\/topo-doc-promul.png 1923w, https:\/\/www3.unicentro.br\/proec\/wp-content\/uploads\/sites\/73\/2020\/03\/topo-doc-promul-300x43.png 300w, https:\/\/www3.unicentro.br\/proec\/wp-content\/uploads\/sites\/73\/2020\/03\/topo-doc-promul-1024x145.png 1024w, https:\/\/www3.unicentro.br\/proec\/wp-content\/uploads\/sites\/73\/2020\/03\/topo-doc-promul-768x109.png 768w, https:\/\/www3.unicentro.br\/proec\/wp-content\/uploads\/sites\/73\/2020\/03\/topo-doc-promul-1536x218.png 1536w, https:\/\/www3.unicentro.br\/proec\/wp-content\/uploads\/sites\/73\/2020\/03\/topo-doc-promul-255x36.png 255w\" sizes=\"auto, (max-width: 1923px) 100vw, 1923px\" \/><\/p>\n<p>O Programa Multicultural de L\u00ednguas, Promul, visa facilitar o acesso a cursos de l\u00edngua \u00e0 comunidade de Guarapuava e regi\u00e3o, sendo um programa de perfil extensionista. No formato atual, oferecem-se aulas de Alem\u00e3o, Espanhol, Franc\u00eas, Ingl\u00eas, Libras e Portugu\u00eas para Estrangeiros. O p\u00fablico atendido nos cursos regulares abarca pessoas a partir dos 16 anos.<\/p>\n<p>As aulas s\u00e3o realizadas nos C\u00e2mpus Cedeteg e Santa Cruz da Unicentro.<\/p>\n<div class=\"wp-block-image\"><img loading=\"lazy\" decoding=\"async\" class=\"wpa-warning wpa-image-missing-alt wp-image-7567 alignnone\" src=\"https:\/\/www3.unicentro.br\/proec\/wp-content\/uploads\/sites\/73\/2023\/12\/promul1.jpg\" alt=\"\" width=\"583\" height=\"459\" data-warning=\"Missing alt text\" srcset=\"https:\/\/www3.unicentro.br\/proec\/wp-content\/uploads\/sites\/73\/2023\/12\/promul1.jpg 782w, https:\/\/www3.unicentro.br\/proec\/wp-content\/uploads\/sites\/73\/2023\/12\/promul1-300x236.jpg 300w, https:\/\/www3.unicentro.br\/proec\/wp-content\/uploads\/sites\/73\/2023\/12\/promul1-768x605.jpg 768w, https:\/\/www3.unicentro.br\/proec\/wp-content\/uploads\/sites\/73\/2023\/12\/promul1-255x201.jpg 255w\" sizes=\"auto, (max-width: 583px) 100vw, 583px\" \/><\/div>\n<p>[\/vc_column_text][\/vc_column][\/vc_row]<\/p>\n<\/div>","protected":false},"excerpt":{"rendered":"<p>[vc_row][vc_column][vc_column_text css=&#8221;&#8221;] O Programa Multicultural de L\u00ednguas, Promul, visa facilitar o acesso a cursos de l\u00edngua \u00e0 comunidade de Guarapuava e regi\u00e3o, sendo um programa de perfil extensionista. No formato atual, oferecem-se aulas de Alem\u00e3o, Espanhol, Franc\u00eas, Ingl\u00eas, Libras e Portugu\u00eas para Estrangeiros. O p\u00fablico atendido nos cursos regulares abarca pessoas a partir dos 16 [&hellip;]<\/p>\n","protected":false},"author":224,"featured_media":0,"parent":0,"menu_order":0,"comment_status":"closed","ping_status":"closed","template":"","meta":{"_exactmetrics_skip_tracking":false,"_exactmetrics_sitenote_active":false,"_exactmetrics_sitenote_note":"","_exactmetrics_sitenote_category":0,"footnotes":"","_links_to":"","_links_to_target":""},"class_list":["post-1982","page","type-page","status-publish","hentry"],"publishpress_future_action":{"enabled":false,"date":"2026-04-16 03:59:38","action":"change-status","newStatus":"draft","terms":[],"taxonomy":"","extraData":[]},"publishpress_future_workflow_manual_trigger":{"enabledWorkflows":[]},"_links":{"self":[{"href":"https:\/\/www3.unicentro.br\/proec\/wp-json\/wp\/v2\/pages\/1982","targetHints":{"allow":["GET"]}}],"collection":[{"href":"https:\/\/www3.unicentro.br\/proec\/wp-json\/wp\/v2\/pages"}],"about":[{"href":"https:\/\/www3.unicentro.br\/proec\/wp-json\/wp\/v2\/types\/page"}],"author":[{"embeddable":true,"href":"https:\/\/www3.unicentro.br\/proec\/wp-json\/wp\/v2\/users\/224"}],"replies":[{"embeddable":true,"href":"https:\/\/www3.unicentro.br\/proec\/wp-json\/wp\/v2\/comments?post=1982"}],"version-history":[{"count":1,"href":"https:\/\/www3.unicentro.br\/proec\/wp-json\/wp\/v2\/pages\/1982\/revisions"}],"predecessor-version":[{"id":13311,"href":"https:\/\/www3.unicentro.br\/proec\/wp-json\/wp\/v2\/pages\/1982\/revisions\/13311"}],"wp:attachment":[{"href":"https:\/\/www3.unicentro.br\/proec\/wp-json\/wp\/v2\/media?parent=1982"}],"curies":[{"name":"wp","href":"https:\/\/api.w.org\/{rel}","templated":true}]}}