{"id":1965,"date":"2020-03-13T15:05:40","date_gmt":"2020-03-13T18:05:40","guid":{"rendered":"https:\/\/www3.unicentro.br\/proec\/?page_id=1965"},"modified":"2023-06-05T13:49:17","modified_gmt":"2023-06-05T16:49:17","slug":"horario-e-local-de-atendimento","status":"publish","type":"page","link":"https:\/\/www3.unicentro.br\/proec\/neddijguarapuava\/horario-e-local-de-atendimento\/","title":{"rendered":"NEDDIJ Guarapuava &#8211; Hor\u00e1rio e local de atendimento"},"content":{"rendered":"<p align=\"justify\">O NEDDIJ Guarapuava funciona na Sala 113, bloco E, da Unicentro \u2013 C\u00e2mpus Santa Cruz.<\/p>\n<p align=\"justify\">Endere\u00e7o:\u00a0Rua Padre Salvador Renna, n\u00ba 875. Bairro Santa Cruz. Guarapuava\/PR. CEP: 85015-430<\/p>\n<p align=\"justify\">O hor\u00e1rio de atendimento ao p\u00fablico \u00e9 de segunda a quinta-feira, das 12h \u00e0s 17h.<\/p>\n","protected":false},"excerpt":{"rendered":"<p>O NEDDIJ Guarapuava funciona na Sala 113, bloco E, da Unicentro \u2013 C\u00e2mpus Santa Cruz. Endere\u00e7o:\u00a0Rua Padre Salvador Renna, n\u00ba 875. Bairro Santa Cruz. Guarapuava\/PR. CEP: 85015-430 O hor\u00e1rio de atendimento ao p\u00fablico \u00e9 de segunda a quinta-feira, das 12h \u00e0s 17h.<\/p>\n","protected":false},"author":224,"featured_media":0,"parent":1920,"menu_order":0,"comment_status":"closed","ping_status":"closed","template":"","meta":{"_exactmetrics_skip_tracking":false,"_exactmetrics_sitenote_active":false,"_exactmetrics_sitenote_note":"","_exactmetrics_sitenote_category":0,"footnotes":"","_links_to":"","_links_to_target":""},"class_list":["post-1965","page","type-page","status-publish","hentry"],"publishpress_future_action":{"enabled":false,"date":"2026-04-20 15:07:12","action":"change-status","newStatus":"draft","terms":[],"taxonomy":"","extraData":[]},"publishpress_future_workflow_manual_trigger":{"enabledWorkflows":[]},"_links":{"self":[{"href":"https:\/\/www3.unicentro.br\/proec\/wp-json\/wp\/v2\/pages\/1965","targetHints":{"allow":["GET"]}}],"collection":[{"href":"https:\/\/www3.unicentro.br\/proec\/wp-json\/wp\/v2\/pages"}],"about":[{"href":"https:\/\/www3.unicentro.br\/proec\/wp-json\/wp\/v2\/types\/page"}],"author":[{"embeddable":true,"href":"https:\/\/www3.unicentro.br\/proec\/wp-json\/wp\/v2\/users\/224"}],"replies":[{"embeddable":true,"href":"https:\/\/www3.unicentro.br\/proec\/wp-json\/wp\/v2\/comments?post=1965"}],"version-history":[{"count":0,"href":"https:\/\/www3.unicentro.br\/proec\/wp-json\/wp\/v2\/pages\/1965\/revisions"}],"up":[{"embeddable":true,"href":"https:\/\/www3.unicentro.br\/proec\/wp-json\/wp\/v2\/pages\/1920"}],"wp:attachment":[{"href":"https:\/\/www3.unicentro.br\/proec\/wp-json\/wp\/v2\/media?parent=1965"}],"curies":[{"name":"wp","href":"https:\/\/api.w.org\/{rel}","templated":true}]}}