{"id":1963,"date":"2020-03-13T15:05:07","date_gmt":"2020-03-13T18:05:07","guid":{"rendered":"https:\/\/www3.unicentro.br\/proec\/?page_id=1963"},"modified":"2020-03-18T19:08:09","modified_gmt":"2020-03-18T22:08:09","slug":"criterios-de-atendimento-e-como-participar","status":"publish","type":"page","link":"https:\/\/www3.unicentro.br\/proec\/neddijguarapuava\/criterios-de-atendimento-e-como-participar\/","title":{"rendered":"NEDDIJ Guarapuava &#8211; Como participar"},"content":{"rendered":"<p align=\"justify\"> O contato para atendimento pode ser realizado pessoalmente nas depend\u00eancias do n\u00facleo ou por email \/ telefone \/ whatsapp.<\/p>\n<p align=\"justify\">Al\u00e9m dos atendimentos \u00e0s fam\u00edlias, o Neddij oferece a\u00e7\u00f5es socioeducativas \u00e0 comunidade por meio de parceria com institui\u00e7\u00f5es.<\/p>\n<p><strong>P\u00daBLICO ALVO<\/strong><\/p>\n<p align=\"justify\">Crian\u00e7as e adolescentes de 0 a 18 anos e suas fam\u00edlias.<\/p>\n<p><strong>CRIT\u00c9RIOS PARA ATENDIMENTO<\/strong><\/p>\n<ul>\n<li>\n<p align=\"justify\">A crian\u00e7a\/adolescente deve estar residindo na comarca de Guarapuava composta por 5 munic\u00edpios: Cand\u00f3i, Campina do Sim\u00e3o, Foz do Jord\u00e3o, Guarapuava e Turvo, e 4 distritos: Entre Rios, Guairac\u00e1, Guar\u00e1 e Palmeirinha.<\/p>\n<\/li>\n<li>\n<p align=\"justify\">Se a genitora tiver medida protetiva ou estiver em situa\u00e7\u00e3o de viol\u00eancia (f\u00edsica, sexual, psicol\u00f3gica, moral e patrimonial) dever\u00e1 ser encaminhada ao NUMAPE;<\/p>\n<\/li>\n<li>\n<p align=\"justify\">\u00c9 necess\u00e1rio que a crian\u00e7a\/adolescente esteja sob risco\/viola\u00e7\u00e3o do direito a Conviv\u00eancia familiar e comunit\u00e1ria: proibi\u00e7\u00e3o de visitas\/conv\u00edvio, abandono material, abandono afetivo e aliena\u00e7\u00e3o parental.<\/p>\n<\/li>\n<\/ul>\n<p>&nbsp;<\/p>\n","protected":false},"excerpt":{"rendered":"<p>O contato para atendimento pode ser realizado pessoalmente nas depend\u00eancias do n\u00facleo ou por email \/ telefone \/ whatsapp. Al\u00e9m dos atendimentos \u00e0s fam\u00edlias, o Neddij oferece a\u00e7\u00f5es socioeducativas \u00e0 comunidade por meio de parceria com institui\u00e7\u00f5es. P\u00daBLICO ALVO Crian\u00e7as e adolescentes de 0 a 18 anos e suas fam\u00edlias. CRIT\u00c9RIOS PARA ATENDIMENTO A crian\u00e7a\/adolescente [&hellip;]<\/p>\n","protected":false},"author":224,"featured_media":0,"parent":1920,"menu_order":0,"comment_status":"closed","ping_status":"closed","template":"","meta":{"_exactmetrics_skip_tracking":false,"_exactmetrics_sitenote_active":false,"_exactmetrics_sitenote_note":"","_exactmetrics_sitenote_category":0,"footnotes":"","_links_to":"","_links_to_target":""},"class_list":["post-1963","page","type-page","status-publish","hentry"],"publishpress_future_action":{"enabled":false,"date":"2026-04-18 11:48:59","action":"change-status","newStatus":"draft","terms":[],"taxonomy":"","extraData":[]},"publishpress_future_workflow_manual_trigger":{"enabledWorkflows":[]},"_links":{"self":[{"href":"https:\/\/www3.unicentro.br\/proec\/wp-json\/wp\/v2\/pages\/1963","targetHints":{"allow":["GET"]}}],"collection":[{"href":"https:\/\/www3.unicentro.br\/proec\/wp-json\/wp\/v2\/pages"}],"about":[{"href":"https:\/\/www3.unicentro.br\/proec\/wp-json\/wp\/v2\/types\/page"}],"author":[{"embeddable":true,"href":"https:\/\/www3.unicentro.br\/proec\/wp-json\/wp\/v2\/users\/224"}],"replies":[{"embeddable":true,"href":"https:\/\/www3.unicentro.br\/proec\/wp-json\/wp\/v2\/comments?post=1963"}],"version-history":[{"count":0,"href":"https:\/\/www3.unicentro.br\/proec\/wp-json\/wp\/v2\/pages\/1963\/revisions"}],"up":[{"embeddable":true,"href":"https:\/\/www3.unicentro.br\/proec\/wp-json\/wp\/v2\/pages\/1920"}],"wp:attachment":[{"href":"https:\/\/www3.unicentro.br\/proec\/wp-json\/wp\/v2\/media?parent=1963"}],"curies":[{"name":"wp","href":"https:\/\/api.w.org\/{rel}","templated":true}]}}