{"id":1961,"date":"2020-03-13T15:04:15","date_gmt":"2020-03-13T18:04:15","guid":{"rendered":"https:\/\/www3.unicentro.br\/proec\/?page_id=1961"},"modified":"2020-03-13T15:31:36","modified_gmt":"2020-03-13T18:31:36","slug":"servicos-ofertados","status":"publish","type":"page","link":"https:\/\/www3.unicentro.br\/proec\/neddijguarapuava\/servicos-ofertados\/","title":{"rendered":"NEDDIJ Guarapuava &#8211; Servi\u00e7os ofertados"},"content":{"rendered":"<ul>\n<li>\n<p align=\"justify\">Desenvolvimento de pr\u00e1ticas socioeducativas de promo\u00e7\u00e3o do direito \u00e0 conviv\u00eancia familiar e comunit\u00e1ria de crian\u00e7as e dos adolescentes;<\/p>\n<\/li>\n<li>\n<p align=\"justify\">Atendimento e orienta\u00e7\u00e3o social, psicol\u00f3gica e jur\u00eddica para fam\u00edlias de crian\u00e7as e adolescentes em situa\u00e7\u00e3o de risco, em virtude de amea\u00e7a ou viola\u00e7\u00e3o do direito \u00e0 conviv\u00eancia familiar e comunit\u00e1ria;<\/p>\n<\/li>\n<li>\n<p align=\"justify\">Aplica\u00e7\u00e3o de t\u00e9cnicas extrajudiciais e pr\u00e1ticas restaurativas para preven\u00e7\u00e3o e resolu\u00e7\u00e3o de conflitos que, por sua natureza, ofere\u00e7am risco \u00e0 conviv\u00eancia familiar, em n\u00facleos compostos por crian\u00e7as e adolescentes;<\/p>\n<\/li>\n<li>\n<p align=\"justify\">Ajuizamento de a\u00e7\u00f5es para prote\u00e7\u00e3o e defesa do direito \u00e0 conviv\u00eancia familiar e comunit\u00e1ria de crian\u00e7as e adolescentes.<\/p>\n<\/li>\n<\/ul>\n","protected":false},"excerpt":{"rendered":"<p>Desenvolvimento de pr\u00e1ticas socioeducativas de promo\u00e7\u00e3o do direito \u00e0 conviv\u00eancia familiar e comunit\u00e1ria de crian\u00e7as e dos adolescentes; Atendimento e orienta\u00e7\u00e3o social, psicol\u00f3gica e jur\u00eddica para fam\u00edlias de crian\u00e7as e adolescentes em situa\u00e7\u00e3o de risco, em virtude de amea\u00e7a ou viola\u00e7\u00e3o do direito \u00e0 conviv\u00eancia familiar e comunit\u00e1ria; Aplica\u00e7\u00e3o de t\u00e9cnicas extrajudiciais e pr\u00e1ticas restaurativas [&hellip;]<\/p>\n","protected":false},"author":224,"featured_media":0,"parent":1920,"menu_order":0,"comment_status":"closed","ping_status":"closed","template":"","meta":{"_exactmetrics_skip_tracking":false,"_exactmetrics_sitenote_active":false,"_exactmetrics_sitenote_note":"","_exactmetrics_sitenote_category":0,"footnotes":"","_links_to":"","_links_to_target":""},"class_list":["post-1961","page","type-page","status-publish","hentry"],"publishpress_future_action":{"enabled":false,"date":"2026-04-18 10:18:11","action":"change-status","newStatus":"draft","terms":[],"taxonomy":"","extraData":[]},"publishpress_future_workflow_manual_trigger":{"enabledWorkflows":[]},"_links":{"self":[{"href":"https:\/\/www3.unicentro.br\/proec\/wp-json\/wp\/v2\/pages\/1961","targetHints":{"allow":["GET"]}}],"collection":[{"href":"https:\/\/www3.unicentro.br\/proec\/wp-json\/wp\/v2\/pages"}],"about":[{"href":"https:\/\/www3.unicentro.br\/proec\/wp-json\/wp\/v2\/types\/page"}],"author":[{"embeddable":true,"href":"https:\/\/www3.unicentro.br\/proec\/wp-json\/wp\/v2\/users\/224"}],"replies":[{"embeddable":true,"href":"https:\/\/www3.unicentro.br\/proec\/wp-json\/wp\/v2\/comments?post=1961"}],"version-history":[{"count":0,"href":"https:\/\/www3.unicentro.br\/proec\/wp-json\/wp\/v2\/pages\/1961\/revisions"}],"up":[{"embeddable":true,"href":"https:\/\/www3.unicentro.br\/proec\/wp-json\/wp\/v2\/pages\/1920"}],"wp:attachment":[{"href":"https:\/\/www3.unicentro.br\/proec\/wp-json\/wp\/v2\/media?parent=1961"}],"curies":[{"name":"wp","href":"https:\/\/api.w.org\/{rel}","templated":true}]}}