{"id":1895,"date":"2020-03-12T11:24:09","date_gmt":"2020-03-12T14:24:09","guid":{"rendered":"https:\/\/www3.unicentro.br\/proec\/?page_id=1895"},"modified":"2024-09-04T11:02:57","modified_gmt":"2024-09-04T14:02:57","slug":"numapeirati","status":"publish","type":"page","link":"https:\/\/www3.unicentro.br\/proec\/numapeirati\/","title":{"rendered":"N\u00facleo Maria da Penha &#8211; NUMAPE Irati"},"content":{"rendered":"<div class=\"wp-block-image\"><img loading=\"lazy\" decoding=\"async\" class=\"wp-image-6297 size-medium alignright\" src=\"https:\/\/www3.unicentro.br\/proec\/wp-content\/uploads\/sites\/73\/2023\/06\/Logo-Numape-Nova-300x241.jpg\" alt=\"\" width=\"300\" height=\"241\" srcset=\"https:\/\/www3.unicentro.br\/proec\/wp-content\/uploads\/sites\/73\/2023\/06\/Logo-Numape-Nova-300x241.jpg 300w, https:\/\/www3.unicentro.br\/proec\/wp-content\/uploads\/sites\/73\/2023\/06\/Logo-Numape-Nova-1024x824.jpg 1024w, https:\/\/www3.unicentro.br\/proec\/wp-content\/uploads\/sites\/73\/2023\/06\/Logo-Numape-Nova-768x618.jpg 768w, https:\/\/www3.unicentro.br\/proec\/wp-content\/uploads\/sites\/73\/2023\/06\/Logo-Numape-Nova-255x205.jpg 255w, https:\/\/www3.unicentro.br\/proec\/wp-content\/uploads\/sites\/73\/2023\/06\/Logo-Numape-Nova.jpg 1491w\" sizes=\"auto, (max-width: 300px) 100vw, 300px\" \/><\/div>\n<p align=\"justify\">O N\u00facleo Maria da Penha &#8211; Numape &#8211; Irati \u00e9 um projeto da Secretaria de Estado da Ci\u00eancia, Tecnologia e Ensino Superior (Seti) com recursos do Fundo Paran\u00e1, executado pela Universidade Estadual do Centro-Oeste &#8211; Unicentro.<\/p>\n<p align=\"justify\">O Numape Irati atua no enfrentamento \u00e0 viol\u00eancia contra a mulher no munic\u00edpio de Irati e regi\u00e3o. A equipe \u00e9 composta pelas \u00e1reas da Psicologia e do Direito e presta atendimento psicol\u00f3gico, bem como orienta\u00e7\u00e3o e representa\u00e7\u00e3o jur\u00eddica para mulheres em situa\u00e7\u00e3o de viol\u00eancia.<\/p>\n<p align=\"justify\">Al\u00e9m disso, realiza atividades preventivas e educativas atrav\u00e9s de palestras, rodas de conversa, capacita\u00e7\u00f5es, oficinas, entre outras atividades, buscando a divulga\u00e7\u00e3o da Lei Maria da Penha e a preven\u00e7\u00e3o da viol\u00eancia contra a mulher.<\/p>\n<p>&nbsp;<\/p>\n<hr \/>\n<p align=\"justify\"><b>COMO PARTICIPAR<\/b><\/p>\n<p align=\"justify\">Comparecendo ao NUMAPE presencialmente ou agendando atendimento atrav\u00e9s dos telefones, e-mail ou redes sociais. O N\u00facleo tamb\u00e9m recebe encaminhamentos dos servi\u00e7os do munic\u00edpio.<\/p>\n<hr \/>\n<p align=\"justify\"><b>ENDERE\u00c7O<\/b><\/p>\n<p align=\"justify\">Unicentro \u2013 C\u00e2mpus Irati \u2013 Sala 103, Bloco Principal.<\/p>\n<p align=\"justify\">PR 153, KM 7, bairro Riozinho, Irati-PR. CEP 84500-000.<\/p>\n<hr \/>\n<p align=\"justify\"><b>HOR\u00c1RIO DE ATENDIMENTO<\/b><\/p>\n<p align=\"justify\">O hor\u00e1rio de atendimento ao p\u00fablico \u00e9 de segunda a sexta-feira, das 8h \u00e0s 12h e das 13h \u00e0s 18h.<\/p>\n<p align=\"justify\">Nas segundas-feiras, o NUMAPE realiza plant\u00e3o de atendimento no Conselho da Comunidade de Irati, das 8h30 \u00e0s 12h e das 13h30 \u00e0s 17h.<\/p>\n<hr \/>\n<p><b>CONTATOS<\/b><\/p>\n<p>Telefone fixo: (42) 3421-3086<\/p>\n<p>Celular\/Whatsapp: (42) 99904-1423<\/p>\n<p>Email: numapeirati@gmail.com<\/p>\n<hr \/>\n<p><b>REDES SOCIAIS<\/b><\/p>\n<p>Facebook: <u><a href=\"https:\/\/www.facebook.com\/numape.irati.96\">https:\/\/www.facebook.com\/numape.irati.96<\/a><\/u><\/p>\n<p>Instagram: <u><a href=\"http:\/\/www.instagram.com\/numapeirati\">@numapeirati<\/a><\/u><\/p>\n<p>&nbsp;<\/p>\n<p>&nbsp;<\/p>\n<p>&nbsp;<\/p>\n","protected":false},"excerpt":{"rendered":"<p>O N\u00facleo Maria da Penha &#8211; Numape &#8211; Irati \u00e9 um projeto da Secretaria de Estado da Ci\u00eancia, Tecnologia e Ensino Superior (Seti) com recursos do Fundo Paran\u00e1, executado pela Universidade Estadual do Centro-Oeste &#8211; Unicentro. O Numape Irati atua no enfrentamento \u00e0 viol\u00eancia contra a mulher no munic\u00edpio de Irati e regi\u00e3o. A equipe [&hellip;]<\/p>\n","protected":false},"author":224,"featured_media":0,"parent":0,"menu_order":0,"comment_status":"closed","ping_status":"closed","template":"","meta":{"_exactmetrics_skip_tracking":false,"_exactmetrics_sitenote_active":false,"_exactmetrics_sitenote_note":"","_exactmetrics_sitenote_category":0,"footnotes":"","_links_to":"","_links_to_target":""},"class_list":["post-1895","page","type-page","status-publish","hentry"],"publishpress_future_action":{"enabled":false,"date":"2026-04-24 04:03:20","action":"change-status","newStatus":"draft","terms":[],"taxonomy":"","extraData":[]},"publishpress_future_workflow_manual_trigger":{"enabledWorkflows":[]},"_links":{"self":[{"href":"https:\/\/www3.unicentro.br\/proec\/wp-json\/wp\/v2\/pages\/1895","targetHints":{"allow":["GET"]}}],"collection":[{"href":"https:\/\/www3.unicentro.br\/proec\/wp-json\/wp\/v2\/pages"}],"about":[{"href":"https:\/\/www3.unicentro.br\/proec\/wp-json\/wp\/v2\/types\/page"}],"author":[{"embeddable":true,"href":"https:\/\/www3.unicentro.br\/proec\/wp-json\/wp\/v2\/users\/224"}],"replies":[{"embeddable":true,"href":"https:\/\/www3.unicentro.br\/proec\/wp-json\/wp\/v2\/comments?post=1895"}],"version-history":[{"count":2,"href":"https:\/\/www3.unicentro.br\/proec\/wp-json\/wp\/v2\/pages\/1895\/revisions"}],"predecessor-version":[{"id":9451,"href":"https:\/\/www3.unicentro.br\/proec\/wp-json\/wp\/v2\/pages\/1895\/revisions\/9451"}],"wp:attachment":[{"href":"https:\/\/www3.unicentro.br\/proec\/wp-json\/wp\/v2\/media?parent=1895"}],"curies":[{"name":"wp","href":"https:\/\/api.w.org\/{rel}","templated":true}]}}