{"id":1845,"date":"2020-03-12T10:33:38","date_gmt":"2020-03-12T13:33:38","guid":{"rendered":"https:\/\/www3.unicentro.br\/proec\/?page_id=1845"},"modified":"2020-03-12T11:14:17","modified_gmt":"2020-03-12T14:14:17","slug":"publicacoes","status":"publish","type":"page","link":"https:\/\/www3.unicentro.br\/proec\/prevestibular\/publicacoes\/","title":{"rendered":"Pr\u00e9-Vestibular &#8211; Publica\u00e7\u00f5es"},"content":{"rendered":"<p><img loading=\"lazy\" decoding=\"async\" class=\"alignnone wp-image-1823 \" src=\"https:\/\/www3.unicentro.br\/proec\/wp-content\/uploads\/sites\/73\/2020\/03\/Banner-Site-Pr\u00e9-Vestibular-768x109-1.png\" alt=\"\" width=\"845\" height=\"120\" srcset=\"https:\/\/www3.unicentro.br\/proec\/wp-content\/uploads\/sites\/73\/2020\/03\/Banner-Site-Pr\u00e9-Vestibular-768x109-1.png 768w, https:\/\/www3.unicentro.br\/proec\/wp-content\/uploads\/sites\/73\/2020\/03\/Banner-Site-Pr\u00e9-Vestibular-768x109-1-300x43.png 300w, https:\/\/www3.unicentro.br\/proec\/wp-content\/uploads\/sites\/73\/2020\/03\/Banner-Site-Pr\u00e9-Vestibular-768x109-1-255x36.png 255w\" sizes=\"auto, (max-width: 845px) 100vw, 845px\" \/><\/p>\n<p><strong>2015- II Col\u00f3quio de Ensino de Hist\u00f3ria<\/strong><\/p>\n<p>A Hist\u00f3ria do Paran\u00e1 sob o olhar do jornal Gazeta do Povo e a mem\u00f3ria aplicada ao Curso Pr\u00e9-Vestibular<br \/>\n(Luiz Felipe de Lima, Rodrigo dos Santos)<br \/>\n<em><a href=\"http:\/\/anais.unicentro.br\/ensinohistoria\/pdf\/iiv2n1\/7.pdf\">http:\/\/anais.unicentro.br\/ensinohistoria\/pdf\/iiv2n1\/7.pdf<\/a><\/em><\/p>\n<p>O uso dos jornais no ensino: uma reflex\u00e3o sobre imigra\u00e7\u00e3o pautada no jornal Folha do Oeste e uma proposta de aplica\u00e7\u00e3o no Curso Pr\u00e9-Vestibular Unicentro<br \/>\n(Rodrigo dos Santos, Luiz Felipe de Lima)<br \/>\n<em><a href=\"http:\/\/anais.unicentro.br\/ensinohistoria\/pdf\/iiv2n1\/6.pdf\">http:\/\/anais.unicentro.br\/ensinohistoria\/pdf\/iiv2n1\/6.pdf<\/a><\/em><\/p>\n<p><strong>2015- IV Semana de Integra\u00e7\u00e3o Ensino, Pesquisa e Extens\u00e3o<\/strong><\/p>\n<p>Simula\u00e7\u00e3o computacional interativa para o ensino de conceitos f\u00edsicos de termodin\u00e2mica<br \/>\n(Fernando Henrique Rocha)<br \/>\n<em><a href=\"http:\/\/anais.unicentro.br\/siepe\/pdf\/ivv4n1\/1612.pdf\">http:\/\/anais.unicentro.br\/siepe\/pdf\/ivv4n1\/1612.pdf<\/a><\/em><\/p>\n<p>O Uso das Redes Sociais como Ferramenta para a aproxima\u00e7\u00e3o e troca de aprendizagem no Curso Pr\u00e9-Vestibular da Unicentro<br \/>\n(Yhara Carolina Olejaz Freire)<br \/>\n<em><a href=\"http:\/\/anais.unicentro.br\/siepe\/pdf\/ivv4n1\/1704.pdf\">http:\/\/anais.unicentro.br\/siepe\/pdf\/ivv4n1\/1704.pdf<\/a><\/em><\/p>\n<p>Inser\u00e7\u00e3o de v\u00eddeos autoexplicativos nas aulas de qu\u00edmica direcionados ao Curso Pr\u00e9-Vestibular Unicentro<br \/>\n(Samuel Fernando Prante Krestzel)<br \/>\n<em><a href=\"http:\/\/anais.unicentro.br\/siepe\/pdf\/ivv4n1\/875.pdf\">http:\/\/anais.unicentro.br\/siepe\/pdf\/ivv4n1\/875.pdf<\/a><\/em><\/p>\n<p>O Ensino de l\u00f3gica nas aulas de L\u00edngua Portuguesa<br \/>\n(Carlos Eduardo da Silva\/Carlos Glintelen)<br \/>\n<em><a href=\"http:\/\/anais.unicentro.br\/siepe\/pdf\/ivv4n1\/325.pdf\">http:\/\/anais.unicentro.br\/siepe\/pdf\/ivv4n1\/325.pdf<\/a><\/em><\/p>\n<p><strong>2014- II Congresso de Ci\u00eancias Agr\u00e1rias e Ambientais da Unicentro<\/strong><\/p>\n<p>Os Desafios do Curso Pr\u00e9-Vestibular da Unicentro<br \/>\n(Yhara Caroline Olejaz Freire; Ana Lucia Suriani Affonso; Elaine Maria dos Santos)<br \/>\n<em><a href=\"http:\/\/anais.unicentro.br\/conseaa\/pdf\/iiv2n1\/49.pdf\">http:\/\/anais.unicentro.br\/conseaa\/pdf\/iiv2n1\/49.pdf<\/a><\/em><\/p>\n<p>Experi\u00eancia em um Curso de Pr\u00e9-Vestibular, um projeto de extens\u00e3o<br \/>\n(Cristhian Santos Oliveira, Michely Lais de Oliveira, Ana L\u00facia Suriani Affonso)<br \/>\n<em><a href=\"http:\/\/anais.unicentro.br\/conseaa\/pdf\/iiv2n1\/125.pdf\">http:\/\/anais.unicentro.br\/conseaa\/pdf\/iiv2n1\/125.pdf<\/a><\/em><\/p>\n<p><strong>2013- III SIEPE- Semana de Integra\u00e7\u00e3o Ensino, Pesquisa e Extens\u00e3o<\/strong><\/p>\n<p>Avalia\u00e7\u00e3o do desempenho dos alunos do Curso Pr\u00e9-Vestibular da Unicentro na disciplina de Qu\u00edmica<br \/>\n(Cristhian Santos Oliveira, M\u00e1rcia Cristina Cunha, Ana Lucia Suriani Affonso)<br \/>\n<em><a href=\"http:\/\/anais.unicentro.br\/siepe\/pdf\/iiiv3n1\/915.pdf\">http:\/\/anais.unicentro.br\/siepe\/pdf\/iiiv3n1\/915.pdf<\/a><\/em><\/p>\n<p><strong>2013- CIEPG- 5\u00ba Congresso Internacional de Educa\u00e7\u00e3o Pesquisa e Gest\u00e3o<\/strong><\/p>\n<p>A utiliza\u00e7\u00e3o de m\u00eddia digital no processo de ensino aprendizagem de alunos do Curso Pr\u00e9-Vestibular da Unicentro, Guarapuava, Paran\u00e1<br \/>\n(Jaqueline de Oliveira Prestes, Ana Paula Brizola, Luciane Ap\u00aa Munhoz Stefano, Ana Lucia Suriani Affonso, M\u00e1rcia Cristina Cunha)<br \/>\n<em><a href=\"http:\/\/www.isapg.com.br\/2013\/ciepg\/down.php?id=173&amp;q=1\">http:\/\/www.isapg.com.br\/2013\/ciepg\/down.php?id=173&amp;q=1<\/a><\/em><br \/>\n<strong>2013- 31\u00ba SEURS &#8211; Semin\u00e1rio de Extens\u00e3o Universit\u00e1ria da Regi\u00e3o Sul<\/strong><\/p>\n<p>Curso Pr\u00e9-Vestibular da Unicentro: promovendo troca de saberes<br \/>\n(Elaine Maria dos Santos, Ana Lucia Suriani Affonso, M\u00e1rcia Cristina da Cunha, Jana\u00edna Maria Galeazzi, Ana Paula Brizola, Josiane Manchur)<br \/>\n<em><a href=\"https:\/\/repositorio.ufsc.br\/bitstream\/handle\/123456789\/117380\/Educa%C3%A7%C3%A3o%20-%20CURSO%20PR%C3%89-VESTIBULAR%20UNICENTRO%20PROMOVENDO%20TROCA%20DE%20SABERES%20%281%29.pdf?sequence=1&amp;isAllowed=y\">https:\/\/repositorio.ufsc.br\/bitstream\/handle\/123456789\/117380\/Educa%C3%A7%C3%A3o%20-%20CURSO%20PR%C3%89-VESTIBULAR%20UNICENTRO%20PROMOVENDO%20TROCA%20DE%20SABERES%20%281%29.pdf?sequence=1&amp;isAllowed=y<\/a><\/em><\/p>\n<p><strong>2013 &#8211; Revista Conex\u00e3o UEPG (Universidade Estadual de Ponta Grossa)<\/strong><\/p>\n<p>A Contribui\u00e7\u00e3o de projetos de extens\u00e3o na forma\u00e7\u00e3o profissional de graduandos de licenciaturas<br \/>\n(Josiane Manchur, Ana Lucia Suriani Affonso, M\u00e1rcia Cristina da Cunha)<br \/>\n<em><a href=\"http:\/\/www.revistas2.uepg.br\/index.php\/conexao\/article\/view\/5522\/3672\">http:\/\/www.revistas2.uepg.br\/index.php\/conexao\/article\/view\/5522\/3672<\/a><\/em><\/p>\n","protected":false},"excerpt":{"rendered":"<p>2015- II Col\u00f3quio de Ensino de Hist\u00f3ria A Hist\u00f3ria do Paran\u00e1 sob o olhar do jornal Gazeta do Povo e a mem\u00f3ria aplicada ao Curso Pr\u00e9-Vestibular (Luiz Felipe de Lima, Rodrigo dos Santos) http:\/\/anais.unicentro.br\/ensinohistoria\/pdf\/iiv2n1\/7.pdf O uso dos jornais no ensino: uma reflex\u00e3o sobre imigra\u00e7\u00e3o pautada no jornal Folha do Oeste e uma proposta de aplica\u00e7\u00e3o [&hellip;]<\/p>\n","protected":false},"author":224,"featured_media":0,"parent":1743,"menu_order":0,"comment_status":"closed","ping_status":"closed","template":"","meta":{"_exactmetrics_skip_tracking":false,"_exactmetrics_sitenote_active":false,"_exactmetrics_sitenote_note":"","_exactmetrics_sitenote_category":0,"footnotes":"","_links_to":"","_links_to_target":""},"class_list":["post-1845","page","type-page","status-publish","hentry"],"publishpress_future_action":{"enabled":false,"date":"2026-04-16 01:07:32","action":"change-status","newStatus":"draft","terms":[],"taxonomy":"","extraData":[]},"publishpress_future_workflow_manual_trigger":{"enabledWorkflows":[]},"_links":{"self":[{"href":"https:\/\/www3.unicentro.br\/proec\/wp-json\/wp\/v2\/pages\/1845","targetHints":{"allow":["GET"]}}],"collection":[{"href":"https:\/\/www3.unicentro.br\/proec\/wp-json\/wp\/v2\/pages"}],"about":[{"href":"https:\/\/www3.unicentro.br\/proec\/wp-json\/wp\/v2\/types\/page"}],"author":[{"embeddable":true,"href":"https:\/\/www3.unicentro.br\/proec\/wp-json\/wp\/v2\/users\/224"}],"replies":[{"embeddable":true,"href":"https:\/\/www3.unicentro.br\/proec\/wp-json\/wp\/v2\/comments?post=1845"}],"version-history":[{"count":0,"href":"https:\/\/www3.unicentro.br\/proec\/wp-json\/wp\/v2\/pages\/1845\/revisions"}],"up":[{"embeddable":true,"href":"https:\/\/www3.unicentro.br\/proec\/wp-json\/wp\/v2\/pages\/1743"}],"wp:attachment":[{"href":"https:\/\/www3.unicentro.br\/proec\/wp-json\/wp\/v2\/media?parent=1845"}],"curies":[{"name":"wp","href":"https:\/\/api.w.org\/{rel}","templated":true}]}}