{"id":1801,"date":"2020-03-11T16:06:07","date_gmt":"2020-03-11T19:06:07","guid":{"rendered":"https:\/\/www3.unicentro.br\/proec\/?page_id=1801"},"modified":"2024-09-04T11:02:40","modified_gmt":"2024-09-04T14:02:40","slug":"numapeguarapuava","status":"publish","type":"page","link":"https:\/\/www3.unicentro.br\/proec\/numapeguarapuava\/","title":{"rendered":"N\u00facleo Maria da Penha &#8211; Numape Guarapuava"},"content":{"rendered":"<div class=\"wp-block-image\"><img loading=\"lazy\" decoding=\"async\" class=\"wp-image-6297 size-medium alignright\" src=\"https:\/\/www3.unicentro.br\/proec\/wp-content\/uploads\/sites\/73\/2023\/06\/Logo-Numape-Nova-300x241.jpg\" alt=\"\" width=\"300\" height=\"241\" srcset=\"https:\/\/www3.unicentro.br\/proec\/wp-content\/uploads\/sites\/73\/2023\/06\/Logo-Numape-Nova-300x241.jpg 300w, https:\/\/www3.unicentro.br\/proec\/wp-content\/uploads\/sites\/73\/2023\/06\/Logo-Numape-Nova-1024x824.jpg 1024w, https:\/\/www3.unicentro.br\/proec\/wp-content\/uploads\/sites\/73\/2023\/06\/Logo-Numape-Nova-768x618.jpg 768w, https:\/\/www3.unicentro.br\/proec\/wp-content\/uploads\/sites\/73\/2023\/06\/Logo-Numape-Nova-255x205.jpg 255w, https:\/\/www3.unicentro.br\/proec\/wp-content\/uploads\/sites\/73\/2023\/06\/Logo-Numape-Nova.jpg 1491w\" sizes=\"auto, (max-width: 300px) 100vw, 300px\" \/><\/div>\n<p align=\"justify\">O N\u00facleo Maria da Penha &#8211; Numape &#8211; Guarapuava \u00e9 um projeto da Secretaria de Estado da Ci\u00eancia, Tecnologia e Ensino Superior (Seti) com recursos do Fundo Paran\u00e1, executado pela Universidade Estadual do Centro-Oeste &#8211; Unicentro.<\/p>\n<p align=\"justify\">O Numape Guarapuava presta o acolhimento e o atendimento jur\u00eddico e psicol\u00f3gico gratuito \u00e0s mulheres de baixa renda residentes no munic\u00edpio de Guarapuava e regi\u00e3o, que estejam em situa\u00e7\u00e3o de viol\u00eancia dom\u00e9stica e familiar e que gostariam de se desvincular de seus agressores, de forma a lhes assegurar a tutela de seus direitos, com a realiza\u00e7\u00e3o do div\u00f3rcio ou reconhecimento e dissolu\u00e7\u00e3o de uni\u00e3o est\u00e1vel, bem como a regulariza\u00e7\u00e3o de visitas e guarda dos filhos, alimentos e partilha de bens, decorrentes da separa\u00e7\u00e3o.<\/p>\n<p align=\"justify\">O N\u00facleo promove ainda a\u00e7\u00f5es de preven\u00e7\u00e3o atrav\u00e9s de pr\u00e1ticas socioeducativas, com o objetivo de combater a viol\u00eancia contra as mulheres e a conscientizar a sociedade acerca dos direitos destas, contribuindo para o efetivo cumprimento da Lei Maria da Penha.<\/p>\n<hr \/>\n<p align=\"justify\"><strong>ENDERE\u00c7O<\/strong><\/p>\n<p>Unicentro &#8211; C\u00e2mpus Santa Cruz &#8211; Sala 119, Bloco E.<\/p>\n<p>Rua Padre Salvatore Renna, n\u00ba 875, bairro Santa Cruz, Guarapuava-PR. CEP 85015-430.<\/p>\n<hr \/>\n<p><strong>HOR\u00c1RIO DE ATENDIMENTO<\/strong><\/p>\n<ul>\n<li>De Segunda a Sexta-feira &#8211; das 8h \u00e0s 12h e das 13h \u00e0s 17h<\/li>\n<\/ul>\n<hr \/>\n<p><strong>CONTATOS<\/strong><\/p>\n<ul>\n<li>E-mail: <a href=\"mailto:numape@unicentro.br\">numape@unicentro.br<\/a><\/li>\n<li>Telefone e WhatsApp: (42) 3621-1099<\/li>\n<\/ul>\n<hr \/>\n<p><strong>REDES SOCIAIS<\/strong><\/p>\n<ul>\n<li>Facebook: <a href=\"https:\/\/www.facebook.com\/numapeunicentroguarapuava\">https:\/\/www.facebook.com\/numapeunicentroguarapuava<\/a><\/li>\n<li>Instagram: <a href=\"https:\/\/www.instagram.com\/numape_guarapuava\/\">@numape_guarapuava<\/a><\/li>\n<\/ul>\n<hr \/>\n<div class=\"wp-block-image\">\n<div class=\"wp-block-image\"><\/div>\n<\/div>\n","protected":false},"excerpt":{"rendered":"<p>O N\u00facleo Maria da Penha &#8211; Numape &#8211; Guarapuava \u00e9 um projeto da Secretaria de Estado da Ci\u00eancia, Tecnologia e Ensino Superior (Seti) com recursos do Fundo Paran\u00e1, executado pela Universidade Estadual do Centro-Oeste &#8211; Unicentro. O Numape Guarapuava presta o acolhimento e o atendimento jur\u00eddico e psicol\u00f3gico gratuito \u00e0s mulheres de baixa renda residentes [&hellip;]<\/p>\n","protected":false},"author":224,"featured_media":0,"parent":0,"menu_order":0,"comment_status":"closed","ping_status":"closed","template":"","meta":{"_exactmetrics_skip_tracking":false,"_exactmetrics_sitenote_active":false,"_exactmetrics_sitenote_note":"","_exactmetrics_sitenote_category":0,"footnotes":"","_links_to":"","_links_to_target":""},"class_list":["post-1801","page","type-page","status-publish","hentry"],"publishpress_future_action":{"enabled":false,"date":"2026-04-17 01:16:17","action":"change-status","newStatus":"draft","terms":[],"taxonomy":"","extraData":[]},"publishpress_future_workflow_manual_trigger":{"enabledWorkflows":[]},"_links":{"self":[{"href":"https:\/\/www3.unicentro.br\/proec\/wp-json\/wp\/v2\/pages\/1801","targetHints":{"allow":["GET"]}}],"collection":[{"href":"https:\/\/www3.unicentro.br\/proec\/wp-json\/wp\/v2\/pages"}],"about":[{"href":"https:\/\/www3.unicentro.br\/proec\/wp-json\/wp\/v2\/types\/page"}],"author":[{"embeddable":true,"href":"https:\/\/www3.unicentro.br\/proec\/wp-json\/wp\/v2\/users\/224"}],"replies":[{"embeddable":true,"href":"https:\/\/www3.unicentro.br\/proec\/wp-json\/wp\/v2\/comments?post=1801"}],"version-history":[{"count":3,"href":"https:\/\/www3.unicentro.br\/proec\/wp-json\/wp\/v2\/pages\/1801\/revisions"}],"predecessor-version":[{"id":9450,"href":"https:\/\/www3.unicentro.br\/proec\/wp-json\/wp\/v2\/pages\/1801\/revisions\/9450"}],"wp:attachment":[{"href":"https:\/\/www3.unicentro.br\/proec\/wp-json\/wp\/v2\/media?parent=1801"}],"curies":[{"name":"wp","href":"https:\/\/api.w.org\/{rel}","templated":true}]}}