{"id":1773,"date":"2020-03-11T15:44:13","date_gmt":"2020-03-11T18:44:13","guid":{"rendered":"https:\/\/www3.unicentro.br\/proec\/?page_id=1773"},"modified":"2026-04-01T11:14:49","modified_gmt":"2026-04-01T14:14:49","slug":"unati","status":"publish","type":"page","link":"https:\/\/www3.unicentro.br\/proec\/unati\/","title":{"rendered":"Universidade Aberta \u00e0 Terceira Idade &#8211; UNATI &#8211; Guarapuava"},"content":{"rendered":"<div class=\"wpb-content-wrapper\"><p>[vc_row][vc_column][vc_column_text css=&#8221;&#8221;]<\/p>\n<div class=\"wp-block-image\"><img loading=\"lazy\" decoding=\"async\" class=\"wpa-warning wpa-image-missing-alt wp-image-13892 alignright\" src=\"https:\/\/www3.unicentro.br\/proec\/wp-content\/uploads\/sites\/73\/2026\/04\/Logo-Unati.png\" alt=\"\" width=\"200\" height=\"113\" data-warning=\"Texto alternativo ausente\" srcset=\"https:\/\/www3.unicentro.br\/proec\/wp-content\/uploads\/sites\/73\/2026\/04\/Logo-Unati.png 727w, https:\/\/www3.unicentro.br\/proec\/wp-content\/uploads\/sites\/73\/2026\/04\/Logo-Unati-255x145.png 255w\" sizes=\"auto, (max-width: 200px) 100vw, 200px\" \/><\/div>\n<p align=\"justify\">O Programa de Extens\u00e3o Universidade Aberta \u00e0 Terceira Idade &#8211; UNATI tem como objetivo contribuir para a melhoria de qualidade de vida das pessoas idosas, proporcionar condi\u00e7\u00f5es para o resgate da cidadania e de uma participa\u00e7\u00e3o efetiva na vida social e familiar. Essa boa qualidade de vida pode ser alcan\u00e7ada por meio de atividades f\u00edsicas e cognitivas, trabalhadas por professores, alunos e estudiosos das mais diversas \u00e1reas do conhecimento humano, constituindo-se num laborat\u00f3rio para atividades de ensino, pesquisa e extens\u00e3o. Objetiva-se tamb\u00e9m promover a\u00e7\u00f5es que estimulem a autoestima e autonomia do idoso. Por meio de atividades educativas, esportivas, recreativas e culturais, busca-se levar o unatiano a integrar-se com outros grupos de idosos do munic\u00edpio e regi\u00e3o, assim, s\u00e3o realizados passeios e viagens com finalidades culturais ou tur\u00edsticas.\u00a0Busca-se um equil\u00edbrio entre oferta de atividades f\u00edsicas e cognitivas, objetivando o desenvolvimento harm\u00f4nico de corpo e mente. As propostas visam tamb\u00e9m, recuperar poss\u00edveis perdas f\u00edsicas e intelectuais decorrentes do envelhecimento. A metodologia utilizada valoriza a proatividade do unatiano.<\/p>\n<p>\u00a0[\/vc_column_text][\/vc_column][\/vc_row][vc_row][vc_column][vc_gallery type=&#8221;image_grid&#8221; images=&#8221;9479,9480&#8243; img_size=&#8221;300&#215;200&#8243; css=&#8221;&#8221;][\/vc_column][\/vc_row]<\/p>\n<\/div>","protected":false},"excerpt":{"rendered":"<p>[vc_row][vc_column][vc_column_text css=&#8221;&#8221;] O Programa de Extens\u00e3o Universidade Aberta \u00e0 Terceira Idade &#8211; UNATI tem como objetivo contribuir para a melhoria de qualidade de vida das pessoas idosas, proporcionar condi\u00e7\u00f5es para o resgate da cidadania e de uma participa\u00e7\u00e3o efetiva na vida social e familiar. Essa boa qualidade de vida pode ser alcan\u00e7ada por meio de [&hellip;]<\/p>\n","protected":false},"author":224,"featured_media":0,"parent":0,"menu_order":0,"comment_status":"closed","ping_status":"closed","template":"","meta":{"_exactmetrics_skip_tracking":false,"_exactmetrics_sitenote_active":false,"_exactmetrics_sitenote_note":"","_exactmetrics_sitenote_category":0,"footnotes":"","_links_to":"","_links_to_target":""},"class_list":["post-1773","page","type-page","status-publish","hentry"],"publishpress_future_action":{"enabled":false,"date":"2026-04-25 14:40:36","action":"change-status","newStatus":"draft","terms":[],"taxonomy":"","extraData":[]},"publishpress_future_workflow_manual_trigger":{"enabledWorkflows":[]},"_links":{"self":[{"href":"https:\/\/www3.unicentro.br\/proec\/wp-json\/wp\/v2\/pages\/1773","targetHints":{"allow":["GET"]}}],"collection":[{"href":"https:\/\/www3.unicentro.br\/proec\/wp-json\/wp\/v2\/pages"}],"about":[{"href":"https:\/\/www3.unicentro.br\/proec\/wp-json\/wp\/v2\/types\/page"}],"author":[{"embeddable":true,"href":"https:\/\/www3.unicentro.br\/proec\/wp-json\/wp\/v2\/users\/224"}],"replies":[{"embeddable":true,"href":"https:\/\/www3.unicentro.br\/proec\/wp-json\/wp\/v2\/comments?post=1773"}],"version-history":[{"count":2,"href":"https:\/\/www3.unicentro.br\/proec\/wp-json\/wp\/v2\/pages\/1773\/revisions"}],"predecessor-version":[{"id":13893,"href":"https:\/\/www3.unicentro.br\/proec\/wp-json\/wp\/v2\/pages\/1773\/revisions\/13893"}],"wp:attachment":[{"href":"https:\/\/www3.unicentro.br\/proec\/wp-json\/wp\/v2\/media?parent=1773"}],"curies":[{"name":"wp","href":"https:\/\/api.w.org\/{rel}","templated":true}]}}