{"id":1757,"date":"2020-03-11T15:14:39","date_gmt":"2020-03-11T18:14:39","guid":{"rendered":"https:\/\/www3.unicentro.br\/proec\/?page_id=1757"},"modified":"2024-09-04T11:31:03","modified_gmt":"2024-09-04T14:31:03","slug":"paranamaisorganico","status":"publish","type":"page","link":"https:\/\/www3.unicentro.br\/proec\/paranamaisorganico\/","title":{"rendered":"Paran\u00e1 Mais Org\u00e2nico &#8211; PMO"},"content":{"rendered":"<div class=\"wpb-content-wrapper\"><p>[vc_row][vc_column][vc_column_text css=&#8221;&#8221;]<img loading=\"lazy\" decoding=\"async\" class=\"wp-image-1758 size-medium alignright\" src=\"https:\/\/www3.unicentro.br\/proec\/wp-content\/uploads\/sites\/73\/2020\/03\/2A58.tmp-175x300.png\" alt=\" \" width=\"175\" height=\"300\" srcset=\"https:\/\/www3.unicentro.br\/proec\/wp-content\/uploads\/sites\/73\/2020\/03\/2A58.tmp-175x300.png 175w, https:\/\/www3.unicentro.br\/proec\/wp-content\/uploads\/sites\/73\/2020\/03\/2A58.tmp-255x437.png 255w, https:\/\/www3.unicentro.br\/proec\/wp-content\/uploads\/sites\/73\/2020\/03\/2A58.tmp.png 313w\" sizes=\"auto, (max-width: 175px) 100vw, 175px\" \/><\/p>\n<p align=\"justify\">O Programa Paran\u00e1 Mais Org\u00e2nico (<b>PMO<\/b>) \u00e9 uma parceria da Secretaria de Ci\u00eancia, Tecnologia e Ensino Superior do Paran\u00e1 (<em><b>SETI<\/b><\/em>) com o Instituto Tecnol\u00f3gico do Paran\u00e1 (<b>TECPAR<\/b>) e o\u00a0Centro Paranaense de Referencia em Agroecologia (<b>CPRA<\/b>) e as institui\u00e7\u00f5es de ensino superior do Estado do Paran\u00e1.<\/p>\n<p align=\"justify\">O projeto \u00e9 executado por equipes multidisciplinares de profissionais e estudantes de gradua\u00e7\u00e3o que comp\u00f5em os n\u00facleos de certifica\u00e7\u00e3o.<\/p>\n<p align=\"justify\">O PMO tem como objetivo certificar e prestar assist\u00eancia t\u00e9cnica gratuita \u00e0 produ\u00e7\u00e3o agropecu\u00e1ria da agricultura familiar do Estado. O produto certificado tem maior valor agregado, melhora a qualidade de vida do produtor e do consumidor e aproxima a rela\u00e7\u00e3o entre ambos.<\/p>\n<p>&nbsp;<\/p>\n<p align=\"justify\"><strong>COMO PARTICIPAR<\/strong><\/p>\n<p><a name=\"_GoBack\"><\/a>O produtor da agricultura familiar que deseja participar do projeto pode entrar em contato com a Equipe do PMO ou com a Secretaria de Agricultura ou EMATER de seu munic\u00edpio.<\/p>\n<p>&nbsp;<\/p>\n<p align=\"justify\"><b>HOR\u00c1RIO E LOCAL DE ATENDIMENTO<\/b><\/p>\n<p align=\"justify\">O n\u00facleo PMO Unicentro funciona no campus Cedeteg da UNICENTRO.<\/p>\n<p align=\"justify\">Endere\u00e7o: Alameda \u00c9lio Antonio Dalla Vecchia, 838, bairro Vila Carli, Guarapuava-PR. CEP 85040-167.<\/p>\n<p align=\"justify\">O hor\u00e1rio de atendimento \u00e9 de de Segunda a Sexta feira, das 08:00 \u00e0s 17:00h.<\/p>\n<p>&nbsp;<\/p>\n<p align=\"justify\"><strong>CONTATOS<\/strong><\/p>\n<p>Telefone: (42) 3629-8259<br \/>\nEmail: ppcpounicentro@gmail.com<br \/>\nFacebook: <span style=\"color: #0000ff\"><u><a href=\"https:\/\/www.facebook.com\/PPCPO\/\">https:\/\/www.facebook.com\/PPCPO\/<\/a><\/u><\/span>[\/vc_column_text][\/vc_column][\/vc_row][vc_row][vc_column][vc_gallery type=&#8221;image_grid&#8221; images=&#8221;2127,2128,2129&#8243; img_size=&#8221;300&#215;200&#8243;][\/vc_column][\/vc_row]<\/p>\n<\/div>","protected":false},"excerpt":{"rendered":"<p>[vc_row][vc_column][vc_column_text css=&#8221;&#8221;] O Programa Paran\u00e1 Mais Org\u00e2nico (PMO) \u00e9 uma parceria da Secretaria de Ci\u00eancia, Tecnologia e Ensino Superior do Paran\u00e1 (SETI) com o Instituto Tecnol\u00f3gico do Paran\u00e1 (TECPAR) e o\u00a0Centro Paranaense de Referencia em Agroecologia (CPRA) e as institui\u00e7\u00f5es de ensino superior do Estado do Paran\u00e1. O projeto \u00e9 executado por equipes multidisciplinares de [&hellip;]<\/p>\n","protected":false},"author":224,"featured_media":0,"parent":0,"menu_order":0,"comment_status":"closed","ping_status":"closed","template":"","meta":{"_exactmetrics_skip_tracking":false,"_exactmetrics_sitenote_active":false,"_exactmetrics_sitenote_note":"","_exactmetrics_sitenote_category":0,"footnotes":"","_links_to":"","_links_to_target":""},"class_list":["post-1757","page","type-page","status-publish","hentry"],"publishpress_future_action":{"enabled":false,"date":"2026-04-23 20:10:22","action":"change-status","newStatus":"draft","terms":[],"taxonomy":"","extraData":[]},"publishpress_future_workflow_manual_trigger":{"enabledWorkflows":[]},"_links":{"self":[{"href":"https:\/\/www3.unicentro.br\/proec\/wp-json\/wp\/v2\/pages\/1757","targetHints":{"allow":["GET"]}}],"collection":[{"href":"https:\/\/www3.unicentro.br\/proec\/wp-json\/wp\/v2\/pages"}],"about":[{"href":"https:\/\/www3.unicentro.br\/proec\/wp-json\/wp\/v2\/types\/page"}],"author":[{"embeddable":true,"href":"https:\/\/www3.unicentro.br\/proec\/wp-json\/wp\/v2\/users\/224"}],"replies":[{"embeddable":true,"href":"https:\/\/www3.unicentro.br\/proec\/wp-json\/wp\/v2\/comments?post=1757"}],"version-history":[{"count":1,"href":"https:\/\/www3.unicentro.br\/proec\/wp-json\/wp\/v2\/pages\/1757\/revisions"}],"predecessor-version":[{"id":9463,"href":"https:\/\/www3.unicentro.br\/proec\/wp-json\/wp\/v2\/pages\/1757\/revisions\/9463"}],"wp:attachment":[{"href":"https:\/\/www3.unicentro.br\/proec\/wp-json\/wp\/v2\/media?parent=1757"}],"curies":[{"name":"wp","href":"https:\/\/api.w.org\/{rel}","templated":true}]}}