{"id":1743,"date":"2020-03-11T09:25:24","date_gmt":"2020-03-11T12:25:24","guid":{"rendered":"https:\/\/www3.unicentro.br\/proec\/?page_id=1743"},"modified":"2024-09-04T11:47:47","modified_gmt":"2024-09-04T14:47:47","slug":"prevestibular","status":"publish","type":"page","link":"https:\/\/www3.unicentro.br\/proec\/prevestibular\/","title":{"rendered":"Pr\u00e9-Vestibular"},"content":{"rendered":"<p><img loading=\"lazy\" decoding=\"async\" class=\"alignnone wp-image-1823 \" src=\"https:\/\/www3.unicentro.br\/proec\/wp-content\/uploads\/sites\/73\/2020\/03\/Banner-Site-Pr\u00e9-Vestibular-768x109-1.png\" alt=\"\" width=\"845\" height=\"120\" srcset=\"https:\/\/www3.unicentro.br\/proec\/wp-content\/uploads\/sites\/73\/2020\/03\/Banner-Site-Pr\u00e9-Vestibular-768x109-1.png 768w, https:\/\/www3.unicentro.br\/proec\/wp-content\/uploads\/sites\/73\/2020\/03\/Banner-Site-Pr\u00e9-Vestibular-768x109-1-300x43.png 300w, https:\/\/www3.unicentro.br\/proec\/wp-content\/uploads\/sites\/73\/2020\/03\/Banner-Site-Pr\u00e9-Vestibular-768x109-1-255x36.png 255w\" sizes=\"auto, (max-width: 845px) 100vw, 845px\" \/><\/p>\n<p align=\"justify\">\u201cO Curso Pr\u00e9-Vestibular Unicentro \u00e9 uma iniciativa da Pr\u00f3-Reitoria de Extens\u00e3o e Cultura (PROEC), da Universidade Estadual do Centro-Oeste (Unicentro).<\/p>\n<p align=\"justify\"><img loading=\"lazy\" decoding=\"async\" class=\" wp-image-1824 alignright\" src=\"https:\/\/www3.unicentro.br\/proec\/wp-content\/uploads\/sites\/73\/2020\/03\/21742847_1447662715324600_8563206382017873289_n-300x169.jpg\" alt=\"\" width=\"298\" height=\"168\" srcset=\"https:\/\/www3.unicentro.br\/proec\/wp-content\/uploads\/sites\/73\/2020\/03\/21742847_1447662715324600_8563206382017873289_n-300x169.jpg 300w, https:\/\/www3.unicentro.br\/proec\/wp-content\/uploads\/sites\/73\/2020\/03\/21742847_1447662715324600_8563206382017873289_n-768x432.jpg 768w, https:\/\/www3.unicentro.br\/proec\/wp-content\/uploads\/sites\/73\/2020\/03\/21742847_1447662715324600_8563206382017873289_n-255x143.jpg 255w, https:\/\/www3.unicentro.br\/proec\/wp-content\/uploads\/sites\/73\/2020\/03\/21742847_1447662715324600_8563206382017873289_n.jpg 960w\" sizes=\"auto, (max-width: 298px) 100vw, 298px\" \/><\/p>\n<p align=\"justify\">O Curso Pr\u00e9-Vestibular Unicentro foi criado no ano de 2009 e iniciou suas atividades em 2010, no C\u00e2mpus CEDETEG, com o objetivo proporcionar uma forma\u00e7\u00e3o complementar aos estudantes e egressos do ensino m\u00e9dio p\u00fablico, na busca da democratiza\u00e7\u00e3o do acesso \u00e0 Universidade p\u00fablica e de qualidade. Neste sentido, o projeto possibilita aos estudantes de gradua\u00e7\u00e3o e p\u00f3s-gradua\u00e7\u00e3o, colocar em pr\u00e1tica parte do conhecimento adquirido na Universidade em um processo de troca de saberes com os estudantes da rede p\u00fablica de ensino, em uma intera\u00e7\u00e3o entre o espa\u00e7o da academia e o da escola p\u00fablica.<\/p>\n<p align=\"justify\">As aulas ocorrem de segunda a sexta-feira, das 13h30 \u00e0s 17h30, na Sala 100 &#8211; Bloco Q do C\u00e2mpus Santa Cruz da UNICENTRO.<\/p>\n<p align=\"justify\">Endere\u00e7o: Rua Salvatore Renna, n\u00ba 875, bairro Santa Cruz, Guarapuava-PR. CEP 85015-430.<\/p>\n<p class=\"western\">\n","protected":false},"excerpt":{"rendered":"<p>\u201cO Curso Pr\u00e9-Vestibular Unicentro \u00e9 uma iniciativa da Pr\u00f3-Reitoria de Extens\u00e3o e Cultura (PROEC), da Universidade Estadual do Centro-Oeste (Unicentro). O Curso Pr\u00e9-Vestibular Unicentro foi criado no ano de 2009 e iniciou suas atividades em 2010, no C\u00e2mpus CEDETEG, com o objetivo proporcionar uma forma\u00e7\u00e3o complementar aos estudantes e egressos do ensino m\u00e9dio p\u00fablico, na [&hellip;]<\/p>\n","protected":false},"author":224,"featured_media":0,"parent":0,"menu_order":0,"comment_status":"closed","ping_status":"closed","template":"","meta":{"_exactmetrics_skip_tracking":false,"_exactmetrics_sitenote_active":false,"_exactmetrics_sitenote_note":"","_exactmetrics_sitenote_category":0,"footnotes":"","_links_to":"","_links_to_target":""},"class_list":["post-1743","page","type-page","status-publish","hentry"],"publishpress_future_action":{"enabled":false,"date":"2026-04-16 01:07:27","action":"change-status","newStatus":"draft","terms":[],"taxonomy":"","extraData":[]},"publishpress_future_workflow_manual_trigger":{"enabledWorkflows":[]},"_links":{"self":[{"href":"https:\/\/www3.unicentro.br\/proec\/wp-json\/wp\/v2\/pages\/1743","targetHints":{"allow":["GET"]}}],"collection":[{"href":"https:\/\/www3.unicentro.br\/proec\/wp-json\/wp\/v2\/pages"}],"about":[{"href":"https:\/\/www3.unicentro.br\/proec\/wp-json\/wp\/v2\/types\/page"}],"author":[{"embeddable":true,"href":"https:\/\/www3.unicentro.br\/proec\/wp-json\/wp\/v2\/users\/224"}],"replies":[{"embeddable":true,"href":"https:\/\/www3.unicentro.br\/proec\/wp-json\/wp\/v2\/comments?post=1743"}],"version-history":[{"count":1,"href":"https:\/\/www3.unicentro.br\/proec\/wp-json\/wp\/v2\/pages\/1743\/revisions"}],"predecessor-version":[{"id":9469,"href":"https:\/\/www3.unicentro.br\/proec\/wp-json\/wp\/v2\/pages\/1743\/revisions\/9469"}],"wp:attachment":[{"href":"https:\/\/www3.unicentro.br\/proec\/wp-json\/wp\/v2\/media?parent=1743"}],"curies":[{"name":"wp","href":"https:\/\/api.w.org\/{rel}","templated":true}]}}