{"id":1539,"date":"2020-02-07T09:55:41","date_gmt":"2020-02-07T12:55:41","guid":{"rendered":"https:\/\/www3.unicentro.br\/proec\/?page_id=1539"},"modified":"2020-02-18T11:02:26","modified_gmt":"2020-02-18T14:02:26","slug":"politica-nacional-de-extensao-universitaria","status":"publish","type":"page","link":"https:\/\/www3.unicentro.br\/proec\/politica-nacional-de-extensao-universitaria\/","title":{"rendered":"Pol\u00edtica Nacional de Extens\u00e3o Universit\u00e1ria"},"content":{"rendered":"<p align=\"justify\"><span style=\"font-size: 10pt\">Quando se fala em extens\u00e3o universit\u00e1ria no Brasil, merecem destaque a Pol\u00edtica Nacional de Extens\u00e3o Universit\u00e1ria proposta pelo F\u00f3rum de Pr\u00f3-Reitores de Extens\u00e3o das Universidades P\u00fablicas Brasileiras e a Resolu\u00e7\u00e3o n\u00ba 7, de 18 de dezembro de 2018, do Minist\u00e9rio da Educa\u00e7\u00e3o\/Conselho Nacional de Educa\u00e7\u00e3o\/C\u00e2mara de Educa\u00e7\u00e3o Superior.<\/span><\/p>\n<p>&nbsp;<\/p>\n<p align=\"justify\"><span style=\"font-size: 10pt\"><b>A Pol\u00edtica Nacional de Extens\u00e3o Universit\u00e1ria<\/b><\/span><\/p>\n<p align=\"justify\"><span style=\"font-size: 10pt\">A Pol\u00edtica Nacional de Extens\u00e3o Universit\u00e1ria, publicada pelo F\u00f3rum de Pr\u00f3-Reitores de Extens\u00e3o das Universidades P\u00fablicas Brasileiras &#8211; FORPROEX, em 2012, apresenta o conceito e as diretrizes da Extens\u00e3o Universit\u00e1ria. <\/span><\/p>\n<p align=\"justify\"><span style=\"font-size: 10pt\">Conceito:<\/span><\/p>\n<p align=\"justify\"><span style=\"font-size: 10pt\">\u201cA Extens\u00e3o Universit\u00e1ria, sob o princ\u00edpio constitucional da indissociabilidade entre ensino, pesquisa e extens\u00e3o, \u00e9 um processo interdisciplinar, educativo, cultural, cient\u00edfico e pol\u00edtico que promove a intera\u00e7\u00e3o transformadora entre Universidade e outros setores da sociedade.\u201d (FORPROEX, 2012, p. 15).<\/span><\/p>\n<p align=\"justify\"><span style=\"font-size: 10pt\">A Extens\u00e3o Universit\u00e1ria, conforme destaca o Plano Nacional de Extens\u00e3o Universit\u00e1ria, \u201c[&#8230;] denota tamb\u00e9m pr\u00e1tica acad\u00eamica, a ser desenvolvida, como manda a Constitui\u00e7\u00e3o de 1988, de forma indissoci\u00e1vel com o Ensino e a Pesquisa, com vistas \u00e0 promo\u00e7\u00e3o e garantia dos valores democr\u00e1ticos, da equidade e do desenvolvimento da sociedade em suas dimens\u00f5es humana, \u00e9tica, econ\u00f4mica, cultural, social.\u201d (FORPROEX, 2012, p. 16).<\/span><\/p>\n<p align=\"justify\"><span style=\"font-size: 10pt\">Diretrizes:<\/span><\/p>\n<p align=\"justify\"><span style=\"font-size: 10pt\">As diretrizes, pactuadas no FORPROEX e apresentadas na Pol\u00edtica Nacional de Extens\u00e3o Universit\u00e1ria, que devem orientar a formula\u00e7\u00e3o e implementa\u00e7\u00e3o das a\u00e7\u00f5es de Extens\u00e3o Universit\u00e1ria s\u00e3o as seguintes: <\/span><\/p>\n<ul>\n<li>\n<p align=\"justify\"><span style=\"font-size: 10pt\">Intera\u00e7\u00e3o Dial\u00f3gica;<\/span><\/p>\n<\/li>\n<li>\n<p align=\"justify\"><span style=\"font-size: 10pt\">Interdisciplinariedade e interprofissionalidade;<\/span><\/p>\n<\/li>\n<li>\n<p align=\"justify\"><span style=\"font-size: 10pt\">Indissociabilidade Ensino-Pesquisa-Extens\u00e3o;<\/span><\/p>\n<\/li>\n<li>\n<p align=\"justify\"><span style=\"font-size: 10pt\">Impacto na Forma\u00e7\u00e3o do Estudante;<\/span><\/p>\n<\/li>\n<li>\n<p align=\"justify\"><span style=\"font-size: 10pt\">Impacto e Transforma\u00e7\u00e3o Social.<\/span><\/p>\n<\/li>\n<\/ul>\n<p>&nbsp;<\/p>\n<p align=\"justify\"><span style=\"font-size: 10pt\"><b>A Resolu\u00e7\u00e3o n\u00ba 7, de 18 de dezembro de 2018<\/b><\/span><\/p>\n<p align=\"justify\"><span style=\"font-size: 10pt\">No ano de 2018, o Minist\u00e9rio da Educa\u00e7\u00e3o, publicou a Resolu\u00e7\u00e3o n\u00ba 7, que estabelece as Diretrizes para a Extens\u00e3o na Educa\u00e7\u00e3o Superior Brasileira e regimenta o disposto na Meta 12.7 da Lei n\u00ba 13.005\/2014, que aprova o Plano Nacional de Educa\u00e7\u00e3o &#8211; PNE 2014-2024.<\/span><\/p>\n<p align=\"justify\"><span style=\"font-size: 10pt\">No Cap\u00edtulo I, Artigo 3\u00ba a Extens\u00e3o na Educa\u00e7\u00e3o Superior Brasileira \u00e9 definida como:<\/span><\/p>\n<p align=\"justify\"><span style=\"font-size: 10pt\">\u201c[&#8230;] a atividade que se integra \u00e0 matriz curricular e \u00e0 organiza\u00e7\u00e3o da pesquisa, constituindo-se em processo interdisciplinar, pol\u00edtico educacional, cultural, cient\u00edfico, tecnol\u00f3gico, que promove a intera\u00e7\u00e3o transformadora entre as institui\u00e7\u00f5es de ensino superior e os outros setores da sociedade, por meio da produ\u00e7\u00e3o e da aplica\u00e7\u00e3o do conhecimento, em articula\u00e7\u00e3o permanente com o ensino e a pesquisa\u201d.<\/span><\/p>\n<p align=\"justify\"><span style=\"font-size: 10pt\">Al\u00e9m disso, estruturam a concep\u00e7\u00e3o e a pr\u00e1tica das Diretrizes da Extens\u00e3o na Educa\u00e7\u00e3o Superior:<\/span><\/p>\n<p align=\"justify\"><span style=\"font-size: 10pt\">I &#8211; a intera\u00e7\u00e3o dial\u00f3gica da comunidade acad\u00eamica com a sociedade por meio da troca de conhecimentos, da participa\u00e7\u00e3o e do contato com as quest\u00f5es complexas contempor\u00e2neas presentes no contexto social;<\/span><\/p>\n<p align=\"justify\"><span style=\"font-size: 10pt\">II &#8211; a forma\u00e7\u00e3o cidad\u00e3 dos estudantes, marcada e constitu\u00edda pela viv\u00eancia dos seus conhecimentos, que, de modo interprofissional e interdisciplinar, seja valorizada e integrada \u00e0 matriz curricular;<\/span><\/p>\n<p align=\"justify\"><span style=\"font-size: 10pt\">III &#8211; a produ\u00e7\u00e3o de mudan\u00e7as na pr\u00f3pria institui\u00e7\u00e3o superior e nos demais setores da sociedade, a partir da constru\u00e7\u00e3o e aplica\u00e7\u00e3o de conhecimentos, bem como por outras atividades acad\u00eamicas e sociais;<\/span><\/p>\n<p align=\"justify\"><span style=\"font-size: 10pt\">IV &#8211; a articula\u00e7\u00e3o entre ensino\/extens\u00e3o\/pesquisa, ancorada em processo pedag\u00f3gico \u00fanico, interdisciplinar, pol\u00edtico educacional, cultural, cient\u00edfico e tecnol\u00f3gico.<\/span><\/p>\n<p>&nbsp;<\/p>\n<p align=\"justify\"><span style=\"font-size: 10pt\"><b>Acesse e conhe\u00e7a os documentos na \u00edntegra<\/b><\/span><\/p>\n<table width=\"100%\" cellspacing=\"0\" cellpadding=\"7\">\n<thead>\n<tr>\n<td width=\"44%\" height=\"18\">\n<p align=\"center\"><span style=\"font-size: 10pt\"><b>Documento<\/b><\/span><\/p>\n<\/td>\n<td width=\"47%\">\n<p align=\"center\"><span style=\"font-size: 10pt\"><b>Dispon\u00edvel em<\/b><\/span><\/p>\n<\/td>\n<td width=\"9%\">\n<p align=\"center\"><span style=\"font-size: 10pt\"><b>Baixar<\/b><\/span><\/p>\n<\/td>\n<\/tr>\n<\/thead>\n<colgroup>\n<col width=\"111*\" \/>\n<col width=\"121*\" \/>\n<col width=\"24*\" \/> <\/colgroup>\n<tbody>\n<tr>\n<td width=\"44%\" height=\"19\">\n<p align=\"center\"><span style=\"font-size: 10pt\">Pol\u00edtica Nacional de Extens\u00e3o Universit\u00e1ria<\/span><\/p>\n<\/td>\n<td width=\"47%\">\n<p align=\"center\"><span style=\"color: #0000ff;font-size: 10pt\"><u><a href=\"https:\/\/www.ufmg.br\/proex\/renex\/images\/documentos\/2012-07-13-Politica-Nacional-de-Extensao.pdf\">https:\/\/www.ufmg.br\/proex\/renex\/images\/documentos\/2012-07-13-Politica-Nacional-de-Extensao.pdf<\/a><\/u><\/span><\/p>\n<\/td>\n<td width=\"9%\">\n<p align=\"center\"><u><a href=\"https:\/\/www3.unicentro.br\/proec\/wp-content\/uploads\/sites\/73\/2020\/02\/Politica_Nacional_de_Extensao_2012_07_13.pdf\"><span style=\"font-size: 10pt\">pdf<\/span><\/a><\/u><\/p>\n<\/td>\n<\/tr>\n<tr>\n<td width=\"44%\" height=\"18\">\n<p align=\"center\"><span style=\"font-size: 10pt\">Resolu\u00e7\u00e3o MEC\/CNE\/CES n\u00ba 7, de 18 de dezembro de 2018<\/span><\/p>\n<\/td>\n<td width=\"47%\">\n<p align=\"center\"><span style=\"color: #0000ff;font-size: 10pt\"><u><a href=\"http:\/\/www.in.gov.br\/materia\/-\/asset_publisher\/Kujrw0TZC2Mb\/content\/id\/55877808\">http:\/\/www.in.gov.br\/materia\/-\/asset_publisher\/Kujrw0TZC2Mb\/content\/id\/55877808<\/a><\/u><\/span><\/p>\n<\/td>\n<td width=\"9%\">\n<p align=\"center\"><u><a href=\"https:\/\/www3.unicentro.br\/proec\/wp-content\/uploads\/sites\/73\/2020\/02\/RESOLUCAO_N_7_2018_MEC_CNE_CES.pdf\"><span style=\"font-size: 10pt\">pdf<\/span><\/a><\/u><\/p>\n<\/td>\n<\/tr>\n<\/tbody>\n<\/table>\n<p align=\"justify\">\n","protected":false},"excerpt":{"rendered":"<p>Quando se fala em extens\u00e3o universit\u00e1ria no Brasil, merecem destaque a Pol\u00edtica Nacional de Extens\u00e3o Universit\u00e1ria proposta pelo F\u00f3rum de Pr\u00f3-Reitores de Extens\u00e3o das Universidades P\u00fablicas Brasileiras e a Resolu\u00e7\u00e3o n\u00ba 7, de 18 de dezembro de 2018, do Minist\u00e9rio da Educa\u00e7\u00e3o\/Conselho Nacional de Educa\u00e7\u00e3o\/C\u00e2mara de Educa\u00e7\u00e3o Superior. &nbsp; A Pol\u00edtica Nacional de Extens\u00e3o Universit\u00e1ria [&hellip;]<\/p>\n","protected":false},"author":224,"featured_media":0,"parent":0,"menu_order":0,"comment_status":"closed","ping_status":"closed","template":"","meta":{"_exactmetrics_skip_tracking":false,"_exactmetrics_sitenote_active":false,"_exactmetrics_sitenote_note":"","_exactmetrics_sitenote_category":0,"footnotes":"","_links_to":"","_links_to_target":""},"class_list":["post-1539","page","type-page","status-publish","hentry"],"publishpress_future_action":{"enabled":false,"date":"2026-04-29 21:02:10","action":"change-status","newStatus":"draft","terms":[],"taxonomy":"","extraData":[]},"publishpress_future_workflow_manual_trigger":{"enabledWorkflows":[]},"_links":{"self":[{"href":"https:\/\/www3.unicentro.br\/proec\/wp-json\/wp\/v2\/pages\/1539","targetHints":{"allow":["GET"]}}],"collection":[{"href":"https:\/\/www3.unicentro.br\/proec\/wp-json\/wp\/v2\/pages"}],"about":[{"href":"https:\/\/www3.unicentro.br\/proec\/wp-json\/wp\/v2\/types\/page"}],"author":[{"embeddable":true,"href":"https:\/\/www3.unicentro.br\/proec\/wp-json\/wp\/v2\/users\/224"}],"replies":[{"embeddable":true,"href":"https:\/\/www3.unicentro.br\/proec\/wp-json\/wp\/v2\/comments?post=1539"}],"version-history":[{"count":0,"href":"https:\/\/www3.unicentro.br\/proec\/wp-json\/wp\/v2\/pages\/1539\/revisions"}],"wp:attachment":[{"href":"https:\/\/www3.unicentro.br\/proec\/wp-json\/wp\/v2\/media?parent=1539"}],"curies":[{"name":"wp","href":"https:\/\/api.w.org\/{rel}","templated":true}]}}