{"id":1526,"date":"2020-02-07T09:52:27","date_gmt":"2020-02-07T12:52:27","guid":{"rendered":"https:\/\/www3.unicentro.br\/proec\/?page_id=1526"},"modified":"2025-09-01T12:14:53","modified_gmt":"2025-09-01T15:14:53","slug":"bolsas-de-extensao","status":"publish","type":"page","link":"https:\/\/www3.unicentro.br\/proec\/bolsas-de-extensao\/","title":{"rendered":"Bolsas de Extens\u00e3o"},"content":{"rendered":"<div class=\"wpb-content-wrapper\"><p>[vc_row][vc_column][vc_column_text css=&#8221;&#8221;]<\/p>\n<table width=\"100%\" cellspacing=\"0\" cellpadding=\"2\">\n<thead>\n<tr>\n<td width=\"23%\" height=\"44\">\n<p class=\"western\" align=\"center\"><span style=\"font-size: 10pt;font-family: arial, helvetica, sans-serif\">PROGRAMA<\/span><\/p>\n<\/td>\n<td width=\"26%\">\n<p class=\"western\" align=\"center\"><span style=\"font-size: 10pt;font-family: arial, helvetica, sans-serif\">BENEFICI\u00c1RIO<\/span><\/p>\n<\/td>\n<td width=\"23%\">\n<p class=\"western\" align=\"center\"><span style=\"font-size: 10pt;font-family: arial, helvetica, sans-serif\">VALOR MENSAL<\/span><\/p>\n<\/td>\n<td width=\"28%\">\n<p class=\"western\" align=\"center\"><span style=\"font-size: 10pt;font-family: arial, helvetica, sans-serif\">COMO PARTICIPAR<\/span><\/p>\n<\/td>\n<\/tr>\n<\/thead>\n<colgroup>\n<col width=\"60*\" \/>\n<col width=\"66*\" \/>\n<col width=\"58*\" \/>\n<col width=\"72*\" \/><\/colgroup>\n<tbody>\n<tr>\n<td width=\"23%\" height=\"45\">\n<p class=\"western\" align=\"center\"><span style=\"font-size: 10pt;font-family: arial, helvetica, sans-serif\">Programa Institucional de A\u00e7\u00f5es Extensionistas &#8211; PIAE\u00a0(UNICENTRO)<\/span><\/p>\n<\/td>\n<td width=\"26%\">\n<p class=\"western\" align=\"center\"><span style=\"font-size: 10pt;font-family: arial, helvetica, sans-serif\">Estudantes de gradua\u00e7\u00e3o da UNICENTRO<\/span><\/p>\n<\/td>\n<td width=\"23%\">\n<p class=\"western\" align=\"center\"><span style=\"font-size: 10pt;font-family: arial, helvetica, sans-serif\">R$700,00<\/span><\/p>\n<\/td>\n<td width=\"28%\">\n<p class=\"western\" align=\"center\"><span style=\"font-size: 10pt;font-family: arial, helvetica, sans-serif\">Entrar em contato com as equipes executoras dos projetos de extens\u00e3o vigentes, dispon\u00edveis em <u><a href=\"http:\/\/painel.unicentro.br\/programasprojetos\/Extensao\">http:\/\/painel.unicentro.br\/programasprojetos\/Extensao<\/a><\/u><\/span><\/p>\n<\/td>\n<\/tr>\n<tr>\n<td width=\"23%\" height=\"45\">\n<p align=\"center\"><span style=\"font-family: arial, helvetica, sans-serif;font-size: 10pt\">Programa Institucional de Bolsas de Extens\u00e3o Universit\u00e1ria &#8211; PIBEX (Funda\u00e7\u00e3o Arauc\u00e1ria)<\/span><\/p>\n<\/td>\n<td width=\"26%\">\n<p class=\"western\" align=\"center\"><span style=\"font-size: 10pt;font-family: arial, helvetica, sans-serif\">Estudantes de gradua\u00e7\u00e3o da UNICENTRO<\/span><\/p>\n<\/td>\n<td width=\"23%\">\n<p class=\"western\" align=\"center\"><span style=\"font-size: 10pt;font-family: arial, helvetica, sans-serif\">R$700,00<\/span><\/p>\n<\/td>\n<td width=\"28%\">\n<p class=\"western\" align=\"center\"><span style=\"font-size: 10pt;font-family: arial, helvetica, sans-serif\">Entrar em contato com as equipes executoras dos projetos de extens\u00e3o vigentes, dispon\u00edveis em <u><a href=\"http:\/\/painel.unicentro.br\/programasprojetos\/Extensao\">http:\/\/painel.unicentro.br\/programasprojetos\/Extensao<\/a><\/u><\/span><\/p>\n<\/td>\n<\/tr>\n<tr>\n<td width=\"23%\" height=\"45\">\n<p class=\"western\" align=\"center\"><span style=\"font-size: 10pt;font-family: arial, helvetica, sans-serif\">Programa Institucional de Apoio a Inclus\u00e3o Social &#8211; PIBIS<\/span><br \/>\n<span style=\"font-size: 10pt;font-family: arial, helvetica, sans-serif\">(Funda\u00e7\u00e3o Arauc\u00e1ria)<\/span><\/p>\n<\/td>\n<td width=\"26%\">\n<p align=\"center\"><span style=\"font-size: 10pt;font-family: arial, helvetica, sans-serif\">Estudantes de gradua\u00e7\u00e3o da UNICENTRO oriundos de escolas p\u00fablicas<\/span><\/p>\n<\/td>\n<td width=\"23%\">\n<p class=\"western\" align=\"center\"><span style=\"font-size: 10pt;font-family: arial, helvetica, sans-serif\">R$700,00<\/span><\/p>\n<\/td>\n<td width=\"28%\">\n<p class=\"western\" align=\"center\"><span style=\"font-size: 10pt;font-family: arial, helvetica, sans-serif\">Entrar em contato com as equipes executoras dos projetos de extens\u00e3o vigentes, dispon\u00edveis em <u><a href=\"http:\/\/painel.unicentro.br\/programasprojetos\/Extensao\">http:\/\/painel.unicentro.br\/programasprojetos\/Extensao<\/a><\/u><\/span><\/p>\n<\/td>\n<\/tr>\n<tr>\n<td width=\"23%\" height=\"45\">\n<p class=\"western\" align=\"center\"><span style=\"font-size: 10pt;font-family: arial, helvetica, sans-serif\">Projetos Estrat\u00e9gicos financiados pela Unidade Executiva do Fundo Paran\u00e1 \u2013 UEF (SETI\/PR)<\/span><\/p>\n<\/td>\n<td width=\"26%\">\n<p class=\"western\" align=\"center\"><span style=\"font-size: 10pt;font-family: arial, helvetica, sans-serif\">Estudantes de gradua\u00e7\u00e3o, profissionais e docentes de qualquer Institui\u00e7\u00e3o de Ensino Superior<\/span><\/p>\n<\/td>\n<td width=\"23%\">\n<p align=\"center\"><span style=\"font-size: 10pt;font-family: arial, helvetica, sans-serif\">Inicia\u00e7\u00e3o \u00e0 Extens\u00e3o: R$640,00<\/span><\/p>\n<p class=\"western\" align=\"center\"><span style=\"font-size: 10pt;font-family: arial, helvetica, sans-serif\">Estudante: R$1.192,00<\/span><\/p>\n<p class=\"western\" align=\"center\"><span style=\"font-size: 10pt;font-family: arial, helvetica, sans-serif\">Profissional: R$3.200,00<\/span><\/p>\n<p class=\"western\" align=\"center\"><span style=\"font-size: 10pt;font-family: arial, helvetica, sans-serif\">Docente: R$1.649,00<\/span><\/p>\n<\/td>\n<td width=\"28%\">\n<p class=\"western\" align=\"center\"><span style=\"font-size: 10pt;font-family: arial, helvetica, sans-serif\">Inscrever-se nos editais de sele\u00e7\u00e3o p\u00fablica dispon\u00edveis no site <u><a href=\"https:\/\/www3.unicentro.br\/proec\">https:\/\/www3.unicentro.br\/proec<\/a><\/u><\/span><\/p>\n<\/td>\n<\/tr>\n<tr>\n<td width=\"23%\" height=\"45\">\n<p class=\"western\" align=\"center\"><span style=\"font-size: 10pt;font-family: arial, helvetica, sans-serif\">Programa Universidade Sem Fronteiras &#8211; USF<\/span><br \/>\n<span style=\"font-size: 10pt;font-family: arial, helvetica, sans-serif\">(SETI\/PR)<\/span><\/p>\n<\/td>\n<td width=\"26%\">\n<p class=\"western\" align=\"center\"><span style=\"font-size: 10pt;font-family: arial, helvetica, sans-serif\">Estudantes de gradua\u00e7\u00e3o, profissionais rec\u00e9m-formados e docentes de qualquer Institui\u00e7\u00e3o de Ensino Superior<\/span><\/p>\n<\/td>\n<td width=\"23%\">\n<p class=\"western\" align=\"center\"><span style=\"font-size: 10pt;font-family: arial, helvetica, sans-serif\">Estudante: R$1.192,00<\/span><\/p>\n<p class=\"western\" align=\"center\"><span style=\"font-size: 10pt;font-family: arial, helvetica, sans-serif\">Profissional Rec\u00e9m-Formado: R$3.200,00<\/span><\/p>\n<p class=\"western\" align=\"center\"><span style=\"font-size: 10pt;font-family: arial, helvetica, sans-serif\">Docente: R$1.649,00<\/span><\/p>\n<\/td>\n<td width=\"28%\">\n<p class=\"western\" align=\"center\"><span style=\"font-size: 10pt;font-family: arial, helvetica, sans-serif\">Inscrever-se nos editais de sele\u00e7\u00e3o p\u00fablica dispon\u00edveis no site <u><a href=\"https:\/\/www3.unicentro.br\/proec\">https:\/\/www3.unicentro.br\/proec<\/a><\/u><\/span><\/p>\n<\/td>\n<\/tr>\n<tr>\n<td width=\"23%\" height=\"44\">\n<p align=\"center\"><span style=\"font-family: arial, helvetica, sans-serif;font-size: 10pt\">Programa de Bolsas de Produtividade em Pesquisa e Desenvolvimento Tecnol\u00f3gico \/ Extens\u00e3o (Funda\u00e7\u00e3o Arauc\u00e1ria)<\/span><\/p>\n<\/td>\n<td width=\"26%\">\n<p class=\"western\" align=\"center\"><span style=\"font-size: 10pt;font-family: arial, helvetica, sans-serif\">Docentes da UNICENTRO<\/span><\/p>\n<\/td>\n<td width=\"23%\">\n<p class=\"western\" align=\"center\">\n<\/td>\n<td width=\"28%\">\n<p class=\"western\" align=\"center\"><span style=\"font-size: 10pt;font-family: arial, helvetica, sans-serif\">Inscrever-se nos editais de sele\u00e7\u00e3o p\u00fablica dispon\u00edveis no site <u><a href=\"http:\/\/www.fappr.pr.gov.br\/\">http:\/\/www.fappr.pr.gov.br<\/a><\/u><\/span><\/p>\n<\/td>\n<\/tr>\n<\/tbody>\n<\/table>\n<p>[\/vc_column_text][\/vc_column][\/vc_row]<\/p>\n<\/div>","protected":false},"excerpt":{"rendered":"<p>[vc_row][vc_column][vc_column_text css=&#8221;&#8221;] PROGRAMA BENEFICI\u00c1RIO VALOR MENSAL COMO PARTICIPAR Programa Institucional de A\u00e7\u00f5es Extensionistas &#8211; PIAE\u00a0(UNICENTRO) Estudantes de gradua\u00e7\u00e3o da UNICENTRO R$700,00 Entrar em contato com as equipes executoras dos projetos de extens\u00e3o vigentes, dispon\u00edveis em http:\/\/painel.unicentro.br\/programasprojetos\/Extensao Programa Institucional de Bolsas de Extens\u00e3o Universit\u00e1ria &#8211; PIBEX (Funda\u00e7\u00e3o Arauc\u00e1ria) Estudantes de gradua\u00e7\u00e3o da UNICENTRO R$700,00 Entrar em [&hellip;]<\/p>\n","protected":false},"author":224,"featured_media":0,"parent":0,"menu_order":0,"comment_status":"closed","ping_status":"closed","template":"","meta":{"_exactmetrics_skip_tracking":false,"_exactmetrics_sitenote_active":false,"_exactmetrics_sitenote_note":"","_exactmetrics_sitenote_category":0,"footnotes":"","_links_to":"","_links_to_target":""},"class_list":["post-1526","page","type-page","status-publish","hentry"],"publishpress_future_action":{"enabled":false,"date":"2026-04-30 03:38:07","action":"change-status","newStatus":"draft","terms":[],"taxonomy":"","extraData":[]},"publishpress_future_workflow_manual_trigger":{"enabledWorkflows":[]},"_links":{"self":[{"href":"https:\/\/www3.unicentro.br\/proec\/wp-json\/wp\/v2\/pages\/1526","targetHints":{"allow":["GET"]}}],"collection":[{"href":"https:\/\/www3.unicentro.br\/proec\/wp-json\/wp\/v2\/pages"}],"about":[{"href":"https:\/\/www3.unicentro.br\/proec\/wp-json\/wp\/v2\/types\/page"}],"author":[{"embeddable":true,"href":"https:\/\/www3.unicentro.br\/proec\/wp-json\/wp\/v2\/users\/224"}],"replies":[{"embeddable":true,"href":"https:\/\/www3.unicentro.br\/proec\/wp-json\/wp\/v2\/comments?post=1526"}],"version-history":[{"count":2,"href":"https:\/\/www3.unicentro.br\/proec\/wp-json\/wp\/v2\/pages\/1526\/revisions"}],"predecessor-version":[{"id":12830,"href":"https:\/\/www3.unicentro.br\/proec\/wp-json\/wp\/v2\/pages\/1526\/revisions\/12830"}],"wp:attachment":[{"href":"https:\/\/www3.unicentro.br\/proec\/wp-json\/wp\/v2\/media?parent=1526"}],"curies":[{"name":"wp","href":"https:\/\/api.w.org\/{rel}","templated":true}]}}