{"id":1524,"date":"2020-02-07T09:52:19","date_gmt":"2020-02-07T12:52:19","guid":{"rendered":"https:\/\/www3.unicentro.br\/proec\/?page_id=1524"},"modified":"2025-09-01T12:15:19","modified_gmt":"2025-09-01T15:15:19","slug":"programas-de-fomento","status":"publish","type":"page","link":"https:\/\/www3.unicentro.br\/proec\/programas-de-fomento\/","title":{"rendered":"Programas de Fomento"},"content":{"rendered":"<div class=\"wpb-content-wrapper\"><p>[vc_row][vc_column][vc_tta_accordion active_section=&#8221;1&#8243; collapsible_all=&#8221;true&#8221;][vc_tta_section title=&#8221;Programa Institucional de A\u00e7\u00f5es Extensionistas \u2013 PIAE (UNICENTRO)&#8221; tab_id=&#8221;1584040765500-c5382595-da71&#8243;][vc_column_text]<\/p>\n<p align=\"justify\"><b>Objetivo:<\/b>\u00a0Apoiar o desenvolvimento de projetos\/programas de extens\u00e3o da UNICENTRO com a participa\u00e7\u00e3o de estudantes de gradua\u00e7\u00e3o da UNICENTRO, bolsistas e volunt\u00e1rios.<\/p>\n<p align=\"justify\"><b>Itens financiados:<\/b>\u00a0Bolsas para estudantes de gradua\u00e7\u00e3o da UNICENTRO<\/p>\n<p align=\"justify\"><b>Como submeter projeto:<\/b><\/p>\n<ul>\n<li>\n<p align=\"justify\">Podem inscrever-se docentes efetivos da UNICENTRO que participam na coordena\u00e7\u00e3o ou na equipe executora de projeto de extens\u00e3o vigente;<\/p>\n<\/li>\n<li>\n<p align=\"justify\">Os interessados devem inscrever-se em edital de sele\u00e7\u00e3o p\u00fablica da PROEC, divulgado no site\u00a0<u><a href=\"https:\/\/www3.unicentro.br\/proec\">https:\/\/www3.unicentro.br\/proec<\/a><\/u>\u00a0e por memorando aos departamentos pedag\u00f3gicos. No ato da inscri\u00e7\u00e3o, devem ser indicados os nomes dos estudantes que atuar\u00e3o no projeto.<\/p>\n<\/li>\n<li>\n<p align=\"justify\">A sele\u00e7\u00e3o \u00e9 feita a partir da an\u00e1lise da produ\u00e7\u00e3o dos \u00faltimos 3 anos do docente, dispon\u00edvel no Curr\u00edculo Lattes.<\/p>\n<\/li>\n<\/ul>\n<p>[\/vc_column_text][\/vc_tta_section][vc_tta_section title=&#8221;Programa Institucional de Apoio \u00e0 Inclus\u00e3o Social \u2013 Pesquisa e Extens\u00e3o Universit\u00e1ria \u2013 PIBIS (Funda\u00e7\u00e3o Arauc\u00e1ria)&#8221; tab_id=&#8221;1584040765525-eed303fd-060d&#8221;][vc_column_text]<\/p>\n<p align=\"justify\"><b>Objetivo:\u00a0<\/b>Favorecer o acesso e a integra\u00e7\u00e3o dos estudantes ingressantes no ensino superior por meio do sistema de cotas sociais \u00e0 cultura acad\u00eamica ou que tenham estudado a maior parte do ensino fundamental e m\u00e9dio em escola p\u00fablica.<\/p>\n<p align=\"justify\"><b>Itens financiados:\u00a0<\/b>Bolsas para estudantes de gradua\u00e7\u00e3o da UNICENTRO oriundos de escolas p\u00fablicas<\/p>\n<p align=\"justify\"><b>Como submeter projeto:<\/b><\/p>\n<ul>\n<li>\n<p align=\"justify\">Podem inscrever-se docentes efetivos da UNICENTRO que participam na coordena\u00e7\u00e3o ou na equipe executora de projeto de extens\u00e3o vigente;<\/p>\n<\/li>\n<li>\n<p align=\"justify\">Os interessados devem inscrever-se em edital de sele\u00e7\u00e3o p\u00fablica da PROEC, divulgado no site\u00a0<u><a href=\"https:\/\/www3.unicentro.br\/proec\">https:\/\/www3.unicentro.br\/proec<\/a><\/u>\u00a0e por memorando aos departamentos pedag\u00f3gicos. No ato de inscri\u00e7\u00e3o, devem ser indicados os nomes dos estudantes que atuar\u00e3o no projeto.<\/p>\n<\/li>\n<li>\n<p align=\"justify\">A sele\u00e7\u00e3o \u00e9 feita a partir da an\u00e1lise da produ\u00e7\u00e3o dos \u00faltimos 3 anos do docente, dispon\u00edvel no Curr\u00edculo Lattes.<\/p>\n<\/li>\n<\/ul>\n<p>[\/vc_column_text][\/vc_tta_section][vc_tta_section title=&#8221;Programa Institucional de Bolsas de Extens\u00e3o Universit\u00e1ria \u2013 PIBEX (Funda\u00e7\u00e3o Arauc\u00e1ria)&#8221; tab_id=&#8221;1584040943201-ca8dbb49-143b&#8221;][vc_column_text]<\/p>\n<p align=\"justify\"><b>Objetivo:\u00a0<\/b>Incentivar a participa\u00e7\u00e3o de alunos de gradua\u00e7\u00e3o no desenvolvimento de atividades de extens\u00e3o universit\u00e1ria.<\/p>\n<p align=\"justify\"><b>Itens financiados:<\/b>\u00a0Bolsas para estudantes de gradua\u00e7\u00e3o da UNICENTRO.<\/p>\n<p align=\"justify\"><b>Como submeter projeto:<\/b><\/p>\n<ul>\n<li>\n<p align=\"justify\">Podem inscrever-se docentes efetivos da UNICENTRO que participam na coordena\u00e7\u00e3o ou na equipe executora de projeto de extens\u00e3o vigente;<\/p>\n<\/li>\n<li>\n<p align=\"justify\">Os interessados devem inscrever-se em edital de sele\u00e7\u00e3o p\u00fablica da PROEC, divulgado no site\u00a0<u><a href=\"https:\/\/www3.unicentro.br\/proec\">https:\/\/www3.unicentro.br\/proec<\/a><\/u>\u00a0e por memorando aos departamentos pedag\u00f3gicos. No ato de inscri\u00e7\u00e3o, devem ser indicados os nomes dos estudantes que atuar\u00e3o no projeto.<\/p>\n<\/li>\n<li>\n<p align=\"justify\">A sele\u00e7\u00e3o \u00e9 feita a partir da an\u00e1lise da produ\u00e7\u00e3o dos \u00faltimos 3 anos do docente, dispon\u00edvel no Curr\u00edculo Lattes.<\/p>\n<\/li>\n<\/ul>\n<p>[\/vc_column_text][\/vc_tta_section][vc_tta_section title=&#8221;Programa de Apoio \u00e0 Organiza\u00e7\u00e3o de Eventos T\u00e9cnico-Cient\u00edficos \u2013 PIAO (Funda\u00e7\u00e3o Arauc\u00e1ria)&#8221; tab_id=&#8221;1584040988943-aef6130a-ac2b&#8221;][vc_column_text]<\/p>\n<p align=\"justify\"><b>Objetivo:<\/b>\u00a0Apoiar financeiramente a organiza\u00e7\u00e3o de eventos de natureza acad\u00eamica, direcionados \u00e0 complementa\u00e7\u00e3o extracurricular e dissemina\u00e7\u00e3o do conhecimento t\u00e9cnico-cient\u00edfico.<\/p>\n<p align=\"justify\"><b>Itens financiados:\u00a0<\/b>Passagens a\u00e9reas e terrestres, alimenta\u00e7\u00e3o, estadia, materiais de consumo e servi\u00e7os.<\/p>\n<p align=\"justify\"><b>Como submeter projeto:<\/b><\/p>\n<ul>\n<li>\n<p align=\"justify\">Podem inscrever-se docentes efetivos da UNICENTRO;<\/p>\n<\/li>\n<li>\n<p align=\"justify\">Os interessados devem inscrever-se em edital de sele\u00e7\u00e3o p\u00fablica da PROEC, divulgado no site\u00a0<u><a href=\"https:\/\/www3.unicentro.br\/proec\">https:\/\/www3.unicentro.br\/proec<\/a><\/u>\u00a0e por memorando aos departamentos pedag\u00f3gicos.<\/p>\n<\/li>\n<li>\n<p align=\"justify\">A sele\u00e7\u00e3o \u00e9 feita a partir da an\u00e1lise dos projetos, considerando os crit\u00e9rios de avalia\u00e7\u00e3o estabelecidos no edital de abertura.<\/p>\n<\/li>\n<\/ul>\n<p>[\/vc_column_text][\/vc_tta_section][vc_tta_section title=&#8221;Programa de Bolsas de Produtividade em Pesquisa e Desenvolvimento Tecnol\u00f3gico \/ Extens\u00e3o (Funda\u00e7\u00e3o Arauc\u00e1ria)&#8221; tab_id=&#8221;1584041027218-a8dbc33f-a2ac&#8221;][vc_column_text]<\/p>\n<p align=\"justify\"><b>Objetivo:<\/b>\u00a0Apoiar financeiramente profissionais com relevante produ\u00e7\u00e3o cient\u00edfica, tecnol\u00f3gica e de inova\u00e7\u00e3o, que se destaquem entre seus pares.<\/p>\n<p align=\"justify\"><b>Itens financiados:\u00a0<\/b>Bolsas para docentes.<\/p>\n<p align=\"justify\"><b>Submiss\u00e3o de projetos:<\/b><\/p>\n<ul>\n<li>\n<p align=\"justify\">Podem inscrever-se docentes da UNICENTRO com t\u00edtulo de doutorado que coordenam projeto de pesquisa ou de desenvolvimento tecnol\u00f3gico\/extens\u00e3o vigente;<\/p>\n<\/li>\n<li>\n<p align=\"justify\">Os interessados devem submeter proposta a edital de sele\u00e7\u00e3o p\u00fablica da Funda\u00e7\u00e3o Arauc\u00e1ria, divulgado no site\u00a0<u><a href=\"http:\/\/www.fappr.pr.gov.br\/\">http:\/\/www.fappr.pr.gov.br<\/a><\/u>;<\/p>\n<\/li>\n<li>\n<p align=\"justify\">A sele\u00e7\u00e3o \u00e9 baseada nas informa\u00e7\u00f5es contidas no Lattes atualizado, considerando os \u00faltimos tr\u00eas anos.<\/p>\n<\/li>\n<\/ul>\n<p>[\/vc_column_text][\/vc_tta_section][vc_tta_section title=&#8221;Programa Universidade Sem Fronteiras \u2013 USF (SETI\/PR)&#8221; tab_id=&#8221;1584041079778-e4c18c01-d813&#8243;][vc_column_text]<\/p>\n<p align=\"justify\"><b>Objetivo:<\/b>\u00a0Fomentar projetos desenvolvidos nos munic\u00edpios socialmente mais cr\u00edticos, identificados a partir da mensura\u00e7\u00e3o do seu \u00cdndice de Desenvolvimento Humano (IDH).<\/p>\n<p align=\"justify\"><b>Itens financiados:\u00a0<\/b>Materiais, equipamentos, servi\u00e7os, di\u00e1rias e bolsas a docentes, profissionais rec\u00e9m-formados e estudantes de gradua\u00e7\u00e3o.<\/p>\n<p align=\"justify\"><b>Como submeter projeto:<\/b><\/p>\n<ul>\n<li>\n<p align=\"justify\">Podem inscrever-se docentes da UNICENTRO;<\/p>\n<\/li>\n<li>\n<p align=\"justify\">Os interessados devem submeter projeto a edital de sele\u00e7\u00e3o p\u00fablica da PROEC, divulgado no site\u00a0<u><a href=\"https:\/\/www3.unicentro.br\/proec\">https:\/\/www3.unicentro.br\/proec<\/a><\/u>\u00a0e por memorando aos departamentos pedag\u00f3gicos;<\/p>\n<\/li>\n<li>\n<p align=\"justify\">A sele\u00e7\u00e3o \u00e9 feita a partir da an\u00e1lise dos projetos, considerando os crit\u00e9rios de avalia\u00e7\u00e3o estabelecidos pelo Programa USF\/SETI.<\/p>\n<\/li>\n<\/ul>\n<p>[\/vc_column_text][\/vc_tta_section][vc_tta_section title=&#8221;Projetos Estrat\u00e9gicos da Unidade Executiva do Fundo Paran\u00e1 \u2013 UEF (SETI\/PR)&#8221; tab_id=&#8221;1584041135145-034a2478-db1e&#8221;][vc_column_text]<\/p>\n<p align=\"justify\"><b>Objetivo:<\/b>\u00a0Fomentar projetos nas \u00e1reas consideradas priorit\u00e1rias do Programa Paran\u00e1 Inovador.<\/p>\n<p align=\"justify\"><b>Itens financiados:<\/b>\u00a0Materiais, equipamentos, servi\u00e7os, di\u00e1rias e bolsas a docentes, profissionais e estudantes de gradua\u00e7\u00e3o.<\/p>\n<p align=\"justify\"><b>Como submeter projeto:<\/b><\/p>\n<ul>\n<li>\n<p align=\"justify\">Podem inscrever-se docentes da UNICENTRO;<\/p>\n<\/li>\n<li>\n<p align=\"justify\">Os docentes interessados devem submeter projeto a edital de sele\u00e7\u00e3o p\u00fablica da SETI, divulgado no site\u00a0<u><a href=\"http:\/\/www.seti.pr.gov.br\/\">http:\/\/www.seti.pr.gov.br<\/a><\/u>;<\/p>\n<\/li>\n<li>\n<p align=\"justify\">A sele\u00e7\u00e3o \u00e9 feita a partir da an\u00e1lise dos projetos, considerando a pol\u00edtica estabelecida quanto ao investimento p\u00fablico do Estado e a import\u00e2ncia do projeto para a dissemina\u00e7\u00e3o da Ci\u00eancia e da Tecnologia.<\/p>\n<\/li>\n<\/ul>\n<p>[\/vc_column_text][\/vc_tta_section][\/vc_tta_accordion][\/vc_column][\/vc_row]<\/p>\n<\/div>","protected":false},"excerpt":{"rendered":"<p>[vc_row][vc_column][vc_tta_accordion active_section=&#8221;1&#8243; collapsible_all=&#8221;true&#8221;][vc_tta_section title=&#8221;Programa Institucional de A\u00e7\u00f5es Extensionistas \u2013 PIAE (UNICENTRO)&#8221; tab_id=&#8221;1584040765500-c5382595-da71&#8243;][vc_column_text] Objetivo:\u00a0Apoiar o desenvolvimento de projetos\/programas de extens\u00e3o da UNICENTRO com a participa\u00e7\u00e3o de estudantes de gradua\u00e7\u00e3o da UNICENTRO, bolsistas e volunt\u00e1rios. Itens financiados:\u00a0Bolsas para estudantes de gradua\u00e7\u00e3o da UNICENTRO Como submeter projeto: Podem inscrever-se docentes efetivos da UNICENTRO que participam na coordena\u00e7\u00e3o ou [&hellip;]<\/p>\n","protected":false},"author":224,"featured_media":0,"parent":0,"menu_order":0,"comment_status":"closed","ping_status":"closed","template":"","meta":{"_exactmetrics_skip_tracking":false,"_exactmetrics_sitenote_active":false,"_exactmetrics_sitenote_note":"","_exactmetrics_sitenote_category":0,"footnotes":"","_links_to":"","_links_to_target":""},"class_list":["post-1524","page","type-page","status-publish","hentry"],"publishpress_future_action":{"enabled":false,"date":"2026-04-25 14:29:24","action":"change-status","newStatus":"draft","terms":[],"taxonomy":"","extraData":[]},"publishpress_future_workflow_manual_trigger":{"enabledWorkflows":[]},"_links":{"self":[{"href":"https:\/\/www3.unicentro.br\/proec\/wp-json\/wp\/v2\/pages\/1524","targetHints":{"allow":["GET"]}}],"collection":[{"href":"https:\/\/www3.unicentro.br\/proec\/wp-json\/wp\/v2\/pages"}],"about":[{"href":"https:\/\/www3.unicentro.br\/proec\/wp-json\/wp\/v2\/types\/page"}],"author":[{"embeddable":true,"href":"https:\/\/www3.unicentro.br\/proec\/wp-json\/wp\/v2\/users\/224"}],"replies":[{"embeddable":true,"href":"https:\/\/www3.unicentro.br\/proec\/wp-json\/wp\/v2\/comments?post=1524"}],"version-history":[{"count":1,"href":"https:\/\/www3.unicentro.br\/proec\/wp-json\/wp\/v2\/pages\/1524\/revisions"}],"predecessor-version":[{"id":12831,"href":"https:\/\/www3.unicentro.br\/proec\/wp-json\/wp\/v2\/pages\/1524\/revisions\/12831"}],"wp:attachment":[{"href":"https:\/\/www3.unicentro.br\/proec\/wp-json\/wp\/v2\/media?parent=1524"}],"curies":[{"name":"wp","href":"https:\/\/api.w.org\/{rel}","templated":true}]}}