{"id":1486,"date":"2020-02-07T09:40:14","date_gmt":"2020-02-07T12:40:14","guid":{"rendered":"https:\/\/www3.unicentro.br\/proec\/?page_id=1486"},"modified":"2025-11-24T14:28:31","modified_gmt":"2025-11-24T17:28:31","slug":"equipe-e-contato-2","status":"publish","type":"page","link":"https:\/\/www3.unicentro.br\/proec\/equipe-e-contato-2\/","title":{"rendered":"Equipe e contato"},"content":{"rendered":"<div class=\"wpb-content-wrapper\"><p>[vc_row][vc_column][vc_column_text css=&#8221;&#8221;]<\/p>\n<table style=\"width: 1006px\" width=\"1009\" cellspacing=\"0\" cellpadding=\"4\">\n<thead>\n<tr>\n<td style=\"width: 1006px\" colspan=\"4\" width=\"999\">\n<p align=\"center\"><span style=\"font-family: Arial, sans-serif\"><span style=\"font-size: small\"><b>Pr\u00f3-Reitoria de Extens\u00e3o e Cultura<\/b><\/span><\/span><\/p>\n<\/td>\n<\/tr>\n<\/thead>\n<tbody>\n<tr>\n<td style=\"width: 225px;background-color: #fff1b8\" width=\"217\">\n<p align=\"center\"><span style=\"font-family: Arial, sans-serif\"><span style=\"font-size: small\"><b>Nome<\/b><\/span><\/span><\/p>\n<\/td>\n<td style=\"width: 425px;background-color: #fff1b8\" width=\"419\">\n<p align=\"center\"><span style=\"font-family: Arial, sans-serif\"><span style=\"font-size: small\"><b>Cargo<\/b><\/span><\/span><\/p>\n<\/td>\n<td style=\"width: 220px;background-color: #fff1b8\" width=\"211\">\n<p align=\"center\"><span style=\"font-family: Arial, sans-serif\"><span style=\"font-size: small\"><b>E-mail<\/b><\/span><\/span><\/p>\n<\/td>\n<td style=\"width: 136px;background-color: #fff1b8\" width=\"127\">\n<p align=\"center\"><span style=\"font-family: Arial, sans-serif\"><span style=\"font-size: small\"><b>Telefone<\/b><\/span><\/span><\/p>\n<\/td>\n<\/tr>\n<tr>\n<td style=\"width: 225px\" width=\"217\">\n<p align=\"center\"><span style=\"color: #000000\"><span style=\"font-family: Arial, sans-serif\"><span style=\"font-size: small\">Luc\u00e9lia de Souza<\/span><\/span><\/span><\/p>\n<\/td>\n<td style=\"width: 425px\" width=\"419\">\n<p align=\"center\"><span style=\"color: #000000\"><span style=\"font-family: Arial, sans-serif\"><span style=\"font-size: small\">Pr\u00f3-Reitora de Extens\u00e3o e Cultura<\/span><\/span><\/span><\/p>\n<\/td>\n<td style=\"width: 220px\" width=\"211\">\n<p align=\"center\"><span style=\"color: #000000\"><span style=\"font-family: Arial, sans-serif\"><span style=\"font-size: small\">lucelia@unicentro.br<\/span><\/span><\/span><\/p>\n<\/td>\n<td style=\"width: 136px\" width=\"127\">\n<p align=\"center\"><span style=\"color: #000000\"><span style=\"font-family: Arial, sans-serif\"><span style=\"font-size: small\">(42) 3621-1018<\/span><\/span><\/span><\/p>\n<\/td>\n<\/tr>\n<tr>\n<td style=\"width: 225px\" width=\"217\">\n<p align=\"center\"><span style=\"color: #000000\"><span style=\"font-family: Arial, sans-serif\"><span style=\"font-size: small\">M\u00f4nica Cristina Nunes<\/span><\/span><\/span><\/p>\n<\/td>\n<td style=\"width: 425px\" width=\"419\">\n<p align=\"center\"><span style=\"color: #000000\"><span style=\"font-family: Arial, sans-serif\"><span style=\"font-size: small\">Assessora T\u00e9cnica da Pr\u00f3-Reitoria de Extens\u00e3o e Cultura <\/span><\/span><\/span><\/p>\n<\/td>\n<td style=\"width: 220px\" width=\"211\">\n<p align=\"center\"><span style=\"color: #000000\"><span style=\"font-family: Arial, sans-serif\"><span style=\"font-size: small\">mnunes@unicentro.br<\/span><\/span><\/span><\/p>\n<\/td>\n<td style=\"width: 136px\" width=\"127\">\n<p align=\"center\"><span style=\"color: #000000\"><span style=\"font-family: Arial, sans-serif\"><span style=\"font-size: small\">(42) 3621-1340<\/span><\/span><\/span><\/p>\n<\/td>\n<\/tr>\n<tr>\n<td style=\"width: 225px\" width=\"217\">\n<p align=\"center\"><span style=\"color: #000000\"><span style=\"font-family: Arial, sans-serif\"><span style=\"font-size: small\">Maria Isabel Raimondo Ferraz<\/span><\/span><\/span><\/p>\n<\/td>\n<td style=\"width: 425px\" width=\"419\">\n<p align=\"center\"><span style=\"color: #000000\"><span style=\"font-family: Arial, sans-serif\"><span style=\"font-size: small\">Chefe da Divis\u00e3o da Universidade Aberta \u00e0 Terceira Idade, UNATI<\/span><\/span><\/span><\/p>\n<p align=\"center\"><span style=\"color: #000000\"><span style=\"font-family: Arial, sans-serif\"><span style=\"font-size: small\">\u00a0<\/span><\/span><\/span><span style=\"color: #000000\"><span style=\"font-family: Arial, sans-serif\"><span style=\"font-size: small\"> Guarapuava<\/span><\/span><\/span><\/p>\n<\/td>\n<td style=\"width: 220px\" width=\"211\">\n<p align=\"center\"><span style=\"color: #000000\"><span style=\"font-family: Arial, sans-serif\"><span style=\"font-size: small\">mferraz@unicentro.br<\/span><\/span><\/span><\/p>\n<\/td>\n<td style=\"width: 136px\" width=\"127\">\n<p align=\"center\"><span style=\"color: #000000\"><span style=\"font-family: Arial, sans-serif\"><span style=\"font-size: small\">(42) 3621-1300<\/span><\/span><\/span><\/p>\n<\/td>\n<\/tr>\n<tr>\n<td style=\"width: 225px\" width=\"217\">\n<p align=\"center\"><span style=\"color: #000000\"><span style=\"font-family: Arial, sans-serif\"><span style=\"font-size: small\">Nincia Cec\u00edlia Ribas Borges Teixeira <\/span><\/span><\/span><\/p>\n<\/td>\n<td style=\"width: 425px\" width=\"419\">\n<p align=\"center\"><span style=\"color: #000000\"><span style=\"font-family: Arial, sans-serif\"><span style=\"font-size: small\">Diretora de Cultura<\/span><\/span><\/span><\/p>\n<\/td>\n<td style=\"width: 220px\" width=\"211\">\n<p align=\"center\"><span style=\"color: #000000\"><span style=\"font-family: Arial, sans-serif\"><span style=\"font-size: small\">nincia@unicentro.br<\/span><\/span><\/span><\/p>\n<\/td>\n<td style=\"width: 136px\" width=\"127\">\n<p align=\"center\"><span style=\"color: #000000\"><span style=\"font-family: Arial, sans-serif\"><span style=\"font-size: small\">(42) 3621-1016<\/span><\/span><\/span><\/p>\n<\/td>\n<\/tr>\n<tr>\n<td style=\"width: 225px\" width=\"217\">\n<p align=\"center\"><span style=\"color: #000000\"><span style=\"font-family: Arial, sans-serif\"><span style=\"font-size: small\">Elizabete Aparecida Ribas Lustoza <\/span><\/span><\/span><\/p>\n<\/td>\n<td style=\"width: 425px\" width=\"419\">\n<p align=\"center\"><span style=\"color: #000000\"><span style=\"font-family: Arial, sans-serif\"><span style=\"font-size: small\">Chefe da Divis\u00e3o de Assuntos Culturais <\/span><\/span><\/span><\/p>\n<p align=\"center\"><span style=\"color: #000000\"><span style=\"font-family: Arial, sans-serif\"><span style=\"font-size: small\"><i>C\u00e2mpus<\/i> Santa Cruz <\/span><\/span><\/span><\/p>\n<\/td>\n<td style=\"width: 220px\" width=\"211\">\n<p align=\"center\"><span style=\"color: #000000\"><span style=\"font-family: Arial, sans-serif\"><span style=\"font-size: small\">betinha@unicentro.br<\/span><\/span><\/span><\/p>\n<\/td>\n<td style=\"width: 136px\" width=\"127\">\n<p align=\"center\"><span style=\"color: #000000\"><span style=\"font-family: Arial, sans-serif\"><span style=\"font-size: small\">(42) 3621-1016<\/span><\/span><\/span><\/p>\n<\/td>\n<\/tr>\n<tr>\n<td style=\"width: 225px\">\n<p align=\"center\"><span style=\"color: #000000\"><span style=\"font-family: Arial, sans-serif\"><span style=\"font-size: small\">Andressa Rodrigues dos Santos<\/span><\/span><\/span><\/p>\n<\/td>\n<td style=\"width: 425px\">\n<p align=\"center\"><span style=\"color: #000000\"><span style=\"font-family: Arial, sans-serif\"><span style=\"font-size: small\"> Agente Universit\u00e1ria vinculada \u00e0 Diretoria de Cultura<\/span><\/span><\/span><\/p>\n<\/td>\n<td style=\"width: 220px\">\n<p align=\"center\"><span style=\"color: #000000\"><span style=\"font-family: Arial, sans-serif\"><span style=\"font-size: small\">arodrigues@unicentro.br<\/span><\/span><\/span><\/p>\n<\/td>\n<td style=\"width: 136px\">\n<p align=\"center\"><span style=\"color: #000000\"><span style=\"font-family: Arial, sans-serif\"><span style=\"font-size: small\">(42) 3621-1059<\/span><\/span><\/span><\/p>\n<\/td>\n<\/tr>\n<tr>\n<td style=\"width: 225px\">\n<p align=\"center\"><span style=\"color: #000000\"><span style=\"font-family: Arial, sans-serif\"><span style=\"font-size: small\">Cesar Henrique de Quadros Fiquer Ribeiro<\/span><\/span><\/span><\/p>\n<\/td>\n<td style=\"width: 425px\">\n<p align=\"center\"><span style=\"color: #000000\"><span style=\"font-family: Arial, sans-serif\"><span style=\"font-size: small\">Assessor T\u00e9cnico vinculado \u00e0 Diretoria de Cultura<\/span><\/span><\/span><\/p>\n<\/td>\n<td style=\"width: 220px\">\n<p align=\"center\"><span style=\"color: #000000\"><span style=\"font-family: Arial, sans-serif\"><span style=\"font-size: small\">cesarquadros@unicentro.br<\/span><\/span><\/span><\/p>\n<\/td>\n<td style=\"width: 136px\">\n<p align=\"center\"><span style=\"color: #000000\"><span style=\"font-family: Arial, sans-serif\"><span style=\"font-size: small\">(42) 3621-1301<\/span><\/span><\/span><\/p>\n<\/td>\n<\/tr>\n<tr>\n<td style=\"width: 225px\">\n<p align=\"center\"><span style=\"color: #000000\"><span style=\"font-family: Arial, sans-serif\"><span style=\"font-size: small\">Lucas Emannuel Portella<\/span><\/span><\/span><\/p>\n<\/td>\n<td style=\"width: 425px\">\n<p align=\"center\"><span style=\"color: #000000\"><span style=\"font-family: Arial, sans-serif\"><span style=\"font-size: small\">Instrumentista Musical<\/span><\/span><\/span><\/p>\n<\/td>\n<td style=\"width: 220px\">\n<p align=\"center\"><span style=\"color: #000000\"><span style=\"font-family: Arial, sans-serif\"><span style=\"font-size: small\">lucasportella@unicentro.br<\/span><\/span><\/span><\/p>\n<\/td>\n<td style=\"width: 136px\">\n<p align=\"center\"><span style=\"color: #000000\"><span style=\"font-family: Arial, sans-serif\"><span style=\"font-size: small\">(42) 3621-1301<\/span><\/span><\/span><\/p>\n<\/td>\n<\/tr>\n<tr>\n<td style=\"width: 225px\">\n<p align=\"center\"><span style=\"color: #000000\"><span style=\"font-family: Arial, sans-serif\"><span style=\"font-size: small\">Pedro de Milano Tumelero<\/span><\/span><\/span><\/p>\n<\/td>\n<td style=\"width: 425px\">\n<p align=\"center\"><span style=\"color: #000000\"><span style=\"font-family: Arial, sans-serif\"><span style=\"font-size: small\">Instrumentista Musical<\/span><\/span><\/span><\/p>\n<\/td>\n<td style=\"width: 220px\">\n<p align=\"center\"><span style=\"color: #000000\"><span style=\"font-family: Arial, sans-serif\"><span style=\"font-size: small\">pedrotumelero@unicentro.br<\/span><\/span><\/span><\/p>\n<\/td>\n<td style=\"width: 136px\">\n<p align=\"center\"><span style=\"color: #000000\"><span style=\"font-family: Arial, sans-serif\"><span style=\"font-size: small\">(42) 3621-1301<\/span><\/span><\/span><\/p>\n<\/td>\n<\/tr>\n<tr>\n<td style=\"width: 225px\" width=\"217\">\n<p align=\"center\"><span style=\"color: #000000\"><span style=\"font-family: Arial, sans-serif\"><span style=\"font-size: small\">Let\u00edcia Faggion <\/span><\/span><\/span><\/p>\n<\/td>\n<td style=\"width: 425px\" width=\"419\">\n<p align=\"center\"><span style=\"color: #000000\"><span style=\"font-family: Arial, sans-serif\"><span style=\"font-size: small\">Diretora de Programas Interinstitucionais<\/span><\/span><\/span><\/p>\n<\/td>\n<td style=\"width: 220px\" width=\"211\">\n<p align=\"center\"><span style=\"color: #000000\"><span style=\"font-family: Arial, sans-serif\"><span style=\"font-size: small\">lfaggion@unicentro.br<\/span><\/span><\/span><\/p>\n<\/td>\n<td style=\"width: 136px\" width=\"127\">\n<p align=\"center\"><span style=\"color: #000000\"><span style=\"font-family: Arial, sans-serif\"><span style=\"font-size: small\">(42) 3621-1305<\/span><\/span><\/span><\/p>\n<\/td>\n<\/tr>\n<tr>\n<td style=\"width: 225px\">\n<p align=\"center\"><span style=\"color: #000000\"><span style=\"font-family: Arial, sans-serif\"><span style=\"font-size: small\">Alana Seretuki Rosario<\/span><\/span><\/span><\/p>\n<\/td>\n<td style=\"width: 425px\">\n<p align=\"center\"><span style=\"color: #000000\"><span style=\"font-family: Arial, sans-serif\"><span style=\"font-size: small\">Agente Universit\u00e1ria vinculada \u00e0 Diretoria de Programas Interinstitucionais<\/span><\/span><\/span><\/p>\n<\/td>\n<td style=\"width: 220px\">\n<p align=\"center\"><span style=\"color: #000000\"><span style=\"font-family: Arial, sans-serif\"><span style=\"font-size: small\">arosario@unicentro.br<\/span><\/span><\/span><\/p>\n<\/td>\n<td style=\"width: 136px\">\n<p align=\"center\"><span style=\"color: #000000\"><span style=\"font-family: Arial, sans-serif\"><span style=\"font-size: small\">(42) 3621-1305<\/span><\/span><\/span><\/p>\n<\/td>\n<\/tr>\n<tr>\n<td style=\"width: 225px\" width=\"217\">\n<p align=\"center\"><span style=\"color: #000000\"><span style=\"font-family: Arial, sans-serif\"><span style=\"font-size: small\">Vania Gryczak <\/span><\/span><\/span><\/p>\n<\/td>\n<td style=\"width: 425px\" width=\"419\">\n<p align=\"center\"><span style=\"color: #000000\"><span style=\"font-family: Arial, sans-serif\"><span style=\"font-size: small\">Diretora de Extens\u00e3o<\/span><\/span><\/span><\/p>\n<\/td>\n<td style=\"width: 220px\" width=\"211\">\n<p align=\"center\"><span style=\"color: #000000\"><span style=\"font-family: Arial, sans-serif\"><span style=\"font-size: small\">vaniag@unicentro.br<\/span><\/span><\/span><\/p>\n<\/td>\n<td style=\"width: 136px\" width=\"127\">\n<p align=\"center\"><span style=\"color: #000000\"><span style=\"font-family: Arial, sans-serif\"><span style=\"font-size: small\">(42) 3621-1331<\/span><\/span><\/span><\/p>\n<\/td>\n<\/tr>\n<tr>\n<td style=\"width: 225px\" width=\"217\">\n<p align=\"center\"><span style=\"color: #000000\"><span style=\"font-family: Arial, sans-serif\"><span style=\"font-size: small\">Nilton C\u00e9sar Marcato do Amaral <\/span><\/span><\/span><\/p>\n<\/td>\n<td style=\"width: 425px\" width=\"419\">\n<p align=\"center\"><span style=\"color: #000000\"><span style=\"font-family: Arial, sans-serif\"><span style=\"font-size: small\">Coordenador Administrativo do <\/span><\/span><\/span><\/p>\n<p align=\"center\"><span style=\"color: #000000\"><span style=\"font-family: Arial, sans-serif\"><span style=\"font-size: small\">N\u00facleo de Suporte \u00e0 Capta\u00e7\u00e3o de Recursos <\/span><\/span><\/span><\/p>\n<\/td>\n<td style=\"width: 220px\" width=\"211\">\n<p align=\"center\"><span style=\"color: #000000\"><span style=\"font-family: Arial, sans-serif\"><span style=\"font-size: small\">ncmarcato@unicentro.br<\/span><\/span><\/span><\/p>\n<\/td>\n<td style=\"width: 136px\" width=\"127\">\n<p align=\"center\"><span style=\"color: #000000\"><span style=\"font-family: Arial, sans-serif\"><span style=\"font-size: small\">(42) 3621-1096<\/span><\/span><\/span><\/p>\n<\/td>\n<\/tr>\n<tr>\n<td style=\"width: 225px\">\n<p align=\"center\"><span style=\"color: #000000\"><span style=\"font-family: Arial, sans-serif\"><span style=\"font-size: small\">Yves Neias Arruda<\/span><\/span><\/span><\/p>\n<\/td>\n<td style=\"width: 425px\">\n<p align=\"center\"><span style=\"color: #000000\"><span style=\"font-family: Arial, sans-serif\"><span style=\"font-size: small\">Agente Universit\u00e1rio vinculado \u00e0 Diretoria de Extens\u00e3o<\/span><\/span><\/span><\/p>\n<\/td>\n<td style=\"width: 220px\">\n<p align=\"center\"><span style=\"color: #000000\"><span style=\"font-family: Arial, sans-serif\"><span style=\"font-size: small\">yves@unicentro.br<\/span><\/span><\/span><\/p>\n<\/td>\n<td style=\"width: 136px\">\n<p align=\"center\"><span style=\"color: #000000\"><span style=\"font-family: Arial, sans-serif\"><span style=\"font-size: small\">(42) 3621-1096<\/span><\/span><\/span><\/p>\n<\/td>\n<\/tr>\n<tr>\n<td style=\"width: 225px\" width=\"217\">\n<p align=\"center\"><span style=\"color: #000000\"><span style=\"font-family: Arial, sans-serif\"><span style=\"font-size: small\">Beatriz Souza da Silva<\/span><\/span><\/span><\/p>\n<\/td>\n<td style=\"width: 425px\" width=\"419\">\n<p align=\"center\"><span style=\"color: #000000\"><span style=\"font-family: Arial, sans-serif\"><span style=\"font-size: small\">Coordenadora Administrativa do Programa Multicultural de L\u00ednguas<\/span><\/span><\/span><\/p>\n<\/td>\n<td style=\"width: 220px\" width=\"211\">\n<p align=\"center\"><span style=\"color: #000000\"><span style=\"font-family: Arial, sans-serif\"><span style=\"font-size: small\">beatrizsouza@unicentro.br <\/span><\/span><\/span><\/p>\n<\/td>\n<td style=\"width: 136px\" width=\"127\">\n<p align=\"center\"><span style=\"color: #000000\"><span style=\"font-family: Arial, sans-serif\"><span style=\"font-size: small\">(42) 3621-1367<\/span><\/span><\/span><\/p>\n<\/td>\n<\/tr>\n<tr>\n<td style=\"width: 225px\" width=\"217\">\n<p align=\"center\"><span style=\"color: #000000\"><span style=\"font-family: Arial, sans-serif\"><span style=\"font-size: small\">Ros\u00e2ngela Abreu do Prado Wolf<\/span><\/span><\/span><\/p>\n<\/td>\n<td style=\"width: 425px\" width=\"419\">\n<p align=\"center\"><span style=\"color: #000000\"><span style=\"font-family: Arial, sans-serif\"><span style=\"font-size: small\">Chefe da Divis\u00e3o de Apoio ao Curso Pr\u00e9-Vestibular<\/span><\/span><\/span><\/p>\n<\/td>\n<td style=\"width: 220px\" width=\"211\">\n<p align=\"center\"><span style=\"color: #000000\"><span style=\"font-family: Arial, sans-serif\"><span style=\"font-size: small\">rosangelawolf@unicentro.br <\/span><\/span><\/span><\/p>\n<\/td>\n<td style=\"width: 136px\" width=\"127\">\n<p align=\"center\"><span style=\"color: #000000\"><span style=\"font-family: Arial, sans-serif\"><span style=\"font-size: small\">(42) 3621-1340<\/span><\/span><\/span><\/p>\n<\/td>\n<\/tr>\n<tr>\n<td style=\"width: 225px\" width=\"217\">\n<p align=\"center\"><span style=\"color: #000000\"><span style=\"font-family: Arial, sans-serif\"><span style=\"font-size: small\">Patricia Pacheco Tyski Suckow <\/span><\/span><\/span><\/p>\n<\/td>\n<td style=\"width: 425px\" width=\"419\">\n<p align=\"center\"><span style=\"color: #000000\"><span style=\"font-family: Arial, sans-serif\"><span style=\"font-size: small\">Chefe da Divis\u00e3o de Extens\u00e3o<\/span><\/span><\/span><\/p>\n<p align=\"center\"><span style=\"color: #000000\"><span style=\"font-family: Arial, sans-serif\"><span style=\"font-size: small\"><i>C\u00e2mpus<\/i> Cedeteg <\/span><\/span><\/span><\/p>\n<\/td>\n<td style=\"width: 220px\" width=\"211\">\n<p align=\"center\"><span style=\"color: #000000\"><span style=\"font-family: Arial, sans-serif\"><span style=\"font-size: small\">ptyski@unicentro.br <\/span><\/span><\/span><\/p>\n<\/td>\n<td style=\"width: 136px\" width=\"127\">\n<p align=\"center\"><span style=\"color: #000000\"><span style=\"font-family: Arial, sans-serif\"><span style=\"font-size: small\">(42) 3629-8158<\/span><\/span><\/span><\/p>\n<\/td>\n<\/tr>\n<tr>\n<td style=\"width: 225px\" width=\"217\">\n<p align=\"center\"><span style=\"color: #000000\"><span style=\"font-family: Arial, sans-serif\"><span style=\"font-size: small\">Bruna Rodrigues Keling<\/span><\/span><\/span><\/p>\n<\/td>\n<td style=\"width: 425px\" width=\"419\">\n<p align=\"center\"><span style=\"color: #000000\"><span style=\"font-family: Arial, sans-serif\"><span style=\"font-size: small\">Coordenadora de Apoio \u00e0 Diretoria de Extens\u00e3o <\/span><\/span><\/span><\/p>\n<p align=\"center\"><span style=\"color: #000000\"><span style=\"font-family: Arial, sans-serif\"><span style=\"font-size: small\"><i>C\u00e2mpus<\/i> Cedeteg<\/span><\/span><\/span><\/p>\n<\/td>\n<td style=\"width: 220px\" width=\"211\">\n<p align=\"center\"><span style=\"color: #000000\"><span style=\"font-family: Arial, sans-serif\"><span style=\"font-size: small\">brunark@unicentro.br <\/span><\/span><\/span><\/p>\n<\/td>\n<td style=\"width: 136px\" width=\"127\">\n<p align=\"center\"><span style=\"color: #000000\"><span style=\"font-family: Arial, sans-serif\"><span style=\"font-size: small\">(42) 3629-8158<\/span><\/span><\/span><\/p>\n<\/td>\n<\/tr>\n<tr>\n<td style=\"width: 225px\">\n<p align=\"center\"><span style=\"color: #000000\"><span style=\"font-family: Arial, sans-serif\"><span style=\"font-size: small\">Edson Santos SIlva<\/span><\/span><\/span><\/p>\n<\/td>\n<td style=\"width: 425px\">\n<p align=\"center\"><span style=\"color: #000000\"><span style=\"font-family: Arial, sans-serif\"><span style=\"font-size: small\">Coordenador de Cultura do C\u00e2mpus de Irati<\/span><\/span><\/span><\/p>\n<\/td>\n<td style=\"width: 220px\">\n<p align=\"center\"><span style=\"color: #000000\"><span style=\"font-family: Arial, sans-serif\"><span style=\"font-size: small\">edsonsilva@unicentro.br<\/span><\/span><\/span><\/p>\n<\/td>\n<td style=\"width: 136px\">\n<p align=\"center\"><span style=\"color: #000000\"><span style=\"font-family: Arial, sans-serif\"><span style=\"font-size: small\">(42) 3421-3077<\/span><\/span><\/span><\/p>\n<\/td>\n<\/tr>\n<tr>\n<td style=\"width: 225px\" width=\"217\">\n<p align=\"center\"><span style=\"color: #000000\"><span style=\"font-family: Arial, sans-serif\"><span style=\"font-size: small\">Judite Kochan<\/span><\/span><\/span><\/p>\n<\/td>\n<td style=\"width: 425px\" width=\"419\">\n<p align=\"center\"><span style=\"color: #000000\"><span style=\"font-family: Arial, sans-serif\"><span style=\"font-size: small\">Chefe da Divis\u00e3o de Extens\u00e3o e Cultura <\/span><\/span><\/span><\/p>\n<p align=\"center\"><span style=\"color: #000000\"><span style=\"font-family: Arial, sans-serif\"><span style=\"font-size: small\"><i>C\u00e2mpus<\/i> de Irati<\/span><\/span><\/span><\/p>\n<\/td>\n<td style=\"width: 220px\" width=\"211\">\n<p align=\"center\"><span style=\"color: #000000\"><span style=\"font-family: Arial, sans-serif\"><span style=\"font-size: small\">judite@unicentro.br<\/span><\/span><\/span><\/p>\n<\/td>\n<td style=\"width: 136px\" width=\"127\">\n<p align=\"center\"><span style=\"color: #000000\"><span style=\"font-family: Arial, sans-serif\"><span style=\"font-size: small\">(42) 3421-3077<\/span><\/span><\/span><\/p>\n<\/td>\n<\/tr>\n<tr>\n<td style=\"width: 225px\" width=\"217\">\n<p align=\"center\"><span style=\"color: #000000\"><span style=\"font-family: Arial, sans-serif\"><span style=\"font-size: small\">Paulo Roberto Machinski <\/span><\/span><\/span><\/p>\n<\/td>\n<td style=\"width: 425px\" width=\"419\">\n<p align=\"center\"><span style=\"color: #000000\"><span style=\"font-family: Arial, sans-serif\"><span style=\"font-size: small\">Chefe da Divis\u00e3o de Projetos Esportivos <\/span><\/span><\/span><\/p>\n<p align=\"center\"><span style=\"color: #000000\"><span style=\"font-family: Arial, sans-serif\"><span style=\"font-size: small\"><i>C\u00e2mpus <\/i>de Irati<\/span><\/span><\/span><\/p>\n<\/td>\n<td style=\"width: 220px\" width=\"211\">\n<p align=\"center\"><span style=\"color: #000000\"><span style=\"font-family: Arial, sans-serif\"><span style=\"font-size: small\">machi_pr@hotmail.com<\/span><\/span><\/span><\/p>\n<\/td>\n<td style=\"width: 136px\" width=\"127\">\n<p align=\"center\"><span style=\"color: #000000\"><span style=\"font-family: Arial, sans-serif\"><span style=\"font-size: small\">(42) 3421-3072<\/span><\/span><\/span><\/p>\n<\/td>\n<\/tr>\n<tr>\n<td style=\"width: 225px\" width=\"217\">\n<p align=\"center\"><span style=\"color: #000000\"><span style=\"font-family: Arial, sans-serif\"><span style=\"font-size: small\">Cinthia Lucia de Oliveira Siqueira<\/span><\/span><\/span><\/p>\n<\/td>\n<td style=\"width: 425px\" width=\"419\">\n<p align=\"center\"><span style=\"color: #000000\"><span style=\"font-family: Arial, sans-serif\"><span style=\"font-size: small\">Chefe da Divis\u00e3o da Universidade Aberta \u00e0 Terceira Idade, UATI <\/span><\/span><\/span><\/p>\n<p align=\"center\"><span style=\"color: #000000\"><span style=\"font-family: Arial, sans-serif\"><span style=\"font-size: small\">Irati<\/span><\/span><\/span><\/p>\n<\/td>\n<td style=\"width: 220px\" width=\"211\">\n<p align=\"center\"><span style=\"color: #000000\"><span style=\"font-family: Arial, sans-serif\"><span style=\"font-size: small\">cinthiasiqueira@unicentro.br<\/span><\/span><\/span><\/p>\n<\/td>\n<td style=\"width: 136px\" width=\"127\">\n<p align=\"center\"><span style=\"color: #000000\"><span style=\"font-family: Arial, sans-serif\"><span style=\"font-size: small\">(42) 3421-3070<\/span><\/span><\/span><\/p>\n<\/td>\n<\/tr>\n<\/tbody>\n<\/table>\n<p>[\/vc_column_text][\/vc_column][\/vc_row]<\/p>\n<\/div>","protected":false},"excerpt":{"rendered":"<p>[vc_row][vc_column][vc_column_text css=&#8221;&#8221;] Pr\u00f3-Reitoria de Extens\u00e3o e Cultura Nome Cargo E-mail Telefone Luc\u00e9lia de Souza Pr\u00f3-Reitora de Extens\u00e3o e Cultura lucelia@unicentro.br (42) 3621-1018 M\u00f4nica Cristina Nunes Assessora T\u00e9cnica da Pr\u00f3-Reitoria de Extens\u00e3o e Cultura mnunes@unicentro.br (42) 3621-1340 Maria Isabel Raimondo Ferraz Chefe da Divis\u00e3o da Universidade Aberta \u00e0 Terceira Idade, UNATI \u00a0 Guarapuava mferraz@unicentro.br (42) 3621-1300 [&hellip;]<\/p>\n","protected":false},"author":224,"featured_media":0,"parent":0,"menu_order":0,"comment_status":"closed","ping_status":"closed","template":"","meta":{"_exactmetrics_skip_tracking":false,"_exactmetrics_sitenote_active":false,"_exactmetrics_sitenote_note":"","_exactmetrics_sitenote_category":0,"footnotes":"","_links_to":"","_links_to_target":""},"class_list":["post-1486","page","type-page","status-publish","hentry"],"publishpress_future_action":{"enabled":false,"date":"2026-04-25 17:56:23","action":"change-status","newStatus":"draft","terms":[],"taxonomy":"","extraData":[]},"publishpress_future_workflow_manual_trigger":{"enabledWorkflows":[]},"_links":{"self":[{"href":"https:\/\/www3.unicentro.br\/proec\/wp-json\/wp\/v2\/pages\/1486","targetHints":{"allow":["GET"]}}],"collection":[{"href":"https:\/\/www3.unicentro.br\/proec\/wp-json\/wp\/v2\/pages"}],"about":[{"href":"https:\/\/www3.unicentro.br\/proec\/wp-json\/wp\/v2\/types\/page"}],"author":[{"embeddable":true,"href":"https:\/\/www3.unicentro.br\/proec\/wp-json\/wp\/v2\/users\/224"}],"replies":[{"embeddable":true,"href":"https:\/\/www3.unicentro.br\/proec\/wp-json\/wp\/v2\/comments?post=1486"}],"version-history":[{"count":2,"href":"https:\/\/www3.unicentro.br\/proec\/wp-json\/wp\/v2\/pages\/1486\/revisions"}],"predecessor-version":[{"id":13353,"href":"https:\/\/www3.unicentro.br\/proec\/wp-json\/wp\/v2\/pages\/1486\/revisions\/13353"}],"wp:attachment":[{"href":"https:\/\/www3.unicentro.br\/proec\/wp-json\/wp\/v2\/media?parent=1486"}],"curies":[{"name":"wp","href":"https:\/\/api.w.org\/{rel}","templated":true}]}}