{"id":1477,"date":"2020-02-07T09:39:11","date_gmt":"2020-02-07T12:39:11","guid":{"rendered":"https:\/\/www3.unicentro.br\/proec\/?page_id=1477"},"modified":"2020-02-17T14:02:42","modified_gmt":"2020-02-17T17:02:42","slug":"projeto-rondon","status":"publish","type":"page","link":"https:\/\/www3.unicentro.br\/proec\/projeto-rondon\/","title":{"rendered":"Projeto Rondon"},"content":{"rendered":"<p align=\"justify\"><span style=\"font-size: 10pt\"><b>O que \u00e9 o Projeto Rondon?<\/b><\/span><\/p>\n<p align=\"justify\"><span style=\"font-size: 10pt\">O Projeto Rondon, sob coordena\u00e7\u00e3o do Minist\u00e9rio da Defesa, \u00e9 conduzido em estreita parceria com o Minist\u00e9rio da Educa\u00e7\u00e3o, o Minist\u00e9rio do Desenvolvimento Social e Agr\u00e1rio, o Minist\u00e9rio da Sa\u00fade, o Minist\u00e9rio do Meio Ambiente, o Minist\u00e9rio da Integra\u00e7\u00e3o Nacional, o Minist\u00e9rio do Esporte e a Secretaria de Governo da Presid\u00eancia da Rep\u00fablica.<\/span><\/p>\n<p align=\"justify\"><span style=\"font-size: 10pt\">\u00c9 uma a\u00e7\u00e3o interministerial do Governo Federal realizada em coordena\u00e7\u00e3o com os Governos Estadual e Municipal que, em parceria com as Institui\u00e7\u00f5es de Ensino Superior, reconhecidas pelo Minist\u00e9rio da Educa\u00e7\u00e3o, visa a somar esfor\u00e7os com as lideran\u00e7as comunit\u00e1rias e com a popula\u00e7\u00e3o, a fim de contribuir com o desenvolvimento local sustent\u00e1vel e na constru\u00e7\u00e3o e promo\u00e7\u00e3o da cidadania.<\/span><\/p>\n<p align=\"justify\"><span style=\"font-size: 10pt\">As opera\u00e7\u00f5es do Projeto Rondon s\u00e3o realizadas em janeiro e julho de cada ano, durante o per\u00edodo de f\u00e9rias escolares. Os convites (edital) s\u00e3o divulgados no site www.projetorondon.defesa.gov.br, normalmente, nos meses de mar\u00e7o e agosto.<\/span><\/p>\n<p align=\"justify\"><span style=\"font-size: 10pt\">O convite detalha o local e o per\u00edodo de realiza\u00e7\u00e3o da opera\u00e7\u00e3o, as a\u00e7\u00f5es a serem realizadas, o cronograma de atividades, as responsabilidades do Minist\u00e9rio da Defesa e da Institui\u00e7\u00e3o de Ensino Superior \u2013 IES entre outras informa\u00e7\u00f5es.<\/span><\/p>\n<p align=\"justify\"><span style=\"font-size: 10pt\">Divulgado o convite, as IES devem se cadastrar no site do Projeto Rondon e anexar uma proposta de trabalho detalhando como ser\u00e3o realizadas as a\u00e7\u00f5es nas \u00e1reas de Cultura, Direitos Humanos e Justi\u00e7a, Educa\u00e7\u00e3o e Sa\u00fade (conjunto A) ou nas \u00e1reas de Comunica\u00e7\u00e3o, Tecnologia e Produ\u00e7\u00e3o, Meio Ambiente e Trabalho (conjunto B).<\/span><\/p>\n<p align=\"justify\"><span style=\"font-size: 10pt\">As propostas de trabalho enviadas s\u00e3o submetidas \u00e0 Comiss\u00e3o de Avalia\u00e7\u00e3o de Propostas de Trabalho do Projeto Rondon \u2013 CAPPR, que avalia e seleciona os melhores trabalhos.<\/span><\/p>\n<p align=\"justify\"><span style=\"font-size: 10pt\">Ap\u00f3s a sele\u00e7\u00e3o, a Coordena\u00e7\u00e3o-Geral do Projeto Rondon divulga a rela\u00e7\u00e3o das IES selecionadas com a designa\u00e7\u00e3o dos respectivos munic\u00edpios onde ser\u00e3o desenvolvidos os trabalhos.<\/span><\/p>\n<p align=\"justify\"><span style=\"font-size: 10pt\">Divulgado os resultados, a IES participa da viagem precursora, que tem como objetivo conhecer os interlocutores do munic\u00edpio, ajustar a proposta de trabalho e definir o cronograma de atividades com o munic\u00edpio.<\/span><\/p>\n<p align=\"justify\"><span style=\"font-size: 10pt\">A \u00faltima etapa \u00e9 o desenvolvimento da opera\u00e7\u00e3o, que \u00e9 realizada pela equipe da institui\u00e7\u00e3o, composta por dois professores e oito alunos.<\/span><\/p>\n<p align=\"justify\"><span style=\"font-size: 10pt\"><span style=\"color: #0000ff\"><u><a href=\"https:\/\/projetorondon.defesa.gov.br\/portal\/index\">https:\/\/projetorondon.defesa.gov.br\/portal\/index<\/a><\/u><\/span>.<br \/>\n<\/span><\/p>\n<p>&nbsp;<\/p>\n<p><span style=\"font-size: 10pt\"><b>Como participar?<\/b><\/span><\/p>\n<p align=\"justify\"><span style=\"font-size: 10pt\">Os professores e alunos que tem interesse em participar das opera\u00e7\u00f5es do Projeto Rondon devem ficar atentos aos editais publicados pela Pr\u00f3-Reitoria de Extens\u00e3o e Cultura &#8211; PROEC. <\/span><\/p>\n<p><span style=\"font-size: 10pt\">Editais: <span style=\"color: #0000ff\"><u><a href=\"https:\/\/www3.unicentro.br\/proec\/editais\">https:\/\/www3.unicentro.br\/proec\/editais<\/a><\/u><\/span>.<\/span><\/p>\n","protected":false},"excerpt":{"rendered":"<p>O que \u00e9 o Projeto Rondon? O Projeto Rondon, sob coordena\u00e7\u00e3o do Minist\u00e9rio da Defesa, \u00e9 conduzido em estreita parceria com o Minist\u00e9rio da Educa\u00e7\u00e3o, o Minist\u00e9rio do Desenvolvimento Social e Agr\u00e1rio, o Minist\u00e9rio da Sa\u00fade, o Minist\u00e9rio do Meio Ambiente, o Minist\u00e9rio da Integra\u00e7\u00e3o Nacional, o Minist\u00e9rio do Esporte e a Secretaria de Governo [&hellip;]<\/p>\n","protected":false},"author":224,"featured_media":0,"parent":0,"menu_order":0,"comment_status":"closed","ping_status":"closed","template":"","meta":{"_exactmetrics_skip_tracking":false,"_exactmetrics_sitenote_active":false,"_exactmetrics_sitenote_note":"","_exactmetrics_sitenote_category":0,"footnotes":"","_links_to":"","_links_to_target":""},"class_list":["post-1477","page","type-page","status-publish","hentry"],"publishpress_future_action":{"enabled":false,"date":"2026-04-25 09:38:48","action":"change-status","newStatus":"draft","terms":[],"taxonomy":"","extraData":[]},"publishpress_future_workflow_manual_trigger":{"enabledWorkflows":[]},"_links":{"self":[{"href":"https:\/\/www3.unicentro.br\/proec\/wp-json\/wp\/v2\/pages\/1477","targetHints":{"allow":["GET"]}}],"collection":[{"href":"https:\/\/www3.unicentro.br\/proec\/wp-json\/wp\/v2\/pages"}],"about":[{"href":"https:\/\/www3.unicentro.br\/proec\/wp-json\/wp\/v2\/types\/page"}],"author":[{"embeddable":true,"href":"https:\/\/www3.unicentro.br\/proec\/wp-json\/wp\/v2\/users\/224"}],"replies":[{"embeddable":true,"href":"https:\/\/www3.unicentro.br\/proec\/wp-json\/wp\/v2\/comments?post=1477"}],"version-history":[{"count":0,"href":"https:\/\/www3.unicentro.br\/proec\/wp-json\/wp\/v2\/pages\/1477\/revisions"}],"wp:attachment":[{"href":"https:\/\/www3.unicentro.br\/proec\/wp-json\/wp\/v2\/media?parent=1477"}],"curies":[{"name":"wp","href":"https:\/\/api.w.org\/{rel}","templated":true}]}}