{"id":1471,"date":"2020-02-07T09:38:34","date_gmt":"2020-02-07T12:38:34","guid":{"rendered":"https:\/\/www3.unicentro.br\/proec\/?page_id=1471"},"modified":"2020-03-13T17:12:41","modified_gmt":"2020-03-13T20:12:41","slug":"para-a-comunidade","status":"publish","type":"page","link":"https:\/\/www3.unicentro.br\/proec\/para-a-comunidade\/","title":{"rendered":"Para a comunidade"},"content":{"rendered":"<div class=\"wpb-content-wrapper\"><p>[vc_row][vc_column width=&#8221;1\/2&#8243;][vc_column_text]<\/p>\n<p style=\"text-align: left\"><strong>GUARAPUAVA<\/strong><\/p>\n<ul>\n<li>\n<p align=\"justify\"><u><a href=\"https:\/\/www3.unicentro.br\/cedocg\/\"><span style=\"font-size: 10pt\">Centro de Documenta\u00e7\u00e3o<\/span><\/a><\/u><\/p>\n<\/li>\n<li>\n<p align=\"justify\"><u><a href=\"https:\/\/www3.unicentro.br\/caeef\/\"><span style=\"font-size: 10pt\">Cl\u00ednica e Academia Escola de Educa\u00e7\u00e3o F\u00edsica &#8211; CAEEF<\/span><\/a><\/u><\/p>\n<\/li>\n<li>\n<p align=\"justify\"><u><a href=\"https:\/\/www2.unicentro.br\/orteseprotese\/\"><span style=\"font-size: 10pt\">Cl\u00ednica de \u00d3rtese-Pr\u00f3tese<\/span><\/a><\/u><\/p>\n<\/li>\n<li>\n<p align=\"justify\"><u><a href=\"https:\/\/www2.unicentro.br\/cefisio\/\"><span style=\"font-size: 10pt\">Cl\u00ednica Escola de Fisioterapia<\/span><\/a><\/u><\/p>\n<\/li>\n<li>\n<p align=\"justify\"><u><span style=\"font-size: 10pt\">Cl\u00ednica Escola de Medicina Veterin\u00e1ria<\/span><\/u><\/p>\n<\/li>\n<li>\n<p align=\"justify\"><u><a href=\"https:\/\/www3.unicentro.br\/denut\/clinica-escola-de-nutricao-cenut\/\"><span style=\"font-size: 10pt\">Cl\u00ednica Escola de Nutri\u00e7\u00e3o<\/span><\/a><\/u><\/p>\n<\/li>\n<li>\n<p align=\"justify\"><u><a href=\"https:\/\/www3.unicentro.br\/proec\/prevestibular\/\"><span style=\"font-size: 10pt\">Curso Pr\u00e9-Vestibular UNICENTRO<\/span><\/a><\/u><\/p>\n<\/li>\n<li>\n<p align=\"justify\"><u><a href=\"https:\/\/www3.unicentro.br\/farmesc\/\"><span style=\"font-size: 10pt\">Farm\u00e1cia Escola<\/span><\/a><\/u><\/p>\n<\/li>\n<li>\n<p align=\"justify\"><u><a href=\"https:\/\/www3.unicentro.br\/aie\/\"><span style=\"font-size: 10pt\">Laborat\u00f3rio de Anemia Infecciosa Equina<\/span><\/a><\/u><\/p>\n<\/li>\n<li>\n<p align=\"justify\"><a href=\"https:\/\/www3.unicentro.br\/proec\/neddijguarapuava\/\"><u><span style=\"font-size: 10pt\">N\u00facleo de Estudos e Defesa dos Direitos da Inf\u00e2ncia e da Juventude &#8211; NEDDIJ<\/span><\/u><\/a><\/p>\n<\/li>\n<li>\n<p align=\"justify\"><u><a href=\"https:\/\/www3.unicentro.br\/proec\/numapeguarapuava\/\"><span style=\"font-size: 10pt\">N\u00facleo Maria da Penha \u2013 NUMAPE<\/span><\/a><\/u><\/p>\n<\/li>\n<li>\n<p align=\"justify\"><u><a href=\"https:\/\/www3.unicentro.br\/paranafalafrances\/inscricoes\/\"><span style=\"font-size: 10pt\">Paran\u00e1 Fala Franc\u00eas \u2013 PFF<\/span><\/a><\/u><\/p>\n<\/li>\n<li>\n<p align=\"justify\"><u><a href=\"https:\/\/www3.unicentro.br\/paranafalaingles\/\"><span style=\"font-size: 10pt\">Paran\u00e1 Fala Ingl\u00eas \u2013 PFI<\/span><\/a><\/u><\/p>\n<\/li>\n<li>\n<p align=\"justify\"><u><a href=\"https:\/\/www3.unicentro.br\/proec\/promul\/\"><span style=\"font-size: 10pt\">Programa Multicultural de L\u00ednguas \u2013 PROMUL<\/span><\/a><\/u><\/p>\n<\/li>\n<li>\n<p align=\"justify\"><u><a href=\"https:\/\/www3.unicentro.br\/proec\/paranamaisorganico\/\"><span style=\"font-size: 10pt\">Paran\u00e1 Mais Org\u00e2nico &#8211; PMO<\/span><\/a><\/u><\/p>\n<\/li>\n<li>\n<p align=\"justify\"><u><a href=\"https:\/\/www3.unicentro.br\/proec\/unati\/\"><span style=\"font-size: 10pt\">Universidade Aberta \u00e0 Terceira Idade \u2013 UNATI<\/span><\/a><\/u><\/p>\n<\/li>\n<\/ul>\n<p>[\/vc_column_text][\/vc_column][vc_column width=&#8221;1\/2&#8243;][vc_column_text]<strong>IRATI<\/strong><\/p>\n<ul>\n<li>\n<p align=\"justify\"><u><a href=\"https:\/\/www3.unicentro.br\/cedoci\/\"><span style=\"font-size: 10pt\">Centro de Documenta\u00e7\u00e3o<\/span><\/a><\/u><\/p>\n<\/li>\n<li>\n<p align=\"justify\"><u><a href=\"https:\/\/www2.unicentro.br\/cel\"><span style=\"font-size: 10pt\">Centro de L\u00ednguas<\/span><\/a><\/u><\/p>\n<\/li>\n<li>\n<p align=\"justify\"><u><span style=\"font-size: 10pt\">Cl\u00ednica Escola de Fonoaudiologia<\/span><\/u><\/p>\n<\/li>\n<li>\n<p align=\"justify\"><u><a href=\"https:\/\/www3.unicentro.br\/depsi\/clinica-escola\/\"><span style=\"font-size: 10pt\">Cl\u00ednica Escola de Psicologia<\/span><\/a><\/u><\/p>\n<\/li>\n<li>\n<p align=\"justify\"><a href=\"https:\/\/www3.unicentro.br\/proec\/neddijirati\/\"><u><span style=\"font-size: 10pt\">N\u00facleo de Estudos e Defesa dos Direitos da Inf\u00e2ncia e da Juventude &#8211; NEDDIJ<\/span><\/u><\/a><\/p>\n<\/li>\n<li>\n<p align=\"justify\"><u><a href=\"https:\/\/www3.unicentro.br\/proec\/numapeirati\/\"><span style=\"font-size: 10pt\">N\u00facleo Maria da Penha \u2013 NUMAPE<\/span><\/a><\/u><\/p>\n<\/li>\n<li>\n<p align=\"justify\"><u><a href=\"https:\/\/www3.unicentro.br\/proec\/uati\/\"><span style=\"font-size: 10pt\">Universidade Aberta \u00e0 Terceira Idade \u2013 UATI<\/span><\/a><\/u><\/p>\n<\/li>\n<li>\n<p align=\"justify\"><u><a href=\"https:\/\/www3.unicentro.br\/paranafalafrances\/inscricoes\/\"><span style=\"font-size: 10pt\">Paran\u00e1 Fala Franc\u00eas \u2013 PFF<\/span><\/a><\/u><\/p>\n<\/li>\n<li>\n<p align=\"justify\"><u><a href=\"https:\/\/www3.unicentro.br\/paranafalaingles\/\"><span style=\"font-size: 10pt\">Paran\u00e1 Fala Ingl\u00eas \u2013 PFI<\/span><\/a><\/u><\/p>\n<\/li>\n<\/ul>\n<p>[\/vc_column_text][\/vc_column][\/vc_row]<\/p>\n<\/div>","protected":false},"excerpt":{"rendered":"<p>[vc_row][vc_column width=&#8221;1\/2&#8243;][vc_column_text] GUARAPUAVA Centro de Documenta\u00e7\u00e3o Cl\u00ednica e Academia Escola de Educa\u00e7\u00e3o F\u00edsica &#8211; CAEEF Cl\u00ednica de \u00d3rtese-Pr\u00f3tese Cl\u00ednica Escola de Fisioterapia Cl\u00ednica Escola de Medicina Veterin\u00e1ria Cl\u00ednica Escola de Nutri\u00e7\u00e3o Curso Pr\u00e9-Vestibular UNICENTRO Farm\u00e1cia Escola Laborat\u00f3rio de Anemia Infecciosa Equina N\u00facleo de Estudos e Defesa dos Direitos da Inf\u00e2ncia e da Juventude &#8211; NEDDIJ [&hellip;]<\/p>\n","protected":false},"author":224,"featured_media":0,"parent":0,"menu_order":0,"comment_status":"closed","ping_status":"closed","template":"","meta":{"_exactmetrics_skip_tracking":false,"_exactmetrics_sitenote_active":false,"_exactmetrics_sitenote_note":"","_exactmetrics_sitenote_category":0,"footnotes":"","_links_to":"","_links_to_target":""},"class_list":["post-1471","page","type-page","status-publish","hentry"],"publishpress_future_action":{"enabled":false,"date":"2026-04-23 20:03:56","action":"change-status","newStatus":"draft","terms":[],"taxonomy":"","extraData":[]},"publishpress_future_workflow_manual_trigger":{"enabledWorkflows":[]},"_links":{"self":[{"href":"https:\/\/www3.unicentro.br\/proec\/wp-json\/wp\/v2\/pages\/1471","targetHints":{"allow":["GET"]}}],"collection":[{"href":"https:\/\/www3.unicentro.br\/proec\/wp-json\/wp\/v2\/pages"}],"about":[{"href":"https:\/\/www3.unicentro.br\/proec\/wp-json\/wp\/v2\/types\/page"}],"author":[{"embeddable":true,"href":"https:\/\/www3.unicentro.br\/proec\/wp-json\/wp\/v2\/users\/224"}],"replies":[{"embeddable":true,"href":"https:\/\/www3.unicentro.br\/proec\/wp-json\/wp\/v2\/comments?post=1471"}],"version-history":[{"count":0,"href":"https:\/\/www3.unicentro.br\/proec\/wp-json\/wp\/v2\/pages\/1471\/revisions"}],"wp:attachment":[{"href":"https:\/\/www3.unicentro.br\/proec\/wp-json\/wp\/v2\/media?parent=1471"}],"curies":[{"name":"wp","href":"https:\/\/api.w.org\/{rel}","templated":true}]}}